{"id":7256,"date":"2025-11-10T08:01:01","date_gmt":"2025-11-10T08:01:01","guid":{"rendered":"https:\/\/yenhung.com\/?product=binh-xit-interflon-metal-clean-f-500ml"},"modified":"2026-02-11T02:22:47","modified_gmt":"2026-02-11T02:22:47","slug":"binh-xit-interflon-metal-clean-f-500ml","status":"publish","type":"product","link":"https:\/\/yenhung.com\/?product=binh-xit-interflon-metal-clean-f-500ml","title":{"rendered":"B\u00ecnh x\u1ecbt Interflon Metal Clean F &#8211; 500ml"},"content":{"rendered":"<div class=\"ba-text-fpt\">\n<h2 data-sourcepos=\"1:1-1:218\"><strong>B\u00ecnh x\u1ecbt Interflon Metal Clean<\/strong><\/h2>\n<h2 data-sourcepos=\"1:1-1:218\"><strong><img decoding=\"async\" title=\"interflon-metal-clean-2-1\" src=\"https:\/\/yenhung.com\/wp-content\/uploads\/2025\/11\/interflon-metal-clean-2-1.png\" alt=\"Interflon Metal Clean\" data-thumb=\"large\" \/><\/strong><\/h2>\n<p data-sourcepos=\"1:1-1:218\">Interflon Metal Clean l\u00e0 m\u1ed9t d\u00f2ng s\u1ea3n ph\u1ea9m b\u00ecnh x\u1ecbt l\u00e0m s\u1ea1ch v\u00e0 t\u1ea9y d\u1ea7u m\u1ee1 \u0111a n\u0103ng, \u0111\u01b0\u1ee3c thi\u1ebft k\u1ebf \u0111\u1ec3 lo\u1ea1i b\u1ecf d\u1ea7u, m\u1ee1 v\u00e0 c\u00e1c ch\u1ea5t b\u1ea9n kh\u00e1c kh\u1ecfi c\u00e1c b\u1ec1 m\u1eb7t kim lo\u1ea1i. D\u01b0\u1edbi \u0111\u00e2y l\u00e0 m\u1ed9t s\u1ed1 th\u00f4ng tin chi ti\u1ebft v\u1ec1 s\u1ea3n ph\u1ea9m n\u00e0y:<\/p>\n<p data-sourcepos=\"3:1-3:30\"><strong>\u0110\u1eb7c \u0111i\u1ec3m v\u00e0 l\u1ee3i \u00edch ch\u00ednh:<\/strong><\/p>\n<ul data-sourcepos=\"5:1-10:0\">\n<li data-sourcepos=\"5:1-5:164\"><strong>L\u00e0m s\u1ea1ch v\u00e0 t\u1ea9y d\u1ea7u m\u1ee1 hi\u1ec7u qu\u1ea3:<\/strong> Interflon Metal Clean c\u00f3 kh\u1ea3 n\u0103ng lo\u1ea1i b\u1ecf nhanh ch\u00f3ng v\u00e0 hi\u1ec7u qu\u1ea3 d\u1ea7u, m\u1ee1, b\u1ee5i b\u1ea9n v\u00e0 c\u00e1c ch\u1ea5t b\u1ea9n kh\u00e1c tr\u00ean b\u1ec1 m\u1eb7t kim lo\u1ea1i.<\/li>\n<li data-sourcepos=\"6:1-6:94\"><strong>Bay h\u01a1i nhanh ch\u00f3ng:<\/strong> S\u1ea3n ph\u1ea9m bay h\u01a1i nhanh ch\u00f3ng sau khi s\u1eed d\u1ee5ng, kh\u00f4ng \u0111\u1ec3 l\u1ea1i c\u1eb7n b\u1ea9n.<\/li>\n<li data-sourcepos=\"7:1-7:72\"><strong>\u0110a n\u0103ng:<\/strong> C\u00f3 th\u1ec3 s\u1eed d\u1ee5ng tr\u00ean nhi\u1ec1u lo\u1ea1i b\u1ec1 m\u1eb7t kim lo\u1ea1i kh\u00e1c nhau.<\/li>\n<li data-sourcepos=\"8:1-8:152\"><strong>An to\u00e0n cho nhi\u1ec1u \u1ee9ng d\u1ee5ng:<\/strong> M\u1ed9t s\u1ed1 phi\u00ean b\u1ea3n c\u1ee7a Interflon Metal Clean \u0111\u01b0\u1ee3c ch\u1ee9ng nh\u1eadn NSF H1, cho ph\u00e9p s\u1eed d\u1ee5ng trong ng\u00e0nh c\u00f4ng nghi\u1ec7p th\u1ef1c ph\u1ea9m.<\/li>\n<li data-sourcepos=\"9:1-10:0\"><strong>Tia x\u1ecbt \u00e1p su\u1ea5t cao:<\/strong> Gi\u00fap d\u1ec5 d\u00e0ng lo\u1ea1i b\u1ecf b\u1ee5i b\u1ea9n \u1edf nh\u1eefng n\u01a1i kh\u00f3 ti\u1ebfp c\u1eadn.<\/li>\n<\/ul>\n<p data-sourcepos=\"11:1-11:22\"><strong>C\u00e1c lo\u1ea1i s\u1ea3n ph\u1ea9m:<\/strong><\/p>\n<p data-sourcepos=\"11:1-11:22\"><strong><img decoding=\"async\" title=\"interflon-metal-clean-3\" src=\"https:\/\/yenhung.com\/wp-content\/uploads\/2025\/11\/interflon-metal-clean-3.png\" alt=\"Interflon Metal Clean\" data-thumb=\"large\" \/><\/strong><\/p>\n<ul data-sourcepos=\"13:1-18:0\">\n<li data-sourcepos=\"13:1-16:64\">C\u00f3 nhi\u1ec1u lo\u1ea1i s\u1ea3n ph\u1ea9m Interflon Metal Clean kh\u00e1c nhau, m\u1ed7i lo\u1ea1i \u0111\u01b0\u1ee3c thi\u1ebft k\u1ebf cho c\u00e1c \u1ee9ng d\u1ee5ng c\u1ee5 th\u1ec3. V\u00ed d\u1ee5:\n<ul data-sourcepos=\"14:5-16:64\">\n<li data-sourcepos=\"14:5-14:112\">Interflon Metal Clean F: M\u1ed9t ch\u1ea5t t\u1ea9y r\u1eeda v\u00e0 t\u1ea9y d\u1ea7u m\u1ee1 \u0111a n\u0103ng, th\u00edch h\u1ee3p cho nhi\u1ec1u \u1ee9ng d\u1ee5ng c\u00f4ng nghi\u1ec7p.<\/li>\n<li data-sourcepos=\"15:5-15:72\">Metal clean gold: s\u1ea3n ph\u1ea9m n\u00e0y thi\u00ean v\u1ec1 \u0111\u00e1nh b\u00f3ng b\u1ec1 m\u1eb7t kim lo\u1ea1i.<\/li>\n<li data-sourcepos=\"16:5-16:64\">Interflon Eco Degreaser: B\u00ecnh x\u1ecbt s\u01b0\u01a1ng v\u1ec7 sinh \u0111a b\u1ec1 m\u1eb7t.<\/li>\n<\/ul>\n<\/li>\n<li data-sourcepos=\"17:1-18:0\">\u0110\u1ec3 ch\u1ecdn \u0111\u01b0\u1ee3c s\u1ea3n ph\u1ea9m ph\u00f9 h\u1ee3p, b\u1ea1n n\u00ean xem x\u00e9t lo\u1ea1i b\u1ec1 m\u1eb7t c\u1ea7n l\u00e0m s\u1ea1ch v\u00e0 m\u1ee9c \u0111\u1ed9 b\u1ea9n.<\/li>\n<\/ul>\n<p data-sourcepos=\"19:1-19:13\"><strong>\u1ee8ng d\u1ee5ng:<\/strong><\/p>\n<p data-sourcepos=\"19:1-19:13\"><strong><img decoding=\"async\" title=\"interflon-metal-clean-1-1\" src=\"https:\/\/yenhung.com\/wp-content\/uploads\/2025\/11\/interflon-metal-clean-1-1.jpg\" alt=\"Interflon Metal Clean\" data-thumb=\"large\" \/><\/strong><\/p>\n<ul data-sourcepos=\"21:1-26:0\">\n<li data-sourcepos=\"21:1-26:0\">Interflon Metal Clean \u0111\u01b0\u1ee3c s\u1eed d\u1ee5ng r\u1ed9ng r\u00e3i trong nhi\u1ec1u ng\u00e0nh c\u00f4ng nghi\u1ec7p, bao g\u1ed3m:\n<ul data-sourcepos=\"22:5-26:0\">\n<li data-sourcepos=\"22:5-22:25\">C\u00f4ng nghi\u1ec7p ch\u1ebf t\u1ea1o<\/li>\n<li data-sourcepos=\"23:5-23:27\">C\u00f4ng nghi\u1ec7p th\u1ef1c ph\u1ea9m<\/li>\n<li data-sourcepos=\"24:5-24:25\">C\u00f4ng nghi\u1ec7p v\u1eadn t\u1ea3i<\/li>\n<li data-sourcepos=\"25:5-26:0\">B\u1ea3o tr\u00ec v\u00e0 s\u1eeda ch\u1eefa<\/li>\n<\/ul>\n<\/li>\n<\/ul>\n<p data-sourcepos=\"27:1-27:22\"><strong>L\u01b0u \u00fd khi s\u1eed d\u1ee5ng:<\/strong><\/p>\n<ul data-sourcepos=\"29:1-33:0\">\n<li data-sourcepos=\"29:1-29:63\">\u0110\u1ecdc k\u1ef9 h\u01b0\u1edbng d\u1eabn s\u1eed d\u1ee5ng tr\u00ean bao b\u00ec s\u1ea3n ph\u1ea9m tr\u01b0\u1edbc khi d\u00f9ng.<\/li>\n<li data-sourcepos=\"30:1-30:61\">Mang \u0111\u1ed3 b\u1ea3o h\u1ed9 c\u00e1 nh\u00e2n (g\u0103ng tay, k\u00ednh b\u1ea3o h\u1ed9) khi s\u1eed d\u1ee5ng.<\/li>\n<li data-sourcepos=\"31:1-31:29\">S\u1eed d\u1ee5ng \u1edf n\u01a1i th\u00f4ng tho\u00e1ng.<\/li>\n<li data-sourcepos=\"32:1-33:0\">Tr\u00e1nh xa ngu\u1ed3n nhi\u1ec7t v\u00e0 l\u1eeda.<\/li>\n<\/ul>\n<\/div>\n","protected":false},"excerpt":{"rendered":"<p>T\u00ean sa\u0309n ph\u00e2\u0309m:\u00a0B\u00ecnh x\u1ecbt Interflon Metal Clean<\/p>\n","protected":false},"featured_media":7257,"comment_status":"closed","ping_status":"closed","template":"","meta":[],"product_brand":[],"product_cat":[160],"product_tag":[],"class_list":{"0":"post-7256","1":"product","2":"type-product","3":"status-publish","4":"has-post-thumbnail","6":"product_cat-interflon","8":"first","9":"instock","10":"shipping-taxable","11":"product-type-simple"},"_links":{"self":[{"href":"https:\/\/yenhung.com\/index.php?rest_route=\/wp\/v2\/product\/7256","targetHints":{"allow":["GET"]}}],"collection":[{"href":"https:\/\/yenhung.com\/index.php?rest_route=\/wp\/v2\/product"}],"about":[{"href":"https:\/\/yenhung.com\/index.php?rest_route=\/wp\/v2\/types\/product"}],"replies":[{"embeddable":true,"href":"https:\/\/yenhung.com\/index.php?rest_route=%2Fwp%2Fv2%2Fcomments&post=7256"}],"wp:featuredmedia":[{"embeddable":true,"href":"https:\/\/yenhung.com\/index.php?rest_route=\/wp\/v2\/media\/7257"}],"wp:attachment":[{"href":"https:\/\/yenhung.com\/index.php?rest_route=%2Fwp%2Fv2%2Fmedia&parent=7256"}],"wp:term":[{"taxonomy":"product_brand","embeddable":true,"href":"https:\/\/yenhung.com\/index.php?rest_route=%2Fwp%2Fv2%2Fproduct_brand&post=7256"},{"taxonomy":"product_cat","embeddable":true,"href":"https:\/\/yenhung.com\/index.php?rest_route=%2Fwp%2Fv2%2Fproduct_cat&post=7256"},{"taxonomy":"product_tag","embeddable":true,"href":"https:\/\/yenhung.com\/index.php?rest_route=%2Fwp%2Fv2%2Fproduct_tag&post=7256"}],"curies":[{"name":"wp","href":"https:\/\/api.w.org\/{rel}","templated":true}]}}