{"id":7271,"date":"2025-11-10T08:01:20","date_gmt":"2025-11-10T08:01:20","guid":{"rendered":"https:\/\/yenhung.com\/?product=dau-boi-tron-interflon-food-lube-dong-goi-binh-500ml"},"modified":"2026-02-11T02:22:38","modified_gmt":"2026-02-11T02:22:38","slug":"dau-boi-tron-interflon-food-lube-dong-goi-binh-500ml","status":"publish","type":"product","link":"https:\/\/yenhung.com\/?product=dau-boi-tron-interflon-food-lube-dong-goi-binh-500ml","title":{"rendered":"D\u1ea7u b\u00f4i tr\u01a1n Interflon Food Lube (\u0110\u00f3ng g\u00f3i: B\u00ecnh 500ml)."},"content":{"rendered":"<div class=\"ba-text-fpt\">\n<h2 data-sourcepos=\"1:1-1:77\">Interflon Food Lube 500ml: Gi\u1ea3i ph\u00e1p b\u00f4i tr\u01a1n l\u00fd t\u01b0\u1edfng cho ng\u00e0nh th\u1ef1c ph\u1ea9m<\/h2>\n<p><img decoding=\"async\" title=\"food-lube-500ml-2\" src=\"https:\/\/yenhung.com\/wp-content\/uploads\/2025\/11\/food-lube-500ml-2.jpg\" alt=\"D\u1ea7u b\u00f4i tr\u01a1n Interflon Food Lube (500ml)\" data-thumb=\"large\" \/><\/p>\n<p><strong>Interflon Food Lube<\/strong> 500ml l\u00e0 m\u1ed9t lo\u1ea1i d\u1ea7u b\u00f4i tr\u01a1n \u0111\u1eb7c bi\u1ec7t, \u0111\u01b0\u1ee3c thi\u1ebft k\u1ebf d\u00e0nh ri\u00eang cho c\u00e1c \u1ee9ng d\u1ee5ng trong ng\u00e0nh c\u00f4ng nghi\u1ec7p th\u1ef1c ph\u1ea9m. S\u1ea3n ph\u1ea9m n\u00e0y \u0111\u01b0\u1ee3c pha ch\u1ebf t\u1eeb c\u00e1c th\u00e0nh ph\u1ea7n tinh khi\u1ebft, kh\u00f4ng \u0111\u1ed9c h\u1ea1i, \u0111\u1ea3m b\u1ea3o an to\u00e0n tuy\u1ec7t \u0111\u1ed1i cho<sup data-turn-source-index=\"1\"> 1 <\/sup> th\u1ef1c ph\u1ea9m v\u00e0 ng\u01b0\u1eddi s\u1eed d\u1ee5ng.<\/p>\n<h3 data-sourcepos=\"5:1-5:20\">\u0110\u1eb7c \u0111i\u1ec3m n\u1ed5i b\u1eadt<\/h3>\n<p><img decoding=\"async\" title=\"dau-boi-tron-interflon-food-lube-500ml-1-1\" src=\"https:\/\/yenhung.com\/wp-content\/uploads\/2025\/11\/dau-boi-tron-interflon-food-lube-500ml-1-1.jpg\" alt=\"D\u1ea7u b\u00f4i tr\u01a1n Interflon Food Lube (500ml)\" data-thumb=\"large\" \/><\/p>\n<ul data-sourcepos=\"7:1-12:0\">\n<li data-sourcepos=\"7:1-7:140\"><strong>An to\u00e0n th\u1ef1c ph\u1ea9m:<\/strong> \u0110\u01b0\u1ee3c ch\u1ee9ng nh\u1eadn NSF H1, cho ph\u00e9p ti\u1ebfp x\u00fac tr\u1ef1c ti\u1ebfp v\u1edbi th\u1ef1c ph\u1ea9m m\u00e0 kh\u00f4ng g\u00e2y \u1ea3nh h\u01b0\u1edfng \u0111\u1ebfn ch\u1ea5t l\u01b0\u1ee3ng v\u00e0 an to\u00e0n.<\/li>\n<li data-sourcepos=\"8:1-8:95\"><strong>Kh\u1ea3 n\u0103ng b\u00f4i tr\u01a1n v\u01b0\u1ee3t tr\u1ed9i:<\/strong> T\u1ea1o l\u1edbp m\u00e0ng b\u00f4i tr\u01a1n kh\u00f4, b\u1ec1n v\u1eefng, gi\u1ea3m ma s\u00e1t v\u00e0 m\u00e0i m\u00f2n.<\/li>\n<li data-sourcepos=\"9:1-9:89\"><strong>Ch\u1ed1ng \u0103n m\u00f2n:<\/strong> B\u1ea3o v\u1ec7 c\u00e1c b\u1ed9 ph\u1eadn m\u00e1y m\u00f3c kh\u1ecfi s\u1ef1 \u0103n m\u00f2n, k\u00e9o d\u00e0i tu\u1ed5i th\u1ecd thi\u1ebft b\u1ecb.<\/li>\n<li data-sourcepos=\"10:1-10:100\"><strong>Ch\u1ed1ng b\u1ee5i b\u1ea9n:<\/strong> Gi\u1ea3m thi\u1ec3u s\u1ef1 b\u00e1m d\u00ednh c\u1ee7a b\u1ee5i b\u1ea9n, gi\u00fap m\u00e1y m\u00f3c ho\u1ea1t \u0111\u1ed9ng \u1ed5n \u0111\u1ecbnh v\u00e0 hi\u1ec7u qu\u1ea3.<\/li>\n<li data-sourcepos=\"11:1-12:0\"><strong>Ch\u1ed1ng r\u1eeda tr\u00f4i:<\/strong> Kh\u1ea3 n\u0103ng ch\u1ecbu n\u01b0\u1edbc v\u00e0 h\u00f3a ch\u1ea5t t\u1ed1t, \u0111\u1ea3m b\u1ea3o hi\u1ec7u qu\u1ea3 b\u00f4i tr\u01a1n trong m\u00f4i tr\u01b0\u1eddng \u1ea9m \u01b0\u1edbt.<\/li>\n<\/ul>\n<h3 data-sourcepos=\"13:1-13:12\">\u1ee8ng d\u1ee5ng<\/h3>\n<p><img decoding=\"async\" title=\"dau-boi-tron-interflon-food-lube-500ml-2-1\" src=\"https:\/\/yenhung.com\/wp-content\/uploads\/2025\/11\/dau-boi-tron-interflon-food-lube-500ml-2-1.jpg\" alt=\"D\u1ea7u b\u00f4i tr\u01a1n Interflon Food Lube (500ml)\" data-thumb=\"large\" \/><\/p>\n<ul data-sourcepos=\"15:1-18:0\">\n<li data-sourcepos=\"15:1-15:125\"><strong>B\u00f4i tr\u01a1n d\u00e2y chuy\u1ec1n, c\u00e1p:<\/strong> S\u1eed d\u1ee5ng \u0111\u1ec3 b\u00f4i tr\u01a1n d\u00e2y chuy\u1ec1n s\u1ea3n xu\u1ea5t, c\u00e1p v\u1eadn chuy\u1ec3n trong c\u00e1c nh\u00e0 m\u00e1y ch\u1ebf bi\u1ebfn th\u1ef1c ph\u1ea9m.<\/li>\n<li data-sourcepos=\"16:1-16:136\"><strong>B\u00f4i tr\u01a1n c\u00e1c b\u1ed9 ph\u1eadn m\u00e1y m\u00f3c:<\/strong> B\u00f4i tr\u01a1n c\u00e1c b\u1ed9 ph\u1eadn chuy\u1ec3n \u0111\u1ed9ng nh\u01b0 tr\u1ee5c, b\u00e1nh r\u0103ng, kh\u1edbp n\u1ed1i trong c\u00e1c m\u00e1y m\u00f3c ch\u1ebf bi\u1ebfn th\u1ef1c ph\u1ea9m.<\/li>\n<li data-sourcepos=\"17:1-18:0\"><strong>B\u1ea3o v\u1ec7 c\u00e1c thi\u1ebft b\u1ecb \u0111i\u1ec7n:<\/strong> B\u1ea3o v\u1ec7 c\u00e1c ti\u1ebfp \u0111i\u1ec3m \u0111i\u1ec7n kh\u1ecfi s\u1ef1 \u0103n m\u00f2n v\u00e0 t\u0103ng t\u00ednh d\u1eabn \u0111i\u1ec7n.<\/li>\n<\/ul>\n<\/div>\n","protected":false},"excerpt":{"rendered":"<p>T\u00ean sa\u0309n ph\u00e2\u0309m:\u00a0Interflon Food Lube 500ml<\/p>\n","protected":false},"featured_media":7272,"comment_status":"closed","ping_status":"closed","template":"","meta":[],"product_brand":[],"product_cat":[160],"product_tag":[],"class_list":{"0":"post-7271","1":"product","2":"type-product","3":"status-publish","4":"has-post-thumbnail","6":"product_cat-interflon","8":"first","9":"instock","10":"shipping-taxable","11":"product-type-simple"},"_links":{"self":[{"href":"https:\/\/yenhung.com\/index.php?rest_route=\/wp\/v2\/product\/7271","targetHints":{"allow":["GET"]}}],"collection":[{"href":"https:\/\/yenhung.com\/index.php?rest_route=\/wp\/v2\/product"}],"about":[{"href":"https:\/\/yenhung.com\/index.php?rest_route=\/wp\/v2\/types\/product"}],"replies":[{"embeddable":true,"href":"https:\/\/yenhung.com\/index.php?rest_route=%2Fwp%2Fv2%2Fcomments&post=7271"}],"wp:featuredmedia":[{"embeddable":true,"href":"https:\/\/yenhung.com\/index.php?rest_route=\/wp\/v2\/media\/7272"}],"wp:attachment":[{"href":"https:\/\/yenhung.com\/index.php?rest_route=%2Fwp%2Fv2%2Fmedia&parent=7271"}],"wp:term":[{"taxonomy":"product_brand","embeddable":true,"href":"https:\/\/yenhung.com\/index.php?rest_route=%2Fwp%2Fv2%2Fproduct_brand&post=7271"},{"taxonomy":"product_cat","embeddable":true,"href":"https:\/\/yenhung.com\/index.php?rest_route=%2Fwp%2Fv2%2Fproduct_cat&post=7271"},{"taxonomy":"product_tag","embeddable":true,"href":"https:\/\/yenhung.com\/index.php?rest_route=%2Fwp%2Fv2%2Fproduct_tag&post=7271"}],"curies":[{"name":"wp","href":"https:\/\/api.w.org\/{rel}","templated":true}]}}