{"id":7291,"date":"2025-11-10T08:01:43","date_gmt":"2025-11-10T08:01:43","guid":{"rendered":"https:\/\/yenhung.com\/?product=mo-interflon-grease-mp1-1l"},"modified":"2026-02-11T02:19:04","modified_gmt":"2026-02-11T02:19:04","slug":"mo-interflon-grease-mp1-1l","status":"publish","type":"product","link":"https:\/\/yenhung.com\/?product=mo-interflon-grease-mp1-1l","title":{"rendered":"M\u1ee1 Interflon Grease MP1, 1L"},"content":{"rendered":"<div class=\"ba-text-fpt\">\n<h2 data-sourcepos=\"1:1-1:186\"><strong>Interflon Grease MP1: M\u1ee1 b\u00f4i tr\u01a1n \u0111a n\u0103ng, hi\u1ec7u su\u1ea5t cao<\/strong><\/h2>\n<h3 data-sourcepos=\"5:1-5:27\"><\/h3>\n<p data-sourcepos=\"7:1-7:300\"><strong>Interflon Grease MP1<\/strong> l\u00e0 m\u1ed9t lo\u1ea1i m\u1ee1 b\u00f4i tr\u01a1n \u0111a d\u1ee5ng, \u0111\u01b0\u1ee3c thi\u1ebft k\u1ebf \u0111\u1eb7c bi\u1ec7t \u0111\u1ec3 gi\u1ea3m ma s\u00e1t v\u00e0 m\u00e0i m\u00f2n t\u1ed1i \u0111a trong c\u00e1c \u0111i\u1ec1u ki\u1ec7n l\u00e0m vi\u1ec7c kh\u1eafc nghi\u1ec7t. S\u1ea3n ph\u1ea9m n\u00e0y \u0111\u01b0\u1ee3c t\u0103ng c\u01b0\u1eddng b\u1edfi c\u00f4ng ngh\u1ec7 MicPol\u00ae \u0111\u1ed9c \u0111\u00e1o c\u1ee7a Interflon, gi\u00fap k\u00e9o d\u00e0i tu\u1ed5i th\u1ecd c\u1ee7a d\u1ea7u m\u1ee1 v\u00e0 b\u1ea3o v\u1ec7 thi\u1ebft b\u1ecb m\u1ed9t c\u00e1ch hi\u1ec7u qu\u1ea3.<\/p>\n<p data-sourcepos=\"9:1-9:40\"><img decoding=\"async\" title=\"interflon-grease-mp1-2\" src=\"https:\/\/yenhung.com\/wp-content\/uploads\/2025\/11\/interflon-grease-mp1-2.jpg\" alt=\"Interflon Grease MP1\" data-thumb=\"large\" \/><\/p>\n<ul data-sourcepos=\"13:1-18:0\">\n<li data-sourcepos=\"13:1-13:136\"><strong>Gi\u1ea3m ma s\u00e1t v\u00e0 m\u00e0i m\u00f2n:<\/strong> Nh\u1edd c\u00f4ng ngh\u1ec7 MicPol\u00ae, Interflon Grease MP1 gi\u1ea3m ma s\u00e1t v\u00e0 m\u00e0i m\u00f2n \u0111\u00e1ng k\u1ec3, k\u00e9o d\u00e0i tu\u1ed5i th\u1ecd c\u1ee7a thi\u1ebft b\u1ecb.<\/li>\n<li data-sourcepos=\"14:1-14:138\"><strong>Ch\u1ed1ng n\u01b0\u1edbc, ch\u1ed1ng \u0103n m\u00f2n:<\/strong> S\u1ea3n ph\u1ea9m c\u00f3 kh\u1ea3 n\u0103ng ch\u1ed1ng n\u01b0\u1edbc, ch\u1ed1ng \u0103n m\u00f2n tuy\u1ec7t v\u1eddi, b\u1ea3o v\u1ec7 thi\u1ebft b\u1ecb kh\u1ecfi c\u00e1c t\u00e1c \u0111\u1ed9ng c\u1ee7a m\u00f4i tr\u01b0\u1eddng.<\/li>\n<li data-sourcepos=\"15:1-15:100\"><strong>Kh\u1ea3 n\u0103ng ch\u1ecbu t\u1ea3i cao:<\/strong> Interflon Grease MP1 ch\u1ecbu \u0111\u01b0\u1ee3c t\u1ea3i tr\u1ecdng l\u1edbn v\u00e0 dao \u0111\u1ed9ng nhi\u1ec7t \u0111\u1ed9 r\u1ed9ng.<\/li>\n<li data-sourcepos=\"16:1-16:92\"><strong>Ti\u1ebft ki\u1ec7m chi ph\u00ed:<\/strong> Gi\u1ea3m thi\u1ec3u chi ph\u00ed b\u1ea3o tr\u00ec, thay th\u1ebf nh\u1edd kh\u1ea3 n\u0103ng b\u00f4i tr\u01a1n l\u00e2u d\u00e0i.<\/li>\n<li data-sourcepos=\"17:1-18:0\"><strong>An to\u00e0n v\u1edbi m\u00f4i tr\u01b0\u1eddng:<\/strong> S\u1ea3n ph\u1ea9m th\u00e2n thi\u1ec7n v\u1edbi m\u00f4i tr\u01b0\u1eddng v\u00e0 ng\u01b0\u1eddi s\u1eed d\u1ee5ng.<\/li>\n<\/ul>\n<h3 data-sourcepos=\"19:1-19:16\"><\/h3>\n<p data-sourcepos=\"21:1-21:74\">Interflon Grease MP1 \u0111\u01b0\u1ee3c \u1ee9ng d\u1ee5ng r\u1ed9ng r\u00e3i trong nhi\u1ec1u l\u0129nh v\u1ef1c, bao g\u1ed3m:<\/p>\n<ul data-sourcepos=\"23:1-26:0\">\n<li data-sourcepos=\"23:1-23:91\"><strong>C\u00f4ng nghi\u1ec7p:<\/strong> B\u00f4i tr\u01a1n cho c\u00e1c lo\u1ea1i \u1ed5 bi, b\u1ea1c \u0111\u1ea1n, kh\u1edbp n\u1ed1i, tr\u1ee5c v\u00edt, m\u00e1y n\u00e9n kh\u00ed,&#8230;<\/li>\n<li data-sourcepos=\"24:1-24:89\"><strong>N\u00f4ng nghi\u1ec7p:<\/strong> B\u00f4i tr\u01a1n cho c\u00e1c m\u00e1y m\u00f3c n\u00f4ng nghi\u1ec7p nh\u01b0 m\u00e1y k\u00e9o, m\u00e1y g\u1eb7t, m\u00e1y b\u0103m,&#8230;<\/li>\n<li data-sourcepos=\"25:1-26:0\"><strong>X\u00e2y d\u1ef1ng:<\/strong> B\u00f4i tr\u01a1n cho c\u00e1c thi\u1ebft b\u1ecb x\u00e2y d\u1ef1ng nh\u01b0 m\u00e1y x\u00fac, m\u00e1y \u0111\u00e0o, c\u1ea7n c\u1ea9u,&#8230;<\/li>\n<li data-sourcepos=\"29:1-29:18\"><strong>M\u00e0u s\u1eafc:<\/strong> N\u00e2u<\/li>\n<li data-sourcepos=\"30:1-30:28\"><strong>\u0110\u1ed9 nh\u1edbt:<\/strong> 40\u00b0C: 185 cSt<\/li>\n<li data-sourcepos=\"31:1-31:24\"><strong>\u0110i\u1ec3m ch\u1ea3y:<\/strong> &gt; 260\u00b0C<\/li>\n<li data-sourcepos=\"32:1-32:40\"><strong>Nhi\u1ec7t \u0111\u1ed9 l\u00e0m vi\u1ec7c:<\/strong> -30\u00b0C \u0111\u1ebfn 145\u00b0C<\/li>\n<li data-sourcepos=\"33:1-34:0\"><strong>NSF:<\/strong> 145889<\/li>\n<\/ul>\n<p data-sourcepos=\"37:1-37:120\">\u0110\u1ec3 \u0111\u1ea1t hi\u1ec7u qu\u1ea3 t\u1ed1t nh\u1ea5t, n\u00ean l\u00e0m s\u1ea1ch b\u1ec1 m\u1eb7t tr\u01b0\u1edbc khi b\u00f4i m\u1ee1. \u00c1p d\u1ee5ng m\u1ed9t l\u1edbp m\u1ee1 m\u1ecfng \u0111\u1ec1u l\u00ean c\u00e1c b\u1ec1 m\u1eb7t c\u1ea7n b\u00f4i tr\u01a1n.<\/p>\n<ul data-sourcepos=\"41:1-44:0\">\n<li data-sourcepos=\"41:1-41:72\">B\u1ea3o qu\u1ea3n s\u1ea3n ph\u1ea9m \u1edf n\u01a1i kh\u00f4 r\u00e1o, tho\u00e1ng m\u00e1t, tr\u00e1nh \u00e1nh n\u1eafng tr\u1ef1c ti\u1ebfp.<\/li>\n<li data-sourcepos=\"42:1-42:41\">Tr\u00e1nh ti\u1ebfp x\u00fac tr\u1ef1c ti\u1ebfp v\u1edbi m\u1eaft v\u00e0 da.<\/li>\n<li data-sourcepos=\"43:1-44:0\">\u0110\u1ecdc k\u1ef9 h\u01b0\u1edbng d\u1eabn s\u1eed d\u1ee5ng tr\u01b0\u1edbc khi d\u00f9ng.<\/li>\n<\/ul>\n<\/div>\n","protected":false},"excerpt":{"rendered":"<p>T\u00ean sa\u0309n ph\u00e2\u0309m:\u00a0Interflon Grease MP1<\/p>\n","protected":false},"featured_media":7292,"comment_status":"closed","ping_status":"closed","template":"","meta":[],"product_brand":[],"product_cat":[160],"product_tag":[],"class_list":{"0":"post-7291","1":"product","2":"type-product","3":"status-publish","4":"has-post-thumbnail","6":"product_cat-interflon","8":"first","9":"instock","10":"shipping-taxable","11":"product-type-simple"},"_links":{"self":[{"href":"https:\/\/yenhung.com\/index.php?rest_route=\/wp\/v2\/product\/7291","targetHints":{"allow":["GET"]}}],"collection":[{"href":"https:\/\/yenhung.com\/index.php?rest_route=\/wp\/v2\/product"}],"about":[{"href":"https:\/\/yenhung.com\/index.php?rest_route=\/wp\/v2\/types\/product"}],"replies":[{"embeddable":true,"href":"https:\/\/yenhung.com\/index.php?rest_route=%2Fwp%2Fv2%2Fcomments&post=7291"}],"wp:featuredmedia":[{"embeddable":true,"href":"https:\/\/yenhung.com\/index.php?rest_route=\/wp\/v2\/media\/7292"}],"wp:attachment":[{"href":"https:\/\/yenhung.com\/index.php?rest_route=%2Fwp%2Fv2%2Fmedia&parent=7291"}],"wp:term":[{"taxonomy":"product_brand","embeddable":true,"href":"https:\/\/yenhung.com\/index.php?rest_route=%2Fwp%2Fv2%2Fproduct_brand&post=7291"},{"taxonomy":"product_cat","embeddable":true,"href":"https:\/\/yenhung.com\/index.php?rest_route=%2Fwp%2Fv2%2Fproduct_cat&post=7291"},{"taxonomy":"product_tag","embeddable":true,"href":"https:\/\/yenhung.com\/index.php?rest_route=%2Fwp%2Fv2%2Fproduct_tag&post=7291"}],"curies":[{"name":"wp","href":"https:\/\/api.w.org\/{rel}","templated":true}]}}