{"id":7304,"date":"2025-11-10T08:01:59","date_gmt":"2025-11-10T08:01:59","guid":{"rendered":"https:\/\/yenhung.com\/?product=mo-interflon-food-grease-ls1-2-tuyp-400ml"},"modified":"2026-02-11T02:18:02","modified_gmt":"2026-02-11T02:18:02","slug":"mo-interflon-food-grease-ls1-2-tuyp-400ml","status":"publish","type":"product","link":"https:\/\/yenhung.com\/?product=mo-interflon-food-grease-ls1-2-tuyp-400ml","title":{"rendered":"M\u01a1\u0303 Interflon Food Grease LS1\/2, tu\u00fdp 400ml"},"content":{"rendered":"<div class=\"ba-text-fpt\">\n<h2 data-sourcepos=\"3:1-3:82\">M\u1ee1 Interflon Food Grease S1\/2 &#8211; Gi\u1ea3i ph\u00e1p b\u00f4i tr\u01a1n ho\u00e0n h\u1ea3o cho ng\u00e0nh th\u1ef1c ph\u1ea9m<\/h2>\n<p><img decoding=\"async\" title=\"interflon-food-grease-s12-2-1\" src=\"https:\/\/yenhung.com\/wp-content\/uploads\/2025\/11\/interflon-food-grease-s12-2-1.jpg\" alt=\"M\u01a1\u0303 Interflon Food Grease S1\/2, tu\u00fdp 400ml\" data-thumb=\"grande\" \/><\/p>\n<h3 data-sourcepos=\"5:1-5:23\">Gi\u1edbi thi\u1ec7u s\u1ea3n ph\u1ea9m<\/h3>\n<p data-sourcepos=\"7:1-7:162\"><strong>M\u1ee1 Interflon Food Grease S1\/2<\/strong> l\u00e0 m\u1ed9t lo\u1ea1i m\u1ee1 b\u00f4i tr\u01a1n \u0111a d\u1ee5ng, \u0111\u01b0\u1ee3c s\u1ea3n xu\u1ea5t t\u1eeb c\u00f4ng th\u1ee9c \u0111\u1eb7c bi\u1ec7t, kh\u00f4ng ch\u1ee9a d\u1ea7u kho\u00e1ng, ho\u00e0n to\u00e0n t\u01b0\u01a1ng th\u00edch v\u1edbi th\u1ef1c ph\u1ea9m. S\u1ea3n ph\u1ea9m \u0111\u01b0\u1ee3c thi\u1ebft k\u1ebf \u0111\u1ec3 b\u00f4i tr\u01a1n c\u00e1c b\u1ed9 ph\u1eadn m\u00e1y m\u00f3c trong ng\u00e0nh th\u1ef1c ph\u1ea9m, \u0111\u1ed3 u\u1ed1ng v\u00e0 d\u01b0\u1ee3c ph\u1ea9m, n\u01a1i y\u00eau c\u1ea7u \u0111\u1ed9 an to\u00e0n v\u1ec7 sinh cao.<\/p>\n<p data-sourcepos=\"9:1-9:49\">[H\u00ecnh \u1ea3nh s\u1ea3n ph\u1ea9m M\u1ee1 Interflon Food Grease S1\/2]\n<h3 data-sourcepos=\"11:1-11:19\">\u01afu \u0111i\u1ec3m n\u1ed5i b\u1eadt<\/h3>\n<ul data-sourcepos=\"13:1-15:39\">\n<li data-sourcepos=\"13:1-13:92\"><strong>An to\u00e0n v\u1edbi th\u1ef1c ph\u1ea9m:<\/strong> Kh\u00f4ng ch\u1ee9a c\u00e1c ch\u1ea5t \u0111\u1ed9c h\u1ea1i, kh\u00f4ng g\u00e2y \u00f4 nhi\u1ec5m ngu\u1ed3n th\u1ef1c ph\u1ea9m.<\/li>\n<li data-sourcepos=\"14:1-14:78\"><strong>Hi\u1ec7u su\u1ea5t cao:<\/strong> B\u00f4i tr\u01a1n hi\u1ec7u qu\u1ea3, gi\u1ea3m ma s\u00e1t, k\u00e9o d\u00e0i tu\u1ed5i th\u1ecd m\u00e1y m\u00f3c.<\/li>\n<li data-sourcepos=\"15:1-15:39\"><strong>Kh\u00e1ng n\u01b0\u1edbc:<\/strong> Ch\u1ed1ng g\u1ec9 s\u00e9t, \u0103n m\u00f2n, ho\u1ea1t \u0111\u1ed9ng t\u1ed1t trong m\u00f4i tr\u01b0\u1eddng \u1ea9m \u01b0\u1edbt.<\/li>\n<li data-sourcepos=\"16:1-16:79\"><strong>Kh\u00e1ng h\u00f3a ch\u1ea5t:<\/strong> Ch\u1ed1ng l\u1ea1i t\u00e1c \u0111\u1ed9ng c\u1ee7a h\u1ea7u h\u1ebft c\u00e1c lo\u1ea1i h\u00f3a ch\u1ea5t t\u1ea9y r\u1eeda.<\/li>\n<li data-sourcepos=\"17:1-18:0\"><strong>D\u1ec5 s\u1eed d\u1ee5ng:<\/strong> Bao b\u00ec d\u1ea1ng tu\u00fdp 400ml ti\u1ec7n l\u1ee3i, d\u1ec5 d\u00e0ng s\u1eed d\u1ee5ng.<\/li>\n<\/ul>\n<h3 data-sourcepos=\"19:1-19:12\">\u1ee8ng d\u1ee5ng<\/h3>\n<ul data-sourcepos=\"21:1-23:73\">\n<li data-sourcepos=\"21:1-21:97\"><strong>Ng\u00e0nh th\u1ef1c ph\u1ea9m:<\/strong> B\u00f4i tr\u01a1n c\u00e1c b\u1ed9 ph\u1eadn m\u00e1y m\u00f3c trong d\u00e2y chuy\u1ec1n s\u1ea3n xu\u1ea5t th\u1ef1c ph\u1ea9m, \u0111\u1ed3 u\u1ed1ng.<\/li>\n<li data-sourcepos=\"22:1-22:80\"><strong>Ng\u00e0nh d\u01b0\u1ee3c ph\u1ea9m:<\/strong> B\u00f4i tr\u01a1n c\u00e1c thi\u1ebft b\u1ecb trong qu\u00e1 tr\u00ecnh s\u1ea3n xu\u1ea5t d\u01b0\u1ee3c ph\u1ea9m.<\/li>\n<li data-sourcepos=\"23:1-23:73\"><strong>C\u00e1c ng\u00e0nh c\u00f4ng nghi\u1ec7p kh\u00e1c:<\/strong> S\u1eed d\u1ee5ng trong c\u00e1c m\u00f4i tr\u01b0\u1eddng y\u00eau c\u1ea7u \u0111\u1ed9 s\u1ea1ch cao.<\/li>\n<\/ul>\n<h3 data-sourcepos=\"25:1-25:21\">Th\u00f4ng s\u1ed1 k\u1ef9 thu\u1eadt<\/h3>\n<ul data-sourcepos=\"27:1-33:0\">\n<li data-sourcepos=\"27:1-27:18\"><strong>D\u1ea1ng:<\/strong> M\u1ee1 \u0111\u1eb7c<\/li>\n<li data-sourcepos=\"28:1-28:20\"><strong>M\u00e0u s\u1eafc:<\/strong> Tr\u1eafng<\/li>\n<li data-sourcepos=\"29:1-29:26\"><strong>\u0110\u00f3ng g\u00f3i:<\/strong> Tu\u00fdp 400ml<\/li>\n<li data-sourcepos=\"30:1-30:41\"><strong>Nhi\u1ec7t \u0111\u1ed9 l\u00e0m vi\u1ec7c:<\/strong> -20\u00b0C \u0111\u1ebfn +150\u00b0C<\/li>\n<li data-sourcepos=\"31:1-31:24\"><strong>\u0110\u1ed9 b\u1ec1n c\u01a1 h\u1ecdc:<\/strong> T\u1ed1t<\/li>\n<li data-sourcepos=\"32:1-33:0\"><strong>Kh\u1ea3 n\u0103ng ch\u1ed1ng n\u01b0\u1edbc:<\/strong> Xu\u1ea5t s\u1eafc<\/li>\n<\/ul>\n<h3 data-sourcepos=\"34:1-34:23\">Nguy\u00ean l\u00fd ho\u1ea1t \u0111\u1ed9ng<\/h3>\n<p><img decoding=\"async\" title=\"interflon-food-grease-s12-1-2\" src=\"https:\/\/yenhung.com\/wp-content\/uploads\/2025\/11\/interflon-food-grease-s12-1-2.jpg\" alt=\"M\u01a1\u0303 Interflon Food Grease S1\/2, tu\u00fdp 400ml\" data-thumb=\"grande\" \/><\/p>\n<p data-sourcepos=\"36:1-36:142\">M\u1ee1 Interflon Food Grease S1\/2 ho\u1ea1t \u0111\u1ed9ng d\u1ef1a tr\u00ean c\u00f4ng ngh\u1ec7 MicPol\u00ae \u0111\u1ed9c \u0111\u00e1o c\u1ee7a Interflon. C\u00f4ng ngh\u1ec7 n\u00e0y t\u1ea1o ra m\u1ed9t l\u1edbp m\u00e0ng b\u00f4i tr\u01a1n c\u1ef1c m\u1ecfng, b\u1ec1n v\u1eefng tr\u00ean b\u1ec1 m\u1eb7t kim lo\u1ea1i, gi\u1ea3m ma s\u00e1t v\u00e0 m\u00e0i m\u00f2n, \u0111\u1ed3ng th\u1eddi b\u1ea3o v\u1ec7 b\u1ec1 m\u1eb7t kh\u1ecfi c\u00e1c t\u00e1c \u0111\u1ed9ng c\u1ee7a m\u00f4i tr\u01b0\u1eddng.<\/p>\n<h3 data-sourcepos=\"38:1-38:21\">H\u01b0\u1edbng d\u1eabn s\u1eed d\u1ee5ng<\/h3>\n<ul data-sourcepos=\"40:1-43:0\">\n<li data-sourcepos=\"40:1-40:74\"><strong>L\u00e0m s\u1ea1ch b\u1ec1 m\u1eb7t:<\/strong> Tr\u01b0\u1edbc khi b\u00f4i m\u1ee1, h\u00e3y l\u00e0m s\u1ea1ch b\u1ec1 m\u1eb7t c\u1ea7n b\u00f4i tr\u01a1n.<\/li>\n<li data-sourcepos=\"41:1-41:90\"><strong>B\u00f4i m\u1ed9t l\u1edbp m\u1ecfng:<\/strong> Ch\u1ec9 c\u1ea7n b\u00f4i m\u1ed9t l\u1edbp m\u1ecfng m\u1ee1 l\u00e0 \u0111\u1ee7 \u0111\u1ec3 t\u1ea1o hi\u1ec7u qu\u1ea3 b\u00f4i tr\u01a1n t\u1ed1i \u01b0u.<\/li>\n<li data-sourcepos=\"42:1-43:0\"><strong>T\u1ea7n su\u1ea5t b\u00f4i tr\u01a1n:<\/strong> T\u00f9y thu\u1ed9c v\u00e0o \u0111i\u1ec1u ki\u1ec7n l\u00e0m vi\u1ec7c v\u00e0 lo\u1ea1i m\u00e1y m\u00f3c m\u00e0 c\u00f3 th\u1ec3 \u0111i\u1ec1u ch\u1ec9nh t\u1ea7n su\u1ea5t b\u00f4i tr\u01a1n.<\/li>\n<\/ul>\n<h3 data-sourcepos=\"44:1-44:21\">L\u01b0u \u00fd khi s\u1eed d\u1ee5ng<\/h3>\n<ul data-sourcepos=\"46:1-49:0\">\n<li data-sourcepos=\"46:1-46:71\"><strong>Tr\u00e1nh ti\u1ebfp x\u00fac tr\u1ef1c ti\u1ebfp:<\/strong> Tr\u00e1nh ti\u1ebfp x\u00fac tr\u1ef1c ti\u1ebfp v\u1edbi m\u1eaft v\u00e0 da.<\/li>\n<li data-sourcepos=\"47:1-47:51\"><strong>B\u1ea3o qu\u1ea3n:<\/strong> B\u1ea3o qu\u1ea3n \u1edf n\u01a1i kh\u00f4 r\u00e1o, tho\u00e1ng m\u00e1t.<\/li>\n<li data-sourcepos=\"48:1-49:0\"><strong>\u0110\u1ecdc k\u1ef9 h\u01b0\u1edbng d\u1eabn:<\/strong> Lu\u00f4n \u0111\u1ecdc k\u1ef9 h\u01b0\u1edbng d\u1eabn s\u1eed d\u1ee5ng tr\u01b0\u1edbc khi d\u00f9ng.<\/li>\n<\/ul>\n<h3 data-sourcepos=\"50:1-50:12\">K\u1ebft lu\u1eadn<\/h3>\n<p data-sourcepos=\"52:1-52:234\">M\u1ee1 Interflon Food Grease S1\/2 l\u00e0 m\u1ed9t gi\u1ea3i ph\u00e1p b\u00f4i tr\u01a1n l\u00fd t\u01b0\u1edfng cho c\u00e1c ng\u00e0nh c\u00f4ng nghi\u1ec7p y\u00eau c\u1ea7u \u0111\u1ed9 an to\u00e0n v\u1ec7 sinh cao. V\u1edbi nh\u1eefng \u01b0u \u0111i\u1ec3m v\u01b0\u1ee3t tr\u1ed9i, s\u1ea3n ph\u1ea9m gi\u00fap k\u00e9o d\u00e0i tu\u1ed5i th\u1ecd m\u00e1y m\u00f3c, gi\u1ea3m chi ph\u00ed b\u1ea3o tr\u00ec v\u00e0 \u0111\u1ea3m b\u1ea3o ch\u1ea5t l\u01b0\u1ee3ng s\u1ea3n ph\u1ea9m cu\u1ed1i c\u00f9ng.<\/p>\n<\/div>\n","protected":false},"excerpt":{"rendered":"<p>T\u00ean sa\u0309n ph\u00e2\u0309m:\u00a0M\u01a1\u0303 Interflon Food Grease S1\/2, tu\u00fdp 400ml<\/p>\n","protected":false},"featured_media":7305,"comment_status":"closed","ping_status":"closed","template":"","meta":[],"product_brand":[],"product_cat":[160],"product_tag":[],"class_list":{"0":"post-7304","1":"product","2":"type-product","3":"status-publish","4":"has-post-thumbnail","6":"product_cat-interflon","8":"first","9":"instock","10":"shipping-taxable","11":"product-type-simple"},"_links":{"self":[{"href":"https:\/\/yenhung.com\/index.php?rest_route=\/wp\/v2\/product\/7304","targetHints":{"allow":["GET"]}}],"collection":[{"href":"https:\/\/yenhung.com\/index.php?rest_route=\/wp\/v2\/product"}],"about":[{"href":"https:\/\/yenhung.com\/index.php?rest_route=\/wp\/v2\/types\/product"}],"replies":[{"embeddable":true,"href":"https:\/\/yenhung.com\/index.php?rest_route=%2Fwp%2Fv2%2Fcomments&post=7304"}],"wp:featuredmedia":[{"embeddable":true,"href":"https:\/\/yenhung.com\/index.php?rest_route=\/wp\/v2\/media\/7305"}],"wp:attachment":[{"href":"https:\/\/yenhung.com\/index.php?rest_route=%2Fwp%2Fv2%2Fmedia&parent=7304"}],"wp:term":[{"taxonomy":"product_brand","embeddable":true,"href":"https:\/\/yenhung.com\/index.php?rest_route=%2Fwp%2Fv2%2Fproduct_brand&post=7304"},{"taxonomy":"product_cat","embeddable":true,"href":"https:\/\/yenhung.com\/index.php?rest_route=%2Fwp%2Fv2%2Fproduct_cat&post=7304"},{"taxonomy":"product_tag","embeddable":true,"href":"https:\/\/yenhung.com\/index.php?rest_route=%2Fwp%2Fv2%2Fproduct_tag&post=7304"}],"curies":[{"name":"wp","href":"https:\/\/api.w.org\/{rel}","templated":true}]}}