{"id":7318,"date":"2025-11-10T08:02:15","date_gmt":"2025-11-10T08:02:15","guid":{"rendered":"https:\/\/yenhung.com\/?product=chat-phu-be-mat-interflon-film-wb-chai-1000ml"},"modified":"2026-02-11T02:15:32","modified_gmt":"2026-02-11T02:15:32","slug":"chat-phu-be-mat-interflon-film-wb-chai-1000ml","status":"publish","type":"product","link":"https:\/\/yenhung.com\/?product=chat-phu-be-mat-interflon-film-wb-chai-1000ml","title":{"rendered":"Ch\u1ea5t ph\u1ee7 b\u1ec1 m\u1eb7t interflon film wb (chai 1000ml)"},"content":{"rendered":"<div class=\"ba-text-fpt\">\n<h2 id=\"h-combat\"><strong>M\u00f4 t\u1ea3 Interflon Film WB \u2013 L\u1edbp ph\u1ee7 b\u1ea3o v\u1ec7 th\u00e9p kh\u00f4ng g\u1ec9<\/strong><\/h2>\n<p><img decoding=\"async\" title=\"interflon-film-wb-1-jpeg-1\" src=\"https:\/\/yenhung.com\/wp-content\/uploads\/2025\/11\/interflon-film-wb-1-jpeg-1.jpg\" alt=\"Interflon Film WB\" data-thumb=\"large\" \/><\/p>\n<p>L\u1edbp ph\u1ee7 b\u1ea3o v\u1ec7, c\u00f3 \u0111\u1ed9 ma s\u00e1t th\u1ea5p, h\u00f2a tan trong n\u01b0\u1edbc.\u00a0\u0110\u01b0\u1ee3c pha ch\u1ebf v\u1edbi MicPol\u00ae v\u00e0 c\u00e1c lo\u1ea1i nh\u1ef1a hi\u1ec7u su\u1ea5t cao kh\u00e1c \u0111\u1ec3 c\u00f3 \u0111\u1ed9 b\u00e1m d\u00ednh, \u0111\u1ed9 b\u1ec1n, kh\u1ea3 n\u0103ng ch\u1ed1ng \u0103n m\u00f2n v\u00e0 m\u00e0i m\u00f2n \u0111\u1eb7c bi\u1ec7t.<\/p>\n<p>B\u1ea3o v\u1ec7 th\u00e9p kh\u00f4ng g\u1ec9 ch\u1ed1ng \u0103n m\u00f2n.\u00a0L\u00e0m m\u1ecbn c\u00e1c b\u1ec1 m\u1eb7t.<\/p>\n<h2><strong>\u0110\u1eb7c \u0111i\u1ec3m Interflon Film WB \u2013 L\u1edbp ph\u1ee7 b\u1ea3o v\u1ec7 th\u00e9p kh\u00f4ng g\u1ec9<\/strong><\/h2>\n<p><img decoding=\"async\" title=\"interflon-film-wb-2-jpeg-1\" src=\"https:\/\/yenhung.com\/wp-content\/uploads\/2025\/11\/interflon-film-wb-2-jpeg-1.jpg\" alt=\"Interflon Film WB\" data-thumb=\"large\" \/><\/p>\n<ul>\n<li>B\u00f4i tr\u01a1n v\u00e0 b\u1ea3o qu\u1ea3n th\u00e9p kh\u00f4ng g\u1ec9, kim lo\u1ea1i, v.v.<\/li>\n<li>\u0110\u1ec3 l\u1ea1i l\u1edbp ph\u1ee7 MicPol\u00ae b\u1ea3o v\u1ec7 l\u00e2u d\u00e0i<\/li>\n<li>Ch\u1ed1ng l\u1ea1i \u0111\u1ed9 \u1ea9m v\u00e0 b\u1ee5i b\u1ea9n<\/li>\n<li>\u1ee8c ch\u1ebf r\u1ec9 s\u00e9t v\u00e0 \u0103n m\u00f2n<\/li>\n<li>\u0110\u1ed9 b\u1ec1n cao, cho tu\u1ed5i th\u1ecd ho\u1ea1t \u0111\u1ed9ng l\u00e2u h\u01a1n<\/li>\n<\/ul>\n<h2 id=\"h-features-and-benefits\"><strong>\u1ee8ng d\u1ee5ng Interflon Film WB \u2013 L\u1edbp ph\u1ee7 b\u1ea3o v\u1ec7 th\u00e9p kh\u00f4ng g\u1ec9<\/strong><\/h2>\n<p><img decoding=\"async\" title=\"interflon-film-wb-jpeg-2\" src=\"https:\/\/yenhung.com\/wp-content\/uploads\/2025\/11\/interflon-film-wb-jpeg-2.jpg\" alt=\"Interflon Film WB\" data-thumb=\"large\" \/><\/p>\n<p id=\"h-features-and-benefits\">S\u1ea3n ph\u1ea9m d\u01b0\u1eddng nh\u01b0 ho\u00e0n h\u1ea3o \u0111\u1ec3 b\u1ea3o qu\u1ea3n m\u00e1y m\u00f3c b\u1eb1ng th\u00e9p kh\u00f4ng g\u1ec9, bao g\u1ed3m B\u0103ng t\u1ea3i, B\u1ed9 g\u1ea5p gi\u1ea5y c\u0169ng nh\u01b0 c\u00e1c \u0111\u1ed3 v\u1eadt v\u00e0 thi\u1ebft b\u1ecb \u0111\u01b0\u1ee3c s\u1eed d\u1ee5ng trong m\u00f4i tr\u01b0\u1eddng n\u01b0\u1edbc (mu\u1ed1i) kh\u1eafc nghi\u1ec7t, bao g\u1ed3m ng\u00e0nh c\u00f4ng nghi\u1ec7p Ngo\u00e0i kh\u01a1i, H\u00f3a ch\u1ea5t v\u00e0 In \u1ea5n.<\/p>\n<\/div>\n","protected":false},"excerpt":{"rendered":"<p><strong>T\u00ean sa\u0309n ph\u00e2\u0309m: Interflon Film WB<\/strong><\/p>\n","protected":false},"featured_media":7319,"comment_status":"closed","ping_status":"closed","template":"","meta":[],"product_brand":[],"product_cat":[160],"product_tag":[],"class_list":{"0":"post-7318","1":"product","2":"type-product","3":"status-publish","4":"has-post-thumbnail","6":"product_cat-interflon","8":"first","9":"instock","10":"shipping-taxable","11":"product-type-simple"},"_links":{"self":[{"href":"https:\/\/yenhung.com\/index.php?rest_route=\/wp\/v2\/product\/7318","targetHints":{"allow":["GET"]}}],"collection":[{"href":"https:\/\/yenhung.com\/index.php?rest_route=\/wp\/v2\/product"}],"about":[{"href":"https:\/\/yenhung.com\/index.php?rest_route=\/wp\/v2\/types\/product"}],"replies":[{"embeddable":true,"href":"https:\/\/yenhung.com\/index.php?rest_route=%2Fwp%2Fv2%2Fcomments&post=7318"}],"wp:featuredmedia":[{"embeddable":true,"href":"https:\/\/yenhung.com\/index.php?rest_route=\/wp\/v2\/media\/7319"}],"wp:attachment":[{"href":"https:\/\/yenhung.com\/index.php?rest_route=%2Fwp%2Fv2%2Fmedia&parent=7318"}],"wp:term":[{"taxonomy":"product_brand","embeddable":true,"href":"https:\/\/yenhung.com\/index.php?rest_route=%2Fwp%2Fv2%2Fproduct_brand&post=7318"},{"taxonomy":"product_cat","embeddable":true,"href":"https:\/\/yenhung.com\/index.php?rest_route=%2Fwp%2Fv2%2Fproduct_cat&post=7318"},{"taxonomy":"product_tag","embeddable":true,"href":"https:\/\/yenhung.com\/index.php?rest_route=%2Fwp%2Fv2%2Fproduct_tag&post=7318"}],"curies":[{"name":"wp","href":"https:\/\/api.w.org\/{rel}","templated":true}]}}