{"id":7326,"date":"2025-11-10T08:02:21","date_gmt":"2025-11-10T08:02:21","guid":{"rendered":"https:\/\/yenhung.com\/?product=mo-boi-tron-interflon-fin-grease-binh-xit-300ml"},"modified":"2026-02-11T02:16:28","modified_gmt":"2026-02-11T02:16:28","slug":"mo-boi-tron-interflon-fin-grease-binh-xit-300ml","status":"publish","type":"product","link":"https:\/\/yenhung.com\/?product=mo-boi-tron-interflon-fin-grease-binh-xit-300ml","title":{"rendered":"M\u1ee1 b\u00f4i tr\u01a1n interflon fin grease (b\u00ecnh x\u1ecbt 300ml)"},"content":{"rendered":"<div class=\"ba-text-fpt\">\n<h2 id=\"h-combat\"><strong>M\u00f4 t\u1ea3 Interflon Fin Grease (aerosol)- X\u1ecbt m\u1ee1 \u0111a n\u0103ng<\/strong><\/h2>\n<p><strong><img decoding=\"async\" title=\"interflon-fin-grease-1-jpeg-1\" src=\"https:\/\/yenhung.com\/wp-content\/uploads\/2025\/11\/interflon-fin-grease-1-jpeg-1.jpg\" alt=\"M\u1ee1 b\u00f4i tr\u01a1n Interflon Fin grease (b\u00ecnh x\u1ecbt 300ml)\" data-thumb=\"large\" \/><\/strong><\/p>\n<p>M\u1ee1 \u0111a n\u0103ng trong su\u1ed1t, kh\u00f4ng \u1ed1 m\u00e0u d\u00e0nh cho m\u1ee5c \u0111\u00edch b\u00f4i tr\u01a1n chung v\u01b0\u1ee3t tr\u1ed9i.<\/p>\n<p>\u0110\u1ed1i v\u1edbi th\u1eddi gian d\u00e0i d\u1ecbch v\u1ee5 mi\u1ec5n ph\u00ed b\u1ea3o tr\u00ec.\u00a0\u0110\u01b0\u1ee3c ch\u1ebf t\u1ea1o \u0111\u1ec3 t\u1ea1o th\u00e0nh m\u1ed9t l\u1edbp m\u00e0ng b\u1ec1n ch\u1eafc, ng\u0103n ch\u1eb7n s\u1ef1 ti\u1ebfp x\u00fac gi\u1eefa kim lo\u1ea1i v\u1edbi kim lo\u1ea1i v\u00e0 b\u1ecbt k\u00edn n\u01b0\u1edbc c\u0169ng nh\u01b0 c\u00e1c ch\u1ea5t g\u00e2y \u00f4 nhi\u1ec5m \u0111\u1ec3 b\u00f4i tr\u01a1n ngay c\u1ea3 trong nh\u1eefng \u0111i\u1ec1u ki\u1ec7n kh\u1eaft khe nh\u1ea5t.<\/p>\n<h2><strong>\u0110\u1eb7c \u0111i\u1ec3m Interflon Fin Grease (aerosol)- X\u1ecbt m\u1ee1 \u0111a n\u0103ng<\/strong><\/h2>\n<p><strong><img decoding=\"async\" title=\"interflon-fin-grease-jpeg-2\" src=\"https:\/\/yenhung.com\/wp-content\/uploads\/2025\/11\/interflon-fin-grease-jpeg-2.jpg\" alt=\"M\u1ee1 b\u00f4i tr\u01a1n Interflon Fin grease (b\u00ecnh x\u1ecbt 300ml)\" data-thumb=\"large\" \/><\/strong><\/p>\n<ul>\n<li>Gi\u1ea3m \u0111\u00e1ng k\u1ec3 ma s\u00e1t v\u00e0 m\u00e0i m\u00f2n<\/li>\n<li>B\u1ea3o v\u1ec7 kh\u1ecfi n\u01b0\u1edbc v\u00e0 ch\u1ea5t g\u00e2y \u00f4 nhi\u1ec5m<\/li>\n<li>\u1ee8c ch\u1ebf r\u1ec9 s\u00e9t v\u00e0 \u0103n m\u00f2n<\/li>\n<li>K\u00e9o d\u00e0i kho\u1ea3ng th\u1eddi gian d\u1ecbch v\u1ee5 b\u00f4i tr\u01a1n<\/li>\n<li>\u0110\u1eb7c \u0111i\u1ec3m ch\u1ea1y kh\u1ea9n c\u1ea5p n\u1ed5i b\u1eadt<\/li>\n<\/ul>\n<h2 id=\"h-features-and-benefits\"><strong>\u1ee8ng d\u1ee5ng Interflon Fin Grease (aerosol)- X\u1ecbt m\u1ee1 \u0111a n\u0103ng<\/strong><\/h2>\n<p><img decoding=\"async\" title=\"interflon-fin-grease-2-jpeg-1\" src=\"https:\/\/yenhung.com\/wp-content\/uploads\/2025\/11\/interflon-fin-grease-2-jpeg-1.jpg\" alt=\"M\u1ee1 b\u00f4i tr\u01a1n Interflon Fin grease (b\u00ecnh x\u1ecbt 300ml)\" data-thumb=\"original\" \/><\/p>\n<p>Th\u00edch h\u1ee3p cho v\u00f4 s\u1ed1 \u1ee9ng d\u1ee5ng trong c\u00e1c doanh nghi\u1ec7p v\u1eeba v\u00e0 nh\u1ecf, khu c\u00f4ng nghi\u1ec7p v\u00e0 m\u00f4i tr\u01b0\u1eddng ch\u1ebf bi\u1ebfn th\u1ef1c ph\u1ea9m.<\/p>\n<p>\u0110\u1ec3 b\u00f4i tr\u01a1n c\u00e1c V\u00f2ng bi chuy\u1ec3n \u0111\u1ed9ng ch\u1eadm \u0111\u1ebfn trung b\u00ecnh, B\u1ec1 m\u1eb7t tr\u01b0\u1ee3t, B\u00e1nh r\u0103ng h\u1edf, \u0110\u01b0\u1eddng tr\u01b0\u1ee3t, Ch\u00e2n b\u1ea3n l\u1ec1, Kh\u1edbp UV, \u0110\u1ea7u thanh, B\u00e1nh r\u0103ng, B\u00e1nh r\u0103ng, H\u01b0\u1edbng d\u1eabn, \u0110\u01b0\u1eddng d\u1eabn h\u01b0\u1edbng, Tr\u1ee5c, B\u00e1nh r\u0103ng v\u01b0\u01a1ng mi\u1ec7n, Tr\u1ee5c ch\u00ednh, Tr\u1ee5c, \u0110ai r\u0103ng, Kh\u00f3a Ch\u00e2n, Van, vv.<\/p>\n<\/div>\n","protected":false},"excerpt":{"rendered":"<p><strong>T\u00ean sa\u0309n ph\u00e2\u0309m: Interflon Fin Grease (aerosol)<\/strong><\/p>\n","protected":false},"featured_media":7327,"comment_status":"closed","ping_status":"closed","template":"","meta":[],"product_brand":[],"product_cat":[160],"product_tag":[],"class_list":{"0":"post-7326","1":"product","2":"type-product","3":"status-publish","4":"has-post-thumbnail","6":"product_cat-interflon","8":"first","9":"instock","10":"shipping-taxable","11":"product-type-simple"},"_links":{"self":[{"href":"https:\/\/yenhung.com\/index.php?rest_route=\/wp\/v2\/product\/7326","targetHints":{"allow":["GET"]}}],"collection":[{"href":"https:\/\/yenhung.com\/index.php?rest_route=\/wp\/v2\/product"}],"about":[{"href":"https:\/\/yenhung.com\/index.php?rest_route=\/wp\/v2\/types\/product"}],"replies":[{"embeddable":true,"href":"https:\/\/yenhung.com\/index.php?rest_route=%2Fwp%2Fv2%2Fcomments&post=7326"}],"wp:featuredmedia":[{"embeddable":true,"href":"https:\/\/yenhung.com\/index.php?rest_route=\/wp\/v2\/media\/7327"}],"wp:attachment":[{"href":"https:\/\/yenhung.com\/index.php?rest_route=%2Fwp%2Fv2%2Fmedia&parent=7326"}],"wp:term":[{"taxonomy":"product_brand","embeddable":true,"href":"https:\/\/yenhung.com\/index.php?rest_route=%2Fwp%2Fv2%2Fproduct_brand&post=7326"},{"taxonomy":"product_cat","embeddable":true,"href":"https:\/\/yenhung.com\/index.php?rest_route=%2Fwp%2Fv2%2Fproduct_cat&post=7326"},{"taxonomy":"product_tag","embeddable":true,"href":"https:\/\/yenhung.com\/index.php?rest_route=%2Fwp%2Fv2%2Fproduct_tag&post=7326"}],"curies":[{"name":"wp","href":"https:\/\/api.w.org\/{rel}","templated":true}]}}