{"id":7334,"date":"2025-11-10T08:02:27","date_gmt":"2025-11-10T08:02:27","guid":{"rendered":"https:\/\/yenhung.com\/?product=mo-boi-tron-interflon-grease-og-binh-500ml"},"modified":"2026-02-11T02:15:09","modified_gmt":"2026-02-11T02:15:09","slug":"mo-boi-tron-interflon-grease-og-binh-500ml","status":"publish","type":"product","link":"https:\/\/yenhung.com\/?product=mo-boi-tron-interflon-grease-og-binh-500ml","title":{"rendered":"M\u1ee1 b\u00f4i tr\u01a1n interflon grease og (b\u00ecnh 500ml)"},"content":{"rendered":"<div class=\"ba-text-fpt\">\n<h2 id=\"h-combat\"><strong>M\u00f4 t\u1ea3 s\u1ea3n ph\u1ea9m<\/strong><\/h2>\n<p><strong><img decoding=\"async\" title=\"interflon-grease-og-2\" src=\"https:\/\/yenhung.com\/wp-content\/uploads\/2025\/11\/interflon-grease-og-2.jpg\" alt=\"M\u1ee1 b\u00f4i tr\u01a1n Interflon Grease OG (B\u00ecnh 500ml)\" data-thumb=\"large\" \/><\/strong><\/p>\n<p>M\u1ee1 ph\u1ee9c h\u1ee3p lithium-canxi trong su\u1ed1t, b\u1ec1n l\u00e2u \u0111\u1eb7c bi\u1ec7t d\u00e0nh cho c\u00e1c b\u00e1nh r\u0103ng h\u1edf mang l\u1ea1i nh\u1eefng \u01b0u \u0111i\u1ec3m c\u1ee7a C\u00f4ng ngh\u1ec7 b\u00f4i tr\u01a1n \u0111\u1ed9c \u0111\u00e1o c\u1ee7a Interflon.\u00a0\u0110\u01b0\u1ee3c thi\u1ebft k\u1ebf \u0111\u1ec3 b\u00f4i tr\u01a1n tr\u01a1n tru c\u00e1c b\u1ed9 truy\u1ec1n \u0111\u1ed9ng b\u00e1nh r\u0103ng h\u1edf v\u00e0 n\u1eeda k\u00edn trong nhi\u1ec1u y\u00eau c\u1ea7u v\u00e0 \u0111i\u1ec1u ki\u1ec7n m\u00f4i tr\u01b0\u1eddng.<\/p>\n<p>Gi\u1ea3m t\u1ed5n th\u1ea5t \u0111i\u1ec7n n\u0103ng c\u01a1 h\u1ecdc v\u00e0 chi ph\u00ed v\u1eadn h\u00e0nh, \u0111\u1ed3ng th\u1eddi th\u1ec3 hi\u1ec7n c\u00e1c \u0111\u1eb7c t\u00ednh ch\u1ed1ng m\u00e0i m\u00f2n, \u00e1p su\u1ea5t c\u1ef1c cao v\u00e0 ch\u1ed1ng g\u1ec9 tuy\u1ec7t v\u1eddi.<\/p>\n<p>Ho\u00e0n to\u00e0n ph\u00f9 h\u1ee3p \u0111\u1ec3 c\u00f3 tu\u1ed5i th\u1ecd s\u1eed d\u1ee5ng l\u00e2u d\u00e0i trong c\u00e1c \u1ee9ng d\u1ee5ng c\u00f3 kh\u1ea3 n\u0103ng ch\u1ecbu t\u1ea3i cao trong \u0111i\u1ec1u ki\u1ec7n t\u1ea3i va \u0111\u1eadp<\/p>\n<h2><strong>\u0110\u1eb7c \u0111i\u1ec3m Interflon Grease OG &#8211; M\u1ee1 OG<\/strong><\/h2>\n<p><strong><img decoding=\"async\" title=\"interflon-grease-og-2-jpeg-1\" src=\"https:\/\/yenhung.com\/wp-content\/uploads\/2025\/11\/interflon-grease-og-2-jpeg-1.jpg\" alt=\"M\u1ee1 b\u00f4i tr\u01a1n Interflon Grease OG (B\u00ecnh 500ml)\" data-thumb=\"large\" \/><\/strong><\/p>\n<ul>\n<li>Gi\u1ea3m ma s\u00e1t v\u00e0 m\u00e0i m\u00f2n \u0111\u1eb7c bi\u1ec7t, l\u00e2u d\u00e0i<\/li>\n<li>B\u1ea3o v\u1ec7 tuy\u1ec7t v\u1eddi ch\u1ed1ng m\u00e0i m\u00f2n trong \u0111i\u1ec1u ki\u1ec7n nhi\u1ec7t \u0111\u1ed9 kh\u1eafc nghi\u1ec7t<\/li>\n<li>\u0110\u1ed9 b\u00e1m d\u00ednh m\u1ea1nh v\u00e0o b\u00e1nh r\u0103ng<\/li>\n<li>Ch\u1ed1ng r\u1eeda tr\u00f4i v\u00e0 phun n\u01b0\u1edbc<\/li>\n<li>\u0110\u1eb7c \u0111i\u1ec3m ch\u1ea1y kh\u1ea9n c\u1ea5p n\u1ed5i b\u1eadt<\/li>\n<li>\u0110\u1ee9ng v\u1eefng tr\u01b0\u1edbc t\u1ea3i tr\u1ecdng t\u00e1c \u0111\u1ed9ng (s\u1ed1c) r\u1ea5t cao<\/li>\n<li>\u1ee8c ch\u1ebf r\u1ec9 s\u00e9t v\u00e0 \u0103n m\u00f2n<\/li>\n<li>Thay th\u1ebf ho\u00e0n to\u00e0n cho d\u1ea7u m\u1ee1 tr\u00ean bitum v\u00e0 m\u1ee1 c\u00f3 ch\u1ee9a than ch\u00ec ho\u1eb7c MoS2<\/li>\n<li>Minh b\u1ea1ch, cho ph\u00e9p ki\u1ec3m tra d\u1ec5 d\u00e0ng<\/li>\n<\/ul>\n<h2 id=\"h-features-and-benefits\"><strong>\u1ee8ng d\u1ee5ng Interflon Grease OG &#8211; M\u1ee1 OG<\/strong><\/h2>\n<p><strong><img decoding=\"async\" title=\"interflon-grease-og-1-jpeg-1\" src=\"https:\/\/yenhung.com\/wp-content\/uploads\/2025\/11\/interflon-grease-og-1-jpeg-1.jpg\" alt=\"M\u1ee1 b\u00f4i tr\u01a1n Interflon Grease OG (B\u00ecnh 500ml)\" data-thumb=\"large\" \/><\/strong><\/p>\n<p>Thay th\u1ebf ho\u00e0n to\u00e0n d\u1ea7u m\u1ee1 tr\u00ean nh\u1ef1a \u0111\u01b0\u1eddng.\u00a0\u0110\u1ed3ng th\u1eddi, lo\u1ea1i m\u1ee1 n\u00e0y l\u00e0 s\u1ef1 l\u1ef1a ch\u1ecdn tuy\u1ec7t v\u1eddi \u0111\u1ec3 b\u00f4i tr\u01a1n t\u1ea5t c\u1ea3 c\u00e1c B\u00e1nh r\u0103ng chuy\u1ec3n \u0111\u1ed9ng ch\u1eadm \u0111\u1ebfn trung b\u00ecnh, X\u00edch ch\u1ecbu t\u1ea3i n\u1eb7ng, \u0110\u01b0\u1eddng tr\u01b0\u1ee3t, B\u00e1nh r\u0103ng Crown, Van, Tr\u1ee5c, Kh\u1edbp n\u1ed1i, k\u1ebft n\u1ed1i Pin Bush, v.v.<\/p>\n<\/div>\n","protected":false},"excerpt":{"rendered":"<p><strong>T\u00ean sa\u0309n ph\u00e2\u0309m: Interflon Grease OG\u00a0<\/strong><\/p>\n","protected":false},"featured_media":7335,"comment_status":"closed","ping_status":"closed","template":"","meta":[],"product_brand":[],"product_cat":[160],"product_tag":[],"class_list":{"0":"post-7334","1":"product","2":"type-product","3":"status-publish","4":"has-post-thumbnail","6":"product_cat-interflon","8":"first","9":"instock","10":"shipping-taxable","11":"product-type-simple"},"_links":{"self":[{"href":"https:\/\/yenhung.com\/index.php?rest_route=\/wp\/v2\/product\/7334","targetHints":{"allow":["GET"]}}],"collection":[{"href":"https:\/\/yenhung.com\/index.php?rest_route=\/wp\/v2\/product"}],"about":[{"href":"https:\/\/yenhung.com\/index.php?rest_route=\/wp\/v2\/types\/product"}],"replies":[{"embeddable":true,"href":"https:\/\/yenhung.com\/index.php?rest_route=%2Fwp%2Fv2%2Fcomments&post=7334"}],"wp:featuredmedia":[{"embeddable":true,"href":"https:\/\/yenhung.com\/index.php?rest_route=\/wp\/v2\/media\/7335"}],"wp:attachment":[{"href":"https:\/\/yenhung.com\/index.php?rest_route=%2Fwp%2Fv2%2Fmedia&parent=7334"}],"wp:term":[{"taxonomy":"product_brand","embeddable":true,"href":"https:\/\/yenhung.com\/index.php?rest_route=%2Fwp%2Fv2%2Fproduct_brand&post=7334"},{"taxonomy":"product_cat","embeddable":true,"href":"https:\/\/yenhung.com\/index.php?rest_route=%2Fwp%2Fv2%2Fproduct_cat&post=7334"},{"taxonomy":"product_tag","embeddable":true,"href":"https:\/\/yenhung.com\/index.php?rest_route=%2Fwp%2Fv2%2Fproduct_tag&post=7334"}],"curies":[{"name":"wp","href":"https:\/\/api.w.org\/{rel}","templated":true}]}}