{"id":7350,"date":"2025-11-10T08:02:46","date_gmt":"2025-11-10T08:02:46","guid":{"rendered":"https:\/\/yenhung.com\/?product=mo-boi-tron-interflon-paste-ht1200-tuyp-150ml"},"modified":"2026-02-11T02:13:06","modified_gmt":"2026-02-11T02:13:06","slug":"mo-boi-tron-interflon-paste-ht1200-tuyp-150ml","status":"publish","type":"product","link":"https:\/\/yenhung.com\/?product=mo-boi-tron-interflon-paste-ht1200-tuyp-150ml","title":{"rendered":"M\u1ee1 b\u00f4i tr\u01a1n interflon paste ht1200 (tu\u00fdp 150ml)"},"content":{"rendered":"<div class=\"ba-text-fpt\">\n<h2 id=\"h-combat\"><strong>M\u00f4 t\u1ea3 Interflon Paste HT1200 (Aerosol) \u2013 M\u1ee1 l\u1eafp r\u00e1p HT1200( x\u1ecbt)<\/strong><\/h2>\n<p><img decoding=\"async\" title=\"ht1200-2-jpeg-2\" src=\"https:\/\/yenhung.com\/wp-content\/uploads\/2025\/11\/ht1200-2-jpeg-2.jpg\" alt=\"Interflon Paste HT1200 150ml\" data-thumb=\"large\" \/><\/p>\n<p>M\u1ee1 l\u1eafp r\u00e1p c\u1ea5p th\u1ef1c ph\u1ea9m cho \u0111i\u1ec1u ki\u1ec7n nhi\u1ec7t \u0111\u1ed9 cao.\u00a0Cung c\u1ea5p h\u1ec7 s\u1ed1 ma s\u00e1t th\u1ea5p cho c\u00e1c k\u1ebft n\u1ed1i v\u00edt l\u1ecfng c\u00f3 \u0111\u1eb7c t\u00ednh m\u00f4 men xo\u1eafn t\u1ed1t nh\u1ea5t trong ph\u00e2n kh\u00fac, \u0111\u1eb7c bi\u1ec7t l\u00e0 tr\u00ean th\u00e9p kh\u00f4ng g\u1ec9.<\/p>\n<p>Ng\u0103n ch\u1eb7n s\u1ef1 m\u00e0i m\u00f2n v\u00e0 \u0103n m\u00f2n trong qu\u00e1 tr\u00ecnh s\u1ea3n xu\u1ea5t, s\u1eed d\u1ee5ng, l\u1eafp r\u00e1p v\u00e0 th\u00e1o r\u1eddi t\u1ea5t c\u1ea3 c\u00e1c lo\u1ea1i m\u00e1y m\u00f3c v\u00e0 thi\u1ebft b\u1ecb, ngay c\u1ea3 sau khi k\u1ebft n\u1ed1i \u0111\u00e3 \u0111\u01b0\u1ee3c ti\u1ebfp x\u00fac v\u1edbi nhi\u1ec7t \u0111\u1ed9 l\u00ean t\u1edbi +1200\u00b0C.<\/p>\n<p>C\u00f3 kh\u1ea3 n\u0103ng ch\u1ed1ng \u1ea9m, n\u01b0\u1edbc (mu\u1ed1i), m\u00f4i tr\u01b0\u1eddng axit, \u00e1p su\u1ea5t cao v\u00e0 t\u00e1c \u0111\u1ed9ng c\u1ee7a kh\u00ed quy\u1ec3n.<\/p>\n<h2><strong>\u0110\u1eb7c \u0111i\u1ec3m Interflon Paste HT1200 (Aerosol) \u2013 M\u1ee1 l\u1eafp r\u00e1p HT1200( x\u1ecbt)<\/strong><\/h2>\n<p><img decoding=\"async\" title=\"ht1200-1-jpeg-1\" src=\"https:\/\/yenhung.com\/wp-content\/uploads\/2025\/11\/ht1200-1-jpeg-1.jpg\" alt=\"Interflon Paste HT1200 150ml\" data-thumb=\"large\" \/><\/p>\n<ul>\n<li>H\u1ec7 s\u1ed1 ma s\u00e1t r\u1ea5t th\u1ea5p (0,12), ngay c\u1ea3 \u1edf \u00e1p su\u1ea5t cao<\/li>\n<li>\u0110\u1ed9 b\u00e1m d\u00ednh tuy\u1ec7t v\u1eddi<\/li>\n<li>B\u1ea3o v\u1ec7 ch\u1ed1ng \u0103n m\u00f2n v\u00e0 \u0103n m\u00f2n tribo<\/li>\n<li>R\u1ea5t d\u1ec5 d\u00e0ng phun v\u00e0o c\u00e1c k\u1ebft n\u1ed1i<\/li>\n<li>Kh\u00f4ng ch\u1ee9a kim lo\u1ea1i n\u00ean an to\u00e0n cho con ng\u01b0\u1eddi v\u00e0 m\u00f4i tr\u01b0\u1eddng<\/li>\n<li>Thay th\u1ebf tuy\u1ec7t v\u1eddi cho d\u00e1n \u0111\u1ed3ng<\/li>\n<\/ul>\n<h2 id=\"h-features-and-benefits\"><strong>\u1ee8ng d\u1ee5ng Interflon Paste HT1200 (Aerosol) \u2013 M\u1ee1 l\u1eafp r\u00e1p HT1200( x\u1ecbt)<\/strong><\/h2>\n<p><img decoding=\"async\" title=\"ht1200-jpeg-1\" src=\"https:\/\/yenhung.com\/wp-content\/uploads\/2025\/11\/ht1200-jpeg-1.jpg\" alt=\"Interflon Paste HT1200 150ml\" data-thumb=\"large\" \/><\/p>\n<p id=\"h-features-and-benefits\">Interflon Paste HT1200 (Aerosol) d\u00f9ng \u0111\u1ec3 l\u1eafp Phanh, H\u1ec7 th\u1ed1ng x\u1ea3, Bugi, \u0110\u1ea7u d\u00f2 (ABS), B\u1ed9 s\u1ea1c Turbo, khung xe b\u1eb1ng nh\u00f4m v\u00e0 h\u1ee3p kim, V\u00e0nh h\u1ee3p kim nh\u1eb9, M\u00e1 phanh, B\u1ed9 ph\u1eadn m\u00e1y, K\u1ebft n\u1ed1i kim lo\u1ea1i,<\/p>\n<p>D\u1ee5ng c\u1ee5 kh\u00ed n\u00e9n, Ch\u1ec9, Ch\u1ed1t, Bu l\u00f4ng, \u0110ai \u1ed1c, Tr\u1ee5c, V\u00f2ng \u0111\u1ec7m, Van, M\u1eb7t b\u00edch, K\u1ebft n\u1ed1i b\u1eaft v\u00edt b\u1eb1ng th\u00e9p kh\u00f4ng g\u1ec9 v\u00e0 m\u1ecdi th\u1ee9 kh\u00e1c c\u00f3 k\u1ebft n\u1ed1i (v\u00edt).<\/p>\n<\/div>\n","protected":false},"excerpt":{"rendered":"<p><strong>T\u00ean sa\u0309n ph\u00e2\u0309m: Interflon Paste HT1200 (Aerosol)<\/strong><\/p>\n","protected":false},"featured_media":7351,"comment_status":"closed","ping_status":"closed","template":"","meta":[],"product_brand":[],"product_cat":[160],"product_tag":[],"class_list":{"0":"post-7350","1":"product","2":"type-product","3":"status-publish","4":"has-post-thumbnail","6":"product_cat-interflon","8":"first","9":"instock","10":"shipping-taxable","11":"product-type-simple"},"_links":{"self":[{"href":"https:\/\/yenhung.com\/index.php?rest_route=\/wp\/v2\/product\/7350","targetHints":{"allow":["GET"]}}],"collection":[{"href":"https:\/\/yenhung.com\/index.php?rest_route=\/wp\/v2\/product"}],"about":[{"href":"https:\/\/yenhung.com\/index.php?rest_route=\/wp\/v2\/types\/product"}],"replies":[{"embeddable":true,"href":"https:\/\/yenhung.com\/index.php?rest_route=%2Fwp%2Fv2%2Fcomments&post=7350"}],"wp:featuredmedia":[{"embeddable":true,"href":"https:\/\/yenhung.com\/index.php?rest_route=\/wp\/v2\/media\/7351"}],"wp:attachment":[{"href":"https:\/\/yenhung.com\/index.php?rest_route=%2Fwp%2Fv2%2Fmedia&parent=7350"}],"wp:term":[{"taxonomy":"product_brand","embeddable":true,"href":"https:\/\/yenhung.com\/index.php?rest_route=%2Fwp%2Fv2%2Fproduct_brand&post=7350"},{"taxonomy":"product_cat","embeddable":true,"href":"https:\/\/yenhung.com\/index.php?rest_route=%2Fwp%2Fv2%2Fproduct_cat&post=7350"},{"taxonomy":"product_tag","embeddable":true,"href":"https:\/\/yenhung.com\/index.php?rest_route=%2Fwp%2Fv2%2Fproduct_tag&post=7350"}],"curies":[{"name":"wp","href":"https:\/\/api.w.org\/{rel}","templated":true}]}}