{"id":7401,"date":"2025-11-10T08:04:32","date_gmt":"2025-11-10T08:04:32","guid":{"rendered":"https:\/\/yenhung.com\/?product=son-ma-kem-lanh-lps-00516-cold-gavalnize"},"modified":"2026-02-11T02:10:11","modified_gmt":"2026-02-11T02:10:11","slug":"son-ma-kem-lanh-lps-00516-cold-gavalnize","status":"publish","type":"product","link":"https:\/\/yenhung.com\/?product=son-ma-kem-lanh-lps-00516-cold-gavalnize","title":{"rendered":"S\u01a1n m\u1ea1 k\u1ebdm l\u1ea1nh lps 00516, cold gavalnize"},"content":{"rendered":"<div class=\"ba-text-fpt\">\n<h2><strong>LPS Cold Galvanize Corrosion Inhibitor \u2013 Ch\u00e2\u0301t ma\u0323 ke\u0303m<\/strong><\/h2>\n<p><strong><img decoding=\"async\" title=\"lps-00516-cold-gavalnize-2\" src=\"https:\/\/yenhung.com\/wp-content\/uploads\/2025\/11\/lps-00516-cold-gavalnize-2.png\" alt=\"S\u01a1n m\u1ea1 k\u1ebdm l\u1ea1nh LPS 00516\/ Cold Gavalnize\" data-thumb=\"large\" \/><\/strong><\/p>\n<blockquote><p>L\u1edbp ph\u1ee7 gi\u00e0u k\u1ebdm 99% ch\u1ed1ng \u0103n m\u00f2n v\u00e0 r\u1ec9 s\u00e9t tr\u00ean t\u1ea5t c\u1ea3 c\u00e1c b\u1ec1 m\u1eb7t kim lo\u1ea1i l\u00ean \u0111\u1ebfn ba n\u0103m<\/p><\/blockquote>\n<h2><strong>T\u00cdNH N\u0102NG, \u0110\u1eb6C \u0110I\u1ec2M<\/strong><\/h2>\n<p><strong><img decoding=\"async\" title=\"lps-00516-cold-gavalnize-2-jpeg-1\" src=\"https:\/\/yenhung.com\/wp-content\/uploads\/2025\/11\/lps-00516-cold-gavalnize-2-jpeg-1.jpg\" alt=\"S\u01a1n m\u1ea1 k\u1ebdm l\u1ea1nh LPS 00516\/ Cold Gavalnize\" data-thumb=\"large\" \/><\/strong><\/p>\n<ul>\n<li>L\u1edbp m\u1ea1 k\u1ebdm gi\u00e0u k\u1ebdm \u2013 \u0110\u1ed9 tinh khi\u1ebft k\u1ebdm: 99 +%<\/li>\n<li>Ho\u1ea1t \u0111\u1ed9ng gi\u1ed1ng nh\u01b0 m\u1ea1 k\u1ebdm nh\u00fang n\u00f3ng tr\u00ean kim lo\u1ea1i \u0111en trong nh\u00e0 v\u00e0 ngo\u00e0i tr\u1eddi<\/li>\n<li>Ch\u1ecbu \u0111\u01b0\u1ee3c nhi\u1ec7t \u0111\u1ed9 n\u01b0\u1edbc l\u00ean \u0111\u1ebfn 212 \u00b0 F (100 \u00b0 C) v\u00e0 nhi\u1ec7t \u0111\u1ed9 kh\u00f4 li\u00ean t\u1ee5c l\u00ean \u0111\u1ebfn 750 \u00b0 F (400 \u00b0 C)<\/li>\n<li>Th\u01b0\u1eddng \u0111\u01b0\u1ee3c s\u1eed d\u1ee5ng nh\u01b0 m\u1ed9t ch\u1ea5t ch\u1ed1ng r\u1ec9 s\u00e9t tr\u00ean c\u00e1c khu v\u1ef1c h\u00e0n<\/li>\n<li>\u1ee8c ch\u1ebf s\u1ef1 r\u1ec9 s\u00e9t tr\u00ean th\u00e9p trong m\u00f4i tr\u01b0\u1eddng kh\u1eafc nghi\u1ec7t<\/li>\n<li>Cung c\u1ea5p m\u1ed9t l\u1edbp ph\u1ee7 d\u1ebbo dai, kh\u00f4ng b\u1ecb \u1ed1 v\u00e0ng, ph\u1ea5n, n\u1ee9t ho\u1eb7c bong tr\u00f3c<\/li>\n<li>Ho\u1ea1t \u0111\u1ed9ng Galvanic \u0111i\u1ec7n h\u00f3a b\u1ea3o v\u1ec7 kim lo\u1ea1i c\u01a1 b\u1ea3n<\/li>\n<li>Kh\u00f4 sau 3-5 ph\u00fat<\/li>\n<li>C\u00f3 th\u1ec3 \u0111\u01b0\u1ee3c s\u1eed d\u1ee5ng nh\u01b0 m\u1ed9t l\u1edbp s\u01a1n l\u00f3t<\/li>\n<li>B\u1ea3o v\u1ec7 d\u01b0\u1edbi n\u01b0\u1edbc<\/li>\n<li>\u0110\u01b0\u1ee3c ch\u1ea5p nh\u1eadn \u0111\u1ec3 s\u1eed d\u1ee5ng trong c\u00e1c c\u01a1 s\u1edf ch\u1ebf bi\u1ebfn th\u1ef1c ph\u1ea9m c\u1ee7a Canada<\/li>\n<\/ul>\n<h2><strong>C\u00c1C \u1ee8NG D\u1ee4NG LPS Cold Galvanize Corrosion Inhibitor \u2013 Ch\u00e2\u0301t ma\u0323 ke\u0303m<\/strong><\/h2>\n<table>\n<tbody>\n<tr>\n<td>\n<ul>\n<li>B\u1ed9 ph\u1eadn \u0111i\u1ec1u h\u00f2a kh\u00f4ng kh\u00ed<\/li>\n<li>\u0102ng ten<\/li>\n<li>C\u1ea7u<\/li>\n<li>H\u00e0ng r\u00e0o li\u00ean k\u1ebft chu\u1ed7i<\/li>\n<li>B\u1ebfn t\u00e0u<\/li>\n<li>\u1ed0ng d\u1eabn n\u01b0\u1edbc<\/li>\n<li>B\u1ed9 ph\u1eadn s\u01b0\u1edfi \u1ea5m<\/li>\n<li>V\u1ecf m\u00e1y<\/li>\n<li>Xe t\u0103ng<\/li>\n<\/ul>\n<\/td>\n<td>\n<ul>\n<li>Thi\u1ebft b\u1ecb x\u1eed l\u00fd v\u1eadt li\u1ec7u<\/li>\n<li>B\u1ec1 m\u1eb7t m\u1edbi h\u00e0n<\/li>\n<li>Gi\u00e0n khoan ngo\u00e0i kh\u01a1i<\/li>\n<li>B\u1ec3 ch\u1ee9a b\u00ean ngo\u00e0i<\/li>\n<li>\u0110\u01b0\u1eddng \u1ed1ng<\/li>\n<li>H\u1ec7 th\u1ed1ng \u1ed1ng n\u01b0\u1edbc<\/li>\n<li>R\u00f2ng r\u1ecdc v\u00e0 N\u1eafp x\u00edch<\/li>\n<li>Th\u00e9p k\u1ebft c\u1ea5u<\/li>\n<li>Toner truy\u1ec1n<\/li>\n<\/ul>\n<\/td>\n<\/tr>\n<\/tbody>\n<\/table>\n<h2><strong>TH\u00d4NG S\u1ed0 K\u1ef8 THU\u1eacT LPS Cold Galvanize Corrosion Inhibitor \u2013 Ch\u00e2\u0301t ma\u0323 ke\u0303m<\/strong><\/h2>\n<ul>\n<li>ASTM A-780<\/li>\n<li><a href=\"https:\/\/www.itwprobrands.com\/files\/product_specifications\/00516_cfia.pdf\" target=\"_blank\" rel=\"noopener\">C\u01a1 quan Thanh tra Th\u1ef1c ph\u1ea9m Canada<\/a><\/li>\n<li>Ford Motor Co.<\/li>\n<li>Th\u00e9p n\u1ed9i \u0111\u1ecba<\/li>\n<li>Kimberly clark<\/li>\n<li>NSN 8010-00-214-7241 (LPS\u00ae Part # 00516)<\/li>\n<li>D\u1ea7u h\u00e0o<\/li>\n<\/ul>\n<h2><strong>Chi ti\u1ebft \u0111\u00f3ng g\u00f3i<\/strong><\/h2>\n<p><strong><img decoding=\"async\" title=\"lps-00516-cold-gavalnize-1-jpeg-1\" src=\"https:\/\/yenhung.com\/wp-content\/uploads\/2025\/11\/lps-00516-cold-gavalnize-1-jpeg-1.jpg\" alt=\"S\u01a1n m\u1ea1 k\u1ebdm l\u1ea1nh LPS 00516\/ Cold Gavalnize\" data-thumb=\"large\" \/><\/strong><\/p>\n<table>\n<thead>\n<tr>\n<th>PH\u1ea6N S\u1ed0 US<\/th>\n<th>PH\u1ea6N S\u1ed0 CANADA<\/th>\n<th>N\u1ed8I DUNG M\u1ea0NG L\u01af\u1edaI<\/th>\n<th>LO\u1ea0I TH\u00d9NG CH\u1ee8A<\/th>\n<th>\u0110\u01a0N V\u1eca \/ TR\u01af\u1edcNG H\u1ee2P<\/th>\n<th>TR\u1eccNG L\u01af\u1ee2NG V\u1ece M\u00c1Y G\u1ea6N \u0110\u00daNG<\/th>\n<th>H\u1ea0N S\u1eec D\u1ee4NG<\/th>\n<\/tr>\n<\/thead>\n<tbody>\n<tr>\n<td>00516<\/td>\n<td>C00516<\/td>\n<td>14 wt oz \/ 397 g \/ 336 mL<\/td>\n<td>b\u00ecnh x\u1ecbt<\/td>\n<td>12<\/td>\n<td>15 lbs<\/td>\n<td>3 n\u0103m<\/td>\n<\/tr>\n<tr>\n<td>05128<\/td>\n<td>C05128<\/td>\n<td>1 gal \/ 3,78 L<\/td>\n<td>c\u00f3 th\u1ec3<\/td>\n<td>1<\/td>\n<td>20 lbs<\/td>\n<td>1 n\u0103m<\/td>\n<\/tr>\n<\/tbody>\n<\/table>\n<table>\n<thead>\n<tr>\n<th>PH\u1ea6N S\u1ed0 US<\/th>\n<th>PH\u1ea6N S\u1ed0 CANADA<\/th>\n<th><\/th>\n<th><\/th>\n<th><\/th>\n<th><\/th>\n<th>H\u1ea0N S\u1eec D\u1ee4NG<\/th>\n<\/tr>\n<\/thead>\n<tbody>\n<tr>\n<td>00516<\/td>\n<td>C00516<\/td>\n<td><\/td>\n<td><\/td>\n<td><\/td>\n<td><\/td>\n<td>3 n\u0103m<\/td>\n<\/tr>\n<tr>\n<td>05128<\/td>\n<td>C05128<\/td>\n<td><\/td>\n<td><\/td>\n<td><\/td>\n<td><\/td>\n<td>1 n\u0103m<\/td>\n<\/tr>\n<\/tbody>\n<\/table>\n<h2><strong>\u0110\u1eb7c t\u00ednh LPS Cold Galvanize Corrosion Inhibitor \u2013 Ch\u00e2\u0301t ma\u0323 ke\u0303m<\/strong><\/h2>\n<table>\n<tbody>\n<tr>\n<td>Ngo\u1ea1i h\u00ecnh \/ Tr\u1ea1ng th\u00e1i v\u1eadt l\u00fd<\/td>\n<td>Aerosol: Kh\u00ed, Bulk: Ch\u1ea5t l\u1ecfng<\/td>\n<\/tr>\n<tr>\n<td>M\u00f9i<\/td>\n<td>Th\u01a1m.\u00a0Gi\u1ed1ng hydrocacbon.<\/td>\n<\/tr>\n<tr>\n<td>\u0110i\u1ec3m n\u00f3ng ch\u1ea3y \/ \u0111\u00f3ng b\u0103ng<\/td>\n<td>Kh\u00f4ng c\u00f3 s\u1eb5n<\/td>\n<\/tr>\n<tr>\n<td>\u0110i\u1ec3m s\u00f4i \/ D\u1ea3i<\/td>\n<td>Kh\u00f4ng c\u00f3 s\u1eb5n<\/td>\n<\/tr>\n<tr>\n<td>\u00c1p su\u1ea5t h\u01a1i<\/td>\n<td>&gt; 1 kPa @ 25 \u00b0 C<\/td>\n<\/tr>\n<tr>\n<td>H\u1ec7 s\u1ed1 ph\u00e2n v\u00f9ng<\/td>\n<td>Kh\u00f4ng c\u00f3 s\u1eb5n<\/td>\n<\/tr>\n<tr>\n<td>Ph\u1ea7n tr\u0103m bi\u1ebfn \u0111\u1ed9ng<\/td>\n<td>Aerosol: 55,4%, Bulk: 25,7%<\/td>\n<\/tr>\n<tr>\n<td>T\u00ednh d\u1ec5 ch\u00e1y<\/td>\n<td>B\u00ecnh x\u1ecbt: D\u01b0\u1edbi 0,9%, Tr\u00ean 10,5%, S\u1ed1 l\u01b0\u1ee3ng l\u1edbn: Kh\u00f4ng c\u00f3<\/td>\n<\/tr>\n<tr>\n<td>Thu\u1ed1c ph\u00f3ng<\/td>\n<td>Aerosol: Hydrocacbon<\/td>\n<\/tr>\n<tr>\n<td>N\u1ed9i dung VOC<\/td>\n<td>Aerosol: 0,76 MIR theo Quy \u0111\u1ecbnh v\u1ec1 l\u1edbp ph\u1ee7 c\u1ee7a Li\u00ean bang v\u00e0 Ti\u1ec3u bang Hoa K\u1ef3, S\u1ed1 l\u01b0\u1ee3ng l\u1edbn: 336 g \/ L theo Quy \u0111\u1ecbnh v\u1ec1 L\u1edbp ph\u1ee7 Ki\u1ebfn tr\u00fac c\u1ee7a Ti\u1ec3u bang v\u00e0 Li\u00ean bang Hoa K\u1ef3<\/td>\n<\/tr>\n<tr>\n<td>M\u00e0u s\u1eafc<\/td>\n<td>M\u00e0u x\u00e1m nh\u1ea1t, m\u1edd \u0111\u1ee5c<\/td>\n<\/tr>\n<tr>\n<td>\u0110i\u1ec3m s\u00e1ng<\/td>\n<td>&lt;73,4 \u00b0 F (&lt;23,0 \u00b0 C)<\/td>\n<\/tr>\n<tr>\n<td>T\u1ec9 tr\u1ecdng<\/td>\n<td>Kh\u00f4ng c\u00f3 s\u1eb5n<\/td>\n<\/tr>\n<tr>\n<td>T\u1ef7 l\u1ec7 bay h\u01a1i<\/td>\n<td>Kh\u00f4ng c\u00f3 s\u1eb5n<\/td>\n<\/tr>\n<tr>\n<td>M\u1eadt \u0111\u1ed9 h\u01a1i<\/td>\n<td>&gt; 1 (kh\u00f4ng kh\u00ed = 1)<\/td>\n<\/tr>\n<tr>\n<td>Nhi\u1ec7t \u0111\u1ed9 t\u1ef1 b\u1ed1c ch\u00e1y<\/td>\n<td>869 \u00b0 F (465 \u00b0 C)<\/td>\n<\/tr>\n<tr>\n<td>\u0110\u1ed9 nh\u1edbt<\/td>\n<td>3000 \u2013 4500 cSt<\/td>\n<\/tr>\n<tr>\n<td>Tr\u1ecdng l\u01b0\u1ee3ng ri\u00eang<\/td>\n<td>Aerosol: 1,76 @ 25 \u00b0 C S\u1ed1 l\u01b0\u1ee3ng l\u1edbn: 2,3 @ 25 \u00b0 C<\/td>\n<\/tr>\n<tr>\n<td>Ph\u1ea1m vi nhi\u1ec7t \u0111\u1ed9<\/td>\n<td>\u2013 40 \u00b0 F \u2013 750 \u00b0 F (- 40 \u00b0 C \u2013 399 \u00b0 C)<\/td>\n<\/tr>\n<tr>\n<td>T\u1ea3i tr\u1ecdng h\u00e0n 4 bi<\/td>\n<td>Kh\u00f4ng c\u00f3 s\u1eb5n<\/td>\n<\/tr>\n<\/tbody>\n<\/table>\n<p>&nbsp;<\/p>\n<\/div>\n","protected":false},"excerpt":{"rendered":"<p><strong>T\u00ean sa\u0309n ph\u00e2\u0309m:<\/strong>\u00a0LPS Cold Galvanize Corrosion Inhibitor<\/p>\n","protected":false},"featured_media":7402,"comment_status":"closed","ping_status":"closed","template":"","meta":[],"product_brand":[],"product_cat":[161],"product_tag":[],"class_list":{"0":"post-7401","1":"product","2":"type-product","3":"status-publish","4":"has-post-thumbnail","6":"product_cat-lps","8":"first","9":"instock","10":"shipping-taxable","11":"product-type-simple"},"_links":{"self":[{"href":"https:\/\/yenhung.com\/index.php?rest_route=\/wp\/v2\/product\/7401","targetHints":{"allow":["GET"]}}],"collection":[{"href":"https:\/\/yenhung.com\/index.php?rest_route=\/wp\/v2\/product"}],"about":[{"href":"https:\/\/yenhung.com\/index.php?rest_route=\/wp\/v2\/types\/product"}],"replies":[{"embeddable":true,"href":"https:\/\/yenhung.com\/index.php?rest_route=%2Fwp%2Fv2%2Fcomments&post=7401"}],"wp:featuredmedia":[{"embeddable":true,"href":"https:\/\/yenhung.com\/index.php?rest_route=\/wp\/v2\/media\/7402"}],"wp:attachment":[{"href":"https:\/\/yenhung.com\/index.php?rest_route=%2Fwp%2Fv2%2Fmedia&parent=7401"}],"wp:term":[{"taxonomy":"product_brand","embeddable":true,"href":"https:\/\/yenhung.com\/index.php?rest_route=%2Fwp%2Fv2%2Fproduct_brand&post=7401"},{"taxonomy":"product_cat","embeddable":true,"href":"https:\/\/yenhung.com\/index.php?rest_route=%2Fwp%2Fv2%2Fproduct_cat&post=7401"},{"taxonomy":"product_tag","embeddable":true,"href":"https:\/\/yenhung.com\/index.php?rest_route=%2Fwp%2Fv2%2Fproduct_tag&post=7401"}],"curies":[{"name":"wp","href":"https:\/\/api.w.org\/{rel}","templated":true}]}}