{"id":7540,"date":"2025-11-10T08:10:48","date_gmt":"2025-11-10T08:10:48","guid":{"rendered":"https:\/\/yenhung.com\/?product=matit-duc-cao-su-flexane-94-liquid-devcon-15250"},"modified":"2026-02-11T01:56:36","modified_gmt":"2026-02-11T01:56:36","slug":"matit-duc-cao-su-flexane-94-liquid-devcon-15250","status":"publish","type":"product","link":"https:\/\/yenhung.com\/?product=matit-duc-cao-su-flexane-94-liquid-devcon-15250","title":{"rendered":"Matit \u0111\u00fac cao su flexane 94 liquid Devcon 15250"},"content":{"rendered":"<div class=\"ba-text-fpt\">\n<h1><strong>Devcon 15250\u00a0flexane 94 liquid<\/strong><\/h1>\n<p><img decoding=\"async\" title=\"15250-jpeg-2\" src=\"https:\/\/yenhung.com\/wp-content\/uploads\/2025\/11\/15250-jpeg-2.jpg\" alt=\"Devcon 15250\" data-thumb=\"large\" \/><\/p>\n<ul>\n<li data-sourcepos=\"26:1-28:135\"><strong>Gi\u1edbi thi\u1ec7u s\u1ea3n ph\u1ea9m:<\/strong>\n<ul data-sourcepos=\"27:3-28:135\">\n<li data-sourcepos=\"27:3-27:120\">\u0110\u1ecbnh ngh\u0129a: Devcon 15250 l\u00e0 m\u1ed9t h\u1ee3p ch\u1ea5t urethane 2 th\u00e0nh ph\u1ea7n, \u0111\u01b0\u1ee3c s\u1eed d\u1ee5ng r\u1ed9ng r\u00e3i trong c\u00e1c \u1ee9ng d\u1ee5ng \u0111\u00fac cao su.<\/li>\n<li data-sourcepos=\"28:3-28:135\">\u1ee8ng d\u1ee5ng: N\u00eau r\u00f5 c\u00e1c \u1ee9ng d\u1ee5ng ch\u00ednh c\u1ee7a s\u1ea3n ph\u1ea9m, v\u00ed d\u1ee5 nh\u01b0 \u0111\u00fac c\u00e1c chi ti\u1ebft cao su, t\u1ea1o khu\u00f4n d\u1ebbo, s\u1eeda ch\u1eefa c\u00e1c b\u1ed9 ph\u1eadn cao su,&#8230;<\/li>\n<\/ul>\n<\/li>\n<li data-sourcepos=\"29:1-33:47\"><strong>\u01afu \u0111i\u1ec3m n\u1ed5i b\u1eadt:<\/strong>\n<ul data-sourcepos=\"30:3-33:47\">\n<li data-sourcepos=\"30:3-30:62\">\u0110\u1ed9 co ng\u00f3t th\u1ea5p: \u0110\u1ea3m b\u1ea3o s\u1ea3n ph\u1ea9m \u0111\u00fac c\u00f3 \u0111\u1ed9 ch\u00ednh x\u00e1c cao.<\/li>\n<li data-sourcepos=\"31:3-31:30\">Th\u1eddi gian \u0111\u00f4ng c\u1ee9ng nhanh.<\/li>\n<li data-sourcepos=\"32:3-32:46\">\u0110\u1ed9 b\u1ec1n cao, ch\u1ecbu \u0111\u01b0\u1ee3c nhi\u1ec1u lo\u1ea1i h\u00f3a ch\u1ea5t.<\/li>\n<li data-sourcepos=\"33:3-33:47\">D\u1ec5 s\u1eed d\u1ee5ng, kh\u00f4ng c\u1ea7n thi\u1ebft b\u1ecb chuy\u00ean d\u1ee5ng.<\/li>\n<\/ul>\n<\/li>\n<\/ul>\n<p><img decoding=\"async\" title=\"15250-1-1\" src=\"https:\/\/yenhung.com\/wp-content\/uploads\/2025\/11\/15250-1-1.png\" alt=\"Devcon 15250\" data-thumb=\"large\" \/><\/p>\n<\/div>\n","protected":false},"excerpt":{"rendered":"<p>T\u00ean sa\u0309n ph\u00e2\u0309m:\u00a0Devcon 15250\u00a0flexane 94 liquid<\/p>\n","protected":false},"featured_media":7541,"comment_status":"closed","ping_status":"closed","template":"","meta":[],"product_brand":[],"product_cat":[163],"product_tag":[],"class_list":{"0":"post-7540","1":"product","2":"type-product","3":"status-publish","4":"has-post-thumbnail","6":"product_cat-devcon","8":"first","9":"instock","10":"shipping-taxable","11":"product-type-simple"},"_links":{"self":[{"href":"https:\/\/yenhung.com\/index.php?rest_route=\/wp\/v2\/product\/7540","targetHints":{"allow":["GET"]}}],"collection":[{"href":"https:\/\/yenhung.com\/index.php?rest_route=\/wp\/v2\/product"}],"about":[{"href":"https:\/\/yenhung.com\/index.php?rest_route=\/wp\/v2\/types\/product"}],"replies":[{"embeddable":true,"href":"https:\/\/yenhung.com\/index.php?rest_route=%2Fwp%2Fv2%2Fcomments&post=7540"}],"wp:featuredmedia":[{"embeddable":true,"href":"https:\/\/yenhung.com\/index.php?rest_route=\/wp\/v2\/media\/7541"}],"wp:attachment":[{"href":"https:\/\/yenhung.com\/index.php?rest_route=%2Fwp%2Fv2%2Fmedia&parent=7540"}],"wp:term":[{"taxonomy":"product_brand","embeddable":true,"href":"https:\/\/yenhung.com\/index.php?rest_route=%2Fwp%2Fv2%2Fproduct_brand&post=7540"},{"taxonomy":"product_cat","embeddable":true,"href":"https:\/\/yenhung.com\/index.php?rest_route=%2Fwp%2Fv2%2Fproduct_cat&post=7540"},{"taxonomy":"product_tag","embeddable":true,"href":"https:\/\/yenhung.com\/index.php?rest_route=%2Fwp%2Fv2%2Fproduct_tag&post=7540"}],"curies":[{"name":"wp","href":"https:\/\/api.w.org\/{rel}","templated":true}]}}