{"id":7556,"date":"2025-11-10T08:11:05","date_gmt":"2025-11-10T08:11:05","guid":{"rendered":"https:\/\/yenhung.com\/?product=keo-dap-nhom-devcon-10610-aluminum-putty-f"},"modified":"2026-02-11T01:55:21","modified_gmt":"2026-02-11T01:55:21","slug":"keo-dap-nhom-devcon-10610-aluminum-putty-f","status":"publish","type":"product","link":"https:\/\/yenhung.com\/?product=keo-dap-nhom-devcon-10610-aluminum-putty-f","title":{"rendered":"Keo \u0111\u1eafp nh\u00f4m devcon 10610 aluminum putty (f)"},"content":{"rendered":"<div class=\"ba-text-fpt\">\n<h2><strong>Keo \u0110\u1eafp Nh\u00f4m Devcon 10610 Aluminum Putty (F) &#8211; Gi\u1ea3i ph\u00e1p ho\u00e0n h\u1ea3o cho s\u1eeda ch\u1eefa nh\u00f4m<\/strong><\/h2>\n<p><img decoding=\"async\" title=\"devcon-10610-c-1753694416937-2\" src=\"https:\/\/yenhung.com\/wp-content\/uploads\/2025\/11\/devcon-10610-c-1753694416937-2.jpg\" alt=\"devcon 10610\" data-thumb=\"large\" \/><\/p>\n<p data-sourcepos=\"3:1-3:303\"><strong>Keo \u0110\u1eafp Nh\u00f4m Devcon 10610 Aluminum Putty (F)<\/strong> l\u00e0 s\u1ea3n ph\u1ea9m keo c\u00f4ng nghi\u1ec7p hai th\u00e0nh ph\u1ea7n g\u1ed1c epoxy, chuy\u00ean d\u00f9ng \u0111\u1ec3 s\u1eeda ch\u1eefa, \u0111\u1eafp v\u00e1 c\u00e1c chi ti\u1ebft \u0111\u00fac, v\u1ecf m\u00e1y m\u00f3c b\u1eb1ng nh\u00f4m v\u00e0 c\u00e1c thi\u1ebft b\u1ecb trong h\u1ec7 th\u1ed1ng HVAC. S\u1ea3n ph\u1ea9m \u0111\u01b0\u1ee3c tin d\u00f9ng b\u1edfi kh\u1ea3 n\u0103ng b\u00e1m d\u00ednh si\u00eau t\u1ed1t, ch\u1ecbu nhi\u1ec7t \u0111\u1ed9 cao v\u00e0 d\u1ec5 d\u00e0ng s\u1eed d\u1ee5ng.<\/p>\n<p data-sourcepos=\"5:1-5:20\"><strong>\u01afu \u0111i\u1ec3m n\u1ed5i b\u1eadt:<\/strong><\/p>\n<p><img decoding=\"async\" title=\"devcon-10610-b-1753694418229-1\" src=\"https:\/\/yenhung.com\/wp-content\/uploads\/2025\/11\/devcon-10610-b-1753694418229-1.jpg\" alt=\"devcon 10610\" data-thumb=\"large\" \/><\/p>\n<ul data-sourcepos=\"7:1-7:17\">\n<li data-sourcepos=\"7:1-7:17\"><strong>B\u00e1m d\u00ednh si\u00eau t\u1ed1t:<\/strong> Keo c\u00f3 kh\u1ea3 n\u0103ng b\u00e1m d\u00ednh m\u1ea1nh m\u1ebd tr\u00ean nhi\u1ec1u lo\u1ea1i v\u1eadt li\u1ec7u, bao g\u1ed3m nh\u00f4m, kim lo\u1ea1i, nh\u1ef1a, th\u1ee7y tinh,&#8230;<\/li>\n<li data-sourcepos=\"8:1-8:124\"><strong>Ch\u1ecbu nhi\u1ec7t \u0111\u1ed9 cao:<\/strong> Keo c\u00f3 th\u1ec3 ch\u1ecbu \u0111\u01b0\u1ee3c nhi\u1ec7t \u0111\u1ed9 l\u00ean \u0111\u1ebfn 232\u00b0C (450\u00b0F), th\u00edch h\u1ee3p cho c\u00e1c \u1ee9ng d\u1ee5ng \u0111\u00f2i h\u1ecfi \u0111\u1ed9 b\u1ec1n cao.<\/li>\n<li data-sourcepos=\"9:1-9:74\"><strong>Ch\u1ed1ng n\u01b0\u1edbc v\u00e0 h\u00f3a ch\u1ea5t:<\/strong> Keo c\u00f3 kh\u1ea3 n\u0103ng ch\u1ed1ng n\u01b0\u1edbc, d\u1ea7u m\u1ee1, h\u00f3a ch\u1ea5t v\u00e0 c\u00e1c t\u00e1c nh\u00e2n m\u00f4i tr\u01b0\u1eddng kh\u00e1c.<\/li>\n<li data-sourcepos=\"10:1-10:78\"><strong>D\u1ec5 d\u00e0ng s\u1eed d\u1ee5ng:<\/strong> Keo d\u1ec5 d\u00e0ng pha tr\u1ed9n v\u00e0 thi c\u00f4ng b\u1eb1ng tay ho\u1eb7c d\u1ee5ng c\u1ee5.<\/li>\n<li data-sourcepos=\"11:1-11:67\"><strong>Nhanh kh\u00f4:<\/strong> Keo kh\u00f4 nhanh trong v\u00f2ng 30 ph\u00fat \u1edf nhi\u1ec7t \u0111\u1ed9 ph\u00f2ng.<\/li>\n<li data-sourcepos=\"12:1-13:0\"><strong>C\u00f3 th\u1ec3 gia c\u00f4ng:<\/strong> Sau khi kh\u00f4, keo c\u00f3 th\u1ec3 \u0111\u01b0\u1ee3c gia c\u00f4ng b\u1eb1ng c\u00e1c ph\u01b0\u01a1ng ph\u00e1p nh\u01b0 c\u1eaft, m\u00e0i, \u0111\u1ee5c,&#8230;<\/li>\n<\/ul>\n<h2 data-sourcepos=\"14:1-14:13\"><strong>\u1ee8ng d\u1ee5ng:<\/strong><\/h2>\n<p><img decoding=\"async\" title=\"devcon-10610-a-1753694419844-1\" src=\"https:\/\/yenhung.com\/wp-content\/uploads\/2025\/11\/devcon-10610-a-1753694419844-1.jpg\" alt=\"devcon 10610\" data-thumb=\"large\" \/><\/p>\n<ul data-sourcepos=\"16:1-21:0\">\n<li data-sourcepos=\"16:1-16:58\">S\u1eeda ch\u1eefa, \u0111\u1eafp v\u00e1 c\u00e1c chi ti\u1ebft \u0111\u00fac, v\u1ecf m\u00e1y m\u00f3c b\u1eb1ng nh\u00f4m.<\/li>\n<li data-sourcepos=\"17:1-17:47\">B\u1ecbt k\u00edn c\u00e1c khe h\u1edf, l\u1ed7 h\u1ed5ng tr\u00ean b\u1ec1 m\u1eb7t nh\u00f4m.<\/li>\n<li data-sourcepos=\"18:1-18:40\">Gia c\u1ed1 c\u00e1c m\u1ed1i n\u1ed1i, m\u1ed1i h\u00e0n tr\u00ean nh\u00f4m.<\/li>\n<li data-sourcepos=\"19:1-19:33\">Ch\u1ebf t\u1ea1o c\u00e1c chi ti\u1ebft b\u1eb1ng nh\u00f4m.<\/li>\n<li data-sourcepos=\"20:1-21:0\">Ph\u1ee5c h\u1ed3i c\u00e1c b\u1ec1 m\u1eb7t nh\u00f4m b\u1ecb h\u01b0 h\u1ecfng.<\/li>\n<\/ul>\n<h2 data-sourcepos=\"22:1-22:22\"><strong>Th\u00f4ng s\u1ed1 k\u1ef9 thu\u1eadt:<\/strong><\/h2>\n<ul data-sourcepos=\"24:1-28:29\">\n<li data-sourcepos=\"24:1-24:18\"><strong>M\u00e0u s\u1eafc:<\/strong> X\u00e1m<\/li>\n<li data-sourcepos=\"25:1-25:21\"><strong>T\u1ef7 l\u1ec7 tr\u1ed9n:<\/strong> 4:1<\/li>\n<li data-sourcepos=\"26:1-26:32\"><strong>Th\u1eddi gian gel h\u00f3a:<\/strong> 30 ph\u00fat<\/li>\n<li data-sourcepos=\"27:1-27:37\"><strong>Th\u1eddi gian kh\u00f4 ho\u00e0n to\u00e0n:<\/strong> 24 gi\u1edd<\/li>\n<li data-sourcepos=\"28:1-28:29\"><strong>C\u01b0\u1eddng \u0111\u1ed9 k\u00e9o:<\/strong> 2.700 psi<\/li>\n<li data-sourcepos=\"29:1-29:58\"><strong>Nhi\u1ec7t \u0111\u1ed9 l\u00e0m vi\u1ec7c:<\/strong> -54\u00b0C \u0111\u1ebfn 232\u00b0C (-65\u00b0F \u0111\u1ebfn 450\u00b0F)<\/li>\n<li data-sourcepos=\"30:1-31:0\"><strong>Kh\u1ed1i l\u01b0\u1ee3ng t\u1ecbnh:<\/strong> 454 g (1 pound)<\/li>\n<\/ul>\n<h2 data-sourcepos=\"32:1-32:22\"><strong>H\u01b0\u1edbng d\u1eabn s\u1eed d\u1ee5ng:<\/strong><\/h2>\n<ol data-sourcepos=\"34:1-38:52\">\n<li data-sourcepos=\"34:1-34:115\"><strong>L\u00e0m s\u1ea1ch b\u1ec1 m\u1eb7t:<\/strong> B\u1ec1 m\u1eb7t c\u1ea7n s\u1eeda ch\u1eefa ph\u1ea3i \u0111\u01b0\u1ee3c l\u00e0m s\u1ea1ch kh\u00f4 r\u00e1o, kh\u00f4ng b\u1ee5i b\u1ea9n, d\u1ea7u m\u1ee1 v\u00e0 c\u00e1c ch\u1ea5t b\u1ea9n kh\u00e1c.<\/li>\n<li data-sourcepos=\"35:1-35:110\"><strong>Pha tr\u1ed9n keo:<\/strong> Pha tr\u1ed9n hai th\u00e0nh ph\u1ea7n A v\u00e0 B theo t\u1ef7 l\u1ec7 4:1 b\u1eb1ng c\u00e1ch s\u1eed d\u1ee5ng d\u1ee5ng c\u1ee5 tr\u1ed9n chuy\u00ean d\u1ee5ng.<\/li>\n<li data-sourcepos=\"36:1-36:97\"><strong>Thi c\u00f4ng keo:<\/strong> D\u00f9ng spatula ho\u1eb7c d\u1ee5ng c\u1ee5 th\u00edch h\u1ee3p \u0111\u1ec3 thi c\u00f4ng keo l\u00ean b\u1ec1 m\u1eb7t c\u1ea7n s\u1eeda ch\u1eefa.<\/li>\n<li data-sourcepos=\"37:1-37:92\"><strong>L\u00e0m ph\u1eb3ng b\u1ec1 m\u1eb7t:<\/strong> D\u00f9ng spatula ho\u1eb7c d\u1ee5ng c\u1ee5 \u0111\u1ec3 l\u00e0m ph\u1eb3ng b\u1ec1 m\u1eb7t keo sau khi thi c\u00f4ng.<\/li>\n<li data-sourcepos=\"38:1-38:52\"><strong>\u0110\u1ec3 keo kh\u00f4:<\/strong> \u0110\u1ec3 keo kh\u00f4 ho\u00e0n to\u00e0n trong v\u00f2ng 24 gi\u1edd \u1edf nhi\u1ec7t \u0111\u1ed9 ph\u00f2ng.<\/li>\n<\/ol>\n<p data-sourcepos=\"40:1-40:10\"><strong>L\u01b0u \u00fd:<\/strong><\/p>\n<ul data-sourcepos=\"42:1-46:0\">\n<li data-sourcepos=\"42:1-42:31\">Tr\u00e1nh ti\u1ebfp x\u00fac v\u1edbi m\u1eaft v\u00e0 da.<\/li>\n<li data-sourcepos=\"43:1-43:43\">Mang g\u0103ng tay v\u00e0 k\u00ednh b\u1ea3o h\u1ed9 khi s\u1eed d\u1ee5ng.<\/li>\n<li data-sourcepos=\"44:1-44:41\">B\u1ea3o qu\u1ea3n keo \u1edf n\u01a1i kh\u00f4 r\u00e1o, tho\u00e1ng m\u00e1t.<\/li>\n<li data-sourcepos=\"45:1-46:0\">Tr\u00e1nh xa t\u1ea7m tay tr\u1ebb em.<\/li>\n<\/ul>\n<p data-sourcepos=\"47:1-47:198\"><strong>Keo \u0110\u1eafp Nh\u00f4m Devcon 10610 Aluminum Putty (F)<\/strong> l\u00e0 s\u1ea3n ph\u1ea9m c\u1ea7n thi\u1ebft cho s\u1eeda ch\u1eefa nh\u00f4m trong nhi\u1ec1u ng\u00e0nh c\u00f4ng nghi\u1ec7p kh\u00e1c nhau. H\u00e3y s\u1edf h\u1eefu ngay s\u1ea3n ph\u1ea9m \u0111\u1ec3 tr\u1ea3i nghi\u1ec7m hi\u1ec7u qu\u1ea3 s\u1eeda ch\u1eefa v\u01b0\u1ee3t tr\u1ed9i!<\/p>\n<\/div>\n","protected":false},"excerpt":{"rendered":"<p><strong>T\u00ean sa\u0309n ph\u00e2\u0309m:<\/strong>\u00a0Keo \u0110\u1eafp Nh\u00f4m Devcon 10610 Aluminum Putty (F)<\/p>\n","protected":false},"featured_media":7557,"comment_status":"closed","ping_status":"closed","template":"","meta":[],"product_brand":[],"product_cat":[163],"product_tag":[],"class_list":{"0":"post-7556","1":"product","2":"type-product","3":"status-publish","4":"has-post-thumbnail","6":"product_cat-devcon","8":"first","9":"instock","10":"shipping-taxable","11":"product-type-simple"},"_links":{"self":[{"href":"https:\/\/yenhung.com\/index.php?rest_route=\/wp\/v2\/product\/7556","targetHints":{"allow":["GET"]}}],"collection":[{"href":"https:\/\/yenhung.com\/index.php?rest_route=\/wp\/v2\/product"}],"about":[{"href":"https:\/\/yenhung.com\/index.php?rest_route=\/wp\/v2\/types\/product"}],"replies":[{"embeddable":true,"href":"https:\/\/yenhung.com\/index.php?rest_route=%2Fwp%2Fv2%2Fcomments&post=7556"}],"wp:featuredmedia":[{"embeddable":true,"href":"https:\/\/yenhung.com\/index.php?rest_route=\/wp\/v2\/media\/7557"}],"wp:attachment":[{"href":"https:\/\/yenhung.com\/index.php?rest_route=%2Fwp%2Fv2%2Fmedia&parent=7556"}],"wp:term":[{"taxonomy":"product_brand","embeddable":true,"href":"https:\/\/yenhung.com\/index.php?rest_route=%2Fwp%2Fv2%2Fproduct_brand&post=7556"},{"taxonomy":"product_cat","embeddable":true,"href":"https:\/\/yenhung.com\/index.php?rest_route=%2Fwp%2Fv2%2Fproduct_cat&post=7556"},{"taxonomy":"product_tag","embeddable":true,"href":"https:\/\/yenhung.com\/index.php?rest_route=%2Fwp%2Fv2%2Fproduct_tag&post=7556"}],"curies":[{"name":"wp","href":"https:\/\/api.w.org\/{rel}","templated":true}]}}