{"id":7572,"date":"2025-11-10T08:11:19","date_gmt":"2025-11-10T08:11:19","guid":{"rendered":"https:\/\/yenhung.com\/?product=devcon-11410-wear-resistant-putty-wr-2"},"modified":"2026-02-11T01:54:14","modified_gmt":"2026-02-11T01:54:14","slug":"devcon-11410-wear-resistant-putty-wr-2","status":"publish","type":"product","link":"https:\/\/yenhung.com\/?product=devcon-11410-wear-resistant-putty-wr-2","title":{"rendered":"Devcon 11410 wear resistant putty (wr-2)"},"content":{"rendered":"<div class=\"ba-text-fpt\">\n<h2 data-sourcepos=\"1:1-1:107\"><strong>DEVCON 11410 WEAR RESISTANT PUTTY (WR-2): Gi\u1ea3i ph\u00e1p ho\u00e0n h\u1ea3o cho vi\u1ec7c ph\u1ee5c h\u1ed3i v\u00e0 b\u1ea3o v\u1ec7 b\u1ec1 m\u1eb7t kim lo\u1ea1i<\/strong><\/h2>\n<p><img decoding=\"async\" title=\"devcon-11410-1-jpeg-1\" src=\"https:\/\/yenhung.com\/wp-content\/uploads\/2025\/11\/devcon-11410-1-jpeg-1.jpg\" alt=\"DEVCON 11410 WEAR RESISTANT PUTTY (WR-2)\" data-thumb=\"large\" \/><\/p>\n<p data-sourcepos=\"3:1-3:90\"><strong>DEVCON 11410 WEAR RESISTANT PUTTY (WR-2)<\/strong> l\u00e0 mastic epoxy hai th\u00e0nh ph\u1ea7n, c\u01b0\u1eddng \u0111\u1ed9 cao, \u0111\u01b0\u1ee3c thi\u1ebft k\u1ebf \u0111\u1ec3 s\u1eeda ch\u1eefa v\u00e0 ph\u1ee5c h\u1ed3i c\u00e1c b\u1ec1 m\u1eb7t kim lo\u1ea1i ti\u1ebfp x\u00fac v\u1edbi ma s\u00e1t v\u00e0 m\u00e0i m\u00f2n. S\u1ea3n ph\u1ea9m \u0111\u01b0\u1ee3c s\u1eed d\u1ee5ng r\u1ed9ng r\u00e3i trong c\u00e1c ng\u00e0nh c\u00f4ng nghi\u1ec7p nh\u01b0:<\/p>\n<ul data-sourcepos=\"5:1-5:59\">\n<li data-sourcepos=\"5:1-5:59\"><strong>Ch\u1ebf t\u1ea1o m\u00e1y m\u00f3c:<\/strong> S\u1eeda ch\u1eefa \u1ed5 tr\u1ee5c, b\u1ea1c \u0111\u1ea1n, ph\u1ed1t, van, b\u01a1m,&#8230;<\/li>\n<li data-sourcepos=\"6:1-6:61\"><strong>D\u1ea7u kh\u00ed:<\/strong> S\u1eeda ch\u1eefa \u0111\u01b0\u1eddng \u1ed1ng, van, b\u1ed9 trao \u0111\u1ed5i nhi\u1ec7t,&#8230;<\/li>\n<li data-sourcepos=\"7:1-7:55\"><strong>X\u00e2y d\u1ef1ng:<\/strong> S\u1eeda ch\u1eefa s\u00e0n b\u00ea t\u00f4ng, c\u1ea7u, \u0111\u01b0\u1eddng s\u00e1,&#8230;<\/li>\n<li data-sourcepos=\"8:1-9:0\"><strong>N\u00f4ng nghi\u1ec7p:<\/strong> S\u1eeda ch\u1eefa m\u00e1y m\u00f3c n\u00f4ng nghi\u1ec7p, thi\u1ebft b\u1ecb t\u01b0\u1edbi ti\u00eau,&#8230;<\/li>\n<\/ul>\n<h2 data-sourcepos=\"10:1-10:20\"><strong>\u01afu \u0111i\u1ec3m n\u1ed5i b\u1eadt:<\/strong><\/h2>\n<ul data-sourcepos=\"12:1-13:73\">\n<li data-sourcepos=\"12:1-12:113\"><strong>Kh\u1ea3 n\u0103ng ch\u1ed1ng m\u00e0i m\u00f2n v\u00e0 va \u0111\u1eadp cao:<\/strong> Ch\u1ecbu \u0111\u01b0\u1ee3c s\u1ef1 m\u00e0i m\u00f2n v\u00e0 va \u0111\u1eadp m\u1ea1nh, b\u1ea3o v\u1ec7 b\u1ec1 m\u1eb7t kim lo\u1ea1i hi\u1ec7u qu\u1ea3.<\/li>\n<li data-sourcepos=\"13:1-13:73\"><strong>\u0110\u1ed9 b\u00e1m d\u00ednh tuy\u1ec7t v\u1eddi:<\/strong> B\u00e1m d\u00ednh ch\u1eafc ch\u1eafn tr\u00ean nhi\u1ec1u lo\u1ea1i kim lo\u1ea1i, bao g\u1ed3m th\u00e9p, gang, nh\u00f4m, \u0111\u1ed3ng thau,&#8230;<\/li>\n<li data-sourcepos=\"14:1-14:63\"><strong>Ch\u1ecbu nhi\u1ec7t t\u1ed1t:<\/strong> Ch\u1ecbu \u0111\u01b0\u1ee3c nhi\u1ec7t \u0111\u1ed9 l\u00ean \u0111\u1ebfn 121\u00b0C (250\u00b0F).<\/li>\n<li data-sourcepos=\"15:1-15:80\"><strong>D\u1ec5 s\u1eed d\u1ee5ng:<\/strong> Thi c\u00f4ng \u0111\u01a1n gi\u1ea3n, nhanh ch\u00f3ng, kh\u00f4ng c\u1ea7n d\u1ee5ng c\u1ee5 chuy\u00ean d\u1ee5ng.<\/li>\n<li data-sourcepos=\"16:1-17:0\"><strong>L\u00fd t\u01b0\u1edfng cho c\u00e1c b\u1ec1 m\u1eb7t ph\u1ee9c t\u1ea1p:<\/strong> C\u00f3 th\u1ec3 thi c\u00f4ng tr\u00ean c\u00e1c b\u1ec1 m\u1eb7t ph\u1ee9c t\u1ea1p, kh\u00f3 ti\u1ebfp c\u1eadn.<\/li>\n<\/ul>\n<h2 data-sourcepos=\"18:1-18:13\"><strong>\u1ee8ng d\u1ee5ng:<\/strong><\/h2>\n<p><img decoding=\"async\" title=\"devcon-11410-jpeg-2\" src=\"https:\/\/yenhung.com\/wp-content\/uploads\/2025\/11\/devcon-11410-jpeg-2.jpg\" alt=\"DEVCON 11410 WEAR RESISTANT PUTTY (WR-2)\" data-thumb=\"large\" \/><\/p>\n<ul data-sourcepos=\"20:1-23:98\">\n<li data-sourcepos=\"20:1-20:95\"><strong>S\u1eeda ch\u1eefa \u1ed5 tr\u1ee5c, b\u1ea1c \u0111\u1ea1n b\u1ecb m\u00f2n:<\/strong> Ph\u1ee5c h\u1ed3i k\u00edch th\u01b0\u1edbc v\u00e0 \u0111\u1ed9 ch\u00ednh x\u00e1c c\u1ee7a \u1ed5 tr\u1ee5c, b\u1ea1c \u0111\u1ea1n.<\/li>\n<li data-sourcepos=\"21:1-21:103\"><strong>T\u00e1i t\u1ea1o b\u1ec1 m\u1eb7t kim lo\u1ea1i b\u1ecb m\u00f2n:<\/strong> T\u1ea1o l\u1edbp ph\u1ee7 m\u1edbi b\u1ea3o v\u1ec7 b\u1ec1 m\u1eb7t kim lo\u1ea1i kh\u1ecfi s\u1ef1 m\u00e0i m\u00f2n v\u00e0 va \u0111\u1eadp.<\/li>\n<li data-sourcepos=\"22:1-22:79\"><strong>\u0110i\u1ec1n khe h\u1edf v\u00e0 v\u1ebft n\u1ee9t:<\/strong> L\u1ea5p \u0111\u1ea7y c\u00e1c khe h\u1edf, v\u1ebft n\u1ee9t tr\u00ean b\u1ec1 m\u1eb7t kim lo\u1ea1i.<\/li>\n<li data-sourcepos=\"23:1-23:98\"><strong>Ch\u1ebf t\u1ea1o c\u00e1c chi ti\u1ebft c\u01a1 kh\u00ed:<\/strong> T\u1ea1o c\u00e1c chi ti\u1ebft c\u01a1 kh\u00ed m\u1edbi ho\u1eb7c s\u1eeda ch\u1eefa c\u00e1c chi ti\u1ebft b\u1ecb h\u1ecfng.<\/li>\n<\/ul>\n<p data-sourcepos=\"25:1-25:22\"><strong>Th\u00f4ng s\u1ed1 k\u1ef9 thu\u1eadt:<\/strong><\/p>\n<ul data-sourcepos=\"27:1-33:0\">\n<li data-sourcepos=\"27:1-27:40\"><strong>T\u1ef7 l\u1ec7 tr\u1ed9n:<\/strong> 100 ph\u1ea7n A : 10 ph\u1ea7n B<\/li>\n<li data-sourcepos=\"28:1-28:46\"><strong>Th\u1eddi gian \u0111\u00f4ng t\u1ee5:<\/strong> 30 ph\u00fat \u1edf 25\u00b0C (77\u00b0F)<\/li>\n<li data-sourcepos=\"29:1-29:56\"><strong>Th\u1eddi gian \u0111\u00f3ng r\u1eafn ho\u00e0n to\u00e0n:<\/strong> 24 gi\u1edd \u1edf 25\u00b0C (77\u00b0F)<\/li>\n<li data-sourcepos=\"30:1-30:60\"><strong>Kh\u1ea3 n\u0103ng ch\u1ecbu nhi\u1ec7t:<\/strong> -54\u00b0C \u0111\u1ebfn 121\u00b0C (-65\u00b0F \u0111\u1ebfn 250\u00b0F)<\/li>\n<li data-sourcepos=\"31:1-31:18\"><strong>M\u00e0u s\u1eafc:<\/strong> X\u00e1m<\/li>\n<li data-sourcepos=\"32:1-33:0\"><strong>\u0110\u00f3ng g\u00f3i:<\/strong> Tu\u00fdp 454g (1 lb)<\/li>\n<\/ul>\n<h2 data-sourcepos=\"34:1-34:22\"><strong>H\u01b0\u1edbng d\u1eabn s\u1eed d\u1ee5ng:<\/strong><\/h2>\n<p><img decoding=\"async\" title=\"devcon-11410-2-jpeg-1\" src=\"https:\/\/yenhung.com\/wp-content\/uploads\/2025\/11\/devcon-11410-2-jpeg-1.jpg\" alt=\"DEVCON 11410 WEAR RESISTANT PUTTY (WR-2)\" data-thumb=\"large\" \/><\/p>\n<ol data-sourcepos=\"36:1-38:57\">\n<li data-sourcepos=\"36:1-36:94\"><strong>L\u00e0m s\u1ea1ch b\u1ec1 m\u1eb7t:<\/strong> B\u1ec1 m\u1eb7t c\u1ea7n s\u1eeda ch\u1eefa ph\u1ea3i \u0111\u01b0\u1ee3c l\u00e0m s\u1ea1ch kh\u00f4 r\u00e1o, kh\u00f4ng b\u1ee5i b\u1ea9n, d\u1ea7u m\u1ee1.<\/li>\n<li data-sourcepos=\"37:1-37:94\"><strong>Tr\u1ed9n \u0111\u1ec1u hai th\u00e0nh ph\u1ea7n:<\/strong> Tr\u1ed9n \u0111\u1ec1u hai th\u00e0nh ph\u1ea7n A v\u00e0 B theo t\u1ef7 l\u1ec7 100:10 trong 3 ph\u00fat.<\/li>\n<li data-sourcepos=\"38:1-38:57\"><strong>Thi c\u00f4ng:<\/strong> Thi c\u00f4ng h\u1ed7n h\u1ee3p l\u00ean b\u1ec1 m\u1eb7t c\u1ea7n s\u1eeda ch\u1eefa trong v\u00f2ng 30 ph\u00fat.<\/li>\n<li data-sourcepos=\"39:1-40:0\"><strong>\u0110\u1ee3i \u0111\u00f4ng t\u1ee5:<\/strong> \u0110\u1ec3 h\u1ed7n h\u1ee3p \u0111\u00f4ng t\u1ee5 ho\u00e0n to\u00e0n trong 24 gi\u1edd.<\/li>\n<\/ol>\n<p data-sourcepos=\"41:1-41:10\"><strong>L\u01b0u \u00fd:<\/strong><\/p>\n<ul data-sourcepos=\"43:1-46:0\">\n<li data-sourcepos=\"43:1-43:55\">Mang g\u0103ng tay, kh\u1ea9u trang v\u00e0 k\u00ednh b\u1ea3o h\u1ed9 khi s\u1eed d\u1ee5ng.<\/li>\n<li data-sourcepos=\"44:1-44:31\">Tr\u00e1nh ti\u1ebfp x\u00fac v\u1edbi m\u1eaft v\u00e0 da.<\/li>\n<li data-sourcepos=\"45:1-46:0\">B\u1ea3o qu\u1ea3n s\u1ea3n ph\u1ea9m \u1edf n\u01a1i kh\u00f4 r\u00e1o, tho\u00e1ng m\u00e1t.<\/li>\n<\/ul>\n<p data-sourcepos=\"47:1-47:232\"><strong>DEVCON 11410 WEAR RESISTANT PUTTY (WR-2)<\/strong> l\u00e0 s\u1ea3n ph\u1ea9m ch\u1ea5t l\u01b0\u1ee3ng cao, hi\u1ec7u qu\u1ea3 v\u00e0 d\u1ec5 s\u1eed d\u1ee5ng, gi\u00fap b\u1ea1n ti\u1ebft ki\u1ec7m chi ph\u00ed v\u00e0 th\u1eddi gian s\u1eeda ch\u1eefa. H\u00e3y s\u1eed d\u1ee5ng s\u1ea3n ph\u1ea9m \u0111\u1ec3 b\u1ea3o v\u1ec7 v\u00e0 k\u00e9o d\u00e0i tu\u1ed5i th\u1ecd cho c\u00e1c thi\u1ebft b\u1ecb kim lo\u1ea1i c\u1ee7a b\u1ea1n!<\/p>\n<\/div>\n","protected":false},"excerpt":{"rendered":"<p><strong>T\u00ean sa\u0309n ph\u00e2\u0309m:<\/strong>\u00a0<strong>DEVCON 11410 WEAR RESISTANT PUTTY (WR-2)<\/strong><\/p>\n","protected":false},"featured_media":7573,"comment_status":"closed","ping_status":"closed","template":"","meta":[],"product_brand":[],"product_cat":[163],"product_tag":[],"class_list":{"0":"post-7572","1":"product","2":"type-product","3":"status-publish","4":"has-post-thumbnail","6":"product_cat-devcon","8":"first","9":"instock","10":"shipping-taxable","11":"product-type-simple"},"_links":{"self":[{"href":"https:\/\/yenhung.com\/index.php?rest_route=\/wp\/v2\/product\/7572","targetHints":{"allow":["GET"]}}],"collection":[{"href":"https:\/\/yenhung.com\/index.php?rest_route=\/wp\/v2\/product"}],"about":[{"href":"https:\/\/yenhung.com\/index.php?rest_route=\/wp\/v2\/types\/product"}],"replies":[{"embeddable":true,"href":"https:\/\/yenhung.com\/index.php?rest_route=%2Fwp%2Fv2%2Fcomments&post=7572"}],"wp:featuredmedia":[{"embeddable":true,"href":"https:\/\/yenhung.com\/index.php?rest_route=\/wp\/v2\/media\/7573"}],"wp:attachment":[{"href":"https:\/\/yenhung.com\/index.php?rest_route=%2Fwp%2Fv2%2Fmedia&parent=7572"}],"wp:term":[{"taxonomy":"product_brand","embeddable":true,"href":"https:\/\/yenhung.com\/index.php?rest_route=%2Fwp%2Fv2%2Fproduct_brand&post=7572"},{"taxonomy":"product_cat","embeddable":true,"href":"https:\/\/yenhung.com\/index.php?rest_route=%2Fwp%2Fv2%2Fproduct_cat&post=7572"},{"taxonomy":"product_tag","embeddable":true,"href":"https:\/\/yenhung.com\/index.php?rest_route=%2Fwp%2Fv2%2Fproduct_tag&post=7572"}],"curies":[{"name":"wp","href":"https:\/\/api.w.org\/{rel}","templated":true}]}}