{"id":7612,"date":"2025-11-10T08:11:51","date_gmt":"2025-11-10T08:11:51","guid":{"rendered":"https:\/\/yenhung.com\/?product=devcon-11770-brushable-ceramic"},"modified":"2026-02-11T01:50:11","modified_gmt":"2026-02-11T01:50:11","slug":"devcon-11770-brushable-ceramic","status":"publish","type":"product","link":"https:\/\/yenhung.com\/?product=devcon-11770-brushable-ceramic","title":{"rendered":"Devcon 11770 brushable ceramic"},"content":{"rendered":"<div class=\"ba-text-fpt\">\n<h2 data-sourcepos=\"1:1-1:72\"><strong>DEVCON 11770 BRUSHABLE CERAMIC: Gi\u1ea3i ph\u00e1p b\u1ea3o v\u1ec7 to\u00e0n di\u1ec7n cho b\u1ec1 m\u1eb7t<\/strong><\/h2>\n<p><img decoding=\"async\" title=\"11770-2\" src=\"https:\/\/yenhung.com\/wp-content\/uploads\/2025\/11\/11770-2.jpg\" alt=\"DEVCON 11770 BRUSHABLE CERAMIC\" data-thumb=\"large\" \/><\/p>\n<p data-sourcepos=\"3:1-3:12\"><strong>DEVCON 11770 BRUSHABLE CERAMIC<\/strong> l\u00e0 l\u1edbp ph\u1ee7 epoxy g\u1ed1m hai th\u00e0nh ph\u1ea7n, hi\u1ec7u su\u1ea5t cao \u0111\u01b0\u1ee3c thi\u1ebft k\u1ebf \u0111\u1ec3 b\u1ea3o v\u1ec7 v\u00e0 s\u1eeda ch\u1eefa c\u00e1c b\u1ec1 m\u1eb7t kim lo\u1ea1i, b\u00ea t\u00f4ng v\u00e0 nh\u1ef1a kh\u1ecfi s\u1ef1 m\u00e0i m\u00f2n, \u0103n m\u00f2n v\u00e0 h\u00f3a ch\u1ea5t. S\u1ea3n ph\u1ea9m n\u00e0y l\u00fd t\u01b0\u1edfng cho c\u00e1c \u1ee9ng d\u1ee5ng trong nhi\u1ec1u ng\u00e0nh c\u00f4ng nghi\u1ec7p, bao g\u1ed3m:<\/p>\n<ul data-sourcepos=\"5:1-5:88\">\n<li data-sourcepos=\"5:1-5:88\"><strong>Ng\u00e0nh d\u1ea7u kh\u00ed:<\/strong> B\u1ea3o v\u1ec7 \u0111\u01b0\u1eddng \u1ed1ng, van, m\u00e1y b\u01a1m v\u00e0 c\u00e1c thi\u1ebft b\u1ecb kh\u00e1c kh\u1ecfi s\u1ef1 m\u00e0i m\u00f2n v\u00e0 \u0103n m\u00f2n do h\u00f3a ch\u1ea5t v\u00e0 m\u00e0i m\u00f2n.<\/li>\n<li data-sourcepos=\"6:1-6:109\"><strong>Ng\u00e0nh h\u00e0ng h\u1ea3i:<\/strong> B\u1ea3o v\u1ec7 th\u00e2n t\u00e0u, c\u00e1nh qu\u1ea1t v\u00e0 c\u00e1c b\u1ed9 ph\u1eadn kh\u00e1c kh\u1ecfi s\u1ef1 \u0103n m\u00f2n do n\u01b0\u1edbc bi\u1ec3n v\u00e0 h\u00f3a ch\u1ea5t.<\/li>\n<li data-sourcepos=\"7:1-7:100\"><strong>Ng\u00e0nh th\u1ef1c ph\u1ea9m v\u00e0 \u0111\u1ed3 u\u1ed1ng:<\/strong> B\u1ea3o v\u1ec7 thi\u1ebft b\u1ecb ch\u1ebf bi\u1ebfn th\u1ef1c ph\u1ea9m kh\u1ecfi s\u1ef1 \u0103n m\u00f2n do axit v\u00e0 baz\u01a1.<\/li>\n<li data-sourcepos=\"8:1-8:91\"><strong>Ng\u00e0nh c\u00f4ng nghi\u1ec7p \u0111i\u1ec7n:<\/strong> B\u1ea3o v\u1ec7 tua bin, m\u00e1y bi\u1ebfn \u00e1p v\u00e0 c\u00e1c thi\u1ebft b\u1ecb \u0111i\u1ec7n kh\u00e1c kh\u1ecfi s\u1ef1 m\u00e0i m\u00f2n v\u00e0 \u0103n m\u00f2n.<\/li>\n<\/ul>\n<h2 data-sourcepos=\"10:1-10:55\"><strong>\u01afu \u0111i\u1ec3m n\u1ed5i b\u1eadt c\u1ee7a DEVCON 11770 BRUSHABLE CERAMIC:<\/strong><\/h2>\n<p><img decoding=\"async\" title=\"11700-3-jpeg-1\" src=\"https:\/\/yenhung.com\/wp-content\/uploads\/2025\/11\/11700-3-jpeg-1.jpg\" alt=\"DEVCON 11770 BRUSHABLE CERAMIC\" data-thumb=\"large\" \/><\/p>\n<ul data-sourcepos=\"12:1-17:0\">\n<li data-sourcepos=\"12:1-12:113\"><strong>Kh\u1ea3 n\u0103ng ch\u1ed1ng m\u00e0i m\u00f2n v\u00e0 \u0103n m\u00f2n cao:<\/strong> B\u1ea3o v\u1ec7 b\u1ec1 m\u1eb7t kh\u1ecfi s\u1ef1 m\u00e0i m\u00f2n, \u0103n m\u00f2n do h\u00f3a ch\u1ea5t v\u00e0 t\u00e1c \u0111\u1ed9ng c\u01a1 h\u1ecdc.<\/li>\n<li data-sourcepos=\"13:1-13:66\"><strong>Ch\u1ecbu nhi\u1ec7t \u0111\u1ed9 cao:<\/strong> Ch\u1ecbu \u0111\u01b0\u1ee3c nhi\u1ec7t \u0111\u1ed9 l\u00ean \u0111\u1ebfn 204\u00b0C (400\u00b0F).<\/li>\n<li data-sourcepos=\"14:1-14:106\"><strong>Kh\u1ea3 n\u0103ng b\u00e1m d\u00ednh tuy\u1ec7t v\u1eddi:<\/strong> B\u00e1m d\u00ednh t\u1ed1t tr\u00ean nhi\u1ec1u lo\u1ea1i b\u1ec1 m\u1eb7t, bao g\u1ed3m kim lo\u1ea1i, b\u00ea t\u00f4ng v\u00e0 nh\u1ef1a.<\/li>\n<li data-sourcepos=\"15:1-15:57\"><strong>D\u1ec5 thi c\u00f4ng:<\/strong> C\u00f3 th\u1ec3 thi c\u00f4ng b\u1eb1ng c\u1ecd ho\u1eb7c m\u00e1y phun.<\/li>\n<li data-sourcepos=\"16:1-17:0\"><strong>Ch\u1ee9ng nh\u1eadn an to\u00e0n:<\/strong> \u0110\u01b0\u1ee3c ch\u1ee9ng nh\u1eadn NSF cho ti\u1ebfp x\u00fac v\u1edbi th\u1ef1c ph\u1ea9m.<\/li>\n<\/ul>\n<h2 data-sourcepos=\"18:1-18:22\"><strong>Th\u00f4ng s\u1ed1 k\u1ef9 thu\u1eadt:<\/strong><\/h2>\n<ul data-sourcepos=\"20:1-25:26\">\n<li data-sourcepos=\"20:1-20:20\"><strong>M\u00e0u s\u1eafc:<\/strong> Tr\u1eafng<\/li>\n<li data-sourcepos=\"21:1-21:41\"><strong>T\u1ef7 l\u1ec7 tr\u1ed9n:<\/strong> 100:25 (ph\u1ea7n A: ph\u1ea7n B)<\/li>\n<li data-sourcepos=\"22:1-22:32\"><strong>Th\u1eddi gian gel h\u00f3a:<\/strong> 30 ph\u00fat<\/li>\n<li data-sourcepos=\"23:1-23:42\"><strong>Th\u1eddi gian \u0111\u00f3ng r\u1eafn ho\u00e0n to\u00e0n:<\/strong> 24 gi\u1edd<\/li>\n<li data-sourcepos=\"24:1-24:52\"><strong>\u0110\u1ed9 d\u00e0y l\u1edbp ph\u1ee7 khuy\u1ebfn ngh\u1ecb:<\/strong> 0,02 inch (0,5 mm)<\/li>\n<li data-sourcepos=\"25:1-25:26\"><strong>Nhi\u1ec7t \u0111\u1ed9 l\u00e0m vi\u1ec7c:<\/strong> -54\u00b0C \u0111\u1ebfn 204\u00b0C (-65\u00b0F \u0111\u1ebfn 400\u00b0F)<\/li>\n<\/ul>\n<h2 data-sourcepos=\"27:1-27:22\"><strong>H\u01b0\u1edbng d\u1eabn s\u1eed d\u1ee5ng:<\/strong><\/h2>\n<ol data-sourcepos=\"29:1-33:0\">\n<li data-sourcepos=\"29:1-29:79\"><strong>Chu\u1ea9n b\u1ecb b\u1ec1 m\u1eb7t:<\/strong> B\u1ec1 m\u1eb7t c\u1ea7n \u0111\u01b0\u1ee3c l\u00e0m s\u1ea1ch, kh\u00f4 r\u00e1o v\u00e0 kh\u00f4ng d\u00ednh d\u1ea7u m\u1ee1.<\/li>\n<li data-sourcepos=\"30:1-30:89\"><strong>Tr\u1ed9n \u0111\u1ec1u hai th\u00e0nh ph\u1ea7n:<\/strong> Tr\u1ed9n \u0111\u1ec1u ph\u1ea7n A v\u00e0 ph\u1ea7n B theo t\u1ef7 l\u1ec7 100:25 trong 3 ph\u00fat.<\/li>\n<li data-sourcepos=\"31:1-31:56\"><strong>Thi c\u00f4ng:<\/strong> Thi c\u00f4ng l\u1edbp ph\u1ee7 b\u1eb1ng c\u1ecd ho\u1eb7c m\u00e1y phun.<\/li>\n<li data-sourcepos=\"32:1-33:0\"><strong>\u0110\u1ec3 l\u1edbp ph\u1ee7 kh\u00f4:<\/strong> \u0110\u1ec3 l\u1edbp ph\u1ee7 kh\u00f4 trong 24 gi\u1edd \u1edf nhi\u1ec7t \u0111\u1ed9 ph\u00f2ng.<\/li>\n<\/ol>\n<p data-sourcepos=\"34:1-34:10\"><strong>L\u01b0u \u00fd:<\/strong><\/p>\n<ul data-sourcepos=\"36:1-40:0\">\n<li data-sourcepos=\"36:1-36:52\">Tham kh\u1ea3o k\u1ef9 h\u01b0\u1edbng d\u1eabn s\u1eed d\u1ee5ng tr\u01b0\u1edbc khi thi c\u00f4ng.<\/li>\n<li data-sourcepos=\"37:1-37:31\">Tr\u00e1nh ti\u1ebfp x\u00fac v\u1edbi da v\u00e0 m\u1eaft.<\/li>\n<li data-sourcepos=\"38:1-38:56\">Mang g\u0103ng tay, k\u00ednh b\u1ea3o h\u1ed9 v\u00e0 kh\u1ea9u trang khi thi c\u00f4ng.<\/li>\n<li data-sourcepos=\"39:1-40:0\">B\u1ea3o qu\u1ea3n s\u1ea3n ph\u1ea9m \u1edf n\u01a1i kh\u00f4 r\u00e1o, tho\u00e1ng m\u00e1t.<\/li>\n<\/ul>\n<p data-sourcepos=\"41:1-41:109\"><strong>DEVCON 11770 BRUSHABLE CERAMIC<\/strong> l\u00e0 gi\u1ea3i ph\u00e1p b\u1ea3o v\u1ec7 b\u1ec1 m\u1eb7t hi\u1ec7u qu\u1ea3 v\u00e0 b\u1ec1n b\u1ec9 cho nhi\u1ec1u ng\u00e0nh c\u00f4ng nghi\u1ec7p. H\u00e3y li\u00ean h\u1ec7 v\u1edbi ch\u00fang t\u00f4i \u0111\u1ec3 \u0111\u01b0\u1ee3c t\u01b0 v\u1ea5n v\u00e0 h\u1ed7 tr\u1ee3 l\u1ef1a ch\u1ecdn s\u1ea3n ph\u1ea9m ph\u00f9 h\u1ee3p v\u1edbi nhu c\u1ea7u c\u1ee7a b\u1ea1n.<\/p>\n<\/div>\n","protected":false},"excerpt":{"rendered":"<p><strong>T\u00ean sa\u0309n ph\u00e2\u0309m:<\/strong>\u00a0DEVCON 11770 BRUSHABLE CERAMIC<\/p>\n","protected":false},"featured_media":7613,"comment_status":"closed","ping_status":"closed","template":"","meta":[],"product_brand":[],"product_cat":[163],"product_tag":[],"class_list":{"0":"post-7612","1":"product","2":"type-product","3":"status-publish","4":"has-post-thumbnail","6":"product_cat-devcon","8":"first","9":"instock","10":"shipping-taxable","11":"product-type-simple"},"_links":{"self":[{"href":"https:\/\/yenhung.com\/index.php?rest_route=\/wp\/v2\/product\/7612","targetHints":{"allow":["GET"]}}],"collection":[{"href":"https:\/\/yenhung.com\/index.php?rest_route=\/wp\/v2\/product"}],"about":[{"href":"https:\/\/yenhung.com\/index.php?rest_route=\/wp\/v2\/types\/product"}],"replies":[{"embeddable":true,"href":"https:\/\/yenhung.com\/index.php?rest_route=%2Fwp%2Fv2%2Fcomments&post=7612"}],"wp:featuredmedia":[{"embeddable":true,"href":"https:\/\/yenhung.com\/index.php?rest_route=\/wp\/v2\/media\/7613"}],"wp:attachment":[{"href":"https:\/\/yenhung.com\/index.php?rest_route=%2Fwp%2Fv2%2Fmedia&parent=7612"}],"wp:term":[{"taxonomy":"product_brand","embeddable":true,"href":"https:\/\/yenhung.com\/index.php?rest_route=%2Fwp%2Fv2%2Fproduct_brand&post=7612"},{"taxonomy":"product_cat","embeddable":true,"href":"https:\/\/yenhung.com\/index.php?rest_route=%2Fwp%2Fv2%2Fproduct_cat&post=7612"},{"taxonomy":"product_tag","embeddable":true,"href":"https:\/\/yenhung.com\/index.php?rest_route=%2Fwp%2Fv2%2Fproduct_tag&post=7612"}],"curies":[{"name":"wp","href":"https:\/\/api.w.org\/{rel}","templated":true}]}}