{"id":7618,"date":"2025-11-10T08:11:58","date_gmt":"2025-11-10T08:11:58","guid":{"rendered":"https:\/\/yenhung.com\/?product=devcon-11330-dfense-blok"},"modified":"2026-02-11T01:50:08","modified_gmt":"2026-02-11T01:50:08","slug":"devcon-11330-dfense-blok","status":"publish","type":"product","link":"https:\/\/yenhung.com\/?product=devcon-11330-dfense-blok","title":{"rendered":"Devcon 11330 dfense blok"},"content":{"rendered":"<div class=\"ba-text-fpt\">\n<h2 data-sourcepos=\"1:1-1:71\"><strong>DEVCON 11330: H\u1ee3p ch\u1ea5t ch\u1ed1ng m\u00e0i m\u00f2n cao c\u1ea5p cho hi\u1ec7u su\u1ea5t v\u01b0\u1ee3t tr\u1ed9i<\/strong><\/h2>\n<p data-sourcepos=\"3:1-3:10\"><img decoding=\"async\" title=\"devcon-11330-2-jpeg-1\" src=\"https:\/\/yenhung.com\/wp-content\/uploads\/2025\/11\/devcon-11330-2-jpeg-1.jpg\" alt=\"DEVCON 11330 DFENSE BLOK\" data-thumb=\"large\" \/><\/p>\n<p data-sourcepos=\"3:1-3:10\"><strong>DEVCON 11330<\/strong> l\u00e0 h\u1ee3p ch\u1ea5t ch\u1ed1ng m\u00e0i m\u00f2n hai th\u00e0nh ph\u1ea7n g\u1ed1c epoxy \u0111\u01b0\u1ee3c thi\u1ebft k\u1ebf \u0111\u1ec3 b\u1ea3o v\u1ec7 c\u00e1c thi\u1ebft b\u1ecb kh\u1ecfi s\u1ef1 m\u00e0i m\u00f2n, va \u0111\u1eadp v\u00e0 h\u00f3a ch\u1ea5t kh\u1eafc nghi\u1ec7t. S\u1ea3n ph\u1ea9m \u0111\u01b0\u1ee3c s\u1eed d\u1ee5ng r\u1ed9ng r\u00e3i trong c\u00e1c ng\u00e0nh c\u00f4ng nghi\u1ec7p nh\u01b0 khai th\u00e1c m\u1ecf, xi m\u0103ng, nh\u00e0 m\u00e1y \u0111i\u1ec7n v\u00e0 nhi\u1ec1u ng\u00e0nh kh\u00e1c.<\/p>\n<h2 data-sourcepos=\"5:1-5:20\"><strong>\u01afu \u0111i\u1ec3m n\u1ed5i b\u1eadt:<\/strong><\/h2>\n<p><img decoding=\"async\" title=\"devcon-11330-1-jpeg-1\" src=\"https:\/\/yenhung.com\/wp-content\/uploads\/2025\/11\/devcon-11330-1-jpeg-1.jpg\" alt=\"DEVCON 11330 DFENSE BLOK\" data-thumb=\"grande\" \/><\/p>\n<ul data-sourcepos=\"7:1-7:44\">\n<li data-sourcepos=\"7:1-7:44\"><strong>Kh\u1ea3 n\u0103ng ch\u1ed1ng m\u00e0i m\u00f2n cao:<\/strong> DEVCON 11330 c\u00f3 kh\u1ea3 n\u0103ng ch\u1ed1ng m\u00e0i m\u00f2n v\u01b0\u1ee3t tr\u1ed9i h\u01a1n so v\u1edbi c\u00e1c s\u1ea3n ph\u1ea9m ch\u1ed1ng m\u00e0i m\u00f2n truy\u1ec1n th\u1ed1ng, gi\u00fap k\u00e9o d\u00e0i tu\u1ed5i th\u1ecd c\u1ee7a thi\u1ebft b\u1ecb v\u00e0 ti\u1ebft ki\u1ec7m chi ph\u00ed s\u1eeda ch\u1eefa thay th\u1ebf.<\/li>\n<li data-sourcepos=\"8:1-8:147\"><strong>\u0110\u1ed9 b\u00e1m d\u00ednh tuy\u1ec7t v\u1eddi:<\/strong> S\u1ea3n ph\u1ea9m b\u00e1m d\u00ednh m\u1ea1nh m\u1ebd tr\u00ean nhi\u1ec1u lo\u1ea1i v\u1eadt li\u1ec7u, bao g\u1ed3m kim lo\u1ea1i, nh\u1ef1a v\u00e0 cao su, \u0111\u1ea3m b\u1ea3o kh\u1ea3 n\u0103ng b\u1ea3o v\u1ec7 l\u00e2u d\u00e0i.<\/li>\n<li data-sourcepos=\"9:1-9:32\"><strong>Ch\u1ecbu \u0111\u01b0\u1ee3c h\u00f3a ch\u1ea5t kh\u1eafc nghi\u1ec7t:<\/strong> DEVCON 11330 c\u00f3 kh\u1ea3 n\u0103ng ch\u1ed1ng ch\u1ecbu t\u1ed1t v\u1edbi c\u00e1c h\u00f3a ch\u1ea5t kh\u1eafc nghi\u1ec7t nh\u01b0 axit, baz\u01a1 v\u00e0 dung m\u00f4i, th\u00edch h\u1ee3p cho c\u00e1c m\u00f4i tr\u01b0\u1eddng c\u00f4ng nghi\u1ec7p kh\u1eafc nghi\u1ec7t.<\/li>\n<li data-sourcepos=\"10:1-10:100\"><strong>D\u1ec5 thi c\u00f4ng:<\/strong> S\u1ea3n ph\u1ea9m d\u1ec5 d\u00e0ng thi c\u00f4ng b\u1eb1ng c\u1ecd ho\u1eb7c m\u00e1y phun, ti\u1ebft ki\u1ec7m th\u1eddi gian v\u00e0 c\u00f4ng s\u1ee9c.<\/li>\n<li data-sourcepos=\"11:1-12:0\"><strong>Ch\u1ecbu nhi\u1ec7t \u0111\u1ed9 cao:<\/strong> DEVCON 11330 c\u00f3 th\u1ec3 ch\u1ecbu \u0111\u01b0\u1ee3c nhi\u1ec7t \u0111\u1ed9 l\u00ean \u0111\u1ebfn 121\u00b0C (250\u00b0F), ph\u00f9 h\u1ee3p cho c\u00e1c \u1ee9ng d\u1ee5ng trong m\u00f4i tr\u01b0\u1eddng nhi\u1ec7t \u0111\u1ed9 cao.<\/li>\n<\/ul>\n<h2 data-sourcepos=\"13:1-13:13\"><strong>\u1ee8ng d\u1ee5ng:<\/strong><\/h2>\n<p><img decoding=\"async\" title=\"devcon-11330-jpeg-2\" src=\"https:\/\/yenhung.com\/wp-content\/uploads\/2025\/11\/devcon-11330-jpeg-2.jpg\" alt=\"DEVCON 11330 DFENSE BLOK\" data-thumb=\"large\" \/><\/p>\n<ul data-sourcepos=\"15:1-17:90\">\n<li data-sourcepos=\"15:1-15:95\"><strong>B\u1ea3o v\u1ec7 c\u00e1c thi\u1ebft b\u1ecb kh\u1ecfi s\u1ef1 m\u00e0i m\u00f2n:<\/strong> C\u00e1nh qu\u1ea1t, b\u01a1m, van, ph\u1ec5u, m\u00e1ng tr\u01b0\u1ee3t, \u0111\u01b0\u1eddng \u1ed1ng,&#8230;<\/li>\n<li data-sourcepos=\"16:1-16:106\"><strong>S\u1eeda ch\u1eefa v\u00e0 b\u1ea3o d\u01b0\u1ee1ng:<\/strong> Ph\u1ee5c h\u1ed3i c\u00e1c b\u1ec1 m\u1eb7t b\u1ecb m\u00f2n, b\u1ecb h\u1ecfng, t\u1ea1o l\u1edbp b\u1ea3o v\u1ec7 cho c\u00e1c b\u1ed9 ph\u1eadn kim lo\u1ea1i.<\/li>\n<li data-sourcepos=\"17:1-17:90\"><strong>Ch\u1ed1ng tr\u01a1n tr\u01b0\u1ee3t:<\/strong> T\u0103ng \u0111\u1ed9 b\u00e1m cho c\u00e1c b\u1ec1 m\u1eb7t tr\u01a1n tr\u01b0\u1ee3t, gi\u1ea3m thi\u1ec3u nguy c\u01a1 tai n\u1ea1n.<\/li>\n<\/ul>\n<h2 data-sourcepos=\"19:1-19:22\"><strong>Th\u00f4ng s\u1ed1 k\u1ef9 thu\u1eadt:<\/strong><\/h2>\n<ul data-sourcepos=\"21:1-27:0\">\n<li data-sourcepos=\"21:1-21:18\"><strong>M\u00e0u s\u1eafc:<\/strong> X\u00e1m<\/li>\n<li data-sourcepos=\"22:1-22:25\"><strong>T\u1ef7 tr\u1ecdng:<\/strong> 1,8 g\/cm\u00b3<\/li>\n<li data-sourcepos=\"23:1-23:41\"><strong>Kh\u1ea3 n\u0103ng thi c\u00f4ng:<\/strong> C\u1ecd ho\u1eb7c m\u00e1y phun<\/li>\n<li data-sourcepos=\"24:1-24:40\"><strong>Th\u1eddi gian kh\u00f4:<\/strong> 4 gi\u1edd \u1edf 25\u00b0C (77\u00b0F)<\/li>\n<li data-sourcepos=\"25:1-25:58\"><strong>Nhi\u1ec7t \u0111\u1ed9 l\u00e0m vi\u1ec7c:<\/strong> -40\u00b0C \u0111\u1ebfn 121\u00b0C (-40\u00b0F \u0111\u1ebfn 250\u00b0F)<\/li>\n<li data-sourcepos=\"26:1-27:0\"><strong>H\u1ea1n s\u1eed d\u1ee5ng:<\/strong> 24 th\u00e1ng k\u1ec3 t\u1eeb ng\u00e0y s\u1ea3n xu\u1ea5t<\/li>\n<\/ul>\n<p data-sourcepos=\"28:1-28:10\"><strong>L\u01b0u \u00fd:<\/strong><\/p>\n<ul data-sourcepos=\"30:1-33:0\">\n<li data-sourcepos=\"30:1-30:50\">N\u00ean \u0111\u1ecdc k\u1ef9 h\u01b0\u1edbng d\u1eabn s\u1eed d\u1ee5ng tr\u01b0\u1edbc khi thi c\u00f4ng.<\/li>\n<li data-sourcepos=\"31:1-31:64\">Mang g\u0103ng tay, k\u00ednh b\u1ea3o h\u1ed9 v\u00e0 kh\u1ea9u trang khi s\u1eed d\u1ee5ng s\u1ea3n ph\u1ea9m.<\/li>\n<li data-sourcepos=\"32:1-33:0\">B\u1ea3o qu\u1ea3n s\u1ea3n ph\u1ea9m n\u01a1i kh\u00f4 r\u00e1o, tho\u00e1ng m\u00e1t, tr\u00e1nh \u00e1nh n\u1eafng tr\u1ef1c ti\u1ebfp.<\/li>\n<\/ul>\n<\/div>\n","protected":false},"excerpt":{"rendered":"<p><strong>T\u00ean sa\u0309n ph\u00e2\u0309m:<\/strong>\u00a0DEVCON 11330 DFENSE BLOK<\/p>\n","protected":false},"featured_media":7619,"comment_status":"closed","ping_status":"closed","template":"","meta":[],"product_brand":[],"product_cat":[163],"product_tag":[],"class_list":{"0":"post-7618","1":"product","2":"type-product","3":"status-publish","4":"has-post-thumbnail","6":"product_cat-devcon","8":"first","9":"instock","10":"shipping-taxable","11":"product-type-simple"},"_links":{"self":[{"href":"https:\/\/yenhung.com\/index.php?rest_route=\/wp\/v2\/product\/7618","targetHints":{"allow":["GET"]}}],"collection":[{"href":"https:\/\/yenhung.com\/index.php?rest_route=\/wp\/v2\/product"}],"about":[{"href":"https:\/\/yenhung.com\/index.php?rest_route=\/wp\/v2\/types\/product"}],"replies":[{"embeddable":true,"href":"https:\/\/yenhung.com\/index.php?rest_route=%2Fwp%2Fv2%2Fcomments&post=7618"}],"wp:featuredmedia":[{"embeddable":true,"href":"https:\/\/yenhung.com\/index.php?rest_route=\/wp\/v2\/media\/7619"}],"wp:attachment":[{"href":"https:\/\/yenhung.com\/index.php?rest_route=%2Fwp%2Fv2%2Fmedia&parent=7618"}],"wp:term":[{"taxonomy":"product_brand","embeddable":true,"href":"https:\/\/yenhung.com\/index.php?rest_route=%2Fwp%2Fv2%2Fproduct_brand&post=7618"},{"taxonomy":"product_cat","embeddable":true,"href":"https:\/\/yenhung.com\/index.php?rest_route=%2Fwp%2Fv2%2Fproduct_cat&post=7618"},{"taxonomy":"product_tag","embeddable":true,"href":"https:\/\/yenhung.com\/index.php?rest_route=%2Fwp%2Fv2%2Fproduct_tag&post=7618"}],"curies":[{"name":"wp","href":"https:\/\/api.w.org\/{rel}","templated":true}]}}