{"id":7626,"date":"2025-11-10T08:12:04","date_gmt":"2025-11-10T08:12:04","guid":{"rendered":"https:\/\/yenhung.com\/?product=devcon-wear-guard-high-load-11490"},"modified":"2026-02-11T01:49:54","modified_gmt":"2026-02-11T01:49:54","slug":"devcon-wear-guard-high-load-11490","status":"publish","type":"product","link":"https:\/\/yenhung.com\/?product=devcon-wear-guard-high-load-11490","title":{"rendered":"Devcon wear guard high load 11490"},"content":{"rendered":"<div class=\"ba-text-fpt\">\n<h2 data-sourcepos=\"1:1-1:93\"><strong>DEVCON WEAR GUARD HIGH LOAD 11490: Gi\u1ea3i ph\u00e1p ch\u1ed1ng m\u00e0i m\u00f2n t\u1ed1i \u01b0u cho thi\u1ebft b\u1ecb c\u00f4ng nghi\u1ec7p<\/strong><\/h2>\n<p><img decoding=\"async\" title=\"11490-jpeg-2\" src=\"https:\/\/yenhung.com\/wp-content\/uploads\/2025\/11\/11490-jpeg-2.jpg\" alt=\"DEVCON WEAR GUARD HIGH LOAD 11490\" data-thumb=\"large\" \/><\/p>\n<p data-sourcepos=\"3:1-3:19\"><strong>DEVCON WEAR GUARD HIGH LOAD 11490<\/strong> l\u00e0 h\u1ec7 th\u1ed1ng epoxy hai th\u00e0nh ph\u1ea7n \u0111\u01b0\u1ee3c gia c\u1ed1 b\u1eb1ng h\u1ea1t g\u1ed1m alumina, c\u00f3 kh\u1ea3 n\u0103ng ch\u1ed1ng m\u00e0i m\u00f2n v\u01b0\u1ee3t tr\u1ed9i, th\u00edch h\u1ee3p cho c\u00e1c \u1ee9ng d\u1ee5ng c\u00f4ng nghi\u1ec7p n\u1eb7ng. S\u1ea3n ph\u1ea9m \u0111\u01b0\u1ee3c tin d\u00f9ng b\u1edfi nhi\u1ec1u doanh nghi\u1ec7p trong c\u00e1c ng\u00e0nh c\u00f4ng nghi\u1ec7p nh\u01b0:<\/p>\n<ul data-sourcepos=\"5:1-5:116\">\n<li data-sourcepos=\"5:1-5:116\"><strong>Ng\u00e0nh khai th\u00e1c:<\/strong> B\u1ea3o v\u1ec7 c\u00e1c b\u1ed9 ph\u1eadn m\u00e1y m\u00f3c ti\u1ebfp x\u00fac v\u1edbi t\u1ea3i tr\u1ecdng cao v\u00e0 m\u00e0i m\u00f2n l\u1edbn nh\u01b0 g\u1ea7u t\u1ea3i, m\u00e1ng tr\u01b0\u1ee3t, bu\u1ed3ng nghi\u1ec1n,&#8230;<\/li>\n<li data-sourcepos=\"6:1-6:106\"><strong>Ng\u00e0nh xi m\u0103ng:<\/strong> Ch\u1ed1ng m\u00e0i m\u00f2n cho c\u00e1c b\u1ed9 ph\u1eadn trong m\u00e1y nghi\u1ec1n, l\u00f2 nung, h\u1ec7 th\u1ed1ng v\u1eadn chuy\u1ec3n li\u1ec7u,&#8230;<\/li>\n<li data-sourcepos=\"7:1-7:82\"><strong>Ng\u00e0nh th\u00e9p:<\/strong> B\u1ea3o v\u1ec7 c\u00e1c b\u1ed9 ph\u1eadn trong nh\u00e0 m\u00e1y c\u00e1n th\u00e9p, nh\u00e0 m\u00e1y luy\u1ec7n kim,&#8230;<\/li>\n<li data-sourcepos=\"8:1-9:0\"><strong>Ng\u00e0nh n\u0103ng l\u01b0\u1ee3ng:<\/strong> Ch\u1ed1ng m\u00e0i m\u00f2n cho c\u00e1c b\u1ed9 ph\u1eadn trong nh\u00e0 m\u00e1y \u0111i\u1ec7n, nh\u00e0 m\u00e1y l\u1ecdc d\u1ea7u,&#8230;<\/li>\n<\/ul>\n<h2 data-sourcepos=\"10:1-10:20\"><strong>\u01afu \u0111i\u1ec3m n\u1ed5i b\u1eadt:<\/strong><\/h2>\n<p><img decoding=\"async\" title=\"11490-1-jpeg-1\" src=\"https:\/\/yenhung.com\/wp-content\/uploads\/2025\/11\/11490-1-jpeg-1.jpg\" alt=\"DEVCON WEAR GUARD HIGH LOAD 11490\" data-thumb=\"large\" \/><\/p>\n<ul data-sourcepos=\"12:1-17:0\">\n<li data-sourcepos=\"12:1-12:135\"><strong>Kh\u1ea3 n\u0103ng ch\u1ed1ng m\u00e0i m\u00f2n cao:<\/strong> Ch\u1ecbu \u0111\u01b0\u1ee3c m\u00e0i m\u00f2n do c\u00e1c h\u1ea1t v\u1eadt li\u1ec7u c\u00f3 k\u00edch th\u01b0\u1edbc l\u1edbn h\u01a1n 3mm, b\u1ea3o v\u1ec7 hi\u1ec7u qu\u1ea3 c\u00e1c b\u1ec1 m\u1eb7t kim lo\u1ea1i.<\/li>\n<li data-sourcepos=\"13:1-13:90\"><strong>\u0110\u1ed9 b\u1ec1n b\u1ec9 cao:<\/strong> Ch\u1ecbu \u0111\u01b0\u1ee3c nhi\u1ec7t \u0111\u1ed9 cao, h\u00f3a ch\u1ea5t v\u00e0 \u0111i\u1ec1u ki\u1ec7n m\u00f4i tr\u01b0\u1eddng kh\u1eafc nghi\u1ec7t.<\/li>\n<li data-sourcepos=\"14:1-14:113\"><strong>D\u1ec5 d\u00e0ng thi c\u00f4ng:<\/strong> C\u00f3 th\u1ec3 thi c\u00f4ng b\u1eb1ng trowel ho\u1eb7c s\u00fang phun, ph\u00f9 h\u1ee3p cho nhi\u1ec1u b\u1ec1 m\u1eb7t v\u00e0 v\u1ecb tr\u00ed kh\u00e1c nhau.<\/li>\n<li data-sourcepos=\"15:1-15:121\"><strong>L\u1edbp ph\u1ee7 b\u00e1m d\u00ednh t\u1ed1t:<\/strong> B\u00e1m d\u00ednh ch\u1eafc ch\u1eafn tr\u00ean nhi\u1ec1u lo\u1ea1i v\u1eadt li\u1ec7u kim lo\u1ea1i, \u0111\u1ea3m b\u1ea3o hi\u1ec7u qu\u1ea3 ch\u1ed1ng m\u00e0i m\u00f2n l\u00e2u d\u00e0i.<\/li>\n<li data-sourcepos=\"16:1-17:0\"><strong>Ti\u1ebft ki\u1ec7m chi ph\u00ed:<\/strong> Gi\u1ea3m thi\u1ec3u th\u1eddi gian ch\u1ebft v\u00e0 chi ph\u00ed b\u1ea3o tr\u00ec do m\u00e0i m\u00f2n g\u00e2y ra.<\/li>\n<\/ul>\n<h2 data-sourcepos=\"18:1-18:22\"><strong>Th\u00f4ng s\u1ed1 k\u1ef9 thu\u1eadt:<\/strong><\/h2>\n<p><img decoding=\"async\" title=\"11490-2-jpeg-1\" src=\"https:\/\/yenhung.com\/wp-content\/uploads\/2025\/11\/11490-2-jpeg-1.png\" alt=\"DEVCON WEAR GUARD HIGH LOAD 11490\" data-thumb=\"large\" \/><\/p>\n<ul data-sourcepos=\"20:1-23:32\">\n<li data-sourcepos=\"20:1-20:18\"><strong>M\u00e0u s\u1eafc:<\/strong> X\u00e1m<\/li>\n<li data-sourcepos=\"21:1-21:25\"><strong>T\u1ef7 tr\u1ecdng:<\/strong> 1.7 g\/cm\u00b3<\/li>\n<li data-sourcepos=\"22:1-22:42\"><strong>Kh\u1ea3 n\u0103ng ch\u1ecbu nhi\u1ec7t:<\/strong> -40\u00b0C \u0111\u1ebfn 204\u00b0C<\/li>\n<li data-sourcepos=\"23:1-23:32\"><strong>Th\u1eddi gian \u0111\u00f3ng r\u1eafn:<\/strong> 24 gi\u1edd \u1edf 23\u00b0C<\/li>\n<li data-sourcepos=\"24:1-24:25\"><strong>\u0110\u1ed9 c\u1ee9ng Shore D:<\/strong> 80<\/li>\n<li data-sourcepos=\"25:1-25:25\"><strong>L\u1ef1c n\u00e9n:<\/strong> 10,000 psi<\/li>\n<li data-sourcepos=\"26:1-26:24\"><strong>L\u1ef1c k\u00e9o:<\/strong> 5,000 psi<\/li>\n<li data-sourcepos=\"27:1-27:46\"><strong>T\u1ef7 l\u1ec7 gi\u00e3n n\u1edf nhi\u1ec7t:<\/strong> 6.0 x 10^-5 cm\/cm\u00b0C<\/li>\n<li data-sourcepos=\"28:1-29:0\"><strong>Kh\u1ea3 n\u0103ng ch\u1ed1ng h\u00f3a ch\u1ea5t:<\/strong> Ch\u1ecbu \u0111\u01b0\u1ee3c nhi\u1ec1u lo\u1ea1i axit, baz\u01a1, dung m\u00f4i v\u00e0 h\u00f3a ch\u1ea5t c\u00f4ng nghi\u1ec7p.<\/li>\n<\/ul>\n<h2 data-sourcepos=\"30:1-30:22\"><strong>H\u01b0\u1edbng d\u1eabn s\u1eed d\u1ee5ng:<\/strong><\/h2>\n<ol data-sourcepos=\"32:1-35:50\">\n<li data-sourcepos=\"32:1-32:93\"><strong>Chu\u1ea9n b\u1ecb b\u1ec1 m\u1eb7t:<\/strong> B\u1ec1 m\u1eb7t c\u1ea7n thi c\u00f4ng ph\u1ea3i \u0111\u01b0\u1ee3c l\u00e0m s\u1ea1ch, kh\u00f4 r\u00e1o v\u00e0 kh\u00f4ng d\u00ednh d\u1ea7u m\u1ee1.<\/li>\n<li data-sourcepos=\"33:1-33:51\"><strong>Tr\u1ed9n \u0111\u1ec1u hai th\u00e0nh ph\u1ea7n<\/strong> theo t\u1ef7 l\u1ec7 quy \u0111\u1ecbnh.<\/li>\n<li data-sourcepos=\"34:1-34:60\"><strong>Thi c\u00f4ng:<\/strong> C\u00f3 th\u1ec3 thi c\u00f4ng b\u1eb1ng trowel ho\u1eb7c s\u00fang phun.<\/li>\n<li data-sourcepos=\"35:1-35:50\"><strong>\u0110\u1ec3 l\u1edbp ph\u1ee7 kh\u00f4 ho\u00e0n to\u00e0n<\/strong> trong 24 gi\u1edd \u1edf 23\u00b0C.<\/li>\n<\/ol>\n<p data-sourcepos=\"37:1-37:10\"><strong>L\u01b0u \u00fd:<\/strong><\/p>\n<ul data-sourcepos=\"39:1-41:0\">\n<li data-sourcepos=\"39:1-39:59\">N\u00ean \u0111eo g\u0103ng tay, kh\u1ea9u trang v\u00e0 k\u00ednh b\u1ea3o h\u1ed9 khi thi c\u00f4ng.<\/li>\n<li data-sourcepos=\"40:1-41:0\">Tham kh\u1ea3o h\u01b0\u1edbng d\u1eabn s\u1eed d\u1ee5ng chi ti\u1ebft tr\u01b0\u1edbc khi s\u1eed d\u1ee5ng.<\/li>\n<\/ul>\n<p data-sourcepos=\"42:1-42:219\"><strong>DEVCON WEAR GUARD HIGH LOAD 11490<\/strong> l\u00e0 gi\u1ea3i ph\u00e1p ch\u1ed1ng m\u00e0i m\u00f2n hi\u1ec7u qu\u1ea3 v\u00e0 ti\u1ebft ki\u1ec7m cho c\u00e1c thi\u1ebft b\u1ecb c\u00f4ng nghi\u1ec7p. H\u00e3y li\u00ean h\u1ec7 ngay v\u1edbi ch\u00fang t\u00f4i \u0111\u1ec3 \u0111\u01b0\u1ee3c t\u01b0 v\u1ea5n v\u00e0 h\u1ed7 tr\u1ee3 l\u1ef1a ch\u1ecdn s\u1ea3n ph\u1ea9m ph\u00f9 h\u1ee3p v\u1edbi nhu c\u1ea7u c\u1ee7a b\u1ea1n!<\/p>\n<\/div>\n","protected":false},"excerpt":{"rendered":"<p><strong>T\u00ean sa\u0309n ph\u00e2\u0309m:<\/strong>\u00a0DEVCON WEAR GUARD HIGH LOAD 11490<\/p>\n","protected":false},"featured_media":7627,"comment_status":"closed","ping_status":"closed","template":"","meta":[],"product_brand":[],"product_cat":[163],"product_tag":[],"class_list":{"0":"post-7626","1":"product","2":"type-product","3":"status-publish","4":"has-post-thumbnail","6":"product_cat-devcon","8":"first","9":"instock","10":"shipping-taxable","11":"product-type-simple"},"_links":{"self":[{"href":"https:\/\/yenhung.com\/index.php?rest_route=\/wp\/v2\/product\/7626","targetHints":{"allow":["GET"]}}],"collection":[{"href":"https:\/\/yenhung.com\/index.php?rest_route=\/wp\/v2\/product"}],"about":[{"href":"https:\/\/yenhung.com\/index.php?rest_route=\/wp\/v2\/types\/product"}],"replies":[{"embeddable":true,"href":"https:\/\/yenhung.com\/index.php?rest_route=%2Fwp%2Fv2%2Fcomments&post=7626"}],"wp:featuredmedia":[{"embeddable":true,"href":"https:\/\/yenhung.com\/index.php?rest_route=\/wp\/v2\/media\/7627"}],"wp:attachment":[{"href":"https:\/\/yenhung.com\/index.php?rest_route=%2Fwp%2Fv2%2Fmedia&parent=7626"}],"wp:term":[{"taxonomy":"product_brand","embeddable":true,"href":"https:\/\/yenhung.com\/index.php?rest_route=%2Fwp%2Fv2%2Fproduct_brand&post=7626"},{"taxonomy":"product_cat","embeddable":true,"href":"https:\/\/yenhung.com\/index.php?rest_route=%2Fwp%2Fv2%2Fproduct_cat&post=7626"},{"taxonomy":"product_tag","embeddable":true,"href":"https:\/\/yenhung.com\/index.php?rest_route=%2Fwp%2Fv2%2Fproduct_tag&post=7626"}],"curies":[{"name":"wp","href":"https:\/\/api.w.org\/{rel}","templated":true}]}}