{"id":7650,"date":"2025-11-10T08:12:28","date_gmt":"2025-11-10T08:12:28","guid":{"rendered":"https:\/\/yenhung.com\/?product=keo-devcon-11340-defense-blok-surface-wetting-agent-450g"},"modified":"2026-02-11T01:48:36","modified_gmt":"2026-02-11T01:48:36","slug":"keo-devcon-11340-defense-blok-surface-wetting-agent-450g","status":"publish","type":"product","link":"https:\/\/yenhung.com\/?product=keo-devcon-11340-defense-blok-surface-wetting-agent-450g","title":{"rendered":"Keo devcon 11340 defense blok surface wetting agent &#8211; 450g"},"content":{"rendered":"<div class=\"ba-text-fpt\">\n<h1><strong>M\u00f4 t\u1ea3 Keo Devcon 11340 Defense Blok Surface Wetting Agent<\/strong><\/h1>\n<p><strong><img decoding=\"async\" title=\"11340-jpeg-2\" src=\"https:\/\/yenhung.com\/wp-content\/uploads\/2025\/11\/11340-jpeg-2.jpg\" data-thumb=\"large\" \/><\/strong><\/p>\n<p>Devcon 11340 Defense Blok Surface Wetting Agent\u00a0l\u00e0 m\u1ed9t h\u1ee3p ch\u1ea5t gel epoxy thixotropic b\u1ea3o v\u1ec7 ch\u1ed1ng m\u00e0i m\u00f2n \u0111\u01b0\u1ee3c pha ch\u1ebf \u0111\u1ec3 t\u1ed3n t\u1ea1i l\u00e2u h\u01a1n \u0111\u00e1ng k\u1ec3 so v\u1edbi c\u00e1c s\u1ea3n ph\u1ea9m ch\u1ed1ng m\u00e0i m\u00f2n truy\u1ec1n th\u1ed1ng \u0111\u1ed3ng th\u1eddi mang l\u1ea1i hi\u1ec7u su\u1ea5t v\u01b0\u1ee3t tr\u1ed9i trong nh\u1eefng \u0111i\u1ec1u ki\u1ec7n kh\u1eafc nghi\u1ec7t nh\u1ea5t.<\/p>\n<p>Devcon 11340 Defense Blok Surface Wetting Agent\u00a0l\u00e0 m\u1ed9t h\u1ee3p ch\u1ea5t gel epoxy thixotropic b\u1ea3o v\u1ec7 ch\u1ed1ng m\u00e0i m\u00f2n \u0111\u01b0\u1ee3c pha ch\u1ebf \u0111\u1ec3 t\u1ed3n t\u1ea1i l\u00e2u h\u01a1n \u0111\u00e1ng k\u1ec3 so v\u1edbi c\u00e1c s\u1ea3n ph\u1ea9m ch\u1ed1ng m\u00e0i m\u00f2n truy\u1ec1n th\u1ed1ng \u0111\u1ed3ng th\u1eddi mang l\u1ea1i hi\u1ec7u su\u1ea5t v\u01b0\u1ee3t tr\u1ed9i trong nh\u1eefng \u0111i\u1ec1u ki\u1ec7n kh\u1eafc nghi\u1ec7t nh\u1ea5t.<\/p>\n<h2><strong>\u01afu \u0111i\u00ea\u0309m Devcon 11340 Defense Blok Surface Wetting Agent<\/strong><\/h2>\n<p><strong><img decoding=\"async\" title=\"devcon-11340-1-1\" src=\"https:\/\/yenhung.com\/wp-content\/uploads\/2025\/11\/devcon-11340-1-1.png\" data-thumb=\"original\" \/><\/strong><\/p>\n<p>C\u00e1c l\u1ee3i \u00edch ch\u00ednh bao g\u1ed3m:<\/p>\n<ul>\n<li>Kh\u00f4ng m\u1ea5t th\u1eddi gian ch\u1edd \u0111\u1ee3i tr\u01b0\u1edbc khi \u00e1p d\u1ee5ng DFense Blok \u2122<\/li>\n<li>Cho ph\u00e9p b\u00e1m d\u00ednh v\u01b0\u1ee3t tr\u1ed9i tr\u00ean c\u00e1c b\u1ec1 m\u1eb7t th\u1eb3ng \u0111\u1ee9ng v\u00e0 tr\u00ean cao<\/li>\n<li>S\u1eed d\u1ee5ng thay cho kim lo\u1ea1i n\u1edf ra<\/li>\n<li>M\u00e0u cam \u0111\u1ec3 d\u1ec5 d\u00e0ng ki\u1ec3m tra b\u1eb1ng m\u1eaft<\/li>\n<li>Th\u1eddi gian m\u1edf: 25 ph\u00fat<\/li>\n<li>M\u00e0u cam<\/li>\n<\/ul>\n<h2><strong>\u01af\u0301ng du\u0323ng Devcon 11340 Defense Blok Surface Wetting Agent<\/strong><\/h2>\n<p><strong><img decoding=\"async\" title=\"devcon-11340-2-1\" src=\"https:\/\/yenhung.com\/wp-content\/uploads\/2025\/11\/devcon-11340-2-1.png\" data-thumb=\"original\" \/><\/strong><\/p>\n<ul>\n<li>DEVCON 11340 \u0111\u01b0\u1ee3c s\u1eed d\u1ee5ng r\u1ed9ng r\u00e3i trong c\u00e1c m\u1ecf \u0111\u00e1, xi m\u0103ng v\u00e0 nh\u00e0 m\u00e1y \u0111i\u1ec7n \u0111\u1ec3 s\u1eeda ch\u1eefa v\u00e0 b\u1ea3o v\u1ec7 nhi\u1ec1u lo\u1ea1i thi\u1ebft b\u1ecb. C\u00e1c nh\u00e0 khai th\u00e1c c\u00f3 th\u1ec3 ti\u1ebft ki\u1ec7m chi ph\u00ed v\u00e0 ph\u1ee5c h\u1ed3i thi\u1ebft b\u1ecb v\u00e0 ho\u1ea1t \u0111\u1ed9ng tr\u1edf l\u1ea1i trong v\u00f2ng v\u00e0i gi\u1edd !!<\/li>\n<li>DEVCON 11340 \u0111\u01b0\u1ee3c s\u1eed d\u1ee5ng \u0111\u1ec3 s\u1eeda ch\u1eefa c\u00e1c thi\u1ebft b\u1ecb ch\u1ebf bi\u1ebfn bao g\u1ed3m m\u00e1y l\u1ecdc, h\u1ec7 th\u1ed1ng x\u1eed l\u00fd tro, c\u00fat \u1ed1ng, l\u01b0\u1edbi ch\u1eafn, m\u00e1ng, m\u00e1y b\u0103m, th\u00f9ng, ph\u1ec5u, boongke, thi\u1ebft b\u1ecb ph\u00e2n t\u00e1ch, b\u00e0n ph\u00e2n h\u1ee7y. DFense Blok c\u0169ng b\u1ea3o v\u1ec7 c\u00e1c thi\u1ebft b\u1ecb bao g\u1ed3m m\u00e1y x\u1ea3, m\u00e1y gi\u1eb7t, qu\u1ea1t nh\u00e0 \u1edf, m\u00e1y nghi\u1ec1n, m\u00e1y c\u1eaft v\u00e0 v\u00edt b\u0103ng t\u1ea3i<\/li>\n<\/ul>\n<\/div>\n","protected":false},"excerpt":{"rendered":"<p><strong>\u00ean sa\u0309n ph\u00e2\u0309m:<\/strong>\u00a0Keo Defense Blok Surface Wetting Agent<\/p>\n","protected":false},"featured_media":7651,"comment_status":"closed","ping_status":"closed","template":"","meta":[],"product_brand":[],"product_cat":[163],"product_tag":[],"class_list":{"0":"post-7650","1":"product","2":"type-product","3":"status-publish","4":"has-post-thumbnail","6":"product_cat-devcon","8":"first","9":"instock","10":"shipping-taxable","11":"product-type-simple"},"_links":{"self":[{"href":"https:\/\/yenhung.com\/index.php?rest_route=\/wp\/v2\/product\/7650","targetHints":{"allow":["GET"]}}],"collection":[{"href":"https:\/\/yenhung.com\/index.php?rest_route=\/wp\/v2\/product"}],"about":[{"href":"https:\/\/yenhung.com\/index.php?rest_route=\/wp\/v2\/types\/product"}],"replies":[{"embeddable":true,"href":"https:\/\/yenhung.com\/index.php?rest_route=%2Fwp%2Fv2%2Fcomments&post=7650"}],"wp:featuredmedia":[{"embeddable":true,"href":"https:\/\/yenhung.com\/index.php?rest_route=\/wp\/v2\/media\/7651"}],"wp:attachment":[{"href":"https:\/\/yenhung.com\/index.php?rest_route=%2Fwp%2Fv2%2Fmedia&parent=7650"}],"wp:term":[{"taxonomy":"product_brand","embeddable":true,"href":"https:\/\/yenhung.com\/index.php?rest_route=%2Fwp%2Fv2%2Fproduct_brand&post=7650"},{"taxonomy":"product_cat","embeddable":true,"href":"https:\/\/yenhung.com\/index.php?rest_route=%2Fwp%2Fv2%2Fproduct_cat&post=7650"},{"taxonomy":"product_tag","embeddable":true,"href":"https:\/\/yenhung.com\/index.php?rest_route=%2Fwp%2Fv2%2Fproduct_tag&post=7650"}],"curies":[{"name":"wp","href":"https:\/\/api.w.org\/{rel}","templated":true}]}}