{"id":7681,"date":"2025-11-10T08:16:56","date_gmt":"2025-11-10T08:16:56","guid":{"rendered":"https:\/\/yenhung.com\/?product=mo-bo-wurth-multi-purpose-grease-ii-400g-chai"},"modified":"2026-02-11T01:47:30","modified_gmt":"2026-02-11T01:47:30","slug":"mo-bo-wurth-multi-purpose-grease-ii-400g-chai","status":"publish","type":"product","link":"https:\/\/yenhung.com\/?product=mo-bo-wurth-multi-purpose-grease-ii-400g-chai","title":{"rendered":"M\u1ee1 b\u00f2 Wurth Multi-purpose Grease II 400g\/chai"},"content":{"rendered":"<div class=\"ba-text-fpt\">\n<h2><strong>M\u1ee1 b\u00f2 Wurth Multi-purpose Grease II 400g\/chai<\/strong><\/h2>\n<p>M\u1ee1 Wurth Multi-purpose Grease II \u0111\u01b0\u1ee3c pha ch\u1ebf t\u1eeb <b>d\u1ea7u g\u1ed1c kho\u00e1ng<\/b> v\u00e0 <b>ch\u1ea5t l\u00e0m \u0111\u1eb7c g\u1ed1c x\u00e0 ph\u00f2ng Lithium 12-Hydroxystearate<\/b>, c\u00f9ng v\u1edbi c\u00e1c <b>ph\u1ee5 gia EP (Extreme Pressure)<\/b> v\u00e0 <b>graphite<\/b>. S\u1ef1 k\u1ebft h\u1ee3p n\u00e0y mang l\u1ea1i nh\u1eefng \u01b0u \u0111i\u1ec3m ch\u00ednh sau:<\/p>\n<p><img decoding=\"async\" title=\"wurth-multi-purpose-grease-ii-a-1751343882670-2\" src=\"https:\/\/yenhung.com\/wp-content\/uploads\/2025\/11\/wurth-multi-purpose-grease-ii-a-1751343882670-2.jpg\" alt=\"M\u1ee1 b\u00f2 Wurth Multi-purpose Grease II 400g\/chai\" data-thumb=\"large\" \/><\/p>\n<ul>\n<li><b>Ch\u1ecbu \u00e1p su\u1ea5t cao:<\/b> Nh\u1edd c\u00f3 ph\u1ee5 gia EP, m\u1ee1 c\u00f3 kh\u1ea3 n\u0103ng ch\u1ecbu t\u1ea3i tr\u1ecdng n\u1eb7ng v\u00e0 t\u1ea3i va \u0111\u1eadp c\u1ef1c t\u1ed1t, b\u1ea3o v\u1ec7 hi\u1ec7u qu\u1ea3 c\u00e1c b\u1ec1 m\u1eb7t kim lo\u1ea1i kh\u1ecfi m\u00e0i m\u00f2n.<\/li>\n<li><b>\u0110\u1eb7c t\u00ednh ch\u1ea1y kh\u1ea9n c\u1ea5p tuy\u1ec7t v\u1eddi:<\/b> Graphite trong th\u00e0nh ph\u1ea7n gi\u00fap c\u1ea3i thi\u1ec7n kh\u1ea3 n\u0103ng b\u00f4i tr\u01a1n trong \u0111i\u1ec1u ki\u1ec7n kh\u1ea9n c\u1ea5p ho\u1eb7c khi m\u00e0ng d\u1ea7u b\u1ecb ph\u00e1 v\u1ee1 t\u1ea1m th\u1eddi, t\u0103ng c\u01b0\u1eddng s\u1ef1 b\u1ea3o v\u1ec7 cho thi\u1ebft b\u1ecb.<\/li>\n<li><b>Ch\u1ed1ng g\u1ec9 s\u00e9t v\u00e0 \u0103n m\u00f2n:<\/b> M\u1ee1 t\u1ea1o l\u1edbp m\u00e0ng b\u1ea3o v\u1ec7 hi\u1ec7u qu\u1ea3, ng\u0103n ng\u1eeba g\u1ec9 s\u00e9t v\u00e0 \u0103n m\u00f2n cho c\u00e1c chi ti\u1ebft kim lo\u1ea1i, ngay c\u1ea3 trong m\u00f4i tr\u01b0\u1eddng \u1ea9m \u01b0\u1edbt ho\u1eb7c c\u00f3 n\u01b0\u1edbc.<\/li>\n<li><b>Kh\u00e1ng n\u01b0\u1edbc, b\u1ee5i b\u1ea9n v\u00e0 ch\u1ea5t b\u1ea9n:<\/b> M\u1ee1 c\u00f3 kh\u1ea3 n\u0103ng ch\u1ed1ng l\u1ea1i s\u1ef1 r\u1eeda tr\u00f4i c\u1ee7a n\u01b0\u1edbc, \u0111\u1ed3ng th\u1eddi t\u1ea1o l\u1edbp m\u00e0ng b\u1ea3o v\u1ec7 gi\u00fap ch\u1ed1ng l\u1ea1i s\u1ef1 x\u00e2m nh\u1eadp c\u1ee7a b\u1ee5i v\u00e0 c\u00e1c h\u1ea1t b\u1ea9n, gi\u1eef cho c\u00e1c b\u1ed9 ph\u1eadn s\u1ea1ch s\u1ebd v\u00e0 ho\u1ea1t \u0111\u1ed9ng tr\u01a1n tru.<\/li>\n<li><b>\u1ed4n \u0111\u1ecbnh nhi\u1ec7t:<\/b> M\u1ee1 ho\u1ea1t \u0111\u1ed9ng hi\u1ec7u qu\u1ea3 trong d\u1ea3i nhi\u1ec7t \u0111\u1ed9 r\u1ed9ng, t\u1eeb <b>\u221230\u2218C \u0111\u1ebfn +130\u2218C<\/b>, v\u1edbi \u0111i\u1ec3m nh\u1ecf gi\u1ecdt kho\u1ea3ng <b>180\u2218C<\/b>.<\/li>\n<li><b>\u0110\u1ed9 b\u1ec1n c\u01a1 h\u1ecdc t\u1ed1t:<\/b> M\u1ee1 duy tr\u00ec c\u1ea5u tr\u00fac v\u00e0 \u0111\u1ed9 \u0111\u1eb7c \u1ed5n \u0111\u1ecbnh ngay c\u1ea3 khi ch\u1ecbu \u1ee9ng su\u1ea5t c\u01a1 h\u1ecdc cao, \u0111\u1ea3m b\u1ea3o m\u00e0ng b\u00f4i tr\u01a1n li\u00ean t\u1ee5c v\u00e0 gi\u1ea3m thi\u1ec3u r\u00f2 r\u1ec9 m\u1ee1.<\/li>\n<li><b>Kh\u00f4ng ch\u1ee9a nh\u1ef1a, silicone, axit v\u00e0 kim lo\u1ea1i n\u1eb7ng:<\/b> \u0110i\u1ec1u n\u00e0y l\u00e0m cho m\u1ee1 an to\u00e0n h\u01a1n khi s\u1eed d\u1ee5ng v\u00e0 kh\u00f4ng g\u00e2y \u1ea3nh h\u01b0\u1edfng \u0111\u1ebfn c\u00e1c qu\u00e1 tr\u00ecnh gia c\u00f4ng ho\u1eb7c v\u1eadt li\u1ec7u kh\u00e1c.<\/li>\n<li><b>\u0110\u1ed9 \u0111\u1eb7c NLGI 2:<\/b> \u0110\u00e2y l\u00e0 \u0111\u1ed9 \u0111\u1eb7c ph\u1ed5 bi\u1ebfn v\u00e0 \u0111a d\u1ee5ng, ph\u00f9 h\u1ee3p v\u1edbi h\u1ea7u h\u1ebft c\u00e1c \u1ee9ng d\u1ee5ng b\u00f4i tr\u01a1n th\u00f4ng th\u01b0\u1eddng v\u00e0 nhi\u1ec1u lo\u1ea1i s\u00fang b\u01a1m m\u1ee1<\/li>\n<li><b>M\u00e0u s\u1eafc \u0111\u1eb7c tr\u01b0ng:<\/b> M\u1ee1 c\u00f3 m\u00e0u <b>x\u00e1m ho\u1eb7c \u0111en<\/b> do s\u1ef1 hi\u1ec7n di\u1ec7n c\u1ee7a graphite.<br \/>\n<h3><b>\u1ee8ng d\u1ee5ng c\u1ee7a M\u1ee1 Wurth Multi-purpose Grease II<\/b><\/h3>\n<p><img decoding=\"async\" title=\"wurth-multi-purpose-grease-ii-b-1751343882993-1\" src=\"https:\/\/yenhung.com\/wp-content\/uploads\/2025\/11\/wurth-multi-purpose-grease-ii-b-1751343882993-1.jpg\" alt=\"M\u1ee1 b\u00f2 Wurth Multi-purpose Grease II 400g\/chai\" data-thumb=\"large\" \/><\/p>\n<p>M\u1ee1 Wurth Multi-purpose Grease II \u0111\u01b0\u1ee3c khuy\u1ebfn ngh\u1ecb s\u1eed d\u1ee5ng r\u1ed9ng r\u00e3i cho c\u00e1c \u1ee9ng d\u1ee5ng ch\u1ecbu t\u1ea3i v\u1eeba v\u00e0 n\u1eb7ng trong nhi\u1ec1u l\u0129nh v\u1ef1c:<\/li>\n<li><b>V\u00f2ng bi v\u00e0 \u1ed5 tr\u01b0\u1ee3t:<\/b> Ph\u00f9 h\u1ee3p cho c\u00e1c lo\u1ea1i \u1ed5 bi, \u1ed5 l\u0103n, \u1ed5 tr\u1ee5c, \u1ed5 tr\u01b0\u1ee3t, kh\u1edbp quay, v\u00e0 c\u00e1c c\u1ee5m l\u1eafp r\u00e1p.<\/li>\n<li><b>Tr\u1ee5c v\u00e0 kh\u1edbp n\u1ed1i:<\/b> B\u00f4i tr\u01a1n c\u00e1c tr\u1ee5c, kh\u1edbp n\u1ed1i, b\u1ea3n l\u1ec1, thanh n\u1ed1i, v.v.<\/li>\n<li><b>Ray tr\u01b0\u1ee3t v\u00e0 thanh d\u1eabn h\u01b0\u1edbng:<\/b> \u0110\u1ea3m b\u1ea3o chuy\u1ec3n \u0111\u1ed9ng tr\u01a1n tru v\u00e0 ch\u00ednh x\u00e1c cho c\u00e1c r\u00e3nh tr\u01b0\u1ee3t, thanh d\u1eabn h\u01b0\u1edbng c\u1ee7a m\u00e1y m\u00f3c.<\/li>\n<li><b>Thi\u1ebft b\u1ecb th\u1ee7y l\u1ef1c:<\/b> C\u00f3 th\u1ec3 s\u1eed d\u1ee5ng trong m\u1ed9t s\u1ed1 b\u1ed9 ph\u1eadn c\u1ee7a thi\u1ebft b\u1ecb th\u1ee7y l\u1ef1c.<\/li>\n<li><b>Ph\u01b0\u01a1ng ti\u1ec7n v\u00e0 m\u00e1y m\u00f3c:<\/b> \u1ee8ng d\u1ee5ng trong c\u00e1c lo\u1ea1i xe c\u1ed9, m\u00e1y m\u00f3c x\u00e2y d\u1ef1ng, m\u00e1y m\u00f3c n\u00f4ng nghi\u1ec7p v\u00e0 c\u00e1c thi\u1ebft b\u1ecb c\u00f4ng nghi\u1ec7p kh\u00e1c.<\/li>\n<li>\u0110\u1eb7c bi\u1ec7t hi\u1ec7u qu\u1ea3 cho c\u00e1c \u1ee9ng d\u1ee5ng n\u01a1i c\u00f3 <b>t\u1ef7 l\u1ec7 ma s\u00e1t tr\u01b0\u1ee3t t\u01b0\u01a1ng \u0111\u1ed1i cao<\/b>, nh\u01b0 trong v\u00f2ng bi v\u00e0 \u1ed5 tr\u01b0\u1ee3t.<\/li>\n<\/ul>\n<p><img decoding=\"async\" title=\"wurth-multi-purpose-grease-ii-c-1751343953821-1\" src=\"https:\/\/yenhung.com\/wp-content\/uploads\/2025\/11\/wurth-multi-purpose-grease-ii-c-1751343953821-1.jpg\" alt=\"M\u1ee1 b\u00f2 Wurth Multi-purpose Grease II 400g\/chai\" data-thumb=\"large\" \/><\/p>\n<p>&nbsp;<\/p>\n<\/div>\n","protected":false},"excerpt":{"rendered":"<p><strong>S\u1ea3n ph\u1ea9m:<\/strong>\u00a0M\u1ee1 b\u00f2 Wurth Multi-purpose Grease II 400g\/chai<\/p>\n","protected":false},"featured_media":7682,"comment_status":"closed","ping_status":"closed","template":"","meta":[],"product_brand":[],"product_cat":[164],"product_tag":[],"class_list":{"0":"post-7681","1":"product","2":"type-product","3":"status-publish","4":"has-post-thumbnail","6":"product_cat-wurth","8":"first","9":"instock","10":"shipping-taxable","11":"product-type-simple"},"_links":{"self":[{"href":"https:\/\/yenhung.com\/index.php?rest_route=\/wp\/v2\/product\/7681","targetHints":{"allow":["GET"]}}],"collection":[{"href":"https:\/\/yenhung.com\/index.php?rest_route=\/wp\/v2\/product"}],"about":[{"href":"https:\/\/yenhung.com\/index.php?rest_route=\/wp\/v2\/types\/product"}],"replies":[{"embeddable":true,"href":"https:\/\/yenhung.com\/index.php?rest_route=%2Fwp%2Fv2%2Fcomments&post=7681"}],"wp:featuredmedia":[{"embeddable":true,"href":"https:\/\/yenhung.com\/index.php?rest_route=\/wp\/v2\/media\/7682"}],"wp:attachment":[{"href":"https:\/\/yenhung.com\/index.php?rest_route=%2Fwp%2Fv2%2Fmedia&parent=7681"}],"wp:term":[{"taxonomy":"product_brand","embeddable":true,"href":"https:\/\/yenhung.com\/index.php?rest_route=%2Fwp%2Fv2%2Fproduct_brand&post=7681"},{"taxonomy":"product_cat","embeddable":true,"href":"https:\/\/yenhung.com\/index.php?rest_route=%2Fwp%2Fv2%2Fproduct_cat&post=7681"},{"taxonomy":"product_tag","embeddable":true,"href":"https:\/\/yenhung.com\/index.php?rest_route=%2Fwp%2Fv2%2Fproduct_tag&post=7681"}],"curies":[{"name":"wp","href":"https:\/\/api.w.org\/{rel}","templated":true}]}}