{"id":7689,"date":"2025-11-10T08:17:02","date_gmt":"2025-11-10T08:17:02","guid":{"rendered":"https:\/\/yenhung.com\/?product=mo-tra-ac-phanh-wurth-10g"},"modified":"2026-02-11T01:46:31","modified_gmt":"2026-02-11T01:46:31","slug":"mo-tra-ac-phanh-wurth-10g","status":"publish","type":"product","link":"https:\/\/yenhung.com\/?product=mo-tra-ac-phanh-wurth-10g","title":{"rendered":"M\u1ee1 tra \u1eafc phanh Wurth &#8211; 10g"},"content":{"rendered":"<div class=\"ba-text-fpt\">\n<h2 data-sourcepos=\"12:1-12:53\"><strong>M\u1ee1 tra \u1eafc phanh Wurth &#8211; 10g<\/strong><\/h2>\n<p><strong><img decoding=\"async\" title=\"mo-tra-ac-phanh-wurth-10g-2-2\" src=\"https:\/\/yenhung.com\/wp-content\/uploads\/2025\/11\/mo-tra-ac-phanh-wurth-10g-2-2.jpg\" alt=\"M\u1ee1 tra \u1eafc phanh Wurth - 10g\" data-thumb=\"large\" \/><\/strong><\/p>\n<p data-sourcepos=\"12:1-12:53\">\u0110\u1eb7c \u0111i\u1ec3m n\u1ed5i b\u1eadt c\u1ee7a M\u1ee1 tra \u1eafc phanh Wurth 10g<\/p>\n<p data-sourcepos=\"14:1-14:102\">D\u00f9 l\u00e0 Brake Paste hay Brake Cylinder Paste, c\u1ea3 hai s\u1ea3n ph\u1ea9m \u0111\u1ec1u mang nh\u1eefng \u0111\u1eb7c t\u00ednh cao c\u1ea5p c\u1ee7a Wurth:<\/p>\n<ul data-sourcepos=\"16:1-23:0\">\n<li data-sourcepos=\"16:1-16:134\"><strong>Ch\u1ecbu nhi\u1ec7t \u0111\u1ed9 cao:<\/strong> Kh\u1ea3 n\u0103ng ho\u1ea1t \u0111\u1ed9ng \u1ed5n \u0111\u1ecbnh trong d\u1ea3i nhi\u1ec7t \u0111\u1ed9 r\u1ed9ng, \u0111\u1eb7c bi\u1ec7t l\u00e0 nhi\u1ec7t \u0111\u1ed9 cao ph\u00e1t sinh trong qu\u00e1 tr\u00ecnh phanh.<\/li>\n<li data-sourcepos=\"17:1-17:116\"><strong>Ch\u1ed1ng \u0103n m\u00f2n v\u00e0 r\u1ec9 s\u00e9t:<\/strong> B\u1ea3o v\u1ec7 c\u00e1c chi ti\u1ebft kim lo\u1ea1i kh\u1ecfi s\u1ef1 \u0103n m\u00f2n do n\u01b0\u1edbc, b\u1ee5i b\u1ea9n v\u00e0 c\u00e1c y\u1ebfu t\u1ed1 m\u00f4i tr\u01b0\u1eddng.<\/li>\n<li data-sourcepos=\"18:1-18:149\"><strong>Gi\u1ea3m ma s\u00e1t v\u00e0 ti\u1ebfng \u1ed3n:<\/strong> \u0110\u1ea3m b\u1ea3o c\u00e1c b\u1ed9 ph\u1eadn tr\u01b0\u1ee3t, piston, v\u00e0 m\u00e1 phanh di chuy\u1ec3n \u00eam \u00e1i, gi\u1ea3m ti\u1ebfng k\u00eau kh\u00f3 ch\u1ecbu (nh\u01b0 ti\u1ebfng ken k\u00e9t khi phanh).<\/li>\n<li data-sourcepos=\"19:1-19:141\"><strong>K\u00e9o d\u00e0i tu\u1ed5i th\u1ecd h\u1ec7 th\u1ed1ng phanh:<\/strong> Gi\u00fap c\u00e1c chi ti\u1ebft ho\u1ea1t \u0111\u1ed9ng tr\u01a1n tru, gi\u1ea3m m\u00e0i m\u00f2n, t\u1eeb \u0111\u00f3 k\u00e9o d\u00e0i tu\u1ed5i th\u1ecd c\u1ee7a to\u00e0n b\u1ed9 h\u1ec7 th\u1ed1ng phanh.<\/li>\n<li data-sourcepos=\"19:1-19:141\"><img decoding=\"async\" title=\"mo-tra-ac-phanh-wurth-10g-4-1\" src=\"https:\/\/yenhung.com\/wp-content\/uploads\/2025\/11\/mo-tra-ac-phanh-wurth-10g-4-1.jpg\" alt=\"M\u1ee1 tra \u1eafc phanh Wurth - 10g\" data-thumb=\"large\" \/><\/li>\n<li data-sourcepos=\"20:1-23:0\"><strong>An to\u00e0n v\u1edbi v\u1eadt li\u1ec7u:<\/strong>\n<ul data-sourcepos=\"21:5-23:0\">\n<li data-sourcepos=\"21:5-21:201\"><strong>Brake Cylinder Paste:<\/strong> T\u01b0\u01a1ng th\u00edch v\u00e0 an to\u00e0n v\u1edbi c\u00e1c v\u1eadt li\u1ec7u cao su v\u00e0 nh\u1ef1a trong h\u1ec7 th\u1ed1ng phanh, kh\u00f4ng l\u00e0m tr\u01b0\u01a1ng n\u1edf hay h\u01b0 h\u1ea1i cupen phanh. T\u01b0\u01a1ng th\u00edch v\u1edbi d\u1ea7u phanh DOT 3, DOT 4, DOT 5.1.<\/li>\n<li data-sourcepos=\"22:5-23:0\"><strong>Brake Paste:<\/strong> Kh\u00f4ng ch\u1ee9a silicone, MoS2 v\u00e0 ch\u00ec, an to\u00e0n v\u1edbi c\u1ea3m bi\u1ebfn ABS.<\/li>\n<\/ul>\n<\/li>\n<\/ul>\n<p data-sourcepos=\"24:1-24:111\"><strong>Quy c\u00e1ch 10g:<\/strong> \u0110\u00e2y l\u00e0 d\u1ea1ng g\u00f3i nh\u1ecf r\u1ea5t ti\u1ec7n l\u1ee3i cho m\u1ed9t l\u1ea7n b\u1ea3o d\u01b0\u1ee1ng ho\u1eb7c s\u1eeda ch\u1eefa t\u1ea1i nh\u00e0, tr\u00e1nh l\u00e3ng ph\u00ed.<\/p>\n<h3 data-sourcepos=\"28:1-28:45\">\u1ee8ng d\u1ee5ng c\u1ee7a M\u1ee1 tra \u1eafc phanh Wurth 10g<\/h3>\n<p><img decoding=\"async\" title=\"mo-tra-ac-phanh-wurth-10g-5-1\" src=\"https:\/\/yenhung.com\/wp-content\/uploads\/2025\/11\/mo-tra-ac-phanh-wurth-10g-5-1.jpg\" alt=\"M\u1ee1 tra \u1eafc phanh Wurth - 10g\" data-thumb=\"large\" \/><\/p>\n<ul data-sourcepos=\"30:1-37:0\">\n<li data-sourcepos=\"30:1-33:64\"><strong>M\u1ee1 tra \u1eafc phanh (Brake Cylinder Paste):<\/strong>\n<ul data-sourcepos=\"31:5-33:64\">\n<li data-sourcepos=\"31:5-31:110\">B\u00f4i tr\u01a1n v\u00e0 b\u1ea3o v\u1ec7 c\u00e1c <strong>\u1eafc phanh (ch\u1ed1t d\u1eabn h\u01b0\u1edbng k\u1eb9p phanh)<\/strong> \u0111\u1ec3 \u0111\u1ea3m b\u1ea3o k\u1eb9p phanh di chuy\u1ec3n linh ho\u1ea1t.<\/li>\n<li data-sourcepos=\"32:5-32:115\">B\u00f4i tr\u01a1n cho <strong>piston phanh<\/strong> v\u00e0 <strong>cupen phanh (ph\u1edbt xi lanh phanh)<\/strong> trong xi lanh ch\u00ednh v\u00e0 xi lanh b\u00e1nh xe.<\/li>\n<li data-sourcepos=\"33:5-33:64\">D\u00f9ng \u0111\u1ec3 b\u1ea3o tr\u00ec c\u00e1c b\u1ed9 ph\u1eadn th\u1ee7y l\u1ef1c trong h\u1ec7 th\u1ed1ng phanh.<\/li>\n<\/ul>\n<\/li>\n<li data-sourcepos=\"34:1-37:0\"><strong>M\u1ee1 tra m\u00e1 phanh (Brake Paste):<\/strong>\n<ul data-sourcepos=\"35:5-37:0\">\n<li data-sourcepos=\"35:5-35:116\">B\u00f4i l\u00ean m\u1eb7t sau c\u1ee7a m\u00e1 phanh (ph\u1ea7n kim lo\u1ea1i ti\u1ebfp x\u00fac v\u1edbi piston ho\u1eb7c k\u1eb9p phanh) \u0111\u1ec3 ch\u1ed1ng ti\u1ebfng k\u00eau, ch\u1ed1ng k\u1eb9t.<\/li>\n<li data-sourcepos=\"36:5-37:0\">Kh\u00f4ng b\u00f4i l\u00ean b\u1ec1 m\u1eb7t ma s\u00e1t c\u1ee7a m\u00e1 phanh!<\/li>\n<\/ul>\n<\/li>\n<\/ul>\n<\/div>\n","protected":false},"excerpt":{"rendered":"<p><strong>T\u00ean sa\u0309n ph\u00e2\u0309m:\u00a0M\u1ee1 tra \u1eafc phanh Wurth &#8211; 10g<\/strong><\/p>\n","protected":false},"featured_media":7690,"comment_status":"closed","ping_status":"closed","template":"","meta":[],"product_brand":[],"product_cat":[164],"product_tag":[],"class_list":{"0":"post-7689","1":"product","2":"type-product","3":"status-publish","4":"has-post-thumbnail","6":"product_cat-wurth","8":"first","9":"instock","10":"shipping-taxable","11":"product-type-simple"},"_links":{"self":[{"href":"https:\/\/yenhung.com\/index.php?rest_route=\/wp\/v2\/product\/7689","targetHints":{"allow":["GET"]}}],"collection":[{"href":"https:\/\/yenhung.com\/index.php?rest_route=\/wp\/v2\/product"}],"about":[{"href":"https:\/\/yenhung.com\/index.php?rest_route=\/wp\/v2\/types\/product"}],"replies":[{"embeddable":true,"href":"https:\/\/yenhung.com\/index.php?rest_route=%2Fwp%2Fv2%2Fcomments&post=7689"}],"wp:featuredmedia":[{"embeddable":true,"href":"https:\/\/yenhung.com\/index.php?rest_route=\/wp\/v2\/media\/7690"}],"wp:attachment":[{"href":"https:\/\/yenhung.com\/index.php?rest_route=%2Fwp%2Fv2%2Fmedia&parent=7689"}],"wp:term":[{"taxonomy":"product_brand","embeddable":true,"href":"https:\/\/yenhung.com\/index.php?rest_route=%2Fwp%2Fv2%2Fproduct_brand&post=7689"},{"taxonomy":"product_cat","embeddable":true,"href":"https:\/\/yenhung.com\/index.php?rest_route=%2Fwp%2Fv2%2Fproduct_cat&post=7689"},{"taxonomy":"product_tag","embeddable":true,"href":"https:\/\/yenhung.com\/index.php?rest_route=%2Fwp%2Fv2%2Fproduct_tag&post=7689"}],"curies":[{"name":"wp","href":"https:\/\/api.w.org\/{rel}","templated":true}]}}