{"id":7722,"date":"2025-11-10T08:17:34","date_gmt":"2025-11-10T08:17:34","guid":{"rendered":"https:\/\/yenhung.com\/?product=chat-khu-mui-noi-that-wurth-500ml"},"modified":"2026-02-11T01:44:32","modified_gmt":"2026-02-11T01:44:32","slug":"chat-khu-mui-noi-that-wurth-500ml","status":"publish","type":"product","link":"https:\/\/yenhung.com\/?product=chat-khu-mui-noi-that-wurth-500ml","title":{"rendered":"Ch\u1ea5t kh\u1eed m\u00f9i n\u1ed9i th\u1ea5t Wurth 500ml"},"content":{"rendered":"<div class=\"ba-text-fpt\">\n<p>&nbsp;<\/p>\n<h1>Ch\u1ea5t kh\u1eed m\u00f9i n\u1ed9i th\u1ea5t 500ml: Gi\u1ea3i ph\u00e1p \u01b0u vi\u1ec7t cho kh\u00f4ng gian s\u1ed1ng trong l\u00e0nh<\/h1>\n<h2><img decoding=\"async\" title=\"cha-t-khu-mu-i-no-i-tha-t-500ml-jpeg-2\" src=\"https:\/\/yenhung.com\/wp-content\/uploads\/2025\/11\/cha-t-khu-mu-i-no-i-tha-t-500ml-jpeg-2.jpg\" alt=\"CH\u1ea4T KH\u1eec M\u00d9I N\u1ed8I TH\u1ea4T 500ML\" data-thumb=\"grande\" \/><\/h2>\n<p>Ch\u1ea5t kh\u1eed m\u00f9i n\u1ed9i th\u1ea5t 500ml l\u00e0 m\u1ed9t gi\u1ea3i ph\u00e1p ti\u00ean ti\u1ebfn \u0111\u01b0\u1ee3c thi\u1ebft k\u1ebf \u0111\u1ec3 lo\u1ea1i b\u1ecf hi\u1ec7u qu\u1ea3 m\u00f9i h\u00f4i kh\u00f3 ch\u1ecbu trong c\u00e1c kh\u00f4ng gian k\u00edn nh\u01b0 nh\u00e0 \u1edf, xe h\u01a1i, v\u0103n ph\u00f2ng v\u00e0 c\u01a1 s\u1edf y t\u1ebf. S\u1ea3n ph\u1ea9m s\u1eed d\u1ee5ng c\u00f4ng ngh\u1ec7 nano ti\u00ean ti\u1ebfn \u0111\u1ec3 ph\u00e1 v\u1ee1 c\u00e1c ph\u00e2n t\u1eed g\u00e2y m\u00f9i, t\u1ea1o ra b\u1ea7u kh\u00f4ng kh\u00ed trong l\u00e0nh v\u00e0 s\u1ea3ng kho\u00e1i.<\/p>\n<h2>\u0110\u1eb7c \u0111i\u1ec3m<\/h2>\n<ul>\n<li>Dung t\u00edch: 500ml<\/li>\n<li>C\u00f4ng ngh\u1ec7 nano ti\u00ean ti\u1ebfn<\/li>\n<li>Lo\u1ea1i b\u1ecf m\u00f9i h\u00f4i hi\u1ec7u qu\u1ea3<\/li>\n<li>L\u00e0m th\u01a1m v\u00e0 kh\u1eed tr\u00f9ng kh\u00f4ng kh\u00ed<\/li>\n<li>An to\u00e0n cho ng\u01b0\u1eddi v\u00e0 v\u1eadt nu\u00f4i<\/li>\n<\/ul>\n<h2>C\u00f4ng ngh\u1ec7 nano ti\u00ean ti\u1ebfn<\/h2>\n<p>Ch\u1ea5t kh\u1eed m\u00f9i n\u1ed9i th\u1ea5t 500ml s\u1eed d\u1ee5ng c\u00f4ng ngh\u1ec7 nano ti\u00ean ti\u1ebfn, cho ph\u00e9p c\u00e1c h\u1ea1t nano ti\u1ebfp c\u1eadn v\u00e0 ph\u00e1 v\u1ee1 c\u00e1c ph\u00e2n t\u1eed g\u00e2y m\u00f9i m\u1ed9t c\u00e1ch hi\u1ec7u qu\u1ea3. C\u00e1c h\u1ea1t nano c\u00f3 k\u00edch th\u01b0\u1edbc c\u1ef1c nh\u1ecf, cho ph\u00e9p ch\u00fang th\u00e2m nh\u1eadp s\u00e2u v\u00e0o c\u00e1c b\u1ec1 m\u1eb7t x\u1ed1p v\u00e0 v\u1ea3i, n\u01a1i m\u00f9i h\u00f4i th\u01b0\u1eddng t\u00edch t\u1ee5.<\/p>\n<h2>Lo\u1ea1i b\u1ecf m\u00f9i h\u00f4i hi\u1ec7u qu\u1ea3<\/h2>\n<p>V\u1edbi c\u00f4ng ngh\u1ec7 nano, ch\u1ea5t kh\u1eed m\u00f9i n\u00e0y c\u00f3 th\u1ec3 lo\u1ea1i b\u1ecf hi\u1ec7u qu\u1ea3 nhi\u1ec1u lo\u1ea1i m\u00f9i h\u00f4i c\u1ee9ng \u0111\u1ea7u, bao g\u1ed3m:<\/p>\n<ul>\n<li>M\u00f9i h\u00f4i c\u1ee7a thu\u1ed1c l\u00e1<\/li>\n<li>M\u00f9i h\u00f4i c\u1ee7a v\u1eadt nu\u00f4i<\/li>\n<li>M\u00f9i h\u00f4i \u1ea9m m\u1ed1c<\/li>\n<li>M\u00f9i h\u00f4i c\u1ee7a th\u1ee9c \u0103n<\/li>\n<li>M\u00f9i h\u00f4i c\u01a1 th\u1ec3<\/li>\n<\/ul>\n<h2>L\u00e0m th\u01a1m v\u00e0 kh\u1eed tr\u00f9ng kh\u00f4ng kh\u00ed<\/h2>\n<p>Ngo\u00e0i kh\u1ea3 n\u0103ng kh\u1eed m\u00f9i, ch\u1ea5t kh\u1eed m\u00f9i n\u1ed9i th\u1ea5t 500ml c\u00f2n c\u00f3 t\u00e1c d\u1ee5ng l\u00e0m th\u01a1m v\u00e0 kh\u1eed tr\u00f9ng kh\u00f4ng kh\u00ed. S\u1ea3n ph\u1ea9m c\u00f3 h\u01b0\u01a1ng th\u01a1m nh\u1eb9 nh\u00e0ng, t\u1ea1o c\u1ea3m gi\u00e1c s\u1ea3ng kho\u00e1i v\u00e0 th\u01b0 gi\u00e3n. C\u00e1c h\u1ea1t nano c\u0169ng c\u00f3 \u0111\u1eb7c t\u00ednh di\u1ec7t khu\u1ea9n, gi\u00fap lo\u1ea1i b\u1ecf c\u00e1c vi khu\u1ea9n v\u00e0 n\u1ea5m m\u1ed1c g\u00e2y h\u1ea1i.<\/p>\n<h2>An to\u00e0n cho ng\u01b0\u1eddi v\u00e0 v\u1eadt nu\u00f4i<\/h2>\n<p>Ch\u1ea5t kh\u1eed m\u00f9i n\u1ed9i th\u1ea5t 500ml \u0111\u01b0\u1ee3c s\u1ea3n xu\u1ea5t t\u1eeb c\u00e1c th\u00e0nh ph\u1ea7n an to\u00e0n, kh\u00f4ng g\u00e2y h\u1ea1i cho ng\u01b0\u1eddi v\u00e0 v\u1eadt nu\u00f4i. S\u1ea3n ph\u1ea9m kh\u00f4ng ch\u1ee9a c\u00e1c h\u00f3a ch\u1ea5t \u0111\u1ed9c h\u1ea1i ho\u1eb7c ch\u1ea5t g\u00e2y d\u1ecb \u1ee9ng, \u0111\u1ea3m b\u1ea3o s\u1ef1 an t\u00e2m khi s\u1eed d\u1ee5ng.<\/p>\n<h2>C\u00e1ch s\u1eed d\u1ee5ng<\/h2>\n<ol>\n<li>X\u00e1c \u0111\u1ecbnh ngu\u1ed3n m\u00f9i h\u00f4i.<\/li>\n<li>L\u1eafc \u0111\u1ec1u chai tr\u01b0\u1edbc khi s\u1eed d\u1ee5ng.<\/li>\n<li>Phun tr\u1ef1c ti\u1ebfp ch\u1ea5t kh\u1eed m\u00f9i v\u00e0o kh\u00f4ng kh\u00ed ho\u1eb7c c\u00e1c b\u1ec1 m\u1eb7t b\u1ecb \u1ea3nh h\u01b0\u1edfng.<\/li>\n<li>\u0110\u1ec3 s\u1ea3n ph\u1ea9m ho\u1ea1t \u0111\u1ed9ng trong v\u00e0i ph\u00fat.<\/li>\n<li>L\u1eb7p l\u1ea1i qu\u00e1 tr\u00ecnh n\u1ebfu c\u1ea7n thi\u1ebft.<\/li>\n<\/ol>\n<h2>L\u01b0u \u00fd<\/h2>\n<ul>\n<li>Tr\u00e1nh ti\u1ebfp x\u00fac v\u1edbi m\u1eaft.<\/li>\n<li>\u0110\u1ec3 xa t\u1ea7m tay tr\u1ebb em.<\/li>\n<li>N\u1ebfu s\u1ea3n ph\u1ea9m ti\u1ebfp x\u00fac v\u1edbi m\u1eaft, h\u00e3y r\u1eeda s\u1ea1ch b\u1eb1ng n\u01b0\u1edbc.<\/li>\n<\/ul>\n<h2>K\u1ebft lu\u1eadn<\/h2>\n<p>Ch\u1ea5t kh\u1eed m\u00f9i n\u1ed9i th\u1ea5t 500ml l\u00e0 m\u1ed9t gi\u1ea3i ph\u00e1p hi\u1ec7u qu\u1ea3 v\u00e0 an to\u00e0n \u0111\u1ec3 lo\u1ea1i b\u1ecf m\u00f9i h\u00f4i kh\u00f3 ch\u1ecbu v\u00e0 t\u1ea1o ra m\u1ed9t kh\u00f4ng gian s\u1ed1ng trong l\u00e0nh. V\u1edbi c\u00f4ng ngh\u1ec7 nano ti\u00ean ti\u1ebfn v\u00e0 kh\u1ea3 n\u0103ng kh\u1eed m\u00f9i, l\u00e0m th\u01a1m v\u00e0 kh\u1eed tr\u00f9ng, s\u1ea3n ph\u1ea9m n\u00e0y l\u00e0 s\u1ef1 l\u1ef1a ch\u1ecdn l\u00fd t\u01b0\u1edfng cho nh\u00e0 \u1edf, xe h\u01a1i, v\u0103n ph\u00f2ng v\u00e0 c\u01a1 s\u1edf y t\u1ebf.<\/p>\n<\/div>\n","protected":false},"excerpt":{"rendered":"<p><strong>T\u00ean sa\u0309n ph\u00e2\u0309m:<\/strong>CH\u1ea4T KH\u1eec M\u00d9I N\u1ed8I TH\u1ea4T 500ML<br \/>\n<strong>T\u00ecnh tr\u1ea1ng:<\/strong> Li\u00ean h\u1ec7 S\u0110T 090 666 5927 .<br \/>\n<strong>Kho:<\/strong> H\u1ed3 Ch\u00ed Minh.<br \/>\n<strong>Li\u00ean h\u1ec7:<\/strong> (24\/7)<br \/>\n<strong>Giao h\u00e0ng:<\/strong> Trong ng\u00e0y<\/p>\n","protected":false},"featured_media":7723,"comment_status":"closed","ping_status":"closed","template":"","meta":[],"product_brand":[],"product_cat":[164],"product_tag":[],"class_list":{"0":"post-7722","1":"product","2":"type-product","3":"status-publish","4":"has-post-thumbnail","6":"product_cat-wurth","8":"first","9":"instock","10":"shipping-taxable","11":"product-type-simple"},"_links":{"self":[{"href":"https:\/\/yenhung.com\/index.php?rest_route=\/wp\/v2\/product\/7722","targetHints":{"allow":["GET"]}}],"collection":[{"href":"https:\/\/yenhung.com\/index.php?rest_route=\/wp\/v2\/product"}],"about":[{"href":"https:\/\/yenhung.com\/index.php?rest_route=\/wp\/v2\/types\/product"}],"replies":[{"embeddable":true,"href":"https:\/\/yenhung.com\/index.php?rest_route=%2Fwp%2Fv2%2Fcomments&post=7722"}],"wp:featuredmedia":[{"embeddable":true,"href":"https:\/\/yenhung.com\/index.php?rest_route=\/wp\/v2\/media\/7723"}],"wp:attachment":[{"href":"https:\/\/yenhung.com\/index.php?rest_route=%2Fwp%2Fv2%2Fmedia&parent=7722"}],"wp:term":[{"taxonomy":"product_brand","embeddable":true,"href":"https:\/\/yenhung.com\/index.php?rest_route=%2Fwp%2Fv2%2Fproduct_brand&post=7722"},{"taxonomy":"product_cat","embeddable":true,"href":"https:\/\/yenhung.com\/index.php?rest_route=%2Fwp%2Fv2%2Fproduct_cat&post=7722"},{"taxonomy":"product_tag","embeddable":true,"href":"https:\/\/yenhung.com\/index.php?rest_route=%2Fwp%2Fv2%2Fproduct_tag&post=7722"}],"curies":[{"name":"wp","href":"https:\/\/api.w.org\/{rel}","templated":true}]}}