{"id":7735,"date":"2025-11-10T08:17:51","date_gmt":"2025-11-10T08:17:51","guid":{"rendered":"https:\/\/yenhung.com\/?product=dd-ve-sinh-buong-dot-may-dau-wurth-300ml"},"modified":"2026-02-11T01:43:55","modified_gmt":"2026-02-11T01:43:55","slug":"dd-ve-sinh-buong-dot-may-dau-wurth-300ml","status":"publish","type":"product","link":"https:\/\/yenhung.com\/?product=dd-ve-sinh-buong-dot-may-dau-wurth-300ml","title":{"rendered":"Dd v\u1ec7 sinh bu\u1ed3ng \u0111\u1ed1t m\u00e1y d\u1ea7u Wurth 300ml"},"content":{"rendered":"<div class=\"ba-text-fpt\">\n<p>&nbsp;<\/p>\n<style type=\"text\/css\">h1 {<br \/>\nfont-size: 2em;<br \/>\nfont-weight: bold;<br \/>\ntext-align: center;<br \/>\n}<br \/>\nh2 {<br \/>\nfont-size: 1.5em;<br \/>\ntext-align: center;<br \/>\n}<br \/>\nh3 {<br \/>\nfont-size: 1.25em;<br \/>\nfont-weight: bold;<br \/>\n}<br \/>\nul {<br \/>\nlist-style-type: none;<br \/>\nmargin-left: 0;<br \/>\n}<br \/>\nli {<br \/>\nmargin-bottom: 10px;<br \/>\n}<br \/>\n<\/style>\n<h1>DD V\u1ec7 Sinh Bu\u1ed3ng \u0110\u1ed1t M\u00e1y D\u1ea7u 300ml<\/h1>\n<h2>Gi\u1ea3i Ph\u00e1p To\u00e0n Di\u1ec7n Cho H\u1ec7 Th\u1ed1ng \u0110\u1ed9ng C\u01a1 S\u1ea1ch S\u1ebd<\/h2>\n<h3><img decoding=\"async\" title=\"dd-ve-sinh-buo-ng-do-t-ma-y-da-u-300ml-jpeg-2\" src=\"https:\/\/yenhung.com\/wp-content\/uploads\/2025\/11\/dd-ve-sinh-buo-ng-do-t-ma-y-da-u-300ml-jpeg-2.jpg\" alt=\"DD V\u1ec6 SINH BU\u1ed2NG \u0110\u1ed0T M\u00c1Y D\u1ea6U 300ML\" data-thumb=\"large\" \/><\/h3>\n<p>DD V\u1ec7 Sinh Bu\u1ed3ng \u0110\u1ed1t M\u00e1y D\u1ea7u 300ml l\u00e0 s\u1ea3n ph\u1ea9m v\u1ec7 sinh chuy\u00ean s\u00e2u cho h\u1ec7 th\u1ed1ng bu\u1ed3ng \u0111\u1ed1t c\u1ee7a \u0111\u1ed9ng c\u01a1 diesel, mang l\u1ea1i hi\u1ec7u qu\u1ea3 l\u00e0m s\u1ea1ch t\u1ed1i \u01b0u, \u0111\u1ea3m b\u1ea3o \u0111\u1ed9ng c\u01a1 ho\u1ea1t \u0111\u1ed9ng tr\u01a1n tru v\u00e0 hi\u1ec7u qu\u1ea3.<\/p>\n<h3>Th\u00e0nh ph\u1ea7n v\u00e0 C\u00f4ng d\u1ee5ng<\/h3>\n<ul>\n<li>Ch\u1ea5t t\u1ea9y r\u1eeda m\u1ea1nh: Lo\u1ea1i b\u1ecf c\u00e1c l\u1edbp c\u1eb7n b\u1ea9n c\u1ee9ng \u0111\u1ea7u, mu\u1ed9i than v\u00e0 r\u1ec9 s\u00e9t.<\/li>\n<li>Ch\u1ea5t b\u00f4i tr\u01a1n: Gi\u00fap b\u00f4i tr\u01a1n c\u00e1c b\u1ed9 ph\u1eadn chuy\u1ec3n \u0111\u1ed9ng, gi\u1ea3m ma s\u00e1t v\u00e0 ti\u1ebfng \u1ed3n.<\/li>\n<li>Ch\u1ea5t ch\u1ed1ng \u0103n m\u00f2n: B\u1ea3o v\u1ec7 c\u00e1c b\u1ed9 ph\u1eadn kim lo\u1ea1i kh\u1ecfi qu\u00e1 tr\u00ecnh \u0103n m\u00f2n.<\/li>\n<\/ul>\n<h3>\u01afu \u0111i\u1ec3m<\/h3>\n<ul>\n<li>L\u00e0m s\u1ea1ch to\u00e0n di\u1ec7n: Lo\u1ea1i b\u1ecf c\u1eb7n b\u1ea9n v\u00e0 mu\u1ed9i than hi\u1ec7u qu\u1ea3.<\/li>\n<li>Gi\u1ea3m ph\u00e1t th\u1ea3i kh\u00ed th\u1ea3i: Gi\u00fap qu\u00e1 tr\u00ecnh \u0111\u1ed1t ch\u00e1y nhi\u00ean li\u1ec7u ho\u00e0n to\u00e0n h\u01a1n.<\/li>\n<li>C\u1ea3i thi\u1ec7n ti\u1ebft ki\u1ec7m nhi\u00ean li\u1ec7u: \u0110\u1ed9ng c\u01a1 s\u1ea1ch h\u01a1n gi\u00fap c\u1ea3i thi\u1ec7n hi\u1ec7u su\u1ea5t s\u1eed d\u1ee5ng nhi\u00ean li\u1ec7u.<\/li>\n<li>Gi\u1ea3m ti\u1ebfng \u1ed3n v\u00e0 \u0111\u1ed9 rung: Ch\u1ea5t b\u00f4i tr\u01a1n gi\u00fap gi\u1ea3m ma s\u00e1t.<\/li>\n<li>K\u00e9o d\u00e0i tu\u1ed5i th\u1ecd \u0111\u1ed9ng c\u01a1: B\u1ea3o v\u1ec7 c\u00e1c b\u1ed9 ph\u1eadn \u0111\u1ed9ng c\u01a1 kh\u1ecfi \u0103n m\u00f2n v\u00e0 hao m\u00f2n.<\/li>\n<\/ul>\n<h3>H\u01b0\u1edbng d\u1eabn s\u1eed d\u1ee5ng<\/h3>\n<ol>\n<li>Kh\u1edfi \u0111\u1ed9ng \u0111\u1ed9ng c\u01a1 v\u00e0 \u0111\u1ec3 ch\u1ea1y kh\u00f4ng t\u1ea3i.<\/li>\n<li>L\u1eafc \u0111\u1ec1u chai DD V\u1ec7 Sinh Bu\u1ed3ng \u0110\u1ed1t M\u00e1y D\u1ea7u 300ml.<\/li>\n<li>Th\u00e1o \u1ed1ng d\u1eabn kh\u00ed v\u00e0o v\u00e0 phun tr\u1ef1c ti\u1ebfp s\u1ea3n ph\u1ea9m v\u00e0o bu\u1ed3ng \u0111\u1ed1t.<\/li>\n<li>\u0110\u1ec3 \u0111\u1ed9ng c\u01a1 ch\u1ea1y kh\u00f4ng t\u1ea3i trong kho\u1ea3ng 15-20 ph\u00fat.<\/li>\n<li>T\u1eaft \u0111\u1ed9ng c\u01a1 v\u00e0 \u0111\u1ec3 s\u1ea3n ph\u1ea9m ng\u1ea5m trong kho\u1ea3ng 30 ph\u00fat.<\/li>\n<li>Kh\u1edfi \u0111\u1ed9ng l\u1ea1i \u0111\u1ed9ng c\u01a1 v\u00e0 ch\u1ea1y trong kho\u1ea3ng 10 ph\u00fat \u1edf ch\u1ebf \u0111\u1ed9 ga cao.<\/li>\n<\/ol>\n<h3>L\u01b0u \u00fd<\/h3>\n<ul>\n<li>Ch\u1ec9 s\u1eed d\u1ee5ng cho \u0111\u1ed9ng c\u01a1 diesel.<\/li>\n<li>N\u00ean s\u1eed d\u1ee5ng s\u1ea3n ph\u1ea9m \u0111\u1ecbnh k\u1ef3 6 th\u00e1ng\/l\u1ea7n ho\u1eb7c 10.000km.<\/li>\n<li>Tr\u00e1nh ti\u1ebfp x\u00fac tr\u1ef1c ti\u1ebfp v\u1edbi da v\u00e0 m\u1eaft.<\/li>\n<\/ul>\n<h3>K\u1ebft lu\u1eadn<\/h3>\n<p>DD V\u1ec7 Sinh Bu\u1ed3ng \u0110\u1ed1t M\u00e1y D\u1ea7u 300ml l\u00e0 s\u1ea3n ph\u1ea9m v\u1ec7 sinh thi\u1ebft y\u1ebfu cho \u0111\u1ed9ng c\u01a1 diesel. V\u1edbi kh\u1ea3 n\u0103ng l\u00e0m s\u1ea1ch to\u00e0n di\u1ec7n, gi\u1ea3m ph\u00e1t th\u1ea3i kh\u00ed th\u1ea3i, c\u1ea3i thi\u1ec7n ti\u1ebft ki\u1ec7m nhi\u00ean li\u1ec7u v\u00e0 k\u00e9o d\u00e0i tu\u1ed5i th\u1ecd \u0111\u1ed9ng c\u01a1, s\u1ea3n ph\u1ea9m n\u00e0y l\u00e0 gi\u1ea3i ph\u00e1p ho\u00e0n h\u1ea3o \u0111\u1ec3 duy tr\u00ec h\u1ec7 th\u1ed1ng \u0111\u1ed9ng c\u01a1 s\u1ea1ch s\u1ebd, ho\u1ea1t \u0111\u1ed9ng hi\u1ec7u qu\u1ea3 v\u00e0 b\u1ec1n b\u1ec9.<\/p>\n<\/div>\n","protected":false},"excerpt":{"rendered":"<p><strong>T\u00ean sa\u0309n ph\u00e2\u0309m:<\/strong>DD V\u1ec6 SINH BU\u1ed2NG \u0110\u1ed0T M\u00c1Y D\u1ea6U 300ML<br \/>\n<strong>T\u00ecnh tr\u1ea1ng:<\/strong> Li\u00ean h\u1ec7 S\u0110T 090 666 5927 .<br \/>\n<strong>Kho:<\/strong> H\u1ed3 Ch\u00ed Minh.<br \/>\n<strong>Li\u00ean h\u1ec7:<\/strong> (24\/7)<br \/>\n<strong>Giao h\u00e0ng:<\/strong> Trong ng\u00e0y<\/p>\n","protected":false},"featured_media":7736,"comment_status":"closed","ping_status":"closed","template":"","meta":[],"product_brand":[],"product_cat":[164],"product_tag":[],"class_list":{"0":"post-7735","1":"product","2":"type-product","3":"status-publish","4":"has-post-thumbnail","6":"product_cat-wurth","8":"first","9":"instock","10":"shipping-taxable","11":"product-type-simple"},"_links":{"self":[{"href":"https:\/\/yenhung.com\/index.php?rest_route=\/wp\/v2\/product\/7735","targetHints":{"allow":["GET"]}}],"collection":[{"href":"https:\/\/yenhung.com\/index.php?rest_route=\/wp\/v2\/product"}],"about":[{"href":"https:\/\/yenhung.com\/index.php?rest_route=\/wp\/v2\/types\/product"}],"replies":[{"embeddable":true,"href":"https:\/\/yenhung.com\/index.php?rest_route=%2Fwp%2Fv2%2Fcomments&post=7735"}],"wp:featuredmedia":[{"embeddable":true,"href":"https:\/\/yenhung.com\/index.php?rest_route=\/wp\/v2\/media\/7736"}],"wp:attachment":[{"href":"https:\/\/yenhung.com\/index.php?rest_route=%2Fwp%2Fv2%2Fmedia&parent=7735"}],"wp:term":[{"taxonomy":"product_brand","embeddable":true,"href":"https:\/\/yenhung.com\/index.php?rest_route=%2Fwp%2Fv2%2Fproduct_brand&post=7735"},{"taxonomy":"product_cat","embeddable":true,"href":"https:\/\/yenhung.com\/index.php?rest_route=%2Fwp%2Fv2%2Fproduct_cat&post=7735"},{"taxonomy":"product_tag","embeddable":true,"href":"https:\/\/yenhung.com\/index.php?rest_route=%2Fwp%2Fv2%2Fproduct_tag&post=7735"}],"curies":[{"name":"wp","href":"https:\/\/api.w.org\/{rel}","templated":true}]}}