{"id":7747,"date":"2025-11-10T08:18:06","date_gmt":"2025-11-10T08:18:06","guid":{"rendered":"https:\/\/yenhung.com\/?product=phu-gia-suc-bec-dau-wurth-300ml"},"modified":"2026-02-11T01:41:59","modified_gmt":"2026-02-11T01:41:59","slug":"phu-gia-suc-bec-dau-wurth-300ml","status":"publish","type":"product","link":"https:\/\/yenhung.com\/?product=phu-gia-suc-bec-dau-wurth-300ml","title":{"rendered":"Ph\u1ee5 gia s\u00fac b\u00e9c d\u1ea7u Wurth 300ml"},"content":{"rendered":"<div class=\"ba-text-fpt\">\n<p>&nbsp;<\/p>\n<h2><strong>Ph\u1ee5 Gia S\u00fac B\u00e9c D\u1ea7u 300ml: Gi\u1ea3i Ph\u00e1p Ho\u00e0n H\u1ea3o cho Xe \u00d4 T\u00f4 Hi\u1ec7n \u0110\u1ea1i<\/strong><\/h2>\n<h3><img decoding=\"async\" title=\"phu-gia-su-c-be-c-da-u-300ml-jpeg-2\" src=\"https:\/\/yenhung.com\/wp-content\/uploads\/2025\/11\/phu-gia-su-c-be-c-da-u-300ml-jpeg-2.jpg\" alt=\"PH\u1ee4 GIA S\u00daC B\u00c9C D\u1ea6U 300ML\" data-thumb=\"large\" \/><\/h3>\n<p>Ph\u1ee5 gia s\u00fac b\u00e9c d\u1ea7u l\u00e0 m\u1ed9t gi\u1ea3i ph\u00e1p thi\u1ebft y\u1ebfu gi\u00fap duy tr\u00ec hi\u1ec7u su\u1ea5t t\u1ed1i \u01b0u c\u1ee7a \u0111\u1ed9ng c\u01a1 xe \u00f4 t\u00f4 hi\u1ec7n \u0111\u1ea1i. Tr\u00ean th\u1ecb tr\u01b0\u1eddng c\u00f3 nhi\u1ec1u lo\u1ea1i ph\u1ee5 gia s\u00fac b\u00e9c d\u1ea7u v\u1edbi c\u00e1c th\u00e0nh ph\u1ea7n v\u00e0 c\u00f4ng d\u1ee5ng kh\u00e1c nhau, nh\u01b0ng s\u1ea3n ph\u1ea9m Ph\u1ee5 gia s\u00fac b\u00e9c d\u1ea7u 300ml n\u1ed5i b\u1eadt v\u1edbi hi\u1ec7u qu\u1ea3 cao v\u00e0 s\u1ef1 an to\u00e0n cho c\u00e1c lo\u1ea1i \u0111\u1ed9ng c\u01a1 diesel v\u00e0 x\u0103ng.<\/p>\n<h3>C\u00f4ng D\u1ee5ng C\u1ee7a Ph\u1ee5 Gia S\u00fac B\u00e9c D\u1ea7u<\/h3>\n<ul>\n<li>Lo\u1ea1i b\u1ecf c\u1eb7n b\u1ea9n v\u00e0 mu\u1ed9i than tr\u00ean b\u00e9c phun d\u1ea7u<\/li>\n<li>B\u00f4i tr\u01a1n b\u00e9c phun d\u1ea7u<\/li>\n<li>T\u0103ng hi\u1ec7u su\u1ea5t \u0111\u1ed1t ch\u00e1y nhi\u00ean li\u1ec7u<\/li>\n<li>Gi\u1ea3m ti\u1ebfng \u1ed3n \u0111\u1ed9ng c\u01a1<\/li>\n<\/ul>\n<h3>Th\u00e0nh Ph\u1ea7n V\u00e0 C\u00e1ch S\u1eed D\u1ee5ng<\/h3>\n<p>Ph\u1ee5 gia s\u00fac b\u00e9c d\u1ea7u 300ml \u0111\u01b0\u1ee3c pha ch\u1ebf t\u1eeb h\u1ed7n h\u1ee3p c\u00e1c th\u00e0nh ph\u1ea7n ho\u1ea1t t\u00ednh m\u1ea1nh, bao g\u1ed3m:<\/p>\n<ul>\n<li>H\u00f3a ch\u1ea5t t\u1ea9y r\u1eeda m\u1ea1nh<\/li>\n<li>Ch\u1ea5t b\u00f4i tr\u01a1n<\/li>\n<li>Ch\u1ea5t ph\u1ee5 gia l\u00e0m s\u1ea1ch<\/li>\n<\/ul>\n<p>C\u00e1ch s\u1eed d\u1ee5ng ph\u1ee5 gia s\u00fac b\u00e9c d\u1ea7u 300ml r\u1ea5t \u0111\u01a1n gi\u1ea3n:<\/p>\n<ol>\n<li>R\u00f3t to\u00e0n b\u1ed9 chai ph\u1ee5 gia v\u00e0o b\u00ecnh ch\u1ee9a nhi\u00ean li\u1ec7u.<\/li>\n<li>N\u1ed5 m\u00e1y v\u00e0 ch\u1ea1y kh\u00f4ng t\u1ea3i trong kho\u1ea3ng 15 ph\u00fat.<\/li>\n<li>Ti\u1ebfn h\u00e0nh l\u00e1i xe nh\u01b0 b\u00ecnh th\u01b0\u1eddng.<\/li>\n<\/ol>\n<h3>\u01afu \u0110i\u1ec3m C\u1ee7a Ph\u1ee5 Gia S\u00fac B\u00e9c D\u1ea7u 300ml<\/h3>\n<ul>\n<li>Hi\u1ec7u qu\u1ea3 cao<\/li>\n<li>An to\u00e0n cho \u0111\u1ed9ng c\u01a1<\/li>\n<li>Ti\u1ec7n l\u1ee3i khi s\u1eed d\u1ee5ng<\/li>\n<li>Gi\u00e1 c\u1ea3 ph\u1ea3i ch\u0103ng<\/li>\n<\/ul>\n<p>Ph\u1ee5 gia s\u00fac b\u00e9c d\u1ea7u 300ml l\u00e0 m\u1ed9t gi\u1ea3i ph\u00e1p hi\u1ec7u qu\u1ea3 v\u00e0 an to\u00e0n \u0111\u1ec3 l\u00e0m s\u1ea1ch v\u00e0 duy tr\u00ec s\u1ee9c kh\u1ecfe c\u1ee7a b\u00e9c phun d\u1ea7u trong xe \u00f4 t\u00f4 hi\u1ec7n \u0111\u1ea1i. V\u1edbi kh\u1ea3 n\u0103ng lo\u1ea1i b\u1ecf c\u1eb7n b\u1ea9n, b\u00f4i tr\u01a1n b\u00e9c phun v\u00e0 t\u0103ng hi\u1ec7u su\u1ea5t \u0111\u1ed1t ch\u00e1y nhi\u00ean li\u1ec7u, s\u1ea3n ph\u1ea9m n\u00e0y gi\u00fap c\u1ea3i thi\u1ec7n hi\u1ec7u su\u1ea5t c\u1ee7a xe, ti\u1ebft ki\u1ec7m nhi\u00ean li\u1ec7u v\u00e0 gi\u1ea3m l\u01b0\u1ee3ng kh\u00ed th\u1ea3i. \u0110\u1ec3 \u0111\u1ea3m b\u1ea3o hi\u1ec7u su\u1ea5t t\u1ed1i \u01b0u cho xe c\u1ee7a b\u1ea1n, h\u00e3y s\u1eed d\u1ee5ng Ph\u1ee5 gia s\u00fac b\u00e9c d\u1ea7u 300ml m\u1ed9t c\u00e1ch th\u01b0\u1eddng xuy\u00ean ho\u1eb7c theo khuy\u1ebfn c\u00e1o c\u1ee7a nh\u00e0 s\u1ea3n xu\u1ea5t xe.<\/p>\n<\/div>\n","protected":false},"excerpt":{"rendered":"<p><strong>T\u00ean sa\u0309n ph\u00e2\u0309m:<\/strong>PH\u1ee4 GIA S\u00daC B\u00c9C D\u1ea6U 300ML<br \/>\n<strong>T\u00ecnh tr\u1ea1ng:<\/strong> Li\u00ean h\u1ec7 S\u0110T 090 666 5927 .<br \/>\n<strong>Kho:<\/strong> H\u1ed3 Ch\u00ed Minh.<br \/>\n<strong>Li\u00ean h\u1ec7:<\/strong> (24\/7)<br \/>\n<strong>Giao h\u00e0ng:<\/strong> Trong ng\u00e0y<\/p>\n","protected":false},"featured_media":7748,"comment_status":"closed","ping_status":"closed","template":"","meta":[],"product_brand":[],"product_cat":[164],"product_tag":[],"class_list":{"0":"post-7747","1":"product","2":"type-product","3":"status-publish","4":"has-post-thumbnail","6":"product_cat-wurth","8":"first","9":"instock","10":"shipping-taxable","11":"product-type-simple"},"_links":{"self":[{"href":"https:\/\/yenhung.com\/index.php?rest_route=\/wp\/v2\/product\/7747","targetHints":{"allow":["GET"]}}],"collection":[{"href":"https:\/\/yenhung.com\/index.php?rest_route=\/wp\/v2\/product"}],"about":[{"href":"https:\/\/yenhung.com\/index.php?rest_route=\/wp\/v2\/types\/product"}],"replies":[{"embeddable":true,"href":"https:\/\/yenhung.com\/index.php?rest_route=%2Fwp%2Fv2%2Fcomments&post=7747"}],"wp:featuredmedia":[{"embeddable":true,"href":"https:\/\/yenhung.com\/index.php?rest_route=\/wp\/v2\/media\/7748"}],"wp:attachment":[{"href":"https:\/\/yenhung.com\/index.php?rest_route=%2Fwp%2Fv2%2Fmedia&parent=7747"}],"wp:term":[{"taxonomy":"product_brand","embeddable":true,"href":"https:\/\/yenhung.com\/index.php?rest_route=%2Fwp%2Fv2%2Fproduct_brand&post=7747"},{"taxonomy":"product_cat","embeddable":true,"href":"https:\/\/yenhung.com\/index.php?rest_route=%2Fwp%2Fv2%2Fproduct_cat&post=7747"},{"taxonomy":"product_tag","embeddable":true,"href":"https:\/\/yenhung.com\/index.php?rest_route=%2Fwp%2Fv2%2Fproduct_tag&post=7747"}],"curies":[{"name":"wp","href":"https:\/\/api.w.org\/{rel}","templated":true}]}}