{"id":7751,"date":"2025-11-10T08:18:12","date_gmt":"2025-11-10T08:18:12","guid":{"rendered":"https:\/\/yenhung.com\/?product=chat-khu-mui-noi-that-quick-fresh-wurth-150ml"},"modified":"2026-02-11T01:41:44","modified_gmt":"2026-02-11T01:41:44","slug":"chat-khu-mui-noi-that-quick-fresh-wurth-150ml","status":"publish","type":"product","link":"https:\/\/yenhung.com\/?product=chat-khu-mui-noi-that-quick-fresh-wurth-150ml","title":{"rendered":"Ch\u1ea5t kh\u1eed m\u00f9i n\u1ed9i th\u1ea5t-quick fresh Wurth 150ml"},"content":{"rendered":"<div class=\"ba-text-fpt\">\n<h2>CH\u1ea4T KH\u1eec M\u00d9I N\u1ed8I TH\u1ea4T QUICK FRESH 150ML: Gi\u1ea3i ph\u00e1p to\u00e0n di\u1ec7n cho kh\u00f4ng gian s\u1ed1ng trong l\u00e0nh<\/h2>\n<h3><img decoding=\"async\" title=\"cha-t-khu-mu-i-no-i-tha-t-quick-fresh-150ml-1\" src=\"https:\/\/yenhung.com\/wp-content\/uploads\/2025\/11\/cha-t-khu-mu-i-no-i-tha-t-quick-fresh-150ml-1.jpg\" alt=\"CH\u1ea4T KH\u1eec M\u00d9I N\u1ed8I TH\u1ea4T-QUICK FRESH 150ML\" data-thumb=\"large\" \/><\/h3>\n<p>Ch\u1ea5t kh\u1eed m\u00f9i n\u1ed9i th\u1ea5t Quick Fresh 150ml l\u00e0 s\u1ea3n ph\u1ea9m ti\u00ean ti\u1ebfn \u0111\u01b0\u1ee3c thi\u1ebft k\u1ebf \u0111\u1ec3 lo\u1ea1i b\u1ecf hi\u1ec7u qu\u1ea3 m\u00f9i h\u00f4i kh\u00f3 ch\u1ecbu trong xe h\u01a1i, gia \u0111\u00ecnh v\u00e0 kh\u00f4ng gian trong nh\u00e0 kh\u00e1c. V\u1edbi c\u00f4ng th\u1ee9c \u0111\u1ed9c \u0111\u00e1o v\u00e0 hi\u1ec7u qu\u1ea3 t\u1ee9c th\u00ec, Quick Fresh mang \u0111\u1ebfn m\u1ed9t b\u1ea7u kh\u00f4ng kh\u00ed trong l\u00e0nh v\u00e0 d\u1ec5 ch\u1ecbu, t\u1ea1o n\u00ean m\u1ed9t m\u00f4i tr\u01b0\u1eddng s\u1ed1ng tho\u1ea3i m\u00e1i v\u00e0 th\u01b0 gi\u00e3n.<\/p>\n<h3>\u0110\u1eb7c \u0111i\u1ec3m v\u00e0 l\u1ee3i \u00edch ch\u00ednh<\/h3>\n<ul>\n<li><strong>Lo\u1ea1i b\u1ecf m\u00f9i h\u00f4i nhanh ch\u00f3ng:<\/strong> C\u00f4ng th\u1ee9c ho\u1ea1t t\u00ednh c\u1ee7a Quick Fresh ngay l\u1eadp t\u1ee9c trung h\u00f2a c\u00e1c ph\u00e2n t\u1eed g\u00e2y m\u00f9i, lo\u1ea1i b\u1ecf m\u00f9i kh\u00f3 ch\u1ecbu nh\u01b0 m\u00f9i kh\u00f3i thu\u1ed1c, m\u00f9i v\u1eadt nu\u00f4i v\u00e0 m\u00f9i n\u1ea5u \u0103n.<\/li>\n<li><strong>Kh\u1eed tr\u00f9ng kh\u00f4ng kh\u00ed:<\/strong> Quick Fresh c\u0169ng c\u00f3 t\u00e1c d\u1ee5ng kh\u1eed tr\u00f9ng, gi\u00fap lo\u1ea1i b\u1ecf vi khu\u1ea9n v\u00e0 vi tr\u00f9ng c\u00f3 h\u1ea1i, t\u1ea1o ra m\u1ed9t m\u00f4i tr\u01b0\u1eddng trong l\u00e0nh v\u00e0 an to\u00e0n cho s\u1ee9c kh\u1ecfe.<\/li>\n<li><strong>Kh\u00f4ng che m\u00f9i:<\/strong> Kh\u00f4ng gi\u1ed1ng nh\u01b0 c\u00e1c s\u1ea3n ph\u1ea9m x\u1ecbt ph\u00f2ng th\u00f4ng th\u01b0\u1eddng, Quick Fresh kh\u00f4ng ch\u1ec9 che l\u1ea5p m\u00f9i m\u00e0 c\u00f2n lo\u1ea1i b\u1ecf ch\u00fang ho\u00e0n to\u00e0n, \u0111\u1ec3 l\u1ea1i m\u00f9i h\u01b0\u01a1ng t\u01b0\u01a1i m\u00e1t v\u00e0 d\u1ec5 ch\u1ecbu.<\/li>\n<li><strong>Th\u00e2n thi\u1ec7n v\u1edbi m\u00f4i tr\u01b0\u1eddng:<\/strong> Quick Fresh \u0111\u01b0\u1ee3c l\u00e0m t\u1eeb c\u00e1c th\u00e0nh ph\u1ea7n t\u1ef1 nhi\u00ean, th\u00e2n thi\u1ec7n v\u1edbi m\u00f4i tr\u01b0\u1eddng v\u00e0 an to\u00e0n cho tr\u1ebb em v\u00e0 v\u1eadt nu\u00f4i.<\/li>\n<li><strong>Ti\u1ec7n d\u1ee5ng v\u00e0 hi\u1ec7u qu\u1ea3:<\/strong> Chai x\u1ecbt 150ml ti\u1ec7n d\u1ee5ng gi\u00fap d\u1ec5 d\u00e0ng s\u1eed d\u1ee5ng v\u00e0 ti\u1ebft ki\u1ec7m chi ph\u00ed. Ch\u1ec9 c\u1ea7n x\u1ecbt m\u1ed9t l\u01b0\u1ee3ng nh\u1ecf v\u00e0o kh\u00f4ng kh\u00ed \u0111\u1ec3 lo\u1ea1i b\u1ecf m\u00f9i h\u00f4i hi\u1ec7u qu\u1ea3 trong th\u1eddi gian d\u00e0i.<\/li>\n<\/ul>\n<h3>\u1ee8ng d\u1ee5ng<\/h3>\n<p>Quick Fresh 150ml \u0111\u01b0\u1ee3c \u1ee9ng d\u1ee5ng r\u1ed9ng r\u00e3i trong nhi\u1ec1u kh\u00f4ng gian kh\u00e1c nhau, bao g\u1ed3m:<\/p>\n<ul>\n<li>Xe h\u01a1i<\/li>\n<li>Ph\u00f2ng kh\u00e1ch<\/li>\n<li>Ph\u00f2ng ng\u1ee7<\/li>\n<li>T\u1ee7 qu\u1ea7n \u00e1o<\/li>\n<li>Nh\u00e0 b\u1ebfp<\/li>\n<li>Khu v\u1ef1c nu\u00f4i v\u1eadt nu\u00f4i<\/li>\n<\/ul>\n<h3>H\u01b0\u1edbng d\u1eabn s\u1eed d\u1ee5ng<\/h3>\n<ol>\n<li>L\u1eafc \u0111\u1ec1u chai tr\u01b0\u1edbc khi s\u1eed d\u1ee5ng.<\/li>\n<li>X\u1ecbt tr\u1ef1c ti\u1ebfp v\u00e0o kh\u00f4ng kh\u00ed ho\u1eb7c l\u00ean b\u1ec1 m\u1eb7t c\u00f3 m\u00f9i h\u00f4i.<\/li>\n<li>\u0110\u1ec3 s\u1ea3n ph\u1ea9m ph\u00e1t huy t\u00e1c d\u1ee5ng trong v\u00e0i ph\u00fat.<\/li>\n<li>L\u1eb7p l\u1ea1i n\u1ebfu c\u1ea7n thi\u1ebft.<\/li>\n<\/ol>\n<h3>L\u01b0u \u00fd<\/h3>\n<ul>\n<li>Kh\u00f4ng x\u1ecbt tr\u1ef1c ti\u1ebfp v\u00e0o ng\u01b0\u1eddi ho\u1eb7c m\u1eaft.<\/li>\n<li>Tr\u00e1nh xa t\u1ea7m tay tr\u1ebb em v\u00e0 v\u1eadt nu\u00f4i.<\/li>\n<li>B\u1ea3o qu\u1ea3n n\u01a1i kh\u00f4 r\u00e1o, tho\u00e1ng m\u00e1t.<\/li>\n<\/ul>\n<h3>K\u1ebft lu\u1eadn<\/h3>\n<p>Ch\u1ea5t kh\u1eed m\u00f9i n\u1ed9i th\u1ea5t Quick Fresh 150ml l\u00e0 l\u1ef1a ch\u1ecdn ho\u00e0n h\u1ea3o cho nh\u1eefng ai \u0111ang t\u00ecm ki\u1ebfm gi\u1ea3i ph\u00e1p hi\u1ec7u qu\u1ea3 v\u00e0 an to\u00e0n \u0111\u1ec3 lo\u1ea1i b\u1ecf m\u00f9i h\u00f4i trong kh\u00f4ng gian s\u1ed1ng. V\u1edbi c\u00f4ng th\u1ee9c \u0111\u1ed9c \u0111\u00e1o, kh\u1ea3 n\u0103ng kh\u1eed m\u00f9i nhanh ch\u00f3ng v\u00e0 s\u1ef1 ti\u1ec7n d\u1ee5ng tuy\u1ec7t v\u1eddi, Quick Fresh mang \u0111\u1ebfn m\u1ed9t b\u1ea7u kh\u00f4ng kh\u00ed trong l\u00e0nh, d\u1ec5 ch\u1ecbu v\u00e0 tho\u1ea3i m\u00e1i cho m\u1ecdi gia \u0111\u00ecnh. \u0110\u1ea7u t\u01b0 v\u00e0o Quick Fresh ngay h\u00f4m nay v\u00e0 t\u1eadn h\u01b0\u1edfng kh\u00f4ng gian s\u1ed1ng t\u01b0\u01a1i m\u00e1t v\u00e0 kh\u1ecfe m\u1ea1nh!<\/p>\n<\/div>\n","protected":false},"excerpt":{"rendered":"<p><strong>T\u00ean sa\u0309n ph\u00e2\u0309m:<\/strong>CH\u1ea4T KH\u1eec M\u00d9I N\u1ed8I TH\u1ea4T-QUICK FRESH 150ML<br \/>\n<strong>T\u00ecnh tr\u1ea1ng:<\/strong> Li\u00ean h\u1ec7 S\u0110T 090 666 5927 .<br \/>\n<strong>Kho:<\/strong> H\u1ed3 Ch\u00ed Minh.<br \/>\n<strong>Li\u00ean h\u1ec7:<\/strong> (24\/7)<br \/>\n<strong>Giao h\u00e0ng:<\/strong> Trong ng\u00e0y<\/p>\n","protected":false},"featured_media":7752,"comment_status":"closed","ping_status":"closed","template":"","meta":[],"product_brand":[],"product_cat":[164],"product_tag":[],"class_list":{"0":"post-7751","1":"product","2":"type-product","3":"status-publish","4":"has-post-thumbnail","6":"product_cat-wurth","8":"first","9":"instock","10":"shipping-taxable","11":"product-type-simple"},"_links":{"self":[{"href":"https:\/\/yenhung.com\/index.php?rest_route=\/wp\/v2\/product\/7751","targetHints":{"allow":["GET"]}}],"collection":[{"href":"https:\/\/yenhung.com\/index.php?rest_route=\/wp\/v2\/product"}],"about":[{"href":"https:\/\/yenhung.com\/index.php?rest_route=\/wp\/v2\/types\/product"}],"replies":[{"embeddable":true,"href":"https:\/\/yenhung.com\/index.php?rest_route=%2Fwp%2Fv2%2Fcomments&post=7751"}],"wp:featuredmedia":[{"embeddable":true,"href":"https:\/\/yenhung.com\/index.php?rest_route=\/wp\/v2\/media\/7752"}],"wp:attachment":[{"href":"https:\/\/yenhung.com\/index.php?rest_route=%2Fwp%2Fv2%2Fmedia&parent=7751"}],"wp:term":[{"taxonomy":"product_brand","embeddable":true,"href":"https:\/\/yenhung.com\/index.php?rest_route=%2Fwp%2Fv2%2Fproduct_brand&post=7751"},{"taxonomy":"product_cat","embeddable":true,"href":"https:\/\/yenhung.com\/index.php?rest_route=%2Fwp%2Fv2%2Fproduct_cat&post=7751"},{"taxonomy":"product_tag","embeddable":true,"href":"https:\/\/yenhung.com\/index.php?rest_route=%2Fwp%2Fv2%2Fproduct_tag&post=7751"}],"curies":[{"name":"wp","href":"https:\/\/api.w.org\/{rel}","templated":true}]}}