{"id":7756,"date":"2025-11-10T08:18:18","date_gmt":"2025-11-10T08:18:18","guid":{"rendered":"https:\/\/yenhung.com\/?product=phu-gia-suc-bec-xang-wurth-300ml"},"modified":"2026-02-11T01:41:36","modified_gmt":"2026-02-11T01:41:36","slug":"phu-gia-suc-bec-xang-wurth-300ml","status":"publish","type":"product","link":"https:\/\/yenhung.com\/?product=phu-gia-suc-bec-xang-wurth-300ml","title":{"rendered":"Ph\u1ee5 gia s\u00fac b\u00e9c x\u0103ng Wurth 300ml"},"content":{"rendered":"<div class=\"ba-text-fpt\">\n<p>&nbsp;<\/p>\n<h2><strong>PH\u1ee4 GIA S\u00daC B\u00c9C X\u0102NG 300ML: Gi\u1ea3i ph\u00e1p t\u1ed1i \u01b0u cho h\u1ec7 th\u1ed1ng nhi\u00ean li\u1ec7u trong l\u00e0nh<\/strong><\/h2>\n<h2><img decoding=\"async\" title=\"phu-gia-su-c-be-c-xa-ng-300ml-jpeg-1\" src=\"https:\/\/yenhung.com\/wp-content\/uploads\/2025\/11\/phu-gia-su-c-be-c-xa-ng-300ml-jpeg-1.jpg\" alt=\"PH\u1ee4 GIA S\u00daC B\u00c9C X\u0102NG 300ML\" data-thumb=\"grande\" \/><\/h2>\n<p>Ph\u1ee5 gia s\u00fac b\u00e9c x\u0103ng 300ml l\u00e0 s\u1ea3n ph\u1ea9m \u0111\u01b0\u1ee3c thi\u1ebft k\u1ebf chuy\u00ean bi\u1ec7t \u0111\u1ec3 lo\u1ea1i b\u1ecf c\u1eb7n b\u1ea9n v\u00e0 l\u1eafng \u0111\u1ecdng t\u00edch t\u1ee5 trong h\u1ec7 th\u1ed1ng nhi\u00ean li\u1ec7u c\u1ee7a \u0111\u1ed9ng c\u01a1 x\u0103ng. S\u1ea3n ph\u1ea9m n\u00e0y mang l\u1ea1i nhi\u1ec1u l\u1ee3i \u00edch \u0111\u00e1ng k\u1ec3, gi\u00fap c\u1ea3i thi\u1ec7n hi\u1ec7u su\u1ea5t \u0111\u1ed9ng c\u01a1, t\u0103ng tu\u1ed5i th\u1ecd \u0111\u1ed9ng c\u01a1 v\u00e0 ti\u1ebft ki\u1ec7m nhi\u00ean li\u1ec7u.<\/p>\n<h2>Th\u00e0nh ph\u1ea7n v\u00e0 c\u01a1 ch\u1ebf ho\u1ea1t \u0111\u1ed9ng<\/h2>\n<p>Ph\u1ee5 gia s\u00fac b\u00e9c x\u0103ng 300ml ch\u1ee9a h\u1ed7n h\u1ee3p c\u00e1c ch\u1ea5t t\u1ea9y r\u1eeda m\u1ea1nh m\u1ebd, bao g\u1ed3m axeton, d\u1ea7u kho\u00e1ng v\u00e0 ch\u1ea5t nh\u0169 h\u00f3a. Khi \u0111\u1ed5 v\u00e0o b\u00ecnh nhi\u00ean li\u1ec7u, s\u1ea3n ph\u1ea9m n\u00e0y h\u00f2a tan v\u1edbi x\u0103ng, t\u1ea1o th\u00e0nh dung d\u1ecbch tu\u1ea7n ho\u00e0n qua h\u1ec7 th\u1ed1ng nhi\u00ean li\u1ec7u.<\/p>\n<p>Dung d\u1ecbch n\u00e0y ho\u1ea1t \u0111\u1ed9ng b\u1eb1ng c\u00e1ch:<\/p>\n<ul>\n<li>L\u00e0m m\u1ec1m v\u00e0 h\u00f2a tan c\u1eb7n b\u1ea9n t\u00edch t\u1ee5 trong b\u00e9c phun, van n\u1ea1p v\u00e0 \u1ed1ng d\u1eabn nhi\u00ean li\u1ec7u.<\/li>\n<li>Lo\u1ea1i b\u1ecf mu\u1ed9i than, c\u1eb7n carbon v\u00e0 c\u1eb7n b\u00e1m trong bu\u1ed3ng \u0111\u1ed1t.<\/li>\n<li>B\u00f4i tr\u01a1n c\u00e1c b\u1ed9 ph\u1eadn kim lo\u1ea1i, gi\u1ea3m ma s\u00e1t v\u00e0 m\u00e0i m\u00f2n.<\/li>\n<\/ul>\n<h2>L\u1ee3i \u00edch c\u1ee7a vi\u1ec7c s\u1eed d\u1ee5ng Ph\u1ee5 gia s\u00fac b\u00e9c x\u0103ng<\/h2>\n<p>Vi\u1ec7c s\u1eed d\u1ee5ng th\u01b0\u1eddng xuy\u00ean Ph\u1ee5 gia s\u00fac b\u00e9c x\u0103ng 300ml mang l\u1ea1i nhi\u1ec1u l\u1ee3i \u00edch \u0111\u00e1ng k\u1ec3 cho \u0111\u1ed9ng c\u01a1 x\u0103ng, bao g\u1ed3m:<\/p>\n<ul>\n<li><strong>C\u1ea3i thi\u1ec7n hi\u1ec7u su\u1ea5t \u0111\u1ed9ng c\u01a1:<\/strong> Lo\u1ea1i b\u1ecf c\u1eb7n b\u1ea9n trong h\u1ec7 th\u1ed1ng nhi\u00ean li\u1ec7u gi\u00fap t\u1ed1i \u01b0u h\u00f3a qu\u00e1 tr\u00ecnh phun x\u0103ng, d\u1eabn \u0111\u1ebfn \u0111\u1ed1t ch\u00e1y nhi\u00ean li\u1ec7u hi\u1ec7u qu\u1ea3 h\u01a1n. \u0110i\u1ec1u n\u00e0y l\u00e0m t\u0103ng c\u00f4ng su\u1ea5t \u0111\u1ed9ng c\u01a1, c\u1ea3i thi\u1ec7n kh\u1ea3 n\u0103ng t\u0103ng t\u1ed1c v\u00e0 ph\u1ea3n \u1ee9ng b\u01b0\u1edbm ga.<\/li>\n<li><strong>Gi\u1ea3m m\u1ee9c ti\u00eau th\u1ee5 nhi\u00ean li\u1ec7u:<\/strong> H\u1ec7 th\u1ed1ng nhi\u00ean li\u1ec7u s\u1ea1ch s\u1ebd gi\u00fap \u0111\u1ed9ng c\u01a1 \u0111\u1ed1t ch\u00e1y nhi\u00ean li\u1ec7u ho\u00e0n to\u00e0n h\u01a1n, gi\u1ea3m l\u00e3ng ph\u00ed v\u00e0 ti\u1ebft ki\u1ec7m nhi\u00ean li\u1ec7u.<\/li>\n<li><strong>T\u0103ng tu\u1ed5i th\u1ecd \u0111\u1ed9ng c\u01a1:<\/strong> Lo\u1ea1i b\u1ecf c\u1eb7n b\u1ea9n v\u00e0 ma s\u00e1t gi\u00fap b\u1ea3o v\u1ec7 c\u00e1c b\u1ed9 ph\u1eadn kim lo\u1ea1i trong h\u1ec7 th\u1ed1ng nhi\u00ean li\u1ec7u kh\u1ecfi b\u1ecb \u0103n m\u00f2n v\u00e0 m\u00e0i m\u00f2n. \u0110i\u1ec1u n\u00e0y k\u00e9o d\u00e0i tu\u1ed5i th\u1ecd \u0111\u1ed9ng c\u01a1 v\u00e0 gi\u1ea3m chi ph\u00ed b\u1ea3o tr\u00ec.<\/li>\n<li><strong>Gi\u1ea3m kh\u00ed th\u1ea3i:<\/strong> \u0110\u1ed9ng c\u01a1 ho\u1ea1t \u0111\u1ed9ng s\u1ea1ch s\u1ebd \u0111\u1ed1t ch\u00e1y nhi\u00ean li\u1ec7u hi\u1ec7u qu\u1ea3 h\u01a1n, d\u1eabn \u0111\u1ebfn l\u01b0\u1ee3ng kh\u00ed th\u1ea3i th\u1ea5p h\u01a1n, g\u00f3p ph\u1ea7n b\u1ea3o v\u1ec7 m\u00f4i tr\u01b0\u1eddng.<\/li>\n<li><strong>C\u1ea3i thi\u1ec7n t\u00ednh \u1ed5n \u0111\u1ecbnh c\u1ee7a nhi\u00ean li\u1ec7u:<\/strong> Ph\u1ee5 gia s\u00fac b\u00e9c x\u0103ng gi\u00fap \u1ed5n \u0111\u1ecbnh x\u0103ng, ng\u0103n ng\u1eeba hi\u1ec7n t\u01b0\u1ee3ng t\u00e1ch n\u01b0\u1edbc v\u00e0 oxy h\u00f3a, gi\u1eef cho h\u1ec7 th\u1ed1ng nhi\u00ean li\u1ec7u lu\u00f4n \u1edf trong t\u00ecnh tr\u1ea1ng t\u1ed1t.<\/li>\n<\/ul>\n<h2>C\u00e1ch s\u1eed d\u1ee5ng<\/h2>\n<p>Vi\u1ec7c s\u1eed d\u1ee5ng Ph\u1ee5 gia s\u00fac b\u00e9c x\u0103ng 300ml r\u1ea5t \u0111\u01a1n gi\u1ea3n:<\/p>\n<ol>\n<li>\u0110\u1ed5 to\u00e0n b\u1ed9 chai 300ml v\u00e0o b\u00ecnh nhi\u00ean li\u1ec7u khi g\u1ea7n h\u1ebft nhi\u00ean li\u1ec7u.<\/li>\n<li>Ch\u1ea1y xe \u00edt nh\u1ea5t 100km \u0111\u1ec3 ph\u1ee5 gia c\u00f3 th\u1eddi gian l\u00e0m s\u1ea1ch to\u00e0n b\u1ed9 h\u1ec7 th\u1ed1ng nhi\u00ean li\u1ec7u.<\/li>\n<\/ol>\n<h2>L\u01b0u \u00fd<\/h2>\n<ul>\n<li>S\u1ea3n ph\u1ea9m n\u00e0y ch\u1ec9 d\u00e0nh cho \u0111\u1ed9ng c\u01a1 x\u0103ng. Kh\u00f4ng s\u1eed d\u1ee5ng cho \u0111\u1ed9ng c\u01a1 diesel.<\/li>\n<li>Kh\u00f4ng \u0111\u1ed5 qu\u00e1 li\u1ec1u l\u01b0\u1ee3ng khuy\u1ebfn ngh\u1ecb.<\/li>\n<li>\u0110\u1ed1i v\u1edbi \u0111\u1ed9ng c\u01a1 b\u1ecb b\u1ea9n n\u1eb7ng, c\u00f3 th\u1ec3 c\u1ea7n s\u1eed d\u1ee5ng th\u00eam chai ph\u1ee5 gia sau 6 th\u00e1ng ho\u1eb7c 1 n\u0103m.<\/li>\n<li>S\u1ea3n ph\u1ea9m n\u00e0y c\u00f3 th\u1ec3 g\u00e2y k\u00edch \u1ee9ng nh\u1eb9. Tr\u00e1nh ti\u1ebfp x\u00fac tr\u1ef1c ti\u1ebfp v\u1edbi da v\u00e0 m\u1eaft.<\/li>\n<\/ul>\n<h2>K\u1ebft lu\u1eadn<\/h2>\n<p>Ph\u1ee5 gia s\u00fac b\u00e9c x\u0103ng 300ml l\u00e0 m\u1ed9t s\u1ea3n ph\u1ea9m thi\u1ebft y\u1ebfu gi\u00fap duy tr\u00ec hi\u1ec7u su\u1ea5t \u0111\u1ed9ng c\u01a1, ti\u1ebft ki\u1ec7m nhi\u00ean li\u1ec7u v\u00e0 k\u00e9o d\u00e0i tu\u1ed5i th\u1ecd \u0111\u1ed9ng c\u01a1. Vi\u1ec7c s\u1eed d\u1ee5ng th\u01b0\u1eddng xuy\u00ean ph\u1ee5 gia n\u00e0y l\u00e0 m\u1ed9t kho\u1ea3n \u0111\u1ea7u t\u01b0 x\u1ee9ng \u0111\u00e1ng \u0111\u1ec3 \u0111\u1ea3m b\u1ea3o h\u1ec7 th\u1ed1ng nhi\u00ean li\u1ec7u c\u1ee7a b\u1ea1n ho\u1ea1t \u0111\u1ed9ng s\u1ea1ch s\u1ebd v\u00e0 hi\u1ec7u qu\u1ea3.<\/p>\n<\/div>\n","protected":false},"excerpt":{"rendered":"<p><strong>T\u00ean sa\u0309n ph\u00e2\u0309m:<\/strong>PH\u1ee4 GIA S\u00daC B\u00c9C X\u0102NG 300ML<br \/>\n<strong>T\u00ecnh tr\u1ea1ng:<\/strong> Li\u00ean h\u1ec7 S\u0110T 090 666 5927 .<br \/>\n<strong>Kho:<\/strong> H\u1ed3 Ch\u00ed Minh.<br \/>\n<strong>Li\u00ean h\u1ec7:<\/strong> (24\/7)<br \/>\n<strong>Giao h\u00e0ng:<\/strong> Trong ng\u00e0y<\/p>\n","protected":false},"featured_media":7757,"comment_status":"closed","ping_status":"closed","template":"","meta":[],"product_brand":[],"product_cat":[164],"product_tag":[],"class_list":{"0":"post-7756","1":"product","2":"type-product","3":"status-publish","4":"has-post-thumbnail","6":"product_cat-wurth","8":"first","9":"instock","10":"shipping-taxable","11":"product-type-simple"},"_links":{"self":[{"href":"https:\/\/yenhung.com\/index.php?rest_route=\/wp\/v2\/product\/7756","targetHints":{"allow":["GET"]}}],"collection":[{"href":"https:\/\/yenhung.com\/index.php?rest_route=\/wp\/v2\/product"}],"about":[{"href":"https:\/\/yenhung.com\/index.php?rest_route=\/wp\/v2\/types\/product"}],"replies":[{"embeddable":true,"href":"https:\/\/yenhung.com\/index.php?rest_route=%2Fwp%2Fv2%2Fcomments&post=7756"}],"wp:featuredmedia":[{"embeddable":true,"href":"https:\/\/yenhung.com\/index.php?rest_route=\/wp\/v2\/media\/7757"}],"wp:attachment":[{"href":"https:\/\/yenhung.com\/index.php?rest_route=%2Fwp%2Fv2%2Fmedia&parent=7756"}],"wp:term":[{"taxonomy":"product_brand","embeddable":true,"href":"https:\/\/yenhung.com\/index.php?rest_route=%2Fwp%2Fv2%2Fproduct_brand&post=7756"},{"taxonomy":"product_cat","embeddable":true,"href":"https:\/\/yenhung.com\/index.php?rest_route=%2Fwp%2Fv2%2Fproduct_cat&post=7756"},{"taxonomy":"product_tag","embeddable":true,"href":"https:\/\/yenhung.com\/index.php?rest_route=%2Fwp%2Fv2%2Fproduct_tag&post=7756"}],"curies":[{"name":"wp","href":"https:\/\/api.w.org\/{rel}","templated":true}]}}