{"id":7767,"date":"2025-11-10T08:18:28","date_gmt":"2025-11-10T08:18:28","guid":{"rendered":"https:\/\/yenhung.com\/?product=chat-ve-sinh-hong-ga-hp-wurth-500ml"},"modified":"2026-02-11T01:39:52","modified_gmt":"2026-02-11T01:39:52","slug":"chat-ve-sinh-hong-ga-hp-wurth-500ml","status":"publish","type":"product","link":"https:\/\/yenhung.com\/?product=chat-ve-sinh-hong-ga-hp-wurth-500ml","title":{"rendered":"Ch\u1ea5t v\u1ec7 sinh h\u1ecdng ga hp Wurth 500ml"},"content":{"rendered":"<div class=\"ba-text-fpt\">\n<p>&nbsp;<\/p>\n<style type=\"text\/css\">body {<br \/>\nfont-family: Arial, Helvetica, sans-serif;<br \/>\n}<\/p>\n<p>h1 {<br \/>\ntext-align: center;<br \/>\n}<\/p>\n<p>h2 {<br \/>\nmargin-top: 30px;<br \/>\n}<\/p>\n<p>ul {<br \/>\nlist-style-type: none;<br \/>\npadding-left: 0;<br \/>\n}<\/p>\n<p>.advantages {<br \/>\nbackground-color: #f2f2f2;<br \/>\npadding: 20px;<br \/>\nmargin-top: 30px;<br \/>\n}<br \/>\n<\/style>\n<h1>Ch\u1ea5t V\u1ec7 Sinh H\u1ecdng GA HP 500ml: Gi\u1ea3i Ph\u00e1p Hi\u1ec7u Qu\u1ea3 \u0110\u1ea9y L\u00f9i Vi Khu\u1ea9n G\u00e2y Vi\u00eam H\u1ecdng<\/h1>\n<p><strong><img decoding=\"async\" title=\"cha-t-ve-sinh-ho-ng-ga-hp-500ml-jpeg-1\" src=\"https:\/\/yenhung.com\/wp-content\/uploads\/2025\/11\/cha-t-ve-sinh-ho-ng-ga-hp-500ml-jpeg-1.jpg\" alt=\"CH\u1ea4T V\u1ec6 SINH H\u1eccNG GA HP 500ML\" data-thumb=\"large\" \/><\/strong><\/p>\n<p>Vi\u00eam h\u1ecdng l\u00e0 t\u00ecnh tr\u1ea1ng vi\u00eam nhi\u1ec5m ph\u1ed5 bi\u1ebfn \u1edf \u0111\u01b0\u1eddng h\u00f4 h\u1ea5p tr\u00ean, g\u00e2y ra c\u00e1c tri\u1ec7u ch\u1ee9ng kh\u00f3 ch\u1ecbu nh\u01b0 \u0111au r\u00e1t c\u1ed5 h\u1ecdng, ho, ng\u1ee9a h\u1ecdng. Nguy\u00ean nh\u00e2n g\u00e2y vi\u00eam h\u1ecdng ch\u1ee7 y\u1ebfu l\u00e0 do vi khu\u1ea9n, virus ho\u1eb7c n\u1ea5m.<\/p>\n<p>Ch\u1ea5t v\u1ec7 sinh h\u1ecdng GA HP 500ml l\u00e0 s\u1ea3n ph\u1ea9m chuy\u00ean d\u1ee5ng \u0111\u1ec3 v\u1ec7 sinh v\u00e0 b\u1ea3o v\u1ec7 khoang h\u1ecdng kh\u1ecfi vi khu\u1ea9n, vi sinh v\u1eadt g\u00e2y b\u1ec7nh. S\u1ea3n ph\u1ea9m \u0111\u01b0\u1ee3c tin d\u00f9ng r\u1ed9ng r\u00e3i nh\u1edd hi\u1ec7u qu\u1ea3 cao v\u00e0 an to\u00e0n khi s\u1eed d\u1ee5ng.<\/p>\n<h2 id=\"thanh-phan-va-co-che-hoat-dong\">Th\u00e0nh ph\u1ea7n v\u00e0 c\u01a1 ch\u1ebf ho\u1ea1t \u0111\u1ed9ng<\/h2>\n<ul>\n<li>GA HP 500ml ch\u1ee9a ho\u1ea1t ch\u1ea5t ch\u00ednh l\u00e0 Povidone-Iodine (PVP-I) n\u1ed3ng \u0111\u1ed9 0,5%, m\u1ed9t th\u00e0nh ph\u1ea7n c\u00f3 \u0111\u1eb7c t\u00ednh di\u1ec7t khu\u1ea9n, di\u1ec7t n\u1ea5m hi\u1ec7u qu\u1ea3.<\/li>\n<li>C\u01a1 ch\u1ebf ho\u1ea1t \u0111\u1ed9ng c\u1ee7a PVP-I l\u00e0 ph\u00e1 h\u1ee7y th\u00e0nh t\u1ebf b\u00e0o vi khu\u1ea9n, ng\u0103n ch\u1eb7n s\u1ef1 t\u0103ng tr\u01b0\u1edfng v\u00e0 ti\u00eau di\u1ec7t ch\u00fang.<\/li>\n<li>Ngo\u00e0i ra, s\u1ea3n ph\u1ea9m c\u00f2n ch\u1ee9a c\u00e1c th\u00e0nh ph\u1ea7n t\u00e1 d\u01b0\u1ee3c nh\u01b0 glycerol, natri chloride, h\u01b0\u01a1ng b\u1ea1c h\u00e0 gi\u00fap l\u00e0m d\u1ecbu c\u1ed5 h\u1ecdng, gi\u1ea3m ng\u1ee9a r\u00e1t v\u00e0 mang l\u1ea1i c\u1ea3m gi\u00e1c s\u1ea3ng kho\u00e1i.<\/li>\n<\/ul>\n<h2 id=\"cong-dung\">C\u00f4ng d\u1ee5ng<\/h2>\n<ul>\n<li>Di\u1ec7t khu\u1ea9n, vi n\u1ea5m g\u00e2y vi\u00eam h\u1ecdng, \u0111au h\u1ecdng, ng\u1ee9a h\u1ecdng.<\/li>\n<li>L\u00e0m s\u1ea1ch v\u00e0 b\u1ea3o v\u1ec7 khoang h\u1ecdng, ng\u0103n ng\u1eeba c\u00e1c b\u1ec7nh l\u00fd v\u1ec1 \u0111\u01b0\u1eddng h\u00f4 h\u1ea5p.<\/li>\n<li>V\u1ec7 sinh r\u0103ng mi\u1ec7ng, kh\u1eed m\u00f9i h\u00f4i mi\u1ec7ng.<\/li>\n<\/ul>\n<h2 id=\"cach-su-dung\">C\u00e1ch s\u1eed d\u1ee5ng<\/h2>\n<ul>\n<li>S\u00fac mi\u1ec7ng v\u00e0 h\u1ecdng b\u1eb1ng 15ml dung d\u1ecbch GA HP 500ml trong v\u00f2ng 30 gi\u00e2y, kh\u00f4ng nu\u1ed1t.<\/li>\n<li>S\u1eed d\u1ee5ng 2-3 l\u1ea7n\/ng\u00e0y ho\u1eb7c theo h\u01b0\u1edbng d\u1eabn c\u1ee7a b\u00e1c s\u0129.<\/li>\n<\/ul>\n<h2 id=\"doi-tuong-su-dung\">\u0110\u1ed1i t\u01b0\u1ee3ng s\u1eed d\u1ee5ng<\/h2>\n<ul>\n<li>Ng\u01b0\u1eddi b\u1ecb vi\u00eam h\u1ecdng, \u0111au h\u1ecdng, ng\u1ee9a h\u1ecdng.<\/li>\n<li>Ng\u01b0\u1eddi c\u00f3 nguy c\u01a1 m\u1eafc c\u00e1c b\u1ec7nh l\u00fd v\u1ec1 \u0111\u01b0\u1eddng h\u00f4 h\u1ea5p nh\u01b0 c\u1ea3m l\u1ea1nh, c\u1ea3m c\u00fam, ho.<\/li>\n<li>Ng\u01b0\u1eddi c\u00f3 nhu c\u1ea7u v\u1ec7 sinh r\u0103ng mi\u1ec7ng, kh\u1eed m\u00f9i h\u00f4i mi\u1ec7ng.<\/li>\n<\/ul>\n<h2 id=\"luu-y-khi-su-dung\">L\u01b0u \u00fd khi s\u1eed d\u1ee5ng<\/h2>\n<ul>\n<li>Kh\u00f4ng nu\u1ed1t dung d\u1ecbch GA HP 500ml.<\/li>\n<li>Kh\u00f4ng s\u1eed d\u1ee5ng cho tr\u1ebb em d\u01b0\u1edbi 6 tu\u1ed5i.<\/li>\n<li>Ng\u01b0ng s\u1eed d\u1ee5ng v\u00e0 tham kh\u1ea3o \u00fd ki\u1ebfn b\u00e1c s\u0129 n\u1ebfu c\u00f3 b\u1ea5t k\u1ef3 ph\u1ea3n \u1ee9ng b\u1ea5t l\u1ee3i n\u00e0o x\u1ea3y ra.<\/li>\n<\/ul>\n<div class=\"advantages\">\n<h2>\u01afu \u0111i\u1ec3m n\u1ed5i b\u1eadt<\/h2>\n<ul>\n<li>Hi\u1ec7u qu\u1ea3 di\u1ec7t khu\u1ea9n cao, ng\u0103n ng\u1eeba vi\u00eam h\u1ecdng hi\u1ec7u qu\u1ea3.<\/li>\n<li>L\u00e0m d\u1ecbu c\u1ed5 h\u1ecdng, gi\u1ea3m \u0111au r\u00e1t, ng\u1ee9a h\u1ecdng.<\/li>\n<li>An to\u00e0n khi s\u1eed d\u1ee5ng, kh\u00f4ng g\u00e2y k\u00edch \u1ee9ng ni\u00eam m\u1ea1c.<\/li>\n<li>D\u1ec5 d\u00e0ng s\u1eed d\u1ee5ng v\u00e0 ti\u1ec7n l\u1ee3i khi mang theo.<\/li>\n<\/ul>\n<\/div>\n<p><strong>K\u1ebft lu\u1eadn<\/strong><\/p>\n<p>Ch\u1ea5t v\u1ec7 sinh h\u1ecdng GA HP 500ml l\u00e0 s\u1ea3n ph\u1ea9m ch\u1ea5t l\u01b0\u1ee3ng cao, hi\u1ec7u qu\u1ea3 trong vi\u1ec7c ng\u0103n ng\u1eeba v\u00e0 \u0111i\u1ec1u tr\u1ecb vi\u00eam h\u1ecdng. V\u1edbi th\u00e0nh ph\u1ea7n an to\u00e0n, d\u1ec5 s\u1eed d\u1ee5ng v\u00e0 ti\u1ec7n l\u1ee3i, GA HP 500ml l\u00e0 gi\u1ea3i ph\u00e1p ch\u0103m s\u00f3c s\u1ee9c kh\u1ecfe \u0111\u01b0\u1eddng h\u00f4 h\u1ea5p \u0111\u00e1ng tin c\u1eady cho m\u1ecdi l\u1ee9a tu\u1ed5i.<\/p>\n<\/div>\n","protected":false},"excerpt":{"rendered":"<p><strong>T\u00ean sa\u0309n ph\u00e2\u0309m:<\/strong>CH\u1ea4T V\u1ec6 SINH H\u1eccNG GA HP 500ML<br \/>\n<strong>T\u00ecnh tr\u1ea1ng:<\/strong> Li\u00ean h\u1ec7 S\u0110T 090 666 5927 .<br \/>\n<strong>Kho:<\/strong> H\u1ed3 Ch\u00ed Minh.<br \/>\n<strong>Li\u00ean h\u1ec7:<\/strong> (24\/7)<br \/>\n<strong>Giao h\u00e0ng:<\/strong> Trong ng\u00e0y<\/p>\n","protected":false},"featured_media":7768,"comment_status":"closed","ping_status":"closed","template":"","meta":[],"product_brand":[],"product_cat":[164],"product_tag":[],"class_list":{"0":"post-7767","1":"product","2":"type-product","3":"status-publish","4":"has-post-thumbnail","6":"product_cat-wurth","8":"first","9":"instock","10":"shipping-taxable","11":"product-type-simple"},"_links":{"self":[{"href":"https:\/\/yenhung.com\/index.php?rest_route=\/wp\/v2\/product\/7767","targetHints":{"allow":["GET"]}}],"collection":[{"href":"https:\/\/yenhung.com\/index.php?rest_route=\/wp\/v2\/product"}],"about":[{"href":"https:\/\/yenhung.com\/index.php?rest_route=\/wp\/v2\/types\/product"}],"replies":[{"embeddable":true,"href":"https:\/\/yenhung.com\/index.php?rest_route=%2Fwp%2Fv2%2Fcomments&post=7767"}],"wp:featuredmedia":[{"embeddable":true,"href":"https:\/\/yenhung.com\/index.php?rest_route=\/wp\/v2\/media\/7768"}],"wp:attachment":[{"href":"https:\/\/yenhung.com\/index.php?rest_route=%2Fwp%2Fv2%2Fmedia&parent=7767"}],"wp:term":[{"taxonomy":"product_brand","embeddable":true,"href":"https:\/\/yenhung.com\/index.php?rest_route=%2Fwp%2Fv2%2Fproduct_brand&post=7767"},{"taxonomy":"product_cat","embeddable":true,"href":"https:\/\/yenhung.com\/index.php?rest_route=%2Fwp%2Fv2%2Fproduct_cat&post=7767"},{"taxonomy":"product_tag","embeddable":true,"href":"https:\/\/yenhung.com\/index.php?rest_route=%2Fwp%2Fv2%2Fproduct_tag&post=7767"}],"curies":[{"name":"wp","href":"https:\/\/api.w.org\/{rel}","templated":true}]}}