{"id":7794,"date":"2025-11-10T08:18:57","date_gmt":"2025-11-10T08:18:57","guid":{"rendered":"https:\/\/yenhung.com\/?product=chat-ve-sinh-suc-xa-nhot-wurth-400ml"},"modified":"2026-02-11T01:37:16","modified_gmt":"2026-02-11T01:37:16","slug":"chat-ve-sinh-suc-xa-nhot-wurth-400ml","status":"publish","type":"product","link":"https:\/\/yenhung.com\/?product=chat-ve-sinh-suc-xa-nhot-wurth-400ml","title":{"rendered":"Ch\u1ea5t v\u1ec7 sinh s\u00fac x\u1ea3 nh\u1edbt Wurth 400ml"},"content":{"rendered":"<div class=\"ba-text-fpt\">\n<p>&nbsp;<\/p>\n<h1>Ch\u1ea5t V\u1ec7 Sinh v\u00e0 S\u00fac X\u1ea3 Nh\u1edbt 400ml: Gi\u1ea3i ph\u00e1p To\u00e0n di\u1ec7n \u0111\u1ec3 L\u00e0m s\u1ea1ch v\u00e0 B\u1ea3o v\u1ec7 \u0110\u1ed9ng c\u01a1<\/h1>\n<h2><img decoding=\"async\" title=\"cha-t-ve-sinh-su-c-xa-nho-t-400ml-jpeg-2\" src=\"https:\/\/yenhung.com\/wp-content\/uploads\/2025\/11\/cha-t-ve-sinh-su-c-xa-nho-t-400ml-jpeg-2.jpg\" alt=\"CH\u1ea4T V\u1ec6 SINH S\u00daC X\u1ea2 NH\u1edaT 400ML\" data-thumb=\"large\" \/><\/h2>\n<h2>Gi\u1edbi thi\u1ec7u<\/h2>\n<p>Ch\u1ea5t v\u1ec7 sinh v\u00e0 s\u00fac x\u1ea3 nh\u1edbt 400ml l\u00e0 m\u1ed9t s\u1ea3n ph\u1ea9m thi\u1ebft y\u1ebfu d\u00f9ng \u0111\u1ec3 lo\u1ea1i b\u1ecf c\u1eb7n b\u1ea9n, c\u1eb7n kim lo\u1ea1i v\u00e0 c\u00e1c t\u1ea1p ch\u1ea5t kh\u00e1c kh\u1ecfi h\u1ec7 th\u1ed1ng b\u00f4i tr\u01a1n c\u1ee7a xe. B\u1eb1ng c\u00e1ch s\u1eed d\u1ee5ng s\u1ea3n ph\u1ea9m n\u00e0y, b\u1ea1n c\u00f3 th\u1ec3 \u0111\u1ea3m b\u1ea3o \u0111\u1ed9ng c\u01a1 c\u1ee7a m\u00ecnh ho\u1ea1t \u0111\u1ed9ng t\u1ed1i \u01b0u, tu\u1ed5i th\u1ecd \u0111\u01b0\u1ee3c k\u00e9o d\u00e0i v\u00e0 hi\u1ec7u su\u1ea5t \u0111\u01b0\u1ee3c c\u1ea3i thi\u1ec7n.<\/p>\n<h2>L\u1ee3i \u00edch ch\u00ednh<\/h2>\n<ul>\n<li>Lo\u1ea1i b\u1ecf c\u1eb7n b\u1ea9n v\u00e0 t\u1ea1p ch\u1ea5t<\/li>\n<li>T\u0103ng c\u01b0\u1eddng kh\u1ea3 n\u0103ng b\u00f4i tr\u01a1n<\/li>\n<li>B\u1ea3o v\u1ec7 ch\u1ed1ng \u0103n m\u00f2n<\/li>\n<li>C\u1ea3i thi\u1ec7n hi\u1ec7u su\u1ea5t \u0111\u1ed9ng c\u01a1<\/li>\n<li>Tu\u1ed5i th\u1ecd \u0111\u1ed9ng c\u01a1 k\u00e9o d\u00e0i<\/li>\n<\/ul>\n<h2>C\u00e1ch s\u1eed d\u1ee5ng<\/h2>\n<ol>\n<li>L\u00e0m n\u00f3ng \u0111\u1ed9ng c\u01a1 \u0111\u1ebfn nhi\u1ec7t \u0111\u1ed9 ho\u1ea1t \u0111\u1ed9ng.<\/li>\n<li>T\u1eaft \u0111\u1ed9ng c\u01a1 v\u00e0 x\u1ea3 h\u1ebft d\u1ea7u c\u0169.<\/li>\n<li>\u0110\u1ed5 ch\u1ea5t v\u1ec7 sinh v\u00e0 s\u00fac x\u1ea3 nh\u1edbt v\u00e0o \u0111\u1ed9ng c\u01a1.<\/li>\n<li>Kh\u1edfi \u0111\u1ed9ng \u0111\u1ed9ng c\u01a1 v\u00e0 \u0111\u1ec3 ch\u1ea1y kh\u00f4ng t\u1ea3i trong 5-10 ph\u00fat.<\/li>\n<li>T\u1eaft \u0111\u1ed9ng c\u01a1 v\u00e0 x\u1ea3 h\u1ebft ch\u1ea5t v\u1ec7 sinh.<\/li>\n<li>Thay b\u1ed9 l\u1ecdc nh\u1edbt m\u1edbi.<\/li>\n<li>\u0110\u1ed5 d\u1ea7u nh\u1edbt m\u1edbi v\u00e0o \u0111\u1ed9ng c\u01a1.<\/li>\n<\/ol>\n<h2>L\u01b0u \u00fd<\/h2>\n<p>\u0110\u1ecdc k\u1ef9 h\u01b0\u1edbng d\u1eabn tr\u00ean nh\u00e3n s\u1ea3n ph\u1ea9m tr\u01b0\u1edbc khi s\u1eed d\u1ee5ng.<\/p>\n<p>Tr\u00e1nh ti\u1ebfp x\u00fac v\u1edbi da v\u00e0 m\u1eaft.<\/p>\n<p>S\u1eed d\u1ee5ng g\u0103ng tay v\u00e0 k\u00ednh b\u1ea3o h\u1ed9 khi s\u1eed d\u1ee5ng s\u1ea3n ph\u1ea9m.<\/p>\n<p>Th\u1ea3i b\u1ecf s\u1ea3n ph\u1ea9m \u0111\u00e3 s\u1eed d\u1ee5ng theo quy \u0111\u1ecbnh c\u1ee7a \u0111\u1ecba ph\u01b0\u01a1ng.<\/p>\n<h2>K\u1ebft lu\u1eadn<\/h2>\n<p>Ch\u1ea5t v\u1ec7 sinh v\u00e0 s\u00fac x\u1ea3 nh\u1edbt 400ml l\u00e0 m\u1ed9t s\u1ea3n ph\u1ea9m thi\u1ebft y\u1ebfu \u0111\u1ec3 b\u1ea3o d\u01b0\u1ee1ng \u0111\u1ed9ng c\u01a1 xe h\u01a1i. B\u1eb1ng c\u00e1ch s\u1eed d\u1ee5ng s\u1ea3n ph\u1ea9m n\u00e0y th\u01b0\u1eddng xuy\u00ean, b\u1ea1n c\u00f3 th\u1ec3 \u0111\u1ea3m b\u1ea3o \u0111\u1ed9ng c\u01a1 c\u1ee7a m\u00ecnh ho\u1ea1t \u0111\u1ed9ng m\u01b0\u1ee3t m\u00e0, hi\u1ec7u qu\u1ea3 v\u00e0 c\u00f3 tu\u1ed5i th\u1ecd l\u00e2u h\u01a1n. \u0110\u1ea7u t\u01b0 v\u00e0o ch\u1ea5t v\u1ec7 sinh v\u00e0 s\u00fac x\u1ea3 nh\u1edbt l\u00e0 m\u1ed9t l\u1ef1a ch\u1ecdn s\u00e1ng su\u1ed1t \u0111\u1ec3 b\u1ea3o v\u1ec7 \u0111\u1ed9ng c\u01a1 v\u00e0 k\u00e9o d\u00e0i tu\u1ed5i th\u1ecd c\u1ee7a ph\u01b0\u01a1ng ti\u1ec7n c\u1ee7a b\u1ea1n.<\/p>\n<\/div>\n","protected":false},"excerpt":{"rendered":"<p><strong>T\u00ean sa\u0309n ph\u00e2\u0309m:<\/strong>CH\u1ea4T V\u1ec6 SINH S\u00daC X\u1ea2 NH\u1edaT 400ML<br \/>\n<strong>T\u00ecnh tr\u1ea1ng:<\/strong> Li\u00ean h\u1ec7 S\u0110T 090 666 5927 .<br \/>\n<strong>Kho:<\/strong> H\u1ed3 Ch\u00ed Minh.<br \/>\n<strong>Li\u00ean h\u1ec7:<\/strong> (24\/7)<br \/>\n<strong>Giao h\u00e0ng:<\/strong> Trong ng\u00e0y<\/p>\n","protected":false},"featured_media":7795,"comment_status":"closed","ping_status":"closed","template":"","meta":[],"product_brand":[],"product_cat":[164],"product_tag":[],"class_list":{"0":"post-7794","1":"product","2":"type-product","3":"status-publish","4":"has-post-thumbnail","6":"product_cat-wurth","8":"first","9":"instock","10":"shipping-taxable","11":"product-type-simple"},"_links":{"self":[{"href":"https:\/\/yenhung.com\/index.php?rest_route=\/wp\/v2\/product\/7794","targetHints":{"allow":["GET"]}}],"collection":[{"href":"https:\/\/yenhung.com\/index.php?rest_route=\/wp\/v2\/product"}],"about":[{"href":"https:\/\/yenhung.com\/index.php?rest_route=\/wp\/v2\/types\/product"}],"replies":[{"embeddable":true,"href":"https:\/\/yenhung.com\/index.php?rest_route=%2Fwp%2Fv2%2Fcomments&post=7794"}],"wp:featuredmedia":[{"embeddable":true,"href":"https:\/\/yenhung.com\/index.php?rest_route=\/wp\/v2\/media\/7795"}],"wp:attachment":[{"href":"https:\/\/yenhung.com\/index.php?rest_route=%2Fwp%2Fv2%2Fmedia&parent=7794"}],"wp:term":[{"taxonomy":"product_brand","embeddable":true,"href":"https:\/\/yenhung.com\/index.php?rest_route=%2Fwp%2Fv2%2Fproduct_brand&post=7794"},{"taxonomy":"product_cat","embeddable":true,"href":"https:\/\/yenhung.com\/index.php?rest_route=%2Fwp%2Fv2%2Fproduct_cat&post=7794"},{"taxonomy":"product_tag","embeddable":true,"href":"https:\/\/yenhung.com\/index.php?rest_route=%2Fwp%2Fv2%2Fproduct_tag&post=7794"}],"curies":[{"name":"wp","href":"https:\/\/api.w.org\/{rel}","templated":true}]}}