{"id":7802,"date":"2025-11-10T08:19:11","date_gmt":"2025-11-10T08:19:11","guid":{"rendered":"https:\/\/yenhung.com\/?product=dung-dich-phu-chong-chuot-cho-o-to-wurth-250ml"},"modified":"2026-02-11T01:37:23","modified_gmt":"2026-02-11T01:37:23","slug":"dung-dich-phu-chong-chuot-cho-o-to-wurth-250ml","status":"publish","type":"product","link":"https:\/\/yenhung.com\/?product=dung-dich-phu-chong-chuot-cho-o-to-wurth-250ml","title":{"rendered":"Dung d\u1ecbch ph\u1ee7 ch\u1ed1ng chu\u1ed9t cho \u00f4 t\u00f4 Wurth 250ml"},"content":{"rendered":"<div class=\"ba-text-fpt\">\n<p>&nbsp;<\/p>\n<h2><strong>Dung d\u1ecbch ph\u1ee7 ch\u1ed1ng chu\u1ed9t cho \u00f4 t\u00f4 250ml<\/strong><\/h2>\n<p><strong><img decoding=\"async\" title=\"dung-di-ch-phu-cho-ng-chuo-t-cho-o-to-250ml-jpeg-1\" src=\"https:\/\/yenhung.com\/wp-content\/uploads\/2025\/11\/dung-di-ch-phu-cho-ng-chuo-t-cho-o-to-250ml-jpeg-1.jpg\" alt=\"DUNG D\u1ecaCH PH\u1ee6 CH\u1ed0NG CHU\u1ed8T CHO \u00d4 T\u00d4 250ML\" data-thumb=\"large\" \/><\/strong><\/p>\n<h2>M\u00f4 t\u1ea3 s\u1ea3n ph\u1ea9m<\/h2>\n<p>Dung d\u1ecbch ph\u1ee7 ch\u1ed1ng chu\u1ed9t cho \u00f4 t\u00f4 l\u00e0 m\u1ed9t s\u1ea3n ph\u1ea9m ti\u00ean ti\u1ebfn \u0111\u01b0\u1ee3c thi\u1ebft k\u1ebf \u0111\u1ec3 b\u1ea3o v\u1ec7 h\u1ec7 th\u1ed1ng d\u00e2y \u0111i\u1ec7n v\u00e0 c\u00e1c b\u1ed9 ph\u1eadn kh\u00e1c tr\u00ean xe kh\u1ecfi b\u1ecb chu\u1ed9t g\u1eb7m nh\u1ea5m. \u0110\u00e2y l\u00e0 m\u1ed9t dung d\u1ecbch d\u1ea1ng x\u1ecbt v\u1edbi c\u00f4ng th\u1ee9c chuy\u00ean d\u1ee5ng c\u00f3 kh\u1ea3 n\u0103ng:<\/p>\n<ul>\n<li>T\u1ea1o ra m\u1ed9t l\u1edbp ph\u1ee7 b\u1ea3o v\u1ec7 v\u00f4 h\u00ecnh, ng\u0103n chu\u1ed9t ti\u1ebfp c\u1eadn v\u00e0 g\u1eb7m nh\u1ea5m d\u00e2y \u0111i\u1ec7n<\/li>\n<li>Ch\u1ee9a c\u00e1c th\u00e0nh ph\u1ea7n c\u00f3 m\u00f9i h\u0103ng n\u1ed3ng, xua \u0111u\u1ed5i chu\u1ed9t m\u1ed9t c\u00e1ch hi\u1ec7u qu\u1ea3<\/li>\n<li>Kh\u00f4 nhanh v\u00e0 \u0111\u1ec3 l\u1ea1i l\u1edbp ph\u1ee7 b\u1ec1n l\u00e2u, kh\u00f4ng g\u00e2y h\u1ea1i cho xe ho\u1eb7c m\u00f4i tr\u01b0\u1eddng<\/li>\n<\/ul>\n<h2>T\u00ednh n\u0103ng n\u1ed5i b\u1eadt<\/h2>\n<ul>\n<li>B\u1ea3o v\u1ec7 to\u00e0n di\u1ec7n kh\u1ecfi thi\u1ec7t h\u1ea1i do chu\u1ed9t g\u1eb7m nh\u1ea5m<\/li>\n<li>C\u00f4ng th\u1ee9c m\u1ea1nh m\u1ebd v\u00e0 l\u00e2u d\u00e0i, t\u00e1c d\u1ee5ng l\u00ean \u0111\u1ebfn 6 th\u00e1ng<\/li>\n<li>D\u1ec5 d\u00e0ng s\u1eed d\u1ee5ng, ch\u1ec9 c\u1ea7n x\u1ecbt tr\u1ef1c ti\u1ebfp l\u00ean c\u00e1c khu v\u1ef1c c\u1ea7n b\u1ea3o v\u1ec7<\/li>\n<li>Kh\u00f4ng g\u00e2y h\u1ea1i cho xe ho\u1eb7c m\u00f4i tr\u01b0\u1eddng<\/li>\n<li>Dung t\u00edch 250ml ph\u00f9 h\u1ee3p cho h\u1ea7u h\u1ebft c\u00e1c lo\u1ea1i xe<\/li>\n<\/ul>\n<h2>C\u00e1ch s\u1eed d\u1ee5ng<\/h2>\n<ol>\n<li>L\u1eafc k\u1ef9 b\u00ecnh x\u1ecbt<\/li>\n<li>X\u1ecbt tr\u1ef1c ti\u1ebfp l\u00ean c\u00e1c d\u00e2y \u0111i\u1ec7n, \u1ed1ng, m\u00e1ng c\u00e1p v\u00e0 c\u00e1c b\u1ed9 ph\u1eadn kh\u00e1c c\u00f3 th\u1ec3 ti\u1ebfp c\u1eadn \u0111\u01b0\u1ee3c v\u1edbi chu\u1ed9t<\/li>\n<li>\u0110\u1ec3 kh\u00f4 trong 24 gi\u1edd<\/li>\n<li>L\u1eb7p l\u1ea1i vi\u1ec7c x\u1ecbt n\u1ebfu c\u1ea7n thi\u1ebft<\/li>\n<\/ol>\n<h2>L\u1ee3i \u00edch<\/h2>\n<ul>\n<li>Ti\u1ebft ki\u1ec7m chi ph\u00ed s\u1eeda ch\u1eefa t\u1ed1n k\u00e9m do thi\u1ec7t h\u1ea1i c\u1ee7a chu\u1ed9t<\/li>\n<li>B\u1ea3o v\u1ec7 an to\u00e0n cho h\u1ec7 th\u1ed1ng \u0111i\u1ec7n v\u00e0 c\u00e1c b\u1ed9 ph\u1eadn quan tr\u1ecdng c\u1ee7a xe<\/li>\n<li>Ng\u0103n ng\u1eeba ch\u00e1y n\u1ed5 do ch\u1eadp \u0111i\u1ec7n do chu\u1ed9t g\u1eb7m nh\u1ea5m<\/li>\n<li>T\u1ea1o s\u1ef1 an t\u00e2m cho ng\u01b0\u1eddi l\u00e1i xe bi\u1ebft r\u1eb1ng xe c\u1ee7a h\u1ecd \u0111\u01b0\u1ee3c b\u1ea3o v\u1ec7 kh\u1ecfi lo\u00e0i g\u1eb7m nh\u1ea5m ph\u00e1 ho\u1ea1i<\/li>\n<\/ul>\n<\/div>\n","protected":false},"excerpt":{"rendered":"<p><strong>T\u00ean sa\u0309n ph\u00e2\u0309m:\u00a0<\/strong>DUNG D\u1ecaCH PH\u1ee6 CH\u1ed0NG CHU\u1ed8T CHO \u00d4 T\u00d4 250ML<br \/>\n<strong>T\u00ecnh tr\u1ea1ng:<\/strong> Li\u00ean h\u1ec7 S\u0110T 090 666 5927 .<br \/>\n<strong>Kho:<\/strong> H\u1ed3 Ch\u00ed Minh.<br \/>\n<strong>Li\u00ean h\u1ec7:<\/strong> (24\/7)<br \/>\n<strong>Giao h\u00e0ng:<\/strong> Trong ng\u00e0y<\/p>\n","protected":false},"featured_media":7803,"comment_status":"closed","ping_status":"closed","template":"","meta":[],"product_brand":[],"product_cat":[164],"product_tag":[],"class_list":{"0":"post-7802","1":"product","2":"type-product","3":"status-publish","4":"has-post-thumbnail","6":"product_cat-wurth","8":"first","9":"instock","10":"shipping-taxable","11":"product-type-simple"},"_links":{"self":[{"href":"https:\/\/yenhung.com\/index.php?rest_route=\/wp\/v2\/product\/7802","targetHints":{"allow":["GET"]}}],"collection":[{"href":"https:\/\/yenhung.com\/index.php?rest_route=\/wp\/v2\/product"}],"about":[{"href":"https:\/\/yenhung.com\/index.php?rest_route=\/wp\/v2\/types\/product"}],"replies":[{"embeddable":true,"href":"https:\/\/yenhung.com\/index.php?rest_route=%2Fwp%2Fv2%2Fcomments&post=7802"}],"wp:featuredmedia":[{"embeddable":true,"href":"https:\/\/yenhung.com\/index.php?rest_route=\/wp\/v2\/media\/7803"}],"wp:attachment":[{"href":"https:\/\/yenhung.com\/index.php?rest_route=%2Fwp%2Fv2%2Fmedia&parent=7802"}],"wp:term":[{"taxonomy":"product_brand","embeddable":true,"href":"https:\/\/yenhung.com\/index.php?rest_route=%2Fwp%2Fv2%2Fproduct_brand&post=7802"},{"taxonomy":"product_cat","embeddable":true,"href":"https:\/\/yenhung.com\/index.php?rest_route=%2Fwp%2Fv2%2Fproduct_cat&post=7802"},{"taxonomy":"product_tag","embeddable":true,"href":"https:\/\/yenhung.com\/index.php?rest_route=%2Fwp%2Fv2%2Fproduct_tag&post=7802"}],"curies":[{"name":"wp","href":"https:\/\/api.w.org\/{rel}","templated":true}]}}