{"id":7807,"date":"2025-11-10T08:19:17","date_gmt":"2025-11-10T08:19:17","guid":{"rendered":"https:\/\/yenhung.com\/?product=chat-ve-sinh-thang-tay-rua-dau-mo-wurth-20l"},"modified":"2026-02-11T01:37:28","modified_gmt":"2026-02-11T01:37:28","slug":"chat-ve-sinh-thang-tay-rua-dau-mo-wurth-20l","status":"publish","type":"product","link":"https:\/\/yenhung.com\/?product=chat-ve-sinh-thang-tay-rua-dau-mo-wurth-20l","title":{"rendered":"Ch\u1ea5t v\u1ec7 sinh th\u1eafng, t\u1ea9y r\u1eeda d\u1ea7u m\u1ee1 Wurth 20l"},"content":{"rendered":"<div class=\"ba-text-fpt\">\n<p>&nbsp;<\/p>\n<h2><strong>Ch\u1ea5t V\u1ec7 Sinh Th\u1eafng, T\u1ea9y R\u1eeda D\u1ea7u M\u1ee1 20L: Gi\u1ea3i Ph\u00e1p T\u1ed1i \u01afu Cho X\u01b0\u1edfng S\u1ea3n Xu\u1ea5t<\/strong><\/h2>\n<p><strong><img decoding=\"async\" title=\"cha-t-ve-sinh-tha-ng-ta-y-ru-a-da-u-mo-20l-jpeg-2\" src=\"https:\/\/yenhung.com\/wp-content\/uploads\/2025\/11\/cha-t-ve-sinh-tha-ng-ta-y-ru-a-da-u-mo-20l-jpeg-2.jpg\" alt=\"CH\u1ea4T V\u1ec6 SINH TH\u1eaeNG, T\u1ea8Y R\u1eecA D\u1ea6U M\u1ee0 20L\" data-thumb=\"large\" \/><\/strong><\/p>\n<h2>Gi\u1edbi thi\u1ec7u<\/h2>\n<p>Ch\u1ea5t v\u1ec7 sinh th\u1eafng, t\u1ea9y r\u1eeda d\u1ea7u m\u1ee1 20L l\u00e0 s\u1ea3n ph\u1ea9m ch\u1ea5t t\u1ea9y r\u1eeda m\u1ea1nh m\u1ebd \u0111\u01b0\u1ee3c thi\u1ebft k\u1ebf \u0111\u1eb7c bi\u1ec7t \u0111\u1ec3 lo\u1ea1i b\u1ecf hi\u1ec7u qu\u1ea3 c\u00e1c v\u1ebft b\u1ea9n d\u1ea7u m\u1ee1 v\u00e0 b\u1ee5i b\u1ea9n c\u1ee9ng \u0111\u1ea7u tr\u00ean c\u00e1c b\u1ed9 ph\u1eadn th\u1eafng v\u00e0 c\u00e1c b\u1ec1 m\u1eb7t kh\u00e1c trong x\u01b0\u1edfng s\u1ea3n xu\u1ea5t. S\u1ea3n ph\u1ea9m n\u00e0y \u0111\u01b0\u1ee3c pha ch\u1ebf v\u1edbi c\u00f4ng th\u1ee9c \u0111\u1ed9c quy\u1ec1n, cung c\u1ea5p kh\u1ea3 n\u0103ng l\u00e0m s\u1ea1ch tuy\u1ec7t v\u1eddi, ti\u1ebft ki\u1ec7m th\u1eddi gian v\u00e0 c\u00f4ng s\u1ee9c cho c\u00e1c nh\u00e0 m\u00e1y c\u0169ng nh\u01b0 c\u00e1c chuy\u00ean gia b\u1ea3o d\u01b0\u1ee1ng \u00f4 t\u00f4.<\/p>\n<h2>Th\u00e0nh ph\u1ea7n<\/h2>\n<p>Ch\u1ea5t v\u1ec7 sinh th\u1eafng, t\u1ea9y r\u1eeda d\u1ea7u m\u1ee1 20L \u0111\u01b0\u1ee3c s\u1ea3n xu\u1ea5t t\u1eeb c\u00e1c th\u00e0nh ph\u1ea7n m\u1ea1nh m\u1ebd, bao g\u1ed3m:<\/p>\n<ul>\n<li>Dung m\u00f4i m\u1ea1nh: Nh\u1eafm m\u1ee5c ti\u00eau v\u00e0 h\u00f2a tan c\u00e1c ch\u1ea5t b\u00e9o, d\u1ea7u v\u00e0 b\u1ee5i b\u1ea9n c\u1ee9ng \u0111\u1ea7u<\/li>\n<li>Ch\u1ea5t ho\u1ea1t \u0111\u1ed9ng b\u1ec1 m\u1eb7t: Gi\u1ea3m s\u1ee9c c\u0103ng b\u1ec1 m\u1eb7t c\u1ee7a b\u1ee5i b\u1ea9n, gi\u00fap d\u1ec5 d\u00e0ng lo\u1ea1i b\u1ecf<\/li>\n<li>Ch\u1ea5t \u1ee9c ch\u1ebf \u0103n m\u00f2n: B\u1ea3o v\u1ec7 c\u00e1c b\u1ec1 m\u1eb7t kim lo\u1ea1i kh\u1ecfi b\u1ecb h\u01b0 h\u1ecfng<\/li>\n<\/ul>\n<h2>\u01afu \u0111i\u1ec3m<\/h2>\n<ul>\n<li>Kh\u1ea3 n\u0103ng t\u1ea9y r\u1eeda v\u01b0\u1ee3t tr\u1ed9i: Lo\u1ea1i b\u1ecf hi\u1ec7u qu\u1ea3 c\u00e1c v\u1ebft b\u1ea9n d\u1ea7u m\u1ee1, b\u1ee5i b\u1ea9n v\u00e0 c\u1eb7n c\u1ee9ng \u0111\u1ea7u<\/li>\n<li>Ti\u1ebft ki\u1ec7m th\u1eddi gian v\u00e0 c\u00f4ng s\u1ee9c: C\u00f4ng th\u1ee9c m\u1ea1nh m\u1ebd gi\u00fap gi\u1ea3m th\u1eddi gian v\u1ec7 sinh v\u00e0 c\u00f4ng s\u1ee9c lau ch\u00f9i<\/li>\n<li>An to\u00e0n tr\u00ean h\u1ea7u h\u1ebft c\u00e1c b\u1ec1 m\u1eb7t: Ph\u00f9 h\u1ee3p s\u1eed d\u1ee5ng tr\u00ean kim lo\u1ea1i, g\u1ed1m s\u1ee9, nh\u1ef1a v\u00e0 cao su<\/li>\n<li>Bay h\u01a1i nhanh: \u0110\u1ec3 l\u1ea1i b\u1ec1 m\u1eb7t s\u1ea1ch s\u1ebd v\u00e0 kh\u00f4 nhanh ch\u00f3ng<\/li>\n<li>Ti\u1ec7n l\u1ee3i khi s\u1eed d\u1ee5ng: C\u00f3 th\u1ec3 s\u1eed d\u1ee5ng b\u1eb1ng m\u00e1y phun, m\u00e1y r\u1eeda \u00e1p l\u1ef1c ho\u1eb7c ch\u1ed5i v\u1ec7 sinh<\/li>\n<\/ul>\n<h2>\u1ee8ng d\u1ee5ng<\/h2>\n<p>Ch\u1ea5t v\u1ec7 sinh th\u1eafng, t\u1ea9y r\u1eeda d\u1ea7u m\u1ee1 20L l\u00fd t\u01b0\u1edfng \u0111\u1ec3 s\u1eed d\u1ee5ng trong c\u00e1c \u1ee9ng d\u1ee5ng sau:<\/p>\n<ul>\n<li>V\u1ec7 sinh v\u00e0 b\u1ea3o d\u01b0\u1ee1ng h\u1ec7 th\u1ed1ng th\u1eafng<\/li>\n<li>X\u1eed l\u00fd b\u1ec1 m\u1eb7t tr\u01b0\u1edbc khi s\u01a1n ho\u1eb7c m\u1ea1<\/li>\n<li>Lo\u1ea1i b\u1ecf d\u1ea7u m\u1ee1 t\u1eeb \u0111\u1ed9ng c\u01a1, m\u00e1y m\u00f3c v\u00e0 c\u00f4ng c\u1ee5<\/li>\n<li>L\u00e0m s\u1ea1ch s\u00e0n x\u01b0\u1edfng v\u00e0 b\u1ec1 m\u1eb7t l\u00e0m vi\u1ec7c<\/li>\n<li>V\u1ec7 sinh m\u00e1y m\u00f3c d\u1ec7t may v\u00e0 s\u1ea3n xu\u1ea5t gi\u1ea5y<\/li>\n<\/ul>\n<h2>H\u01b0\u1edbng d\u1eabn s\u1eed d\u1ee5ng<\/h2>\n<ol>\n<li>\u0110\u1ecdc k\u1ef9 h\u01b0\u1edbng d\u1eabn s\u1eed d\u1ee5ng tr\u01b0\u1edbc khi s\u1eed d\u1ee5ng.<\/li>\n<li>X\u1ecbt tr\u1ef1c ti\u1ebfp l\u00ean b\u1ec1 m\u1eb7t c\u1ea7n v\u1ec7 sinh ho\u1eb7c ng\u00e2m c\u00e1c b\u1ed9 ph\u1eadn trong dung d\u1ecbch v\u1ec7 sinh.<\/li>\n<li>\u0110\u1ec3 dung d\u1ecbch ng\u1ea5m trong v\u00e0i ph\u00fat.<\/li>\n<li>D\u00f9ng ch\u1ed5i ho\u1eb7c kh\u0103n lau \u0111\u1ec3 ch\u00e0 x\u00e1t v\u00e0 lo\u1ea1i b\u1ecf b\u1ee5i b\u1ea9n.<\/li>\n<li>R\u1eeda s\u1ea1ch b\u1eb1ng n\u01b0\u1edbc ho\u1eb7c lau s\u1ea1ch b\u1eb1ng kh\u0103n kh\u00f4.<\/li>\n<\/ol>\n<h2>Bi\u1ec7n ph\u00e1p ph\u00f2ng ng\u1eeba<\/h2>\n<ul>\n<li>\u0110eo g\u0103ng tay v\u00e0 m\u1eaft k\u00ednh b\u1ea3o h\u1ed9 khi s\u1eed d\u1ee5ng.<\/li>\n<li>Tr\u00e1nh ti\u1ebfp x\u00fac v\u1edbi m\u1eaft v\u00e0 da.<\/li>\n<li>Kh\u00f4ng h\u00edt tr\u1ef1c ti\u1ebfp h\u01a1i dung d\u1ecbch.<\/li>\n<li>B\u1ea3o qu\u1ea3n \u1edf n\u01a1i tho\u00e1ng m\u00e1t, tr\u00e1nh xa ngu\u1ed3n nhi\u1ec7t v\u00e0 l\u1eeda.<\/li>\n<\/ul>\n<h2>K\u1ebft lu\u1eadn<\/h2>\n<p>Ch\u1ea5t v\u1ec7 sinh th\u1eafng, t\u1ea9y r\u1eeda d\u1ea7u m\u1ee1 20L l\u00e0 m\u1ed9t s\u1ea3n ph\u1ea9m v\u1ec7 sinh chuy\u00ean d\u1ee5ng cung c\u1ea5p gi\u1ea3i ph\u00e1p t\u1ed1i \u01b0u cho c\u00e1c nh\u00e0 m\u00e1y v\u00e0 x\u01b0\u1edfng s\u1ea3n xu\u1ea5t. C\u00f4ng th\u1ee9c m\u1ea1nh m\u1ebd c\u1ee7a s\u1ea3n ph\u1ea9m \u0111\u1ea3m b\u1ea3o kh\u1ea3 n\u0103ng l\u00e0m s\u1ea1ch hi\u1ec7u qu\u1ea3, ti\u1ebft ki\u1ec7m th\u1eddi gian v\u00e0 c\u00f4ng s\u1ee9c, \u0111\u1ed3ng th\u1eddi an to\u00e0n tr\u00ean h\u1ea7u h\u1ebft c\u00e1c b\u1ec1 m\u1eb7t. B\u1eb1ng c\u00e1ch s\u1eed d\u1ee5ng s\u1ea3n ph\u1ea9m n\u00e0y, c\u00e1c doanh nghi\u1ec7p c\u00f3 th\u1ec3 duy tr\u00ec v\u1ec7 sinh nh\u00e0 m\u00e1y, \u0111\u1ea3m b\u1ea3o hi\u1ec7u su\u1ea5t ho\u1ea1t \u0111\u1ed9ng cao v\u00e0 k\u00e9o d\u00e0i tu\u1ed5i th\u1ecd c\u1ee7a m\u00e1y m\u00f3c thi\u1ebft b\u1ecb.<\/p>\n<\/div>\n","protected":false},"excerpt":{"rendered":"<p><strong>T\u00ean sa\u0309n ph\u00e2\u0309m:<\/strong>CH\u1ea4T V\u1ec6 SINH TH\u1eaeNG, T\u1ea8Y R\u1eecA D\u1ea6U M\u1ee0 20L<br \/>\n<strong>T\u00ecnh tr\u1ea1ng:<\/strong> Li\u00ean h\u1ec7 S\u0110T 090 666 5927 .<br \/>\n<strong>Kho:<\/strong> H\u1ed3 Ch\u00ed Minh.<br \/>\n<strong>Li\u00ean h\u1ec7:<\/strong> (24\/7)<br \/>\n<strong>Giao h\u00e0ng:<\/strong> Trong ng\u00e0y<\/p>\n","protected":false},"featured_media":7808,"comment_status":"closed","ping_status":"closed","template":"","meta":[],"product_brand":[],"product_cat":[164],"product_tag":[],"class_list":{"0":"post-7807","1":"product","2":"type-product","3":"status-publish","4":"has-post-thumbnail","6":"product_cat-wurth","8":"first","9":"instock","10":"shipping-taxable","11":"product-type-simple"},"_links":{"self":[{"href":"https:\/\/yenhung.com\/index.php?rest_route=\/wp\/v2\/product\/7807","targetHints":{"allow":["GET"]}}],"collection":[{"href":"https:\/\/yenhung.com\/index.php?rest_route=\/wp\/v2\/product"}],"about":[{"href":"https:\/\/yenhung.com\/index.php?rest_route=\/wp\/v2\/types\/product"}],"replies":[{"embeddable":true,"href":"https:\/\/yenhung.com\/index.php?rest_route=%2Fwp%2Fv2%2Fcomments&post=7807"}],"wp:featuredmedia":[{"embeddable":true,"href":"https:\/\/yenhung.com\/index.php?rest_route=\/wp\/v2\/media\/7808"}],"wp:attachment":[{"href":"https:\/\/yenhung.com\/index.php?rest_route=%2Fwp%2Fv2%2Fmedia&parent=7807"}],"wp:term":[{"taxonomy":"product_brand","embeddable":true,"href":"https:\/\/yenhung.com\/index.php?rest_route=%2Fwp%2Fv2%2Fproduct_brand&post=7807"},{"taxonomy":"product_cat","embeddable":true,"href":"https:\/\/yenhung.com\/index.php?rest_route=%2Fwp%2Fv2%2Fproduct_cat&post=7807"},{"taxonomy":"product_tag","embeddable":true,"href":"https:\/\/yenhung.com\/index.php?rest_route=%2Fwp%2Fv2%2Fproduct_tag&post=7807"}],"curies":[{"name":"wp","href":"https:\/\/api.w.org\/{rel}","templated":true}]}}