{"id":7811,"date":"2025-11-10T08:19:22","date_gmt":"2025-11-10T08:19:22","guid":{"rendered":"https:\/\/yenhung.com\/?product=phu-gia-dau-nhot-wurth-300ml"},"modified":"2026-02-11T01:35:14","modified_gmt":"2026-02-11T01:35:14","slug":"phu-gia-dau-nhot-wurth-300ml","status":"publish","type":"product","link":"https:\/\/yenhung.com\/?product=phu-gia-dau-nhot-wurth-300ml","title":{"rendered":"Ph\u1ee5 gia d\u1ea7u nh\u1edbt Wurth 300ml"},"content":{"rendered":"<div class=\"ba-text-fpt\">\n<p>&nbsp;<\/p>\n<h1>Ph\u1ee5 gia d\u1ea7u nh\u1edbt 300ml: Gi\u1ea3i ph\u00e1p t\u1ed1i \u01b0u b\u1ea3o v\u1ec7 v\u00e0 t\u0103ng c\u01b0\u1eddng hi\u1ec7u su\u1ea5t \u0111\u1ed9ng c\u01a1<\/h1>\n<p><img decoding=\"async\" title=\"phu-gia-da-u-nho-t-300ml-jpeg-1\" src=\"https:\/\/yenhung.com\/wp-content\/uploads\/2025\/11\/phu-gia-da-u-nho-t-300ml-jpeg-1.jpg\" alt=\"PH\u1ee4 GIA D\u1ea6U NH\u1edaT 300ML\" data-thumb=\"large\" \/><\/p>\n<h2>Gi\u1edbi thi\u1ec7u<\/h2>\n<p>Trong \u0111i\u1ec1u ki\u1ec7n ho\u1ea1t \u0111\u1ed9ng kh\u1eafc nghi\u1ec7t, d\u1ea7u nh\u1edbt \u0111\u00f3ng vai tr\u00f2 thi\u1ebft y\u1ebfu trong vi\u1ec7c b\u00f4i tr\u01a1n, l\u00e0m m\u00e1t v\u00e0 b\u1ea3o v\u1ec7 c\u00e1c b\u1ed9 ph\u1eadn quan tr\u1ecdng c\u1ee7a \u0111\u1ed9ng c\u01a1. Tuy nhi\u00ean, theo th\u1eddi gian, d\u1ea7u nh\u1edbt c\u00f3 th\u1ec3 b\u1ecb suy gi\u1ea3m, d\u1eabn \u0111\u1ebfn hi\u1ec7u su\u1ea5t \u0111\u1ed9ng c\u01a1 gi\u1ea3m v\u00e0 t\u0103ng nguy c\u01a1 h\u01b0 h\u1ecfng. Ph\u1ee5 gia d\u1ea7u nh\u1edbt 300ml l\u00e0 gi\u1ea3i ph\u00e1p t\u1ed1i \u01b0u gi\u00fap gi\u1ea3i quy\u1ebft v\u1ea5n \u0111\u1ec1 n\u00e0y.<\/p>\n<h2>T\u00ednh n\u0103ng v\u00e0 L\u1ee3i \u00edch<\/h2>\n<ul>\n<li><strong>T\u0103ng c\u01b0\u1eddng b\u1ea3o v\u1ec7 \u0111\u1ed9ng c\u01a1:<\/strong> Ph\u1ee5 gia d\u1ea7u nh\u1edbt ch\u1ee9a c\u00e1c th\u00e0nh ph\u1ea7n ch\u1ed1ng m\u00e0i m\u00f2n, h\u00ecnh th\u00e0nh m\u00e0ng b\u1ea3o v\u1ec7 tr\u00ean b\u1ec1 m\u1eb7t kim lo\u1ea1i, gi\u1ea3m \u0111\u00e1ng k\u1ec3 ma s\u00e1t v\u00e0 m\u00e0i m\u00f2n, k\u00e9o d\u00e0i tu\u1ed5i th\u1ecd \u0111\u1ed9ng c\u01a1.<\/li>\n<li><strong>Gi\u1ea3m ma s\u00e1t:<\/strong> Ph\u1ee5 gia g\u1ed1c ester v\u00e0 PTFE gi\u00fap gi\u1ea3m ma s\u00e1t gi\u1eefa c\u00e1c b\u1ed9 ph\u1eadn chuy\u1ec3n \u0111\u1ed9ng, t\u0103ng hi\u1ec7u su\u1ea5t v\u00e0 ti\u1ebft ki\u1ec7m nhi\u00ean li\u1ec7u.<\/li>\n<li><strong>T\u0103ng c\u01b0\u1eddng ch\u1ec9 s\u1ed1 \u0111\u1ed9 nh\u1edbt:<\/strong> Ph\u1ee5 gia d\u1ea7u nh\u1edbt gi\u00fap duy tr\u00ec \u0111\u1ed9 nh\u1edbt d\u1ea7u \u1edf nhi\u1ec7t \u0111\u1ed9 cao, ng\u0103n ng\u1eeba s\u1ef1 c\u1ed1 k\u1eb9t d\u00ednh piston v\u00e0 h\u1ecfng tr\u1ee5c khu\u1ef7u.<\/li>\n<li><strong>T\u1ea9y s\u1ea1ch c\u1eb7n b\u1ea9n:<\/strong> C\u00e1c th\u00e0nh ph\u1ea7n t\u1ea9y r\u1eeda trong ph\u1ee5 gia gi\u00fap lo\u1ea1i b\u1ecf c\u1eb7n b\u1ea9n, mu\u1ed9i than v\u00e0 c\u00e1c t\u1ea1p ch\u1ea5t t\u00edch t\u1ee5 trong \u0111\u1ed9ng c\u01a1, duy tr\u00ec hi\u1ec7u su\u1ea5t t\u1ed1i \u01b0u.<\/li>\n<li><strong>B\u1ea3o v\u1ec7 ch\u1ed1ng \u0103n m\u00f2n:<\/strong> Ph\u1ee5 gia d\u1ea7u nh\u1edbt ch\u1ee9a c\u00e1c ch\u1ea5t \u1ee9c ch\u1ebf \u0103n m\u00f2n, b\u1ea3o v\u1ec7 c\u00e1c b\u1ec1 m\u1eb7t kim lo\u1ea1i kh\u1ecfi qu\u00e1 tr\u00ecnh oxy h\u00f3a v\u00e0 g\u1ec9 s\u00e9t.<\/li>\n<\/ul>\n<h2>\u1ee8ng d\u1ee5ng<\/h2>\n<p>Ph\u1ee5 gia d\u1ea7u nh\u1edbt 300ml ph\u00f9 h\u1ee3p v\u1edbi m\u1ecdi lo\u1ea1i \u0111\u1ed9ng c\u01a1 x\u0103ng v\u00e0 diesel, bao g\u1ed3m \u00f4 t\u00f4, xe t\u1ea3i, xe m\u00e1y v\u00e0 m\u00e1y m\u00f3c. N\u00f3 \u0111\u1eb7c bi\u1ec7t h\u1eefu \u00edch cho nh\u1eefng \u0111\u1ed9ng c\u01a1 ho\u1ea1t \u0111\u1ed9ng \u1edf \u0111i\u1ec1u ki\u1ec7n kh\u1eafc nghi\u1ec7t, ch\u1eb3ng h\u1ea1n nh\u01b0:<\/p>\n<ul>\n<li>Ho\u1ea1t \u0111\u1ed9ng li\u00ean t\u1ee5c v\u1edbi t\u1ea3i tr\u1ecdng cao<\/li>\n<li>Ch\u1ecbu nhi\u1ec7t \u0111\u1ed9 kh\u1eafc nghi\u1ec7t<\/li>\n<li>S\u1eed d\u1ee5ng trong \u0111i\u1ec1u ki\u1ec7n b\u1ee5i b\u1ea9n nhi\u1ec1u<\/li>\n<li>Y\u00eau c\u1ea7u b\u1ea3o v\u1ec7 ch\u1ed1ng m\u00e0i m\u00f2n cao<\/li>\n<\/ul>\n<h2>C\u00e1ch s\u1eed d\u1ee5ng<\/h2>\n<ol>\n<li>Kh\u1edfi \u0111\u1ed9ng \u0111\u1ed9ng c\u01a1 v\u00e0 \u0111\u1ec3 ch\u1ea1y \u1edf ch\u1ebf \u0111\u1ed9 kh\u00f4ng t\u1ea3i trong v\u00e0i ph\u00fat.<\/li>\n<li>T\u1eaft \u0111\u1ed9ng c\u01a1 v\u00e0 th\u00eam ph\u1ee5 gia d\u1ea7u nh\u1edbt 300ml v\u00e0o b\u00ecnh ch\u1ee9a d\u1ea7u nh\u1edbt.<\/li>\n<li>\u0110\u1eady n\u1eafp b\u00ecnh ch\u1ee9a v\u00e0 kh\u1edfi \u0111\u1ed9ng l\u1ea1i \u0111\u1ed9ng c\u01a1.<\/li>\n<li>\u0110\u1ec3 \u0111\u1ed9ng c\u01a1 ch\u1ea1y trong 10-15 ph\u00fat \u0111\u1ec3 ph\u1ee5 gia ph\u00e2n t\u00e1n \u0111\u1ec1u.<\/li>\n<\/ol>\n<h2>L\u01b0u \u00fd<\/h2>\n<ul>\n<li>\u0110\u1ecdc k\u1ef9 h\u01b0\u1edbng d\u1eabn tr\u00ean h\u1ed9p s\u1ea3n ph\u1ea9m tr\u01b0\u1edbc khi s\u1eed d\u1ee5ng.<\/li>\n<li>Ki\u1ec3m tra \u0111\u1ed9 t\u01b0\u01a1ng th\u00edch c\u1ee7a ph\u1ee5 gia v\u1edbi d\u1ea7u nh\u1edbt \u0111ang s\u1eed d\u1ee5ng.<\/li>\n<li>Kh\u00f4ng s\u1eed d\u1ee5ng qu\u00e1 li\u1ec1u l\u01b0\u1ee3ng khuy\u1ebfn c\u00e1o.<\/li>\n<\/ul>\n<h2>K\u1ebft lu\u1eadn<\/h2>\n<p>Ph\u1ee5 gia d\u1ea7u nh\u1edbt 300ml l\u00e0 m\u1ed9t gi\u1ea3i ph\u00e1p thi\u1ebft y\u1ebfu \u0111\u1ec3 b\u1ea3o v\u1ec7 v\u00e0 t\u0103ng c\u01b0\u1eddng hi\u1ec7u su\u1ea5t \u0111\u1ed9ng c\u01a1. B\u1eb1ng c\u00e1ch gi\u1ea3m ma s\u00e1t, t\u0103ng c\u01b0\u1eddng b\u1ea3o v\u1ec7, t\u1ea9y s\u1ea1ch c\u1eb7n b\u1ea9n v\u00e0 ng\u0103n ng\u1eeba \u0103n m\u00f2n, ph\u1ee5 gia n\u00e0y k\u00e9o d\u00e0i tu\u1ed5i th\u1ecd \u0111\u1ed9ng c\u01a1, ti\u1ebft ki\u1ec7m nhi\u00ean li\u1ec7u v\u00e0 t\u1ed1i \u01b0u h\u00f3a hi\u1ec7u su\u1ea5t t\u1ed5ng th\u1ec3. H\u00e3y \u0111\u1ea7u t\u01b0 v\u00e0o s\u1ea3n ph\u1ea9m n\u00e0y \u0111\u1ec3 \u0111\u1ea3m b\u1ea3o \u0111\u1ed9ng c\u01a1 c\u1ee7a b\u1ea1n ho\u1ea1t \u0111\u1ed9ng tr\u01a1n tru v\u00e0 \u0111\u00e1ng tin c\u1eady trong nhi\u1ec1u n\u0103m t\u1edbi.<\/p>\n<\/div>\n","protected":false},"excerpt":{"rendered":"<p><strong>T\u00ean sa\u0309n ph\u00e2\u0309m:<\/strong>PH\u1ee4 GIA D\u1ea6U NH\u1edaT 300ML<br \/>\n<strong>T\u00ecnh tr\u1ea1ng:<\/strong> Li\u00ean h\u1ec7 S\u0110T 090 666 5927 .<br \/>\n<strong>Kho:<\/strong> H\u1ed3 Ch\u00ed Minh.<br \/>\n<strong>Li\u00ean h\u1ec7:<\/strong> (24\/7)<br \/>\n<strong>Giao h\u00e0ng:<\/strong> Trong ng\u00e0y<\/p>\n","protected":false},"featured_media":7812,"comment_status":"closed","ping_status":"closed","template":"","meta":[],"product_brand":[],"product_cat":[164],"product_tag":[],"class_list":{"0":"post-7811","1":"product","2":"type-product","3":"status-publish","4":"has-post-thumbnail","6":"product_cat-wurth","8":"first","9":"instock","10":"shipping-taxable","11":"product-type-simple"},"_links":{"self":[{"href":"https:\/\/yenhung.com\/index.php?rest_route=\/wp\/v2\/product\/7811","targetHints":{"allow":["GET"]}}],"collection":[{"href":"https:\/\/yenhung.com\/index.php?rest_route=\/wp\/v2\/product"}],"about":[{"href":"https:\/\/yenhung.com\/index.php?rest_route=\/wp\/v2\/types\/product"}],"replies":[{"embeddable":true,"href":"https:\/\/yenhung.com\/index.php?rest_route=%2Fwp%2Fv2%2Fcomments&post=7811"}],"wp:featuredmedia":[{"embeddable":true,"href":"https:\/\/yenhung.com\/index.php?rest_route=\/wp\/v2\/media\/7812"}],"wp:attachment":[{"href":"https:\/\/yenhung.com\/index.php?rest_route=%2Fwp%2Fv2%2Fmedia&parent=7811"}],"wp:term":[{"taxonomy":"product_brand","embeddable":true,"href":"https:\/\/yenhung.com\/index.php?rest_route=%2Fwp%2Fv2%2Fproduct_brand&post=7811"},{"taxonomy":"product_cat","embeddable":true,"href":"https:\/\/yenhung.com\/index.php?rest_route=%2Fwp%2Fv2%2Fproduct_cat&post=7811"},{"taxonomy":"product_tag","embeddable":true,"href":"https:\/\/yenhung.com\/index.php?rest_route=%2Fwp%2Fv2%2Fproduct_tag&post=7811"}],"curies":[{"name":"wp","href":"https:\/\/api.w.org\/{rel}","templated":true}]}}