{"id":7820,"date":"2025-11-10T08:19:36","date_gmt":"2025-11-10T08:19:36","guid":{"rendered":"https:\/\/yenhung.com\/?product=nuoc-giai-nhiet-oat-green-wurth-35dgr-4kg"},"modified":"2026-02-11T01:34:57","modified_gmt":"2026-02-11T01:34:57","slug":"nuoc-giai-nhiet-oat-green-wurth-35dgr-4kg","status":"publish","type":"product","link":"https:\/\/yenhung.com\/?product=nuoc-giai-nhiet-oat-green-wurth-35dgr-4kg","title":{"rendered":"N\u01b0\u1edbc gi\u1ea3i nhi\u1ec7t oat-green-Wurth (-35dgr)-4kg"},"content":{"rendered":"<div class=\"ba-text-fpt\">\n<h2><strong>N\u01af\u1edaC GI\u1ea2I NHI\u1ec6T OAT-GREEN-(-35DGR)-4KG<\/strong><\/h2>\n<h2 data-sourcepos=\"1:1-1:96\">N\u01b0\u1edbc Gi\u1ea3i Nhi\u1ec7t OAT-Green (-35DGR) &#8211; 4KG: B\u1ea3o V\u1ec7 \u0110\u1ed9ng C\u01a1 Hi\u1ec7u Qu\u1ea3 Cho M\u1ecdi \u0110i\u1ec1u Ki\u1ec7n Th\u1eddi Ti\u1ebft<\/h2>\n<p><img decoding=\"async\" title=\"nu-o-c-gia-i-nhie-t-oat-green-35dgr-4kg-jpeg-1\" src=\"https:\/\/yenhung.com\/wp-content\/uploads\/2025\/11\/nu-o-c-gia-i-nhie-t-oat-green-35dgr-4kg-jpeg-1.jpg\" alt=\"N\u01af\u1edaC GI\u1ea2I NHI\u1ec6T OAT-GREEN-(-35DGR)-4KG\" data-thumb=\"large\" \/><\/p>\n<p data-sourcepos=\"3:1-3:72\"><strong>N\u01b0\u1edbc gi\u1ea3i nhi\u1ec7t OAT-Green (-35DGR) &#8211; 4KG<\/strong> l\u00e0 s\u1ea3n ph\u1ea9m l\u00e0m m\u00e1t \u0111\u1ed9ng c\u01a1 cao c\u1ea5p \u0111\u01b0\u1ee3c s\u1ea3n xu\u1ea5t b\u1edfi th\u01b0\u01a1ng hi\u1ec7u Wurth uy t\u00edn \u0111\u1ebfn t\u1eeb \u0110\u1ee9c. S\u1ea3n ph\u1ea9m \u0111\u01b0\u1ee3c s\u1eed d\u1ee5ng cho c\u00e1c lo\u1ea1i xe \u00f4 t\u00f4, xe t\u1ea3i, m\u00e1y m\u00f3c c\u00f4ng nghi\u1ec7p v\u00e0 c\u00e1c thi\u1ebft b\u1ecb kh\u00e1c s\u1eed d\u1ee5ng \u0111\u1ed9ng c\u01a1 \u0111\u1ed1t trong.<\/p>\n<p data-sourcepos=\"5:1-5:20\"><strong>\u01afu \u0111i\u1ec3m n\u1ed5i b\u1eadt:<\/strong><\/p>\n<ul data-sourcepos=\"7:1-7:30\">\n<li data-sourcepos=\"7:1-7:30\"><strong>C\u00f4ng ngh\u1ec7 l\u00e0m m\u00e1t h\u1eefu c\u01a1 (OAT):<\/strong> B\u1ea3o v\u1ec7 \u0111\u1ed9ng c\u01a1 kh\u1ecfi s\u1ef1 \u0103n m\u00f2n, r\u1ec9 s\u00e9t v\u00e0 \u0111\u00f3ng c\u1eb7n hi\u1ec7u qu\u1ea3 h\u01a1n so v\u1edbi c\u00e1c lo\u1ea1i n\u01b0\u1edbc gi\u1ea3i nhi\u1ec7t truy\u1ec1n th\u1ed1ng.<\/li>\n<li data-sourcepos=\"8:1-8:105\"><strong>Kh\u1ea3 n\u0103ng ch\u1ed1ng \u0111\u00f4ng l\u1ea1nh:<\/strong> B\u1ea3o v\u1ec7 \u0111\u1ed9ng c\u01a1 kh\u1ecfi hi\u1ec7n t\u01b0\u1ee3ng \u0111\u00f3ng b\u0103ng \u1edf nhi\u1ec7t \u0111\u1ed9 th\u1ea5p xu\u1ed1ng \u0111\u1ebfn -35\u00b0C.<\/li>\n<li data-sourcepos=\"9:1-9:90\"><strong>Kh\u1ea3 n\u0103ng ch\u1ed1ng s\u00f4i cao:<\/strong> Gi\u00fap \u0111\u1ed9ng c\u01a1 ho\u1ea1t \u0111\u1ed9ng \u1ed5n \u0111\u1ecbnh trong \u0111i\u1ec1u ki\u1ec7n nhi\u1ec7t \u0111\u1ed9 cao.<\/li>\n<li data-sourcepos=\"10:1-10:111\"><strong>B\u1ea3o v\u1ec7 m\u00f4i tr\u01b0\u1eddng:<\/strong> Kh\u00f4ng ch\u1ee9a c\u00e1c ch\u1ea5t \u0111\u1ed9c h\u1ea1i nh\u01b0 phosphate, silicate v\u00e0 borate, an to\u00e0n cho m\u00f4i tr\u01b0\u1eddng.<\/li>\n<li data-sourcepos=\"11:1-11:34\"><strong>Tu\u1ed5i th\u1ecd d\u00e0i:<\/strong> C\u00f3 th\u1ec3 s\u1eed d\u1ee5ng l\u00ean \u0111\u1ebfn 5 n\u0103m ho\u1eb7c 200.000 km.<\/li>\n<\/ul>\n<p data-sourcepos=\"13:1-13:13\"><strong>\u1ee8ng d\u1ee5ng:<\/strong><\/p>\n<ul data-sourcepos=\"15:1-18:0\">\n<li data-sourcepos=\"15:1-15:54\"><strong>Xe \u00f4 t\u00f4:<\/strong> C\u00e1c lo\u1ea1i xe \u00f4 t\u00f4 con, xe t\u1ea3i, xe kh\u00e1ch.<\/li>\n<li data-sourcepos=\"16:1-16:71\"><strong>M\u00e1y m\u00f3c c\u00f4ng nghi\u1ec7p:<\/strong> M\u00e1y ph\u00e1t \u0111i\u1ec7n, m\u00e1y n\u00e9n kh\u00ed, m\u00e1y x\u00e2y d\u1ef1ng,&#8230;<\/li>\n<li data-sourcepos=\"17:1-18:0\"><strong>Thi\u1ebft b\u1ecb kh\u00e1c:<\/strong> C\u00e1c thi\u1ebft b\u1ecb s\u1eed d\u1ee5ng \u0111\u1ed9ng c\u01a1 \u0111\u1ed1t trong kh\u00e1c.<\/li>\n<\/ul>\n<p data-sourcepos=\"19:1-19:22\"><strong>Th\u00f4ng s\u1ed1 k\u1ef9 thu\u1eadt:<\/strong><\/p>\n<ul data-sourcepos=\"21:1-28:0\">\n<li data-sourcepos=\"21:1-21:41\"><strong>Lo\u1ea1i dung d\u1ecbch:<\/strong> N\u01b0\u1edbc gi\u1ea3i nhi\u1ec7t OAT<\/li>\n<li data-sourcepos=\"22:1-22:22\"><strong>M\u00e0u s\u1eafc:<\/strong> Xanh l\u00e1<\/li>\n<li data-sourcepos=\"23:1-23:20\"><strong>Th\u1ec3 t\u00edch:<\/strong> 4 kg<\/li>\n<li data-sourcepos=\"24:1-24:31\"><strong>Nhi\u1ec7t \u0111\u1ed9 \u0111\u00f4ng l\u1ea1nh:<\/strong> -35\u00b0C<\/li>\n<li data-sourcepos=\"25:1-25:30\"><strong>Nhi\u1ec7t \u0111\u1ed9 s\u00f4i:<\/strong> Tr\u00ean 150\u00b0C<\/li>\n<li data-sourcepos=\"26:1-26:24\"><strong>Th\u01b0\u01a1ng hi\u1ec7u:<\/strong> Wurth<\/li>\n<li data-sourcepos=\"27:1-28:0\"><strong>M\u00e3 s\u1ea3n ph\u1ea9m:<\/strong> [M\u00e3 s\u1ea3n ph\u1ea9m]<\/li>\n<\/ul>\n<p data-sourcepos=\"29:1-29:10\"><strong>L\u01b0u \u00fd:<\/strong><\/p>\n<ul data-sourcepos=\"31:1-34:0\">\n<li data-sourcepos=\"31:1-31:49\">N\u00ean \u0111\u1ecdc k\u1ef9 h\u01b0\u1edbng d\u1eabn s\u1eed d\u1ee5ng tr\u01b0\u1edbc khi s\u1eed d\u1ee5ng.<\/li>\n<li data-sourcepos=\"32:1-32:56\">Kh\u00f4ng pha lo\u00e3ng dung d\u1ecbch v\u1edbi n\u01b0\u1edbc ho\u1eb7c c\u00e1c ch\u1ea5t kh\u00e1c.<\/li>\n<li data-sourcepos=\"33:1-34:0\">Thay th\u1ebf dung d\u1ecbch \u0111\u1ecbnh k\u1ef3 theo khuy\u1ebfn c\u00e1o c\u1ee7a nh\u00e0 s\u1ea3n xu\u1ea5t.<\/li>\n<\/ul>\n<p data-sourcepos=\"35:1-35:27\"><strong>N\u01b0\u1edbc gi\u1ea3i nhi\u1ec7t OAT-Green (-35DGR) &#8211; 4KG<\/strong> l\u00e0 s\u1ea3n ph\u1ea9m c\u1ea7n thi\u1ebft cho b\u1ea3o d\u01b0\u1ee1ng \u0111\u1ed9ng c\u01a1 xe c\u1ee7a b\u1ea1n. H\u00e3y s\u1eed d\u1ee5ng s\u1ea3n ph\u1ea9m \u0111\u1ec3 \u0111\u1ea3m b\u1ea3o \u0111\u1ed9ng c\u01a1 ho\u1ea1t \u0111\u1ed9ng hi\u1ec7u qu\u1ea3 v\u00e0 b\u1ec1n b\u1ec9 trong m\u1ecdi \u0111i\u1ec1u ki\u1ec7n th\u1eddi ti\u1ebft.<\/p>\n<\/div>\n","protected":false},"excerpt":{"rendered":"<p><strong>T\u00ean sa\u0309n ph\u00e2\u0309m:<\/strong>N\u01af\u1edaC GI\u1ea2I NHI\u1ec6T OAT-GREEN-(-35DGR)-4KG<br \/>\n<strong>T\u00ecnh tr\u1ea1ng:<\/strong> Li\u00ean h\u1ec7 S\u0110T 090 666 5927 .<br \/>\n<strong>Kho:<\/strong> H\u1ed3 Ch\u00ed Minh.<br \/>\n<strong>Li\u00ean h\u1ec7:<\/strong> (24\/7)<br \/>\n<strong>Giao h\u00e0ng:<\/strong> Trong ng\u00e0y<\/p>\n","protected":false},"featured_media":7821,"comment_status":"closed","ping_status":"closed","template":"","meta":[],"product_brand":[],"product_cat":[164],"product_tag":[],"class_list":{"0":"post-7820","1":"product","2":"type-product","3":"status-publish","4":"has-post-thumbnail","6":"product_cat-wurth","8":"first","9":"instock","10":"shipping-taxable","11":"product-type-simple"},"_links":{"self":[{"href":"https:\/\/yenhung.com\/index.php?rest_route=\/wp\/v2\/product\/7820","targetHints":{"allow":["GET"]}}],"collection":[{"href":"https:\/\/yenhung.com\/index.php?rest_route=\/wp\/v2\/product"}],"about":[{"href":"https:\/\/yenhung.com\/index.php?rest_route=\/wp\/v2\/types\/product"}],"replies":[{"embeddable":true,"href":"https:\/\/yenhung.com\/index.php?rest_route=%2Fwp%2Fv2%2Fcomments&post=7820"}],"wp:featuredmedia":[{"embeddable":true,"href":"https:\/\/yenhung.com\/index.php?rest_route=\/wp\/v2\/media\/7821"}],"wp:attachment":[{"href":"https:\/\/yenhung.com\/index.php?rest_route=%2Fwp%2Fv2%2Fmedia&parent=7820"}],"wp:term":[{"taxonomy":"product_brand","embeddable":true,"href":"https:\/\/yenhung.com\/index.php?rest_route=%2Fwp%2Fv2%2Fproduct_brand&post=7820"},{"taxonomy":"product_cat","embeddable":true,"href":"https:\/\/yenhung.com\/index.php?rest_route=%2Fwp%2Fv2%2Fproduct_cat&post=7820"},{"taxonomy":"product_tag","embeddable":true,"href":"https:\/\/yenhung.com\/index.php?rest_route=%2Fwp%2Fv2%2Fproduct_tag&post=7820"}],"curies":[{"name":"wp","href":"https:\/\/api.w.org\/{rel}","templated":true}]}}