{"id":7826,"date":"2025-11-10T08:19:41","date_gmt":"2025-11-10T08:19:41","guid":{"rendered":"https:\/\/yenhung.com\/?product=nuoc-giai-nhiet-oat-red-wurth-35dgr-4kg"},"modified":"2026-02-11T01:34:46","modified_gmt":"2026-02-11T01:34:46","slug":"nuoc-giai-nhiet-oat-red-wurth-35dgr-4kg","status":"publish","type":"product","link":"https:\/\/yenhung.com\/?product=nuoc-giai-nhiet-oat-red-wurth-35dgr-4kg","title":{"rendered":"N\u01b0\u1edbc gi\u1ea3i nhi\u1ec7t oat-red-Wurth(-35dgr)-4kg"},"content":{"rendered":"<div class=\"ba-text-fpt\">\n<p>&nbsp;<\/p>\n<h2><strong>N\u01af\u1edaC GI\u1ea2I NHI\u1ec6T OAT-RED (-35DGR) 4KG: Gi\u1ea3i ph\u00e1p l\u00e0m m\u00e1t hi\u1ec7u qu\u1ea3 cho \u0111\u1ed9ng c\u01a1<\/strong><\/h2>\n<p><img decoding=\"async\" title=\"nu-o-c-gia-i-nhie-t-oat-red-35dgr-4kg-2\" src=\"https:\/\/yenhung.com\/wp-content\/uploads\/2025\/11\/nu-o-c-gia-i-nhie-t-oat-red-35dgr-4kg-2.png\" alt=\"N\u01af\u1edaC GI\u1ea2I NHI\u1ec6T OAT-RED-(-35DGR)-4KG\" data-thumb=\"large\" \/><\/p>\n<p>OAT-RED (-35DGR)-4KG l\u00e0 n\u01b0\u1edbc gi\u1ea3i nhi\u1ec7t \u00f4 t\u00f4 cao c\u1ea5p \u0111\u01b0\u1ee3c thi\u1ebft k\u1ebf \u0111\u1ec3 \u0111\u00e1p \u1ee9ng c\u00e1c y\u00eau c\u1ea7u kh\u1eafc nghi\u1ec7t c\u1ee7a \u0111\u1ed9ng c\u01a1 hi\u1ec7n \u0111\u1ea1i. V\u1edbi c\u00f4ng th\u1ee9c ti\u00ean ti\u1ebfn, s\u1ea3n ph\u1ea9m cung c\u1ea5p kh\u1ea3 n\u0103ng gi\u1ea3i nhi\u1ec7t v\u00e0 ch\u1ed1ng \u0111\u00f4ng tuy\u1ec7t v\u1eddi, gi\u00fap \u0111\u1ea3m b\u1ea3o ho\u1ea1t \u0111\u1ed9ng t\u1ed1i \u01b0u c\u1ee7a \u0111\u1ed9ng c\u01a1.<\/p>\n<h2>T\u00ednh n\u0103ng ch\u00ednh<\/h2>\n<ul>\n<li>Kh\u1ea3 n\u0103ng gi\u1ea3i nhi\u1ec7t v\u01b0\u1ee3t tr\u1ed9i<\/li>\n<li>Ch\u1ed1ng \u0111\u00f4ng hi\u1ec7u qu\u1ea3<\/li>\n<li>Tu\u1ed5i th\u1ecd k\u00e9o d\u00e0i<\/li>\n<li>B\u1ea3o v\u1ec7 h\u1ec7 th\u1ed1ng l\u00e0m m\u00e1t<\/li>\n<li>Th\u00e2n thi\u1ec7n v\u1edbi m\u00f4i tr\u01b0\u1eddng<\/li>\n<\/ul>\n<h2>L\u1ee3i \u00edch<\/h2>\n<ul>\n<li>\u0110\u1ea3m b\u1ea3o ho\u1ea1t \u0111\u1ed9ng t\u1ed1i \u01b0u c\u1ee7a \u0111\u1ed9ng c\u01a1 trong m\u1ecdi \u0111i\u1ec1u ki\u1ec7n<\/li>\n<li>Ng\u0103n ng\u1eeba qu\u00e1 nhi\u1ec7t v\u00e0 h\u01b0 h\u1ea1i cho \u0111\u1ed9ng c\u01a1<\/li>\n<li>K\u00e9o d\u00e0i tu\u1ed5i th\u1ecd c\u1ee7a h\u1ec7 th\u1ed1ng l\u00e0m m\u00e1t<\/li>\n<li>Gi\u1ea3m chi ph\u00ed b\u1ea3o d\u01b0\u1ee1ng v\u00e0 s\u1eeda ch\u1eefa<\/li>\n<li>G\u00f3p ph\u1ea7n b\u1ea3o v\u1ec7 m\u00f4i tr\u01b0\u1eddng<\/li>\n<\/ul>\n<h2>\u1ee8ng d\u1ee5ng<\/h2>\n<p>OAT-RED (-35DGR)-4KG ph\u00f9 h\u1ee3p cho m\u1ed9t lo\u1ea1t c\u00e1c ph\u01b0\u01a1ng ti\u1ec7n, bao g\u1ed3m:<\/p>\n<ul>\n<li>Xe \u00f4 t\u00f4<\/li>\n<li>Xe t\u1ea3i nh\u1eb9<\/li>\n<li>M\u00e1y m\u00f3c x\u00e2y d\u1ef1ng<\/li>\n<li>Xe th\u01b0\u01a1ng m\u1ea1i<\/li>\n<li>\u0110\u1ed9ng c\u01a1 h\u00e0ng h\u1ea3i<\/li>\n<\/ul>\n<h2>H\u01b0\u1edbng d\u1eabn s\u1eed d\u1ee5ng<\/h2>\n<p>Tu\u00e2n th\u1ee7 h\u01b0\u1edbng d\u1eabn c\u1ee7a nh\u00e0 s\u1ea3n xu\u1ea5t xe \u0111\u1ec3 pha lo\u00e3ng v\u00e0 thay n\u01b0\u1edbc gi\u1ea3i nhi\u1ec7t OAT-RED. Kh\u00f4ng \u0111\u1ed5 tr\u1ef1c ti\u1ebfp v\u00e0o \u0111\u1ed9ng c\u01a1. Tr\u00e1nh ti\u1ebfp x\u00fac v\u1edbi da v\u00e0 m\u1eaft.<\/p>\n<h2>K\u1ebft lu\u1eadn<\/h2>\n<p>N\u01af\u1edaC GI\u1ea2I NHI\u1ec6T OAT-RED (-35DGR)-4KG l\u00e0 m\u1ed9t kho\u1ea3n \u0111\u1ea7u t\u01b0 th\u00f4ng minh \u0111\u1ec3 b\u1ea3o v\u1ec7 \u0111\u1ed9ng c\u01a1 kh\u1ecfi qu\u00e1 nhi\u1ec7t v\u00e0 h\u01b0 h\u1ecfng. V\u1edbi kh\u1ea3 n\u0103ng gi\u1ea3i nhi\u1ec7t v\u00e0 ch\u1ed1ng \u0111\u00f4ng v\u01b0\u1ee3t tr\u1ed9i, tu\u1ed5i th\u1ecd k\u00e9o d\u00e0i v\u00e0 t\u00ednh th\u00e2n thi\u1ec7n v\u1edbi m\u00f4i tr\u01b0\u1eddng, s\u1ea3n ph\u1ea9m n\u00e0y l\u00e0 s\u1ef1 l\u1ef1a ch\u1ecdn l\u00fd t\u01b0\u1edfng \u0111\u1ec3 \u0111\u1ea3m b\u1ea3o ho\u1ea1t \u0111\u1ed9ng an to\u00e0n v\u00e0 hi\u1ec7u qu\u1ea3 c\u1ee7a \u0111\u1ed9ng c\u01a1 trong nhi\u1ec1u n\u0103m t\u1edbi.<\/p>\n<\/div>\n","protected":false},"excerpt":{"rendered":"<p><strong>T\u00ean sa\u0309n ph\u00e2\u0309m:<\/strong>N\u01af\u1edaC GI\u1ea2I NHI\u1ec6T OAT-RED-(-35DGR)-4KG<br \/>\n<strong>T\u00ecnh tr\u1ea1ng:<\/strong> Li\u00ean h\u1ec7 S\u0110T 090 666 5927 .<br \/>\n<strong>Kho:<\/strong> H\u1ed3 Ch\u00ed Minh.<br \/>\n<strong>Li\u00ean h\u1ec7:<\/strong> (24\/7)<br \/>\n<strong>Giao h\u00e0ng:<\/strong> Trong ng\u00e0y<\/p>\n","protected":false},"featured_media":7827,"comment_status":"closed","ping_status":"closed","template":"","meta":[],"product_brand":[],"product_cat":[164],"product_tag":[],"class_list":{"0":"post-7826","1":"product","2":"type-product","3":"status-publish","4":"has-post-thumbnail","6":"product_cat-wurth","8":"first","9":"instock","10":"shipping-taxable","11":"product-type-simple"},"_links":{"self":[{"href":"https:\/\/yenhung.com\/index.php?rest_route=\/wp\/v2\/product\/7826","targetHints":{"allow":["GET"]}}],"collection":[{"href":"https:\/\/yenhung.com\/index.php?rest_route=\/wp\/v2\/product"}],"about":[{"href":"https:\/\/yenhung.com\/index.php?rest_route=\/wp\/v2\/types\/product"}],"replies":[{"embeddable":true,"href":"https:\/\/yenhung.com\/index.php?rest_route=%2Fwp%2Fv2%2Fcomments&post=7826"}],"wp:featuredmedia":[{"embeddable":true,"href":"https:\/\/yenhung.com\/index.php?rest_route=\/wp\/v2\/media\/7827"}],"wp:attachment":[{"href":"https:\/\/yenhung.com\/index.php?rest_route=%2Fwp%2Fv2%2Fmedia&parent=7826"}],"wp:term":[{"taxonomy":"product_brand","embeddable":true,"href":"https:\/\/yenhung.com\/index.php?rest_route=%2Fwp%2Fv2%2Fproduct_brand&post=7826"},{"taxonomy":"product_cat","embeddable":true,"href":"https:\/\/yenhung.com\/index.php?rest_route=%2Fwp%2Fv2%2Fproduct_cat&post=7826"},{"taxonomy":"product_tag","embeddable":true,"href":"https:\/\/yenhung.com\/index.php?rest_route=%2Fwp%2Fv2%2Fproduct_tag&post=7826"}],"curies":[{"name":"wp","href":"https:\/\/api.w.org\/{rel}","templated":true}]}}