{"id":7830,"date":"2025-11-10T08:19:46","date_gmt":"2025-11-10T08:19:46","guid":{"rendered":"https:\/\/yenhung.com\/?product=mo-bo-wurth-chiu-nhiet-cao-cu-800-lon-1kg"},"modified":"2026-02-11T01:34:13","modified_gmt":"2026-02-11T01:34:13","slug":"mo-bo-wurth-chiu-nhiet-cao-cu-800-lon-1kg","status":"publish","type":"product","link":"https:\/\/yenhung.com\/?product=mo-bo-wurth-chiu-nhiet-cao-cu-800-lon-1kg","title":{"rendered":"M\u1ee1 b\u00f2 Wurth ch\u1ecbu nhi\u1ec7t cao cu-800 lon 1kg"},"content":{"rendered":"<div class=\"ba-text-fpt\">\n<p>&nbsp;<\/p>\n<h1><strong>M\u1ee1 b\u00f2 ch\u1ecbu nhi\u1ec7t cao CU-800 LON 1KG: Gi\u1ea3i ph\u00e1p b\u00f4i tr\u01a1n to\u00e0n di\u1ec7n<\/strong><\/h1>\n<h2><img decoding=\"async\" title=\"mo-bo-chi-u-nhie-t-cao-cu-800-lon-1kg-jpeg-2\" src=\"https:\/\/yenhung.com\/wp-content\/uploads\/2025\/11\/mo-bo-chi-u-nhie-t-cao-cu-800-lon-1kg-jpeg-2.jpg\" alt=\"M\u1ee0 B\u00d2 CH\u1ecaU NHI\u1ec6T CAO CU-800 LON 1KG\" data-thumb=\"large\" \/><\/h2>\n<p>M\u1ee1 b\u00f2 ch\u1ecbu nhi\u1ec7t cao CU-800 LON 1KG l\u00e0 m\u1ed9t lo\u1ea1i m\u1ee1 b\u00f4i tr\u01a1n t\u1ed5ng h\u1ee3p chuy\u00ean d\u1ee5ng, \u0111\u01b0\u1ee3c thi\u1ebft k\u1ebf \u0111\u1ec3 ch\u1ecbu \u0111\u01b0\u1ee3c nhi\u1ec7t \u0111\u1ed9 kh\u1eafc nghi\u1ec7t v\u00e0 t\u1ea3i tr\u1ecdng n\u1eb7ng. S\u1ea3n ph\u1ea9m n\u00e0y l\u00fd t\u01b0\u1edfng cho c\u00e1c \u1ee9ng d\u1ee5ng \u0111\u00f2i h\u1ecfi hi\u1ec7u su\u1ea5t b\u00f4i tr\u01a1n v\u01b0\u1ee3t tr\u1ed9i trong \u0111i\u1ec1u ki\u1ec7n kh\u1eafc nghi\u1ec7t.<\/p>\n<h2>C\u00e1c t\u00ednh n\u0103ng ch\u00ednh<\/h2>\n<ul>\n<li><strong>Ch\u1ecbu nhi\u1ec7t cao:<\/strong> M\u1ee1 b\u00f2 CU-800 ch\u1ecbu \u0111\u01b0\u1ee3c nhi\u1ec7t \u0111\u1ed9 l\u00ean \u0111\u1ebfn 260\u00b0C (500\u00b0F), v\u01b0\u1ee3t tr\u1ed9i so v\u1edbi c\u00e1c lo\u1ea1i m\u1ee1 b\u00f4i tr\u01a1n th\u00f4ng th\u01b0\u1eddng.<\/li>\n<li><strong>T\u1ea3i tr\u1ecdng n\u1eb7ng:<\/strong> \u0110\u01b0\u1ee3c pha ch\u1ebf b\u1eb1ng c\u00e1c ch\u1ea5t l\u00e0m \u0111\u1eb7c v\u00e0 ph\u1ee5 gia ch\u1ed1ng m\u00e0i m\u00f2n h\u1ea1ng n\u1eb7ng, M\u1ee1 b\u00f2 CU-800 c\u00f3 th\u1ec3 ch\u1ecbu \u0111\u01b0\u1ee3c t\u1ea3i tr\u1ecdng c\u1ef1c m\u1ea1nh m\u00e0 kh\u00f4ng b\u1ecb ch\u1ea3y n\u01b0\u1edbc ho\u1eb7c m\u1ea5t \u0111\u1eb7c t\u00ednh.<\/li>\n<li><strong>Ch\u1ed1ng n\u01b0\u1edbc v\u00e0 b\u1ee5i:<\/strong> M\u1ee1 b\u00f2 CU-800 c\u00f3 kh\u1ea3 n\u0103ng ch\u1ed1ng ch\u1ecbu tuy\u1ec7t v\u1eddi v\u1edbi n\u01b0\u1edbc v\u00e0 b\u1ee5i, \u0111\u1ea3m b\u1ea3o b\u00f4i tr\u01a1n b\u1ec1n b\u1ec9 ngay c\u1ea3 trong m\u00f4i tr\u01b0\u1eddng kh\u1eafc nghi\u1ec7t.<\/li>\n<li><strong>Ch\u1ed1ng \u0103n m\u00f2n:<\/strong> M\u1ee1 b\u00f2 CU-800 \u0111\u01b0\u1ee3c ch\u1ebf t\u1ea1o v\u1edbi c\u00e1c ch\u1ea5t ph\u1ee5 gia ch\u1ed1ng \u0103n m\u00f2n \u0111\u1ec3 b\u1ea3o v\u1ec7 c\u00e1c b\u1ed9 ph\u1eadn kim lo\u1ea1i kh\u1ecfi r\u1ec9 s\u00e9t v\u00e0 \u0103n m\u00f2n.<\/li>\n<li><strong>Tu\u1ed5i th\u1ecd d\u00e0i:<\/strong> M\u1ee1 b\u00f2 CU-800 c\u00f3 kh\u1ea3 n\u0103ng ch\u1ed1ng oxy h\u00f3a v\u00e0 l\u00e3o h\u00f3a tuy\u1ec7t v\u1eddi, k\u00e9o d\u00e0i tu\u1ed5i th\u1ecd c\u1ee7a m\u1ee1 v\u00e0 gi\u1ea3m t\u1ea7n su\u1ea5t b\u1ea3o d\u01b0\u1ee1ng.<\/li>\n<\/ul>\n<h2>\u1ee8ng d\u1ee5ng<\/h2>\n<p>M\u1ee1 b\u00f2 ch\u1ecbu nhi\u1ec7t cao CU-800 \u0111\u01b0\u1ee3c s\u1eed d\u1ee5ng r\u1ed9ng r\u00e3i trong nhi\u1ec1u \u1ee9ng d\u1ee5ng c\u00f4ng nghi\u1ec7p, bao g\u1ed3m:<\/p>\n<ul>\n<li>V\u00f2ng bi l\u00f2 nung v\u00e0 l\u00f2 s\u1ea5y<\/li>\n<li>M\u00e1y m\u00f3c v\u1eadn h\u00e0nh \u1edf nhi\u1ec7t \u0111\u1ed9 cao<\/li>\n<li>M\u00e1y m\u00f3c ti\u1ebfp x\u00fac v\u1edbi t\u1ea3i tr\u1ecdng n\u1eb7ng<\/li>\n<li>Thi\u1ebft b\u1ecb khai th\u00e1c m\u1ecf v\u00e0 x\u00e2y d\u1ef1ng<\/li>\n<li>M\u00f4 t\u01a1 v\u00e0 h\u1ed9p s\u1ed1<\/li>\n<\/ul>\n<h2>L\u1ee3i \u00edch<\/h2>\n<ul>\n<li>Gi\u1ea3m ma s\u00e1t v\u00e0 m\u00e0i m\u00f2n, k\u00e9o d\u00e0i tu\u1ed5i th\u1ecd c\u1ee7a thi\u1ebft b\u1ecb<\/li>\n<li>C\u1ea3i thi\u1ec7n hi\u1ec7u qu\u1ea3 ho\u1ea1t \u0111\u1ed9ng v\u00e0 gi\u1ea3m chi ph\u00ed b\u1ea3o d\u01b0\u1ee1ng<\/li>\n<li>B\u1ea3o v\u1ec7 c\u00e1c b\u1ed9 ph\u1eadn kim lo\u1ea1i kh\u1ecfi \u0103n m\u00f2n<\/li>\n<li>T\u0103ng th\u1eddi gian l\u00e0m vi\u1ec7c v\u00e0 gi\u1ea3m th\u1eddi gian ch\u1ebft<\/li>\n<li>C\u1ea3i thi\u1ec7n \u0111\u1ed9 an to\u00e0n c\u1ee7a m\u00e1y m\u00f3c v\u00e0 ng\u01b0\u1eddi v\u1eadn h\u00e0nh<\/li>\n<\/ul>\n<h2>H\u01b0\u1edbng d\u1eabn s\u1eed d\u1ee5ng<\/h2>\n<ol>\n<li>L\u00e0m s\u1ea1ch b\u1ec1 m\u1eb7t c\u1ea7n b\u00f4i tr\u01a1n.<\/li>\n<li>Thoa M\u1ee1 b\u00f2 CU-800 b\u1eb1ng s\u00fang b\u1eafn m\u1ee1 ho\u1eb7c ch\u1ed5i qu\u00e9t.<\/li>\n<li>B\u00f4i \u0111\u1ee7 m\u1ee1 \u0111\u1ec3 ph\u1ee7 \u0111\u1ec1u b\u1ec1 m\u1eb7t.<\/li>\n<li>Ki\u1ec3m tra \u0111\u1ecbnh k\u1ef3 v\u00e0 b\u00f4i m\u1ee1 l\u1ea1i khi c\u1ea7n thi\u1ebft.<\/li>\n<\/ol>\n<h2>\u0110\u00f3ng g\u00f3i<\/h2>\n<p>M\u1ee1 b\u00f2 ch\u1ecbu nhi\u1ec7t cao CU-800 \u0111\u01b0\u1ee3c \u0111\u00f3ng g\u00f3i trong lon 1KG ti\u1ec7n l\u1ee3i, d\u1ec5 s\u1eed d\u1ee5ng v\u00e0 b\u1ea3o qu\u1ea3n.<\/p>\n<h2>T\u00f3m t\u1eaft<\/h2>\n<p>M\u1ee1 b\u00f2 ch\u1ecbu nhi\u1ec7t cao CU-800 LON 1KG l\u00e0 m\u1ed9t s\u1ea3n ph\u1ea9m b\u00f4i tr\u01a1n t\u1ed5ng h\u1ee3p v\u01b0\u1ee3t tr\u1ed9i, cung c\u1ea5p hi\u1ec7u su\u1ea5t t\u1ed1i \u01b0u trong \u0111i\u1ec1u ki\u1ec7n kh\u1eafc nghi\u1ec7t. S\u1ea3n ph\u1ea9m n\u00e0y l\u00fd t\u01b0\u1edfng cho c\u00e1c \u1ee9ng d\u1ee5ng \u0111\u00f2i h\u1ecfi t\u1ea3i tr\u1ecdng n\u1eb7ng, nhi\u1ec7t \u0111\u1ed9 cao v\u00e0 tu\u1ed5i th\u1ecd d\u00e0i. B\u1eb1ng c\u00e1ch s\u1eed d\u1ee5ng M\u1ee1 b\u00f2 CU-800, b\u1ea1n c\u00f3 th\u1ec3 gi\u1ea3m chi ph\u00ed b\u1ea3o d\u01b0\u1ee1ng, k\u00e9o d\u00e0i tu\u1ed5i th\u1ecd thi\u1ebft b\u1ecb v\u00e0 c\u1ea3i thi\u1ec7n \u0111\u1ed9 an to\u00e0n t\u1ed5ng th\u1ec3.<\/p>\n<\/div>\n","protected":false},"excerpt":{"rendered":"<p><strong>T\u00ean sa\u0309n ph\u00e2\u0309m:<\/strong>M\u1ee0 B\u00d2 CH\u1ecaU NHI\u1ec6T CAO CU-800 LON 1KG<br \/>\n<strong>T\u00ecnh tr\u1ea1ng:<\/strong> Li\u00ean h\u1ec7 S\u0110T 090 666 5927 .<br \/>\n<strong>Kho:<\/strong> H\u1ed3 Ch\u00ed Minh.<br \/>\n<strong>Li\u00ean h\u1ec7:<\/strong> (24\/7)<br \/>\n<strong>Giao h\u00e0ng:<\/strong> Trong ng\u00e0y<\/p>\n","protected":false},"featured_media":7831,"comment_status":"closed","ping_status":"closed","template":"","meta":[],"product_brand":[],"product_cat":[164],"product_tag":[],"class_list":{"0":"post-7830","1":"product","2":"type-product","3":"status-publish","4":"has-post-thumbnail","6":"product_cat-wurth","8":"first","9":"instock","10":"shipping-taxable","11":"product-type-simple"},"_links":{"self":[{"href":"https:\/\/yenhung.com\/index.php?rest_route=\/wp\/v2\/product\/7830","targetHints":{"allow":["GET"]}}],"collection":[{"href":"https:\/\/yenhung.com\/index.php?rest_route=\/wp\/v2\/product"}],"about":[{"href":"https:\/\/yenhung.com\/index.php?rest_route=\/wp\/v2\/types\/product"}],"replies":[{"embeddable":true,"href":"https:\/\/yenhung.com\/index.php?rest_route=%2Fwp%2Fv2%2Fcomments&post=7830"}],"wp:featuredmedia":[{"embeddable":true,"href":"https:\/\/yenhung.com\/index.php?rest_route=\/wp\/v2\/media\/7831"}],"wp:attachment":[{"href":"https:\/\/yenhung.com\/index.php?rest_route=%2Fwp%2Fv2%2Fmedia&parent=7830"}],"wp:term":[{"taxonomy":"product_brand","embeddable":true,"href":"https:\/\/yenhung.com\/index.php?rest_route=%2Fwp%2Fv2%2Fproduct_brand&post=7830"},{"taxonomy":"product_cat","embeddable":true,"href":"https:\/\/yenhung.com\/index.php?rest_route=%2Fwp%2Fv2%2Fproduct_cat&post=7830"},{"taxonomy":"product_tag","embeddable":true,"href":"https:\/\/yenhung.com\/index.php?rest_route=%2Fwp%2Fv2%2Fproduct_tag&post=7830"}],"curies":[{"name":"wp","href":"https:\/\/api.w.org\/{rel}","templated":true}]}}