{"id":7834,"date":"2025-11-10T08:19:53","date_gmt":"2025-11-10T08:19:53","guid":{"rendered":"https:\/\/yenhung.com\/?product=chat-bao-duong-day-cua-roa-wurth-400ml"},"modified":"2026-02-11T01:32:56","modified_gmt":"2026-02-11T01:32:56","slug":"chat-bao-duong-day-cua-roa-wurth-400ml","status":"publish","type":"product","link":"https:\/\/yenhung.com\/?product=chat-bao-duong-day-cua-roa-wurth-400ml","title":{"rendered":"Ch\u1ea5t b\u1ea3o d\u01b0\u1ee1ng d\u00e2y cua-roa Wurth 400ml"},"content":{"rendered":"<div class=\"ba-text-fpt\">\n<p>&nbsp;<\/p>\n<h1>CH\u1ea4T B\u1ea2O D\u01af\u1ee0NG D\u00c2Y CUA-ROA 400ml: B\u1ea3o V\u1ec7 v\u00e0 K\u00e9o D\u00e0i Tu\u1ed5i Th\u1ecd H\u1ec7 Th\u1ed1ng Truy\u1ec1n \u0110\u1ed9ng<\/h1>\n<h2><img decoding=\"async\" title=\"cha-t-ba-o-du-o-ng-da-y-cua-roa-400ml-1\" src=\"https:\/\/yenhung.com\/wp-content\/uploads\/2025\/11\/cha-t-ba-o-du-o-ng-da-y-cua-roa-400ml-1.png\" alt=\"CH\u1ea4T B\u1ea2O D\u01af\u1ee0NG D\u00c2Y CUA-ROA 400ML\" data-thumb=\"large\" \/><\/h2>\n<p>D\u00e2y cua-roa l\u00e0 m\u1ed9t b\u1ed9 ph\u1eadn kh\u00f4ng th\u1ec3 thi\u1ebfu trong h\u1ec7 th\u1ed1ng truy\u1ec1n \u0111\u1ed9ng c\u1ee7a nhi\u1ec1u lo\u1ea1i m\u00e1y m\u00f3c v\u00e0 ph\u01b0\u01a1ng ti\u1ec7n. \u0110\u1ec3 \u0111\u1ea3m b\u1ea3o hi\u1ec7u su\u1ea5t ho\u1ea1t \u0111\u1ed9ng t\u1ed1i \u01b0u v\u00e0 tu\u1ed5i th\u1ecd l\u00e2u d\u00e0i, vi\u1ec7c b\u1ea3o d\u01b0\u1ee1ng d\u00e2y cua-roa th\u01b0\u1eddng xuy\u00ean l\u00e0 r\u1ea5t quan tr\u1ecdng. CH\u1ea4T B\u1ea2O D\u01af\u1ee0NG D\u00c2Y CUA-ROA 400ml l\u00e0 gi\u1ea3i ph\u00e1p l\u00fd t\u01b0\u1edfng \u0111\u1ec3 b\u1ea3o v\u1ec7 v\u00e0 k\u00e9o d\u00e0i tu\u1ed5i th\u1ecd c\u1ee7a c\u00e1c b\u1ed9 ph\u1eadn truy\u1ec1n \u0111\u1ed9ng quan tr\u1ecdng n\u00e0y.<\/p>\n<h2>Th\u00e0nh ph\u1ea7n v\u00e0 L\u1ee3i \u00edch<\/h2>\n<p>CH\u1ea4T B\u1ea2O D\u01af\u1ee0NG D\u00c2Y CUA-ROA 400ml \u0111\u01b0\u1ee3c pha ch\u1ebf t\u1eeb h\u1ed7n h\u1ee3p c\u00e1c th\u00e0nh ph\u1ea7n ch\u1ea5t l\u01b0\u1ee3ng cao:<\/p>\n<ul>\n<li><strong>D\u1ea7u g\u1ed1c t\u1ed5ng h\u1ee3p:<\/strong> T\u0103ng kh\u1ea3 n\u0103ng b\u00f4i tr\u01a1n v\u00e0 gi\u1ea3m ma s\u00e1t \u1edf nhi\u1ec7t \u0111\u1ed9 cao<\/li>\n<li><strong>Ch\u1ea5t l\u00e0m t\u0103ng \u0111\u1ed9 b\u00e1m:<\/strong> Gi\u00fap d\u00e2y cua-roa b\u00e1m ch\u1eafc v\u00e0o r\u00e3nh, ng\u0103n ng\u1eeba tr\u01b0\u1ee3t<\/li>\n<li><strong>Ch\u1ea5t ch\u1ed1ng oxy h\u00f3a:<\/strong> B\u1ea3o v\u1ec7 d\u00e2y kh\u1ecfi qu\u00e1 tr\u00ecnh oxy h\u00f3a v\u00e0 h\u01b0 h\u1ecfng do nhi\u1ec7t<\/li>\n<li><strong>Ch\u1ea5t ch\u1ed1ng \u0103n m\u00f2n:<\/strong> Gi\u00fap b\u1ea3o v\u1ec7 c\u00e1c b\u1ed9 ph\u1eadn kim lo\u1ea1i kh\u1ecfi \u0103n m\u00f2n<\/li>\n<\/ul>\n<p>S\u1ef1 k\u1ebft h\u1ee3p c\u1ee7a c\u00e1c th\u00e0nh ph\u1ea7n n\u00e0y mang l\u1ea1i nh\u1eefng l\u1ee3i \u00edch v\u01b0\u1ee3t tr\u1ed9i:<\/p>\n<ul>\n<li><strong>Gi\u1ea3m ma s\u00e1t v\u00e0 ti\u1ebfng \u1ed3n:<\/strong> B\u00f4i tr\u01a1n d\u00e2y cua-roa hi\u1ec7u qu\u1ea3, gi\u1ea3m ma s\u00e1t v\u00e0 ti\u1ebfng \u1ed3n kh\u00f3 ch\u1ecbu<\/li>\n<li><strong>Ch\u1ed1ng tr\u01b0\u1ee3t:<\/strong> T\u0103ng c\u01b0\u1eddng \u0111\u1ed9 b\u00e1m, ng\u0103n ng\u1eeba tr\u01b0\u1ee3t v\u00e0 c\u1ea3i thi\u1ec7n hi\u1ec7u su\u1ea5t truy\u1ec1n \u0111\u1ed9ng<\/li>\n<li><strong>K\u00e9o d\u00e0i tu\u1ed5i th\u1ecd:<\/strong> B\u1ea3o v\u1ec7 d\u00e2y kh\u1ecfi h\u01b0 h\u1ecfng, k\u00e9o d\u00e0i tu\u1ed5i th\u1ecd v\u00e0 gi\u1ea3m chi ph\u00ed thay th\u1ebf<\/li>\n<li><strong>Ch\u1ed1ng \u0103n m\u00f2n:<\/strong> Ng\u0103n ng\u1eeba \u0103n m\u00f2n c\u00e1c b\u1ed9 ph\u1eadn kim lo\u1ea1i, t\u0103ng \u0111\u1ed9 b\u1ec1n c\u1ee7a h\u1ec7 th\u1ed1ng truy\u1ec1n \u0111\u1ed9ng<\/li>\n<\/ul>\n<h2>\u1ee8ng d\u1ee5ng<\/h2>\n<p>CH\u1ea4T B\u1ea2O D\u01af\u1ee0NG D\u00c2Y CUA-ROA 400ml \u0111\u01b0\u1ee3c thi\u1ebft k\u1ebf cho nhi\u1ec1u lo\u1ea1i d\u00e2y cua-roa, bao g\u1ed3m:<\/p>\n<ul>\n<li>D\u00e2y cua-roa ch\u1eef V<\/li>\n<li>D\u00e2y cua-roa r\u0103ng c\u01b0a<\/li>\n<li>D\u00e2y cua-roa tr\u00f2n<\/li>\n<li>D\u00e2y cua-roa poly-V<\/li>\n<\/ul>\n<p>S\u1ea3n ph\u1ea9m ph\u00f9 h\u1ee3p \u0111\u1ec3 s\u1eed d\u1ee5ng trong c\u00e1c ng\u00e0nh c\u00f4ng nghi\u1ec7p kh\u00e1c nhau, ch\u1eb3ng h\u1ea1n nh\u01b0:<\/p>\n<ul>\n<li>\u00d4 t\u00f4<\/li>\n<li>M\u00e1y m\u00f3c c\u00f4ng nghi\u1ec7p<\/li>\n<li>N\u00f4ng nghi\u1ec7p<\/li>\n<li>X\u00e2y d\u1ef1ng<\/li>\n<\/ul>\n<h2>C\u00e1ch s\u1eed d\u1ee5ng<\/h2>\n<p>\u0110\u1ec3 s\u1eed d\u1ee5ng CH\u1ea4T B\u1ea2O D\u01af\u1ee0NG D\u00c2Y CUA-ROA 400ml, h\u00e3y l\u00e0m theo c\u00e1c b\u01b0\u1edbc sau:<\/p>\n<ol>\n<li>L\u00e0m s\u1ea1ch b\u1ee5i b\u1ea9n v\u00e0 d\u1ea7u c\u0169 kh\u1ecfi d\u00e2y cua-roa.<\/li>\n<li>L\u1eafc \u0111\u1ec1u chai tr\u01b0\u1edbc khi s\u1eed d\u1ee5ng.<\/li>\n<li>X\u1ecbt \u0111\u1ec1u s\u1ea3n ph\u1ea9m l\u00ean r\u00e3nh d\u00e2y cua-roa, tr\u00e1nh ti\u1ebfp x\u00fac v\u1edbi c\u00e1c b\u1ed9 ph\u1eadn kim lo\u1ea1i.<\/li>\n<li>\u0110\u1ec3 s\u1ea3n ph\u1ea9m th\u1ea5m v\u00e0o d\u00e2y trong v\u00e0i ph\u00fat.<\/li>\n<\/ol>\n<h2>L\u01b0u \u00fd an to\u00e0n<\/h2>\n<p>H\u00e3y tu\u00e2n th\u1ee7 c\u00e1c l\u01b0u \u00fd an to\u00e0n sau khi s\u1eed d\u1ee5ng s\u1ea3n ph\u1ea9m:<\/p>\n<ul>\n<li>\u0110\u1ec3 xa t\u1ea7m tay tr\u1ebb em.<\/li>\n<li>Tr\u00e1nh ti\u1ebfp x\u00fac v\u1edbi m\u1eaft v\u00e0 da.<\/li>\n<li>\u0110eo g\u0103ng tay khi s\u1eed d\u1ee5ng.<\/li>\n<li>Kh\u00f4ng h\u00edt ph\u1ea3i h\u01a1i c\u1ee7a s\u1ea3n ph\u1ea9m.<\/li>\n<li>V\u1ee9t b\u1ecf chai \u0111\u00e3 s\u1eed d\u1ee5ng \u0111\u00fang c\u00e1ch.<\/li>\n<\/ul>\n<h2>K\u1ebft lu\u1eadn<\/h2>\n<p>CH\u1ea4T B\u1ea2O D\u01af\u1ee0NG D\u00c2Y CUA-ROA 400ml l\u00e0 gi\u1ea3i ph\u00e1p b\u1ea3o d\u01b0\u1ee1ng hi\u1ec7u qu\u1ea3 \u0111\u1ec3 b\u1ea3o v\u1ec7 v\u00e0 k\u00e9o d\u00e0i tu\u1ed5i th\u1ecd c\u1ee7a c\u00e1c h\u1ec7 th\u1ed1ng truy\u1ec1n \u0111\u1ed9ng. S\u1ea3n ph\u1ea9m n\u00e0y cung c\u1ea5p kh\u1ea3 n\u0103ng b\u00f4i tr\u01a1n, ch\u1ed1ng tr\u01b0\u1ee3t v\u00e0 ch\u1ed1ng \u0103n m\u00f2n tuy\u1ec7t v\u1eddi, \u0111\u1ea3m b\u1ea3o hi\u1ec7u su\u1ea5t v\u00e0 \u0111\u1ed9 b\u1ec1n t\u1ed1i \u0111a.<\/p>\n<\/div>\n","protected":false},"excerpt":{"rendered":"<p><strong>T\u00ean sa\u0309n ph\u00e2\u0309m:<\/strong>CH\u1ea4T B\u1ea2O D\u01af\u1ee0NG D\u00c2Y CUA-ROA 400ML<br \/>\n<strong>T\u00ecnh tr\u1ea1ng:<\/strong> Li\u00ean h\u1ec7 S\u0110T 090 666 5927 .<br \/>\n<strong>Kho:<\/strong> H\u1ed3 Ch\u00ed Minh.<br \/>\n<strong>Li\u00ean h\u1ec7:<\/strong> (24\/7)<br \/>\n<strong>Giao h\u00e0ng:<\/strong> Trong ng\u00e0y<\/p>\n","protected":false},"featured_media":7835,"comment_status":"closed","ping_status":"closed","template":"","meta":[],"product_brand":[],"product_cat":[164],"product_tag":[],"class_list":{"0":"post-7834","1":"product","2":"type-product","3":"status-publish","4":"has-post-thumbnail","6":"product_cat-wurth","8":"first","9":"instock","10":"shipping-taxable","11":"product-type-simple"},"_links":{"self":[{"href":"https:\/\/yenhung.com\/index.php?rest_route=\/wp\/v2\/product\/7834","targetHints":{"allow":["GET"]}}],"collection":[{"href":"https:\/\/yenhung.com\/index.php?rest_route=\/wp\/v2\/product"}],"about":[{"href":"https:\/\/yenhung.com\/index.php?rest_route=\/wp\/v2\/types\/product"}],"replies":[{"embeddable":true,"href":"https:\/\/yenhung.com\/index.php?rest_route=%2Fwp%2Fv2%2Fcomments&post=7834"}],"wp:featuredmedia":[{"embeddable":true,"href":"https:\/\/yenhung.com\/index.php?rest_route=\/wp\/v2\/media\/7835"}],"wp:attachment":[{"href":"https:\/\/yenhung.com\/index.php?rest_route=%2Fwp%2Fv2%2Fmedia&parent=7834"}],"wp:term":[{"taxonomy":"product_brand","embeddable":true,"href":"https:\/\/yenhung.com\/index.php?rest_route=%2Fwp%2Fv2%2Fproduct_brand&post=7834"},{"taxonomy":"product_cat","embeddable":true,"href":"https:\/\/yenhung.com\/index.php?rest_route=%2Fwp%2Fv2%2Fproduct_cat&post=7834"},{"taxonomy":"product_tag","embeddable":true,"href":"https:\/\/yenhung.com\/index.php?rest_route=%2Fwp%2Fv2%2Fproduct_tag&post=7834"}],"curies":[{"name":"wp","href":"https:\/\/api.w.org\/{rel}","templated":true}]}}