{"id":7851,"date":"2025-11-10T08:20:06","date_gmt":"2025-11-10T08:20:06","guid":{"rendered":"https:\/\/yenhung.com\/?product=keo-den-special-250-dan-loc-may-wurth-70ml"},"modified":"2026-02-11T01:32:11","modified_gmt":"2026-02-11T01:32:11","slug":"keo-den-special-250-dan-loc-may-wurth-70ml","status":"publish","type":"product","link":"https:\/\/yenhung.com\/?product=keo-den-special-250-dan-loc-may-wurth-70ml","title":{"rendered":"Keo \u0111en special 250 d\u00e1n l\u1ed1c m\u00e1y Wurth 70ml"},"content":{"rendered":"<div class=\"ba-text-fpt\">\n<p>&nbsp;<\/p>\n<h1>Keo \u0111en special 250 d\u00e1n l\u1ed1c m\u00e1y Wurth 70ml<\/h1>\n<p>Keo d\u00e1n l\u1ed1c m\u00e1y Wurth 250 l\u00e0 m\u1ed9t lo\u1ea1i keo t\u1ea1o gio\u0103ng silicone (silicone sealant) chuy\u00ean d\u1ee5ng, \u0111\u01b0\u1ee3c thi\u1ebft k\u1ebf \u0111\u1eb7c bi\u1ec7t \u0111\u1ec3 s\u1eed d\u1ee5ng trong c\u00e1c \u1ee9ng d\u1ee5ng ch\u1ecbu nhi\u1ec7t \u0111\u1ed9 cao, h\u00f3a ch\u1ea5t v\u00e0 d\u1ea7u nh\u1edbt. S\u1ea3n ph\u1ea9m n\u00e0y c\u00f3 m\u00e0u \u0111en, th\u01b0\u1eddng \u0111\u01b0\u1ee3c d\u00f9ng \u0111\u1ec3 d\u00e1n c\u00e1c chi ti\u1ebft trong \u0111\u1ed9ng c\u01a1 v\u00e0 h\u1ed9p s\u1ed1.<\/p>\n<h3>\u0110\u1eb7c \u0111i\u1ec3m v\u00e0 C\u1ea5u t\u1ea1o\u00a0Keo \u0111en special 250 d\u00e1n l\u1ed1c m\u00e1y Wurth 70ml<\/h3>\n<p><img decoding=\"async\" title=\"keo-den-special-250-dan-loc-may-wurth-70ml-c-1754625788165-2\" src=\"https:\/\/yenhung.com\/wp-content\/uploads\/2025\/11\/keo-den-special-250-dan-loc-may-wurth-70ml-c-1754625788165-2.jpg\" alt=\"Keo \u0111en special 250 d\u00e1n l\u1ed1c m\u00e1y Wurth 70ml\" data-thumb=\"large\" \/><\/p>\n<ul>\n<li><b>Ch\u1ea5t li\u1ec7u:<\/b> Keo c\u00f3 th\u00e0nh ph\u1ea7n ch\u00ednh l\u00e0 silicone. Keo \u0111\u00f3ng r\u1eafn khi ti\u1ebfp x\u00fac v\u1edbi \u0111\u1ed9 \u1ea9m trong kh\u00f4ng kh\u00ed, t\u1ea1o ra m\u1ed9t l\u1edbp gio\u0103ng cao su c\u00f3 \u0111\u1ed9 \u0111\u00e0n h\u1ed3i v\u00e0 b\u1ec1n b\u1ec9.<\/li>\n<li><b>M\u00e0u s\u1eafc:<\/b> Keo c\u00f3 m\u00e0u <b>\u0111en<\/b>, ph\u00f9 h\u1ee3p v\u1edbi c\u00e1c \u1ee9ng d\u1ee5ng l\u1ed1c m\u00e1y v\u00e0 c\u00e1c chi ti\u1ebft \u0111\u1ed9ng c\u01a1.<\/li>\n<li><b>Ch\u1ecbu nhi\u1ec7t \u0111\u1ed9:<\/b> Keo c\u00f3 kh\u1ea3 n\u0103ng ch\u1ecbu nhi\u1ec7t \u0111\u1ed9 cao, t\u1eeb <b>-50\u00b0C \u0111\u1ebfn 250\u00b0C<\/b>, v\u00e0 c\u00f3 th\u1ec3 ch\u1ecbu \u0111\u01b0\u1ee3c nhi\u1ec7t \u0111\u1ed9 ng\u1eafn h\u1ea1n cao h\u01a1n.<\/li>\n<li><b>Kh\u00e1ng h\u00f3a ch\u1ea5t:<\/b> Keo c\u00f3 kh\u1ea3 n\u0103ng ch\u1ed1ng l\u1ea1i s\u1ef1 \u0103n m\u00f2n c\u1ee7a d\u1ea7u \u0111\u1ed9ng c\u01a1, d\u1ea7u h\u1ed9p s\u1ed1, ch\u1ea5t l\u1ecfng l\u00e0m m\u00e1t v\u00e0 nhi\u1ec1u lo\u1ea1i h\u00f3a ch\u1ea5t c\u00f4ng nghi\u1ec7p kh\u00e1c.<\/li>\n<li><b>\u0110\u1ed9 \u0111\u00e0n h\u1ed3i v\u00e0 \u0111\u1ed9 b\u1ec1n:<\/b> Sau khi \u0111\u00f3ng r\u1eafn, keo t\u1ea1o th\u00e0nh m\u1ed9t l\u1edbp gio\u0103ng cao su \u0111\u00e0n h\u1ed3i, c\u00f3 kh\u1ea3 n\u0103ng ch\u1ecbu \u0111\u01b0\u1ee3c rung \u0111\u1ed9ng v\u00e0 co gi\u00e3n, gi\u00fap b\u1ea3o v\u1ec7 m\u1ed1i n\u1ed1i v\u00e0 ng\u0103n ng\u1eeba r\u00f2 r\u1ec9.<\/li>\n<li><b>D\u1ec5 s\u1eed d\u1ee5ng:<\/b> Keo \u0111\u01b0\u1ee3c \u0111\u00f3ng g\u00f3i trong tu\u00fdp nh\u1ecf g\u1ecdn (70ml), d\u1ec5 d\u00e0ng thi c\u00f4ng b\u1eb1ng tay.<\/li>\n<\/ul>\n<p><img decoding=\"async\" title=\"keo-den-special-250-dan-loc-may-wurth-70ml-b-1754625789456-1\" src=\"https:\/\/yenhung.com\/wp-content\/uploads\/2025\/11\/keo-den-special-250-dan-loc-may-wurth-70ml-b-1754625789456-1.jpg\" alt=\"Keo \u0111en special 250 d\u00e1n l\u1ed1c m\u00e1y Wurth 70ml\" data-thumb=\"large\" \/><\/p>\n<h3>\u1ee8ng d\u1ee5ng ph\u1ed5 bi\u1ebfn\u00a0Keo \u0111en special 250 d\u00e1n l\u1ed1c m\u00e1y Wurth 70ml<\/h3>\n<p>Keo d\u00e1n l\u1ed1c m\u00e1y Wurth 250 l\u00e0 gi\u1ea3i ph\u00e1p l\u00fd t\u01b0\u1edfng cho c\u00e1c c\u00f4ng vi\u1ec7c:<\/p>\n<ul>\n<li><b>Ng\u00e0nh \u00f4 t\u00f4:<\/b> D\u00f9ng \u0111\u1ec3 t\u1ea1o gio\u0103ng cho c\u00e1c b\u1ed9 ph\u1eadn c\u1ee7a \u0111\u1ed9ng c\u01a1 nh\u01b0 n\u1eafp che van, ch\u1ea3o d\u1ea7u, b\u01a1m n\u01b0\u1edbc, v\u1ecf b\u1ecdc b\u1ed9 ph\u1eadn khu\u1ef7u, n\u1eafp h\u1ed9p s\u1ed1, v\u00e0 c\u00e1c b\u1ed9 ph\u1eadn kh\u00e1c c\u1ea7n kh\u1ea3 n\u0103ng ch\u1ecbu nhi\u1ec7t cao v\u00e0 ch\u1ed1ng r\u00f2 r\u1ec9.<\/li>\n<li><img decoding=\"async\" title=\"keo-den-special-250-dan-loc-may-wurth-70ml-a-1754625791473-1\" src=\"https:\/\/yenhung.com\/wp-content\/uploads\/2025\/11\/keo-den-special-250-dan-loc-may-wurth-70ml-a-1754625791473-1.jpg\" alt=\"Keo \u0111en special 250 d\u00e1n l\u1ed1c m\u00e1y Wurth 70ml\" data-thumb=\"large\" \/><\/li>\n<li><b>Thay th\u1ebf gio\u0103ng truy\u1ec1n th\u1ed1ng:<\/b> C\u00f3 th\u1ec3 thay th\u1ebf c\u00e1c lo\u1ea1i gio\u0103ng c\u1eaft s\u1eb5n b\u1eb1ng gi\u1ea5y, cao su ho\u1eb7c n\u00fat b\u1ea7n, gi\u00fap ti\u1ebft ki\u1ec7m chi ph\u00ed v\u00e0 t\u0103ng hi\u1ec7u qu\u1ea3 ni\u00eam phong.<\/li>\n<li><b>C\u00f4ng nghi\u1ec7p:<\/b> S\u1eed d\u1ee5ng trong c\u00e1c \u1ee9ng d\u1ee5ng c\u01a1 kh\u00ed v\u00e0 c\u00f4ng nghi\u1ec7p kh\u00e1c c\u1ea7n kh\u1ea3 n\u0103ng ch\u1ecbu nhi\u1ec7t v\u00e0 ch\u1ed1ng h\u00f3a ch\u1ea5t.<\/li>\n<\/ul>\n<\/div>\n","protected":false},"excerpt":{"rendered":"<p><strong>T\u00ean sa\u0309n ph\u00e2\u0309m:<\/strong>Keo \u0111en special 250 d\u00e1n l\u1ed1c m\u00e1y Wurth 70ml<br \/>\n<strong>T\u00ecnh tr\u1ea1ng:<\/strong> Li\u00ean h\u1ec7 S\u0110T 090 666 5927 .<br \/>\n<strong>Kho:<\/strong> H\u1ed3 Ch\u00ed Minh.<br \/>\n<strong>Li\u00ean h\u1ec7:<\/strong> (24\/7)<br \/>\n<strong>Giao h\u00e0ng:<\/strong> Trong ng\u00e0y<\/p>\n","protected":false},"featured_media":7852,"comment_status":"closed","ping_status":"closed","template":"","meta":[],"product_brand":[],"product_cat":[164],"product_tag":[],"class_list":{"0":"post-7851","1":"product","2":"type-product","3":"status-publish","4":"has-post-thumbnail","6":"product_cat-wurth","8":"first","9":"instock","10":"shipping-taxable","11":"product-type-simple"},"_links":{"self":[{"href":"https:\/\/yenhung.com\/index.php?rest_route=\/wp\/v2\/product\/7851","targetHints":{"allow":["GET"]}}],"collection":[{"href":"https:\/\/yenhung.com\/index.php?rest_route=\/wp\/v2\/product"}],"about":[{"href":"https:\/\/yenhung.com\/index.php?rest_route=\/wp\/v2\/types\/product"}],"replies":[{"embeddable":true,"href":"https:\/\/yenhung.com\/index.php?rest_route=%2Fwp%2Fv2%2Fcomments&post=7851"}],"wp:featuredmedia":[{"embeddable":true,"href":"https:\/\/yenhung.com\/index.php?rest_route=\/wp\/v2\/media\/7852"}],"wp:attachment":[{"href":"https:\/\/yenhung.com\/index.php?rest_route=%2Fwp%2Fv2%2Fmedia&parent=7851"}],"wp:term":[{"taxonomy":"product_brand","embeddable":true,"href":"https:\/\/yenhung.com\/index.php?rest_route=%2Fwp%2Fv2%2Fproduct_brand&post=7851"},{"taxonomy":"product_cat","embeddable":true,"href":"https:\/\/yenhung.com\/index.php?rest_route=%2Fwp%2Fv2%2Fproduct_cat&post=7851"},{"taxonomy":"product_tag","embeddable":true,"href":"https:\/\/yenhung.com\/index.php?rest_route=%2Fwp%2Fv2%2Fproduct_tag&post=7851"}],"curies":[{"name":"wp","href":"https:\/\/api.w.org\/{rel}","templated":true}]}}