{"id":7872,"date":"2025-11-10T08:20:28","date_gmt":"2025-11-10T08:20:28","guid":{"rendered":"https:\/\/yenhung.com\/?product=chat-ve-sinh-bao-ve-lop-hoat-tinh-wurth-500ml"},"modified":"2026-02-11T01:29:38","modified_gmt":"2026-02-11T01:29:38","slug":"chat-ve-sinh-bao-ve-lop-hoat-tinh-wurth-500ml","status":"publish","type":"product","link":"https:\/\/yenhung.com\/?product=chat-ve-sinh-bao-ve-lop-hoat-tinh-wurth-500ml","title":{"rendered":"Ch\u1ea5t v\u1ec7 sinh, b\u1ea3o v\u1ec7 l\u1ed1p ho\u1ea1t t\u00ednh Wurth 500ml"},"content":{"rendered":"<div class=\"ba-text-fpt\">\n<p>&nbsp;<\/p>\n<style type=\"text\/css\">body {<br \/>\nfont-family: Arial, sans-serif;<br \/>\n}<br \/>\nh1 {<br \/>\nfont-size: 24px;<br \/>\n}<br \/>\nh2 {<br \/>\nfont-size: 18px;<br \/>\n}<br \/>\nul {<br \/>\nlist-style-type: none;<br \/>\n}<br \/>\n<\/style>\n<h1>CH\u1ea4T V\u1ec6 SINH, B\u1ea2O V\u1ec6 L\u1ed0P HO\u1ea0T T\u00cdNH 500ML<\/h1>\n<h2><img decoding=\"async\" title=\"cha-t-ve-sinh-ba-o-ve-lo-p-hoa-t-ti-nh-500ml-jpeg-1\" src=\"https:\/\/yenhung.com\/wp-content\/uploads\/2025\/11\/cha-t-ve-sinh-ba-o-ve-lo-p-hoa-t-ti-nh-500ml-jpeg-1.jpg\" alt=\"CH\u1ea4T V\u1ec6 SINH, B\u1ea2O V\u1ec6 L\u1ed0P HO\u1ea0T T\u00cdNH 500ML\" data-thumb=\"large\" \/><\/h2>\n<h2>Gi\u1ea3i ph\u00e1p ho\u00e0n h\u1ea3o cho l\u1ed1p xe s\u00e1ng b\u00f3ng v\u00e0 b\u1ec1n l\u00e2u<\/h2>\n<p><strong>Gi\u1edbi thi\u1ec7u<\/strong><\/p>\n<p>Gi\u1eef cho l\u1ed1p xe lu\u00f4n s\u1ea1ch s\u1ebd v\u00e0 \u0111\u01b0\u1ee3c b\u1ea3o v\u1ec7 l\u00e0 \u0111i\u1ec1u c\u1ea7n thi\u1ebft \u0111\u1ec3 duy tr\u00ec tu\u1ed5i th\u1ecd v\u00e0 di\u1ec7n m\u1ea1o c\u1ee7a xe. CH\u1ea4T V\u1ec6 SINH, B\u1ea2O V\u1ec6 L\u1ed0P HO\u1ea0T T\u00cdNH 500ML c\u1ee7a ch\u00fang t\u00f4i l\u00e0 m\u1ed9t gi\u1ea3i ph\u00e1p l\u00fd t\u01b0\u1edfng \u0111\u1ec3 \u0111\u00e1p \u1ee9ng nhu c\u1ea7u n\u00e0y. S\u1ea3n ph\u1ea9m n\u00e0y l\u00e0 s\u1ef1 k\u1ebft h\u1ee3p c\u1ee7a c\u00e1c th\u00e0nh ph\u1ea7n ti\u00ean ti\u1ebfn gi\u00fap l\u00e0m s\u1ea1ch s\u00e2u, d\u01b0\u1ee1ng \u1ea9m v\u00e0 b\u1ea3o v\u1ec7 l\u1ed1p kh\u1ecfi c\u00e1c y\u1ebfu t\u1ed1 m\u00f4i tr\u01b0\u1eddng kh\u1eafc nghi\u1ec7t.<\/p>\n<p><strong>Th\u00e0nh ph\u1ea7n v\u00e0 C\u00f4ng d\u1ee5ng<\/strong><\/p>\n<ul>\n<li><strong>Than ho\u1ea1t t\u00ednh:<\/strong> H\u1ea5p th\u1ee5 b\u1ee5i b\u1ea9n, d\u1ea7u m\u1ee1 v\u00e0 c\u00e1c ch\u1ea5t g\u00e2y \u00f4 nhi\u1ec5m kh\u00e1c, \u0111\u1ec3 l\u1ea1i b\u1ec1 m\u1eb7t l\u1ed1p s\u1ea1ch s\u1ebd v\u00e0 m\u1edbi.<\/li>\n<li><strong>Polymer silicon:<\/strong> T\u1ea1o th\u00e0nh l\u1edbp m\u00e0ng b\u1ea3o v\u1ec7, ng\u0103n ch\u1eb7n tia UV, \u0111\u1ed9 \u1ea9m v\u00e0 mu\u1ed1i x\u00e2m nh\u1eadp v\u00e0o l\u1ed1p.<\/li>\n<li><strong>C\u00e1c lo\u1ea1i d\u1ea7u d\u01b0\u1ee1ng t\u1ef1 nhi\u00ean:<\/strong> Cung c\u1ea5p \u0111\u1ed9 \u1ea9m v\u00e0 \u0111\u1ed9 b\u00f3ng cho l\u1ed1p, gi\u00fap ch\u00fang tr\u00f4ng b\u00f3ng b\u1ea9y v\u00e0 kh\u1ecfe m\u1ea1nh.<\/li>\n<\/ul>\n<p><strong>Nh\u1eefng l\u1ee3i \u00edch ch\u00ednh<\/strong><\/p>\n<ul>\n<li>L\u00e0m s\u1ea1ch chuy\u00ean s\u00e2u<\/li>\n<li>B\u1ea3o v\u1ec7 v\u01b0\u1ee3t tr\u1ed9i<\/li>\n<li>D\u01b0\u1ee1ng \u1ea9m v\u00e0 l\u00e0m b\u00f3ng<\/li>\n<li>Ti\u1ebft ki\u1ec7m th\u1eddi gian v\u00e0 c\u00f4ng s\u1ee9c<\/li>\n<li>An to\u00e0n cho xe v\u00e0 m\u00f4i tr\u01b0\u1eddng<\/li>\n<\/ul>\n<p><strong>H\u01b0\u1edbng d\u1eabn s\u1eed d\u1ee5ng<\/strong><\/p>\n<ol>\n<li>L\u1eafc k\u1ef9 chai tr\u01b0\u1edbc khi s\u1eed d\u1ee5ng.<\/li>\n<li>Phun m\u1ed9t l\u01b0\u1ee3ng nh\u1ecf s\u1ea3n ph\u1ea9m l\u00ean mi\u1ebfng b\u1ecdt bi\u1ec3n ho\u1eb7c kh\u0103n s\u1ea1ch.<\/li>\n<li>Tho \u0111\u1ec1u l\u00ean b\u1ec1 m\u1eb7t l\u1ed1p, ch\u00fa \u00fd \u0111\u1ebfn c\u00e1c r\u00e3nh v\u00e0 khe h\u1edf.<\/li>\n<li>\u0110\u1ec3 s\u1ea3n ph\u1ea9m ng\u1ea5m trong v\u00e0i ph\u00fat.<\/li>\n<li>D\u00f9ng kh\u0103n s\u1ea1ch lau s\u1ea1ch ph\u1ea7n s\u1ea3n ph\u1ea9m c\u00f2n th\u1eeba.<\/li>\n<\/ol>\n<p><strong>K\u1ebft lu\u1eadn<\/strong><\/p>\n<p>CH\u1ea4T V\u1ec6 SINH, B\u1ea2O V\u1ec6 L\u1ed0P HO\u1ea0T T\u00cdNH 500ML l\u00e0 m\u1ed9t s\u1ea3n ph\u1ea9m thi\u1ebft y\u1ebfu cho b\u1ea5t k\u1ef3 ph\u01b0\u01a1ng ti\u1ec7n n\u00e0o. V\u1edbi c\u00f4ng th\u1ee9c ti\u00ean ti\u1ebfn, s\u1ea3n ph\u1ea9m n\u00e0y s\u1ebd l\u00e0m s\u1ea1ch chuy\u00ean s\u00e2u, b\u1ea3o v\u1ec7 v\u01b0\u1ee3t tr\u1ed9i v\u00e0 d\u01b0\u1ee1ng \u1ea9m cho l\u1ed1p xe c\u1ee7a b\u1ea1n, gi\u00fap ch\u00fang lu\u00f4n s\u1ea1ch s\u1ebd, s\u00e1ng b\u00f3ng v\u00e0 b\u1ec1n l\u00e2u. H\u00e3y \u0111\u1ea7u t\u01b0 v\u00e0o gi\u1ea3i ph\u00e1p ch\u0103m s\u00f3c l\u1ed1p t\u1ed1i \u01b0u n\u00e0y \u0111\u1ec3 duy tr\u00ec v\u1ebb \u0111\u1eb9p v\u00e0 ch\u1ee9c n\u0103ng c\u1ee7a ph\u01b0\u01a1ng ti\u1ec7n c\u1ee7a b\u1ea1n.<\/p>\n<\/div>\n","protected":false},"excerpt":{"rendered":"<p><strong>T\u00ean sa\u0309n ph\u00e2\u0309m:<\/strong>CH\u1ea4T V\u1ec6 SINH, B\u1ea2O V\u1ec6 L\u1ed0P HO\u1ea0T T\u00cdNH 500ML<br \/>\n<strong>T\u00ecnh tr\u1ea1ng:<\/strong> Li\u00ean h\u1ec7 S\u0110T 090 666 5927 .<br \/>\n<strong>Kho:<\/strong> H\u1ed3 Ch\u00ed Minh.<br \/>\n<strong>Li\u00ean h\u1ec7:<\/strong> (24\/7)<br \/>\n<strong>Giao h\u00e0ng:<\/strong> Trong ng\u00e0y<\/p>\n","protected":false},"featured_media":7873,"comment_status":"closed","ping_status":"closed","template":"","meta":[],"product_brand":[],"product_cat":[164],"product_tag":[],"class_list":{"0":"post-7872","1":"product","2":"type-product","3":"status-publish","4":"has-post-thumbnail","6":"product_cat-wurth","8":"first","9":"instock","10":"shipping-taxable","11":"product-type-simple"},"_links":{"self":[{"href":"https:\/\/yenhung.com\/index.php?rest_route=\/wp\/v2\/product\/7872","targetHints":{"allow":["GET"]}}],"collection":[{"href":"https:\/\/yenhung.com\/index.php?rest_route=\/wp\/v2\/product"}],"about":[{"href":"https:\/\/yenhung.com\/index.php?rest_route=\/wp\/v2\/types\/product"}],"replies":[{"embeddable":true,"href":"https:\/\/yenhung.com\/index.php?rest_route=%2Fwp%2Fv2%2Fcomments&post=7872"}],"wp:featuredmedia":[{"embeddable":true,"href":"https:\/\/yenhung.com\/index.php?rest_route=\/wp\/v2\/media\/7873"}],"wp:attachment":[{"href":"https:\/\/yenhung.com\/index.php?rest_route=%2Fwp%2Fv2%2Fmedia&parent=7872"}],"wp:term":[{"taxonomy":"product_brand","embeddable":true,"href":"https:\/\/yenhung.com\/index.php?rest_route=%2Fwp%2Fv2%2Fproduct_brand&post=7872"},{"taxonomy":"product_cat","embeddable":true,"href":"https:\/\/yenhung.com\/index.php?rest_route=%2Fwp%2Fv2%2Fproduct_cat&post=7872"},{"taxonomy":"product_tag","embeddable":true,"href":"https:\/\/yenhung.com\/index.php?rest_route=%2Fwp%2Fv2%2Fproduct_tag&post=7872"}],"curies":[{"name":"wp","href":"https:\/\/api.w.org\/{rel}","templated":true}]}}