{"id":7877,"date":"2025-11-10T08:20:33","date_gmt":"2025-11-10T08:20:33","guid":{"rendered":"https:\/\/yenhung.com\/?product=mo-bo-xit-kho-hhs-drylube-wurth-400ml"},"modified":"2026-02-11T01:29:35","modified_gmt":"2026-02-11T01:29:35","slug":"mo-bo-xit-kho-hhs-drylube-wurth-400ml","status":"publish","type":"product","link":"https:\/\/yenhung.com\/?product=mo-bo-xit-kho-hhs-drylube-wurth-400ml","title":{"rendered":"M\u1ee1 b\u00f2 x\u1ecbt kh\u00f4 hhs drylube Wurth 400ml"},"content":{"rendered":"<div class=\"ba-text-fpt\">\n<p>&nbsp;<\/p>\n<h1>M\u1ee1 B\u00f2 X\u1ecbt Kh\u00f4 HHS DRYLUBE 400ML: Gi\u1ea3i Ph\u00e1p B\u00f4i Tr\u01a1n Ho\u00e0n H\u1ea3o cho Nhi\u1ec7t \u0110\u1ed9 Cao v\u00e0 M\u00f4i Tr\u01b0\u1eddng Kh\u1eafc Nghi\u1ec7t<\/h1>\n<h3><b>M\u1ee1 b\u00f2 x\u1ecbt kh\u00f4 Wurth HHS Drylube l\u00e0 g\u00ec?<\/b><\/h3>\n<p><img decoding=\"async\" title=\"mo-bo-xit-kho-hhs-drylube-wurth-400ml-c-1755682431221-1\" src=\"https:\/\/yenhung.com\/wp-content\/uploads\/2025\/11\/mo-bo-xit-kho-hhs-drylube-wurth-400ml-c-1755682431221-1.jpg\" alt=\"M\u1ee1 b\u00f2 x\u1ecbt kh\u00f4 hhs drylube Wurth 400ml\" data-thumb=\"large\" \/><\/p>\n<p><b>Wurth HHS Drylube<\/b> l\u00e0 m\u1ed9t lo\u1ea1i m\u1ee1 b\u00f2 t\u1ed5ng h\u1ee3p d\u1ea1ng x\u1ecbt, \u0111\u01b0\u1ee3c s\u1ea3n xu\u1ea5t b\u1edfi Wurth &#8211; m\u1ed9t th\u01b0\u01a1ng hi\u1ec7u h\u00e0ng \u0111\u1ea7u t\u1eeb \u0110\u1ee9c v\u1ec1 c\u00e1c gi\u1ea3i ph\u00e1p c\u00f4ng nghi\u1ec7p v\u00e0 b\u1ea3o tr\u00ec. \u0110i\u1ec3m \u0111\u1eb7c bi\u1ec7t c\u1ee7a s\u1ea3n ph\u1ea9m n\u00e0y l\u00e0 n\u00f3 \u0111\u01b0\u1ee3c pha ch\u1ebf v\u1edbi c\u00e1c h\u1ea1t b\u00f4i tr\u01a1n r\u1eafn nh\u01b0 <b>PTFE (Teflon)<\/b>, c\u00f9ng v\u1edbi m\u1ed9t dung m\u00f4i bay h\u01a1i nhanh. Khi x\u1ecbt, dung m\u00f4i s\u1ebd bay h\u01a1i, \u0111\u1ec3 l\u1ea1i m\u1ed9t l\u1edbp m\u00e0ng b\u00f4i tr\u01a1n kh\u00f4, trong su\u1ed1t, kh\u00f4ng d\u00ednh b\u1ee5i b\u1ea9n v\u00e0 c\u00e1c h\u1ea1t m\u00e0i m\u00f2n.<\/p>\n<h3><b>\u01afu \u0111i\u1ec3m n\u1ed5i b\u1eadt c\u1ee7a m\u1ee1 Wurth HHS Drylube<\/b><\/h3>\n<p><img decoding=\"async\" title=\"mo-bo-xit-kho-hhs-drylube-wurth-400ml-b-1755682431710-1\" src=\"https:\/\/yenhung.com\/wp-content\/uploads\/2025\/11\/mo-bo-xit-kho-hhs-drylube-wurth-400ml-b-1755682431710-1.jpg\" alt=\"M\u1ee1 b\u00f2 x\u1ecbt kh\u00f4 hhs drylube Wurth 400ml\" data-thumb=\"large\" \/><\/p>\n<ul>\n<li><b>B\u00f4i tr\u01a1n hi\u1ec7u qu\u1ea3 v\u00e0 s\u1ea1ch s\u1ebd:<\/b> Kh\u00e1c v\u1edbi c\u00e1c lo\u1ea1i m\u1ee1 b\u00f2 th\u00f4ng th\u01b0\u1eddng d\u1ec5 b\u00e1m b\u1ee5i, <b>Wurth HHS Drylube<\/b> kh\u00f4 nhanh, t\u1ea1o ra m\u1ed9t l\u1edbp m\u00e0ng kh\u00f4ng d\u00ednh. \u0110i\u1ec1u n\u00e0y gi\u00fap c\u00e1c b\u1ed9 ph\u1eadn m\u00e1y m\u00f3c lu\u00f4n s\u1ea1ch s\u1ebd, tr\u00e1nh hi\u1ec7n t\u01b0\u1ee3ng b\u1ee5i b\u1ea9n b\u00e1m v\u00e0o g\u00e2y m\u00e0i m\u00f2n.<\/li>\n<li><b>Ch\u1ecbu t\u1ea3i c\u1ef1c cao v\u00e0 ch\u1ed1ng m\u00e0i m\u00f2n:<\/b> V\u1edbi c\u00e1c h\u1ea1t PTFE, s\u1ea3n ph\u1ea9m c\u00f3 kh\u1ea3 n\u0103ng ch\u1ecbu \u00e1p l\u1ef1c v\u00e0 t\u1ea3i tr\u1ecdng l\u1edbn, gi\u1ea3m ma s\u00e1t hi\u1ec7u qu\u1ea3. \u0110i\u1ec1u n\u00e0y gi\u00fap b\u1ea3o v\u1ec7 c\u00e1c chi ti\u1ebft m\u00e1y kh\u1ecfi s\u1ef1 m\u00e0i m\u00f2n, k\u00e9o d\u00e0i tu\u1ed5i th\u1ecd c\u1ee7a thi\u1ebft b\u1ecb.<\/li>\n<li><b>Kh\u1ea3 n\u0103ng th\u1ea5m s\u00e2u v\u01b0\u1ee3t tr\u1ed9i:<\/b> D\u1ea1ng x\u1ecbt v\u1edbi dung m\u00f4i gi\u00fap m\u1ee1 d\u1ec5 d\u00e0ng th\u00e2m nh\u1eadp v\u00e0o c\u00e1c khe h\u1edf nh\u1ecf, c\u00e1c kh\u1edbp n\u1ed1i v\u00e0 c\u00e1c v\u1ecb tr\u00ed kh\u00f3 ti\u1ebfp c\u1eadn, \u0111\u1ea3m b\u1ea3o b\u00f4i tr\u01a1n to\u00e0n di\u1ec7n.<\/li>\n<li><b>Ch\u1ed1ng g\u1ec9 s\u00e9t v\u00e0 \u0103n m\u00f2n:<\/b> L\u1edbp m\u00e0ng kh\u00f4 c\u1ee7a <b>HHS Drylube<\/b> t\u1ea1o ra m\u1ed9t r\u00e0o c\u1ea3n hi\u1ec7u qu\u1ea3, ch\u1ed1ng l\u1ea1i s\u1ef1 \u0103n m\u00f2n v\u00e0 g\u1ec9 s\u00e9t do \u0111\u1ed9 \u1ea9m v\u00e0 c\u00e1c y\u1ebfu t\u1ed1 m\u00f4i tr\u01b0\u1eddng.<\/li>\n<li><b>\u0110a n\u0103ng v\u00e0 ti\u1ec7n l\u1ee3i:<\/b> S\u1ea3n ph\u1ea9m c\u00f3 th\u1ec3 s\u1eed d\u1ee5ng cho nhi\u1ec1u \u1ee9ng d\u1ee5ng kh\u00e1c nhau, t\u1eeb c\u00e1c chi ti\u1ebft m\u00e1y m\u00f3c, d\u00e2y x\u00edch, c\u00e1p, \u0111\u1ebfn c\u00e1c b\u1ea3n l\u1ec1 v\u00e0 kh\u1edbp n\u1ed1i.<\/li>\n<\/ul>\n<h3><b>\u1ee8ng d\u1ee5ng ph\u1ed5 bi\u1ebfn c\u1ee7a m\u1ee1 Wurth HHS Drylube<\/b><\/h3>\n<p><img decoding=\"async\" title=\"mo-bo-xit-kho-hhs-drylube-wurth-400ml-a-1\" src=\"https:\/\/yenhung.com\/wp-content\/uploads\/2025\/11\/mo-bo-xit-kho-hhs-drylube-wurth-400ml-a-1.jpg\" alt=\"M\u1ee1 b\u00f2 x\u1ecbt kh\u00f4 hhs drylube Wurth 400ml\" data-thumb=\"large\" \/><\/p>\n<p>Nh\u1edd nh\u1eefng \u0111\u1eb7c t\u00ednh \u01b0u vi\u1ec7t, <b>m\u1ee1 b\u00f2 x\u1ecbt kh\u00f4 Wurth HHS Drylube<\/b> \u0111\u01b0\u1ee3c \u1ee9ng d\u1ee5ng r\u1ed9ng r\u00e3i trong nhi\u1ec1u l\u0129nh v\u1ef1c:<\/p>\n<ul>\n<li><b>B\u1ea3o tr\u00ec \u00f4 t\u00f4 v\u00e0 xe m\u00e1y:<\/b> B\u00f4i tr\u01a1n d\u00e2y x\u00edch xe m\u00e1y, c\u00e1c kh\u1edbp n\u1ed1i, b\u1ea3n l\u1ec1 c\u1eeda xe, v\u00e0 c\u00e1c chi ti\u1ebft c\u01a1 kh\u00ed kh\u00e1c.<\/li>\n<li><b>C\u00f4ng nghi\u1ec7p:<\/b> S\u1eed d\u1ee5ng cho c\u00e1c d\u00e2y chuy\u1ec1n s\u1ea3n xu\u1ea5t, b\u0103ng t\u1ea3i, b\u00e1nh r\u0103ng, c\u00e1c kh\u1edbp n\u1ed1i trong nh\u00e0 m\u00e1y n\u01a1i y\u00eau c\u1ea7u s\u1ef1 s\u1ea1ch s\u1ebd.<\/li>\n<li><b>S\u1eeda ch\u1eefa v\u00e0 b\u1ea3o d\u01b0\u1ee1ng t\u1ea1i gia:<\/b> B\u00f4i tr\u01a1n kh\u00f3a c\u1eeda, b\u1ea3n l\u1ec1, c\u00e1c d\u1ee5ng c\u1ee5 c\u1ea7m tay \u0111\u1ec3 ch\u1ed1ng g\u1ec9 v\u00e0 gi\u1ea3m ma s\u00e1t.<\/li>\n<\/ul>\n<p>V\u1edbi s\u1ef1 k\u1ebft h\u1ee3p ho\u00e0n h\u1ea3o gi\u1eefa hi\u1ec7u su\u1ea5t b\u00f4i tr\u01a1n v\u00e0 t\u00ednh s\u1ea1ch s\u1ebd, <b>m\u1ee1 b\u00f2 x\u1ecbt kh\u00f4 Wurth HHS Drylube<\/b> l\u00e0 gi\u1ea3i ph\u00e1p \u0111\u00e1ng tin c\u1eady \u0111\u1ec3 n\u00e2ng cao hi\u1ec7u qu\u1ea3 ho\u1ea1t \u0111\u1ed9ng v\u00e0 k\u00e9o d\u00e0i tu\u1ed5i th\u1ecd c\u1ee7a m\u00e1y m\u00f3c.<\/p>\n<\/div>\n","protected":false},"excerpt":{"rendered":"<p><strong>T\u00ean sa\u0309n ph\u00e2\u0309m:<\/strong>M\u1ee0 B\u00d2 X\u1ecaT KH\u00d4 HHS DRYLUBE 400ML<br \/>\n<strong>T\u00ecnh tr\u1ea1ng:<\/strong> Li\u00ean h\u1ec7 S\u0110T 090 666 5927 .<br \/>\n<strong>Kho:<\/strong> H\u1ed3 Ch\u00ed Minh.<br \/>\n<strong>Li\u00ean h\u1ec7:<\/strong> (24\/7)<br \/>\n<strong>Giao h\u00e0ng:<\/strong> Trong ng\u00e0y<\/p>\n","protected":false},"featured_media":7878,"comment_status":"closed","ping_status":"closed","template":"","meta":[],"product_brand":[],"product_cat":[164],"product_tag":[],"class_list":{"0":"post-7877","1":"product","2":"type-product","3":"status-publish","4":"has-post-thumbnail","6":"product_cat-wurth","8":"first","9":"instock","10":"shipping-taxable","11":"product-type-simple"},"_links":{"self":[{"href":"https:\/\/yenhung.com\/index.php?rest_route=\/wp\/v2\/product\/7877","targetHints":{"allow":["GET"]}}],"collection":[{"href":"https:\/\/yenhung.com\/index.php?rest_route=\/wp\/v2\/product"}],"about":[{"href":"https:\/\/yenhung.com\/index.php?rest_route=\/wp\/v2\/types\/product"}],"replies":[{"embeddable":true,"href":"https:\/\/yenhung.com\/index.php?rest_route=%2Fwp%2Fv2%2Fcomments&post=7877"}],"wp:featuredmedia":[{"embeddable":true,"href":"https:\/\/yenhung.com\/index.php?rest_route=\/wp\/v2\/media\/7878"}],"wp:attachment":[{"href":"https:\/\/yenhung.com\/index.php?rest_route=%2Fwp%2Fv2%2Fmedia&parent=7877"}],"wp:term":[{"taxonomy":"product_brand","embeddable":true,"href":"https:\/\/yenhung.com\/index.php?rest_route=%2Fwp%2Fv2%2Fproduct_brand&post=7877"},{"taxonomy":"product_cat","embeddable":true,"href":"https:\/\/yenhung.com\/index.php?rest_route=%2Fwp%2Fv2%2Fproduct_cat&post=7877"},{"taxonomy":"product_tag","embeddable":true,"href":"https:\/\/yenhung.com\/index.php?rest_route=%2Fwp%2Fv2%2Fproduct_tag&post=7877"}],"curies":[{"name":"wp","href":"https:\/\/api.w.org\/{rel}","templated":true}]}}