{"id":7886,"date":"2025-11-10T08:20:39","date_gmt":"2025-11-10T08:20:39","guid":{"rendered":"https:\/\/yenhung.com\/?product=chat-tay-rua-keo-nhan-decal-wurth-500ml"},"modified":"2026-02-11T01:29:35","modified_gmt":"2026-02-11T01:29:35","slug":"chat-tay-rua-keo-nhan-decal-wurth-500ml","status":"publish","type":"product","link":"https:\/\/yenhung.com\/?product=chat-tay-rua-keo-nhan-decal-wurth-500ml","title":{"rendered":"Ch\u1ea5t t\u1ea9y r\u1eeda keo, nh\u00e3n decal Wurth 500ml"},"content":{"rendered":"<div class=\"ba-text-fpt\">\n<p>&nbsp;<\/p>\n<h1>Ch\u1ea5t T\u1ea9y R\u1eeda Keo, Nh\u00e3n Decal 500ml: Gi\u1ea3i Ph\u00e1p L\u00e0m S\u1ea1ch To\u00e0n Di\u1ec7n<\/h1>\n<h2><img decoding=\"async\" title=\"cha-t-ta-y-ru-a-keo-nha-n-decal-500ml-jpeg-1\" src=\"https:\/\/yenhung.com\/wp-content\/uploads\/2025\/11\/cha-t-ta-y-ru-a-keo-nha-n-decal-500ml-jpeg-1.jpg\" alt=\"CH\u1ea4T T\u1ea8Y R\u1eecA KEO, NH\u00c3N DECAL 500ML\" data-thumb=\"large\" \/><\/h2>\n<p>Ch\u1ea5t t\u1ea9y r\u1eeda keo, nh\u00e3n decal 500ml l\u00e0 m\u1ed9t dung d\u1ecbch t\u1ea9y r\u1eeda chuy\u00ean d\u1ee5ng \u0111\u01b0\u1ee3c thi\u1ebft k\u1ebf \u0111\u1ec3 lo\u1ea1i b\u1ecf hi\u1ec7u qu\u1ea3 c\u00e1c ch\u1ea5t k\u1ebft d\u00ednh, keo, v\u00e0 nh\u00e3n decal b\u00e1m tr\u00ean nhi\u1ec1u b\u1ec1 m\u1eb7t. C\u00f4ng th\u1ee9c m\u1ea1nh m\u1ebd c\u1ee7a s\u1ea3n ph\u1ea9m gi\u00fap th\u1ea9m th\u1ea5u s\u00e2u v\u00e0o c\u00e1c ch\u1ea5t li\u1ec7u d\u00ednh, ph\u00e1 v\u1ee1 li\u00ean k\u1ebft h\u00f3a h\u1ecdc c\u1ee7a ch\u00fang, gi\u00fap b\u1ea1n x\u00f3a s\u1ea1ch c\u00e1c v\u1ebft b\u1ea9n c\u1ee9ng \u0111\u1ea7u m\u00e0 kh\u00f4ng g\u00e2y h\u1ea1i cho b\u1ec1 m\u1eb7t b\u00ean d\u01b0\u1edbi.<\/p>\n<h2>\u0110\u1eb7c \u0111i\u1ec3m v\u00e0 \u1ee8ng d\u1ee5ng<\/h2>\n<ul>\n<li><strong>T\u1ea9y r\u1eeda m\u1ea1nh m\u1ebd:<\/strong> C\u00f4ng th\u1ee9c t\u1eadp trung gi\u00fap lo\u1ea1i b\u1ecf m\u1ecdi v\u1ebft keo, nh\u00e3n decal, b\u0103ng d\u00ednh, nh\u00e3n d\u00e1n, v\u00e0 m\u1ee7 cao su.<\/li>\n<li><strong>An to\u00e0n tr\u00ean nhi\u1ec1u b\u1ec1 m\u1eb7t:<\/strong> Th\u00edch h\u1ee3p s\u1eed d\u1ee5ng tr\u00ean c\u00e1c b\u1ec1 m\u1eb7t nh\u01b0 kim lo\u1ea1i, th\u1ee7y tinh, g\u1ed7, nh\u1ef1a, v\u1ea3i, v\u00e0 g\u1ea1ch men.<\/li>\n<li><strong>D\u1ec5 s\u1eed d\u1ee5ng:<\/strong> Ch\u1ec9 c\u1ea7n x\u1ecbt dung d\u1ecbch l\u00ean b\u1ec1 m\u1eb7t b\u1ecb b\u1ea9n, \u0111\u1ee3i trong v\u00e0i ph\u00fat, sau \u0111\u00f3 ch\u00e0 s\u1ea1ch ho\u1eb7c lau s\u1ea1ch b\u1eb1ng kh\u0103n \u1ea9m.<\/li>\n<li><strong>Ti\u1ebft ki\u1ec7m th\u1eddi gian v\u00e0 c\u00f4ng s\u1ee9c:<\/strong> Ti\u1ebft ki\u1ec7m th\u1eddi gian v\u00e0 c\u00f4ng s\u1ee9c so v\u1edbi c\u00e1c ph\u01b0\u01a1ng ph\u00e1p t\u1ea9y r\u1eeda th\u1ee7 c\u00f4ng v\u00e0 t\u1ed1n k\u00e9m.<\/li>\n<li><strong>\u0110a d\u1ea1ng \u1ee9ng d\u1ee5ng:<\/strong> L\u00fd t\u01b0\u1edfng \u0111\u1ec3 l\u00e0m s\u1ea1ch c\u00e1c c\u00f4ng c\u1ee5, d\u1ee5ng c\u1ee5, b\u1ec1 m\u1eb7t xe c\u1ed9, \u0111\u1ed3 d\u00f9ng gia \u0111\u00ecnh, m\u00e1y m\u00f3c, v\u00e0 nhi\u1ec1u h\u01a1n th\u1ebf n\u1eefa.<\/li>\n<\/ul>\n<h2>Hi\u1ec7u su\u1ea5t cao<\/h2>\n<ul>\n<li>Lo\u1ea1i b\u1ecf ho\u00e0n to\u00e0n c\u00e1c ch\u1ea5t k\u1ebft d\u00ednh, keo, v\u00e0 nh\u00e3n decal ch\u1ec9 trong v\u00e0i ph\u00fat.<\/li>\n<li>Gi\u1ea3m thi\u1ec3u nguy c\u01a1 h\u01b0 h\u1ecfng b\u1ec1 m\u1eb7t nh\u1edd c\u00f4ng th\u1ee9c nh\u1eb9 v\u00e0 kh\u00f4ng g\u00e2y m\u00e0i m\u00f2n.<\/li>\n<li>Kh\u00f4ng c\u00f3 m\u00f9i h\u00f3a h\u1ecdc n\u1ed3ng n\u1eb7c, t\u1ea1o n\u00ean m\u00f4i tr\u01b0\u1eddng l\u00e0m vi\u1ec7c d\u1ec5 ch\u1ecbu.<\/li>\n<\/ul>\n<h2>Ch\u1ec9 d\u1eabn s\u1eed d\u1ee5ng<\/h2>\n<ol>\n<li>V\u1ec7 sinh b\u1ec1 m\u1eb7t c\u1ea7n l\u00e0m s\u1ea1ch b\u1eb1ng n\u01b0\u1edbc s\u1ea1ch.<\/li>\n<li>X\u1ecbt dung d\u1ecbch tr\u1ef1c ti\u1ebfp l\u00ean v\u1ebft b\u1ea9n v\u00e0 \u0111\u1ec3 trong 2-5 ph\u00fat, t\u00f9y thu\u1ed9c v\u00e0o \u0111\u1ed9 c\u1ee9ng \u0111\u1ea7u c\u1ee7a v\u1ebft b\u1ea9n.<\/li>\n<li>S\u1eed d\u1ee5ng m\u1ed9t mi\u1ebfng v\u1ea3i s\u1ea1ch, kh\u0103n gi\u1ea5y ho\u1eb7c b\u00e0n ch\u1ea3i m\u1ec1m \u0111\u1ec3 ch\u00e0 ho\u1eb7c lau s\u1ea1ch v\u1ebft b\u1ea9n.<\/li>\n<li>R\u1eeda s\u1ea1ch b\u1ec1 m\u1eb7t b\u1eb1ng n\u01b0\u1edbc v\u00e0 lau kh\u00f4 ho\u00e0n to\u00e0n.<\/li>\n<\/ol>\n<h2>L\u01b0u \u00fd<\/h2>\n<ul>\n<li>\u0110eo g\u0103ng tay v\u00e0 b\u1ea3o v\u1ec7 m\u1eaft khi s\u1eed d\u1ee5ng s\u1ea3n ph\u1ea9m.<\/li>\n<li>Kh\u00f4ng s\u1eed d\u1ee5ng tr\u00ean c\u00e1c b\u1ec1 m\u1eb7t n\u00f3ng ho\u1eb7c nh\u1ea1y c\u1ea3m.<\/li>\n<li>Ki\u1ec3m tra \u0111\u1ed9 t\u01b0\u01a1ng th\u00edch tr\u00ean m\u1ed9t khu v\u1ef1c nh\u1ecf tr\u01b0\u1edbc khi s\u1eed d\u1ee5ng to\u00e0n b\u1ed9.<\/li>\n<li>B\u1ea3o qu\u1ea3n s\u1ea3n ph\u1ea9m \u1edf n\u01a1i kh\u00f4 r\u00e1o, tho\u00e1ng m\u00e1t v\u00e0 tr\u00e1nh xa t\u1ea7m tay tr\u1ebb em.<\/li>\n<\/ul>\n<\/div>\n","protected":false},"excerpt":{"rendered":"<p><strong>T\u00ean sa\u0309n ph\u00e2\u0309m:<\/strong>CH\u1ea4T T\u1ea8Y R\u1eecA KEO, NH\u00c3N DECAL 500ML<br \/>\n<strong>T\u00ecnh tr\u1ea1ng:<\/strong> Li\u00ean h\u1ec7 S\u0110T 090 666 5927 .<br \/>\n<strong>Kho:<\/strong> H\u1ed3 Ch\u00ed Minh.<br \/>\n<strong>Li\u00ean h\u1ec7:<\/strong> (24\/7)<br \/>\n<strong>Giao h\u00e0ng:<\/strong> Trong ng\u00e0y<\/p>\n","protected":false},"featured_media":7887,"comment_status":"closed","ping_status":"closed","template":"","meta":[],"product_brand":[],"product_cat":[164],"product_tag":[],"class_list":{"0":"post-7886","1":"product","2":"type-product","3":"status-publish","4":"has-post-thumbnail","6":"product_cat-wurth","8":"first","9":"instock","10":"shipping-taxable","11":"product-type-simple"},"_links":{"self":[{"href":"https:\/\/yenhung.com\/index.php?rest_route=\/wp\/v2\/product\/7886","targetHints":{"allow":["GET"]}}],"collection":[{"href":"https:\/\/yenhung.com\/index.php?rest_route=\/wp\/v2\/product"}],"about":[{"href":"https:\/\/yenhung.com\/index.php?rest_route=\/wp\/v2\/types\/product"}],"replies":[{"embeddable":true,"href":"https:\/\/yenhung.com\/index.php?rest_route=%2Fwp%2Fv2%2Fcomments&post=7886"}],"wp:featuredmedia":[{"embeddable":true,"href":"https:\/\/yenhung.com\/index.php?rest_route=\/wp\/v2\/media\/7887"}],"wp:attachment":[{"href":"https:\/\/yenhung.com\/index.php?rest_route=%2Fwp%2Fv2%2Fmedia&parent=7886"}],"wp:term":[{"taxonomy":"product_brand","embeddable":true,"href":"https:\/\/yenhung.com\/index.php?rest_route=%2Fwp%2Fv2%2Fproduct_brand&post=7886"},{"taxonomy":"product_cat","embeddable":true,"href":"https:\/\/yenhung.com\/index.php?rest_route=%2Fwp%2Fv2%2Fproduct_cat&post=7886"},{"taxonomy":"product_tag","embeddable":true,"href":"https:\/\/yenhung.com\/index.php?rest_route=%2Fwp%2Fv2%2Fproduct_tag&post=7886"}],"curies":[{"name":"wp","href":"https:\/\/api.w.org\/{rel}","templated":true}]}}