{"id":7891,"date":"2025-11-10T08:20:45","date_gmt":"2025-11-10T08:20:45","guid":{"rendered":"https:\/\/yenhung.com\/?product=chat-ve-sinh-noi-that-hoat-tinh-wurth-500ml"},"modified":"2026-02-11T01:29:25","modified_gmt":"2026-02-11T01:29:25","slug":"chat-ve-sinh-noi-that-hoat-tinh-wurth-500ml","status":"publish","type":"product","link":"https:\/\/yenhung.com\/?product=chat-ve-sinh-noi-that-hoat-tinh-wurth-500ml","title":{"rendered":"Ch\u1ea5t v\u1ec7 sinh n\u1ed9i th\u1ea5t ho\u1ea1t t\u00ednh Wurth 500ml"},"content":{"rendered":"<div class=\"ba-text-fpt\">\n<p>&nbsp;<\/p>\n<h1>Ch\u1ea5t V\u1ec7 Sinh N\u1ed9i Th\u1ea5t Ho\u1ea1t T\u00ednh 500ml<\/h1>\n<h2><img decoding=\"async\" title=\"cha-t-ve-sinh-no-i-tha-t-hoa-t-ti-nh-500ml-jpeg-1\" src=\"https:\/\/yenhung.com\/wp-content\/uploads\/2025\/11\/cha-t-ve-sinh-no-i-tha-t-hoa-t-ti-nh-500ml-jpeg-1.jpg\" alt=\"CH\u1ea4T V\u1ec6 SINH N\u1ed8I TH\u1ea4T HO\u1ea0T T\u00cdNH 500ML\" data-thumb=\"large\" \/><\/h2>\n<p>Ch\u1ea5t v\u1ec7 sinh n\u1ed9i th\u1ea5t ho\u1ea1t t\u00ednh 500ml l\u00e0 m\u1ed9t s\u1ea3n ph\u1ea9m chuy\u00ean d\u1ee5ng \u0111\u01b0\u1ee3c thi\u1ebft k\u1ebf \u0111\u1ec3 l\u00e0m s\u1ea1ch v\u00e0 b\u1ea3o v\u1ec7 c\u00e1c b\u1ec1 m\u1eb7t n\u1ed9i th\u1ea5t kh\u1ecfi b\u1ee5i b\u1ea9n, v\u1ebft b\u1ea9n v\u00e0 m\u00f9i h\u00f4i. V\u1edbi c\u00f4ng th\u1ee9c c\u00f3 ch\u1ee9a than ho\u1ea1t t\u00ednh, s\u1ea3n ph\u1ea9m n\u00e0y cung c\u1ea5p kh\u1ea3 n\u0103ng lo\u1ea1i b\u1ecf m\u00f9i v\u01b0\u1ee3t tr\u1ed9i v\u00e0 mang l\u1ea1i cho \u0111\u1ed3 n\u1ed9i th\u1ea5t c\u1ee7a b\u1ea1n v\u1ebb ngo\u00e0i t\u01b0\u01a1i m\u1edbi v\u00e0 s\u1ea1ch s\u1ebd.<\/p>\n<h2>\u0110\u1eb7c \u0111i\u1ec3m k\u1ef9 thu\u1eadt<\/h2>\n<ul>\n<li>Dung t\u00edch: 500ml<\/li>\n<li>C\u00f4ng th\u1ee9c: Ch\u1ea5t ho\u1ea1t \u0111\u1ed9ng b\u1ec1 m\u1eb7t ion, than ho\u1ea1t t\u00ednh<\/li>\n<li>M\u00f9i h\u01b0\u01a1ng: H\u01b0\u01a1ng chanh t\u01b0\u01a1i m\u00e1t<\/li>\n<li>T\u00ednh ch\u1ea5t: Kh\u00f4ng \u0111\u1ed9c h\u1ea1i, c\u00f3 th\u1ec3 ph\u00e2n h\u1ee7y sinh h\u1ecdc<\/li>\n<\/ul>\n<h2>T\u00ednh n\u0103ng v\u00e0 l\u1ee3i \u00edch<\/h2>\n<ul>\n<li>**Kh\u1eed m\u00f9i hi\u1ec7u qu\u1ea3:** Than ho\u1ea1t t\u00ednh h\u1ea5p th\u1ee5 v\u00e0 trung h\u00f2a m\u00f9i h\u00f4i hi\u1ec7u qu\u1ea3, \u0111\u1ec3 l\u1ea1i kh\u00f4ng gian th\u01a1m m\u00e1t v\u00e0 d\u1ec5 ch\u1ecbu.<\/li>\n<li>**L\u00e0m s\u1ea1ch s\u00e2u:** Ch\u1ea5t ho\u1ea1t \u0111\u1ed9ng b\u1ec1 m\u1eb7t ion nh\u1eb9 nh\u00e0ng lo\u1ea1i b\u1ecf b\u1ee5i b\u1ea9n, v\u1ebft b\u1ea9n v\u00e0 d\u1ea5u v\u00e2n tay m\u00e0 kh\u00f4ng l\u00e0m h\u1ecfng b\u1ec1 m\u1eb7t.<\/li>\n<li>**B\u1ea3o v\u1ec7 kh\u1ecfi tr\u1ea7y x\u01b0\u1edbc:** C\u00f4ng th\u1ee9c ch\u1ed1ng t\u0129nh \u0111i\u1ec7n gi\u00fap ng\u0103n ng\u1eeba t\u00edch t\u1ee5 b\u1ee5i v\u00e0 gi\u1ea3m kh\u1ea3 n\u0103ng tr\u1ea7y x\u01b0\u1edbc.<\/li>\n<li>**An to\u00e0n cho t\u1ea5t c\u1ea3 b\u1ec1 m\u1eb7t:** C\u00f3 th\u1ec3 s\u1eed d\u1ee5ng tr\u00ean nhi\u1ec1u lo\u1ea1i b\u1ec1 m\u1eb7t nh\u01b0 g\u1ed7, da, nh\u1ef1a v\u00e0 kim lo\u1ea1i.<\/li>\n<li>**D\u1ec5 d\u00e0ng s\u1eed d\u1ee5ng:** Ch\u1ec9 c\u1ea7n x\u1ecbt tr\u1ef1c ti\u1ebfp l\u00ean b\u1ec1 m\u1eb7t v\u00e0 lau s\u1ea1ch b\u1eb1ng kh\u0103n m\u1ec1m.<\/li>\n<\/ul>\n<h2>\u1ee8ng d\u1ee5ng<\/h2>\n<p>Ch\u1ea5t v\u1ec7 sinh n\u1ed9i th\u1ea5t ho\u1ea1t t\u00ednh 500ml l\u00fd t\u01b0\u1edfng \u0111\u1ec3 l\u00e0m s\u1ea1ch v\u00e0 b\u1ea3o v\u1ec7 c\u00e1c b\u1ec1 m\u1eb7t n\u1ed9i th\u1ea5t trong nh\u00e0, xe h\u01a1i v\u00e0 v\u0103n ph\u00f2ng, bao g\u1ed3m:<\/p>\n<ul>\n<li>Gh\u1ebf sofa v\u00e0 gh\u1ebf b\u00e0nh<\/li>\n<li>\u0110\u1ed3 da<\/li>\n<li>G\u1ed7 v\u00e0 \u0111\u1ed3 n\u1ed9i th\u1ea5t ph\u1ee7 m\u1edd<\/li>\n<li>B\u00e0n v\u00e0 qu\u1ea7y<\/li>\n<li>Thi\u1ebft b\u1ecb \u0111i\u1ec7n t\u1eed<\/li>\n<\/ul>\n<h2>H\u01b0\u1edbng d\u1eabn s\u1eed d\u1ee5ng<\/h2>\n<ol>\n<li>X\u1ecbt tr\u1ef1c ti\u1ebfp s\u1ea3n ph\u1ea9m l\u00ean b\u1ec1 m\u1eb7t c\u1ea7n l\u00e0m s\u1ea1ch.<\/li>\n<li>Lau s\u1ea1ch b\u1eb1ng kh\u0103n m\u1ec1m, chuy\u1ec3n \u0111\u1ed9ng theo h\u00ecnh tr\u00f2n.<\/li>\n<li>Kh\u00f4ng c\u1ea7n r\u1eeda l\u1ea1i b\u1eb1ng n\u01b0\u1edbc.<\/li>\n<\/ol>\n<h2>L\u01b0u \u00fd<\/h2>\n<ul>\n<li>Tr\u00e1nh s\u1eed d\u1ee5ng tr\u00ean b\u1ec1 m\u1eb7t tr\u00e1ng men, s\u01a1n m\u00e0i v\u00e0 nh\u00f4m.<\/li>\n<li>Ki\u1ec3m tra tr\u00ean m\u1ed9t khu v\u1ef1c nh\u1ecf tr\u01b0\u1edbc khi s\u1eed d\u1ee5ng tr\u00ean to\u00e0n b\u1ed9 b\u1ec1 m\u1eb7t.<\/li>\n<li>\u0110\u1ec3 xa t\u1ea7m tay tr\u1ebb em.<\/li>\n<\/ul>\n<\/div>\n","protected":false},"excerpt":{"rendered":"<p><strong>T\u00ean sa\u0309n ph\u00e2\u0309m:<\/strong>CH\u1ea4T V\u1ec6 SINH N\u1ed8I TH\u1ea4T HO\u1ea0T T\u00cdNH 500ML<br \/>\n<strong>T\u00ecnh tr\u1ea1ng:<\/strong> Li\u00ean h\u1ec7 S\u0110T 090 666 5927 .<br \/>\n<strong>Kho:<\/strong> H\u1ed3 Ch\u00ed Minh.<br \/>\n<strong>Li\u00ean h\u1ec7:<\/strong> (24\/7)<br \/>\n<strong>Giao h\u00e0ng:<\/strong> Trong ng\u00e0y<\/p>\n","protected":false},"featured_media":7892,"comment_status":"closed","ping_status":"closed","template":"","meta":[],"product_brand":[],"product_cat":[164],"product_tag":[],"class_list":{"0":"post-7891","1":"product","2":"type-product","3":"status-publish","4":"has-post-thumbnail","6":"product_cat-wurth","8":"first","9":"instock","10":"shipping-taxable","11":"product-type-simple"},"_links":{"self":[{"href":"https:\/\/yenhung.com\/index.php?rest_route=\/wp\/v2\/product\/7891","targetHints":{"allow":["GET"]}}],"collection":[{"href":"https:\/\/yenhung.com\/index.php?rest_route=\/wp\/v2\/product"}],"about":[{"href":"https:\/\/yenhung.com\/index.php?rest_route=\/wp\/v2\/types\/product"}],"replies":[{"embeddable":true,"href":"https:\/\/yenhung.com\/index.php?rest_route=%2Fwp%2Fv2%2Fcomments&post=7891"}],"wp:featuredmedia":[{"embeddable":true,"href":"https:\/\/yenhung.com\/index.php?rest_route=\/wp\/v2\/media\/7892"}],"wp:attachment":[{"href":"https:\/\/yenhung.com\/index.php?rest_route=%2Fwp%2Fv2%2Fmedia&parent=7891"}],"wp:term":[{"taxonomy":"product_brand","embeddable":true,"href":"https:\/\/yenhung.com\/index.php?rest_route=%2Fwp%2Fv2%2Fproduct_brand&post=7891"},{"taxonomy":"product_cat","embeddable":true,"href":"https:\/\/yenhung.com\/index.php?rest_route=%2Fwp%2Fv2%2Fproduct_cat&post=7891"},{"taxonomy":"product_tag","embeddable":true,"href":"https:\/\/yenhung.com\/index.php?rest_route=%2Fwp%2Fv2%2Fproduct_tag&post=7891"}],"curies":[{"name":"wp","href":"https:\/\/api.w.org\/{rel}","templated":true}]}}