{"id":7897,"date":"2025-11-10T08:20:49","date_gmt":"2025-11-10T08:20:49","guid":{"rendered":"https:\/\/yenhung.com\/?product=chat-bao-duong-cao-su-wurth-300ml"},"modified":"2026-02-11T01:27:22","modified_gmt":"2026-02-11T01:27:22","slug":"chat-bao-duong-cao-su-wurth-300ml","status":"publish","type":"product","link":"https:\/\/yenhung.com\/?product=chat-bao-duong-cao-su-wurth-300ml","title":{"rendered":"Ch\u1ea5t b\u1ea3o d\u01b0\u1ee1ng cao su Wurth 300ml"},"content":{"rendered":"<div class=\"ba-text-fpt\">\n<p>&nbsp;<\/p>\n<h1>CH\u1ea4T B\u1ea2O D\u01af\u1ee0NG CAO SU 300ML: GI\u1ea2I PH\u00c1P HI\u1ec6U QU\u1ea2 CHO CAO SU B\u1ec0N V\u1eeeNG<\/h1>\n<h2><img decoding=\"async\" title=\"cha-t-ba-o-du-o-ng-cao-su-300ml-jpeg-1\" src=\"https:\/\/yenhung.com\/wp-content\/uploads\/2025\/11\/cha-t-ba-o-du-o-ng-cao-su-300ml-jpeg-1.jpg\" alt=\"CH\u1ea4T B\u1ea2O D\u01af\u1ee0NG CAO SU 300ML\" data-thumb=\"large\" \/><\/h2>\n<p>Ch\u1ea5t b\u1ea3o d\u01b0\u1ee1ng cao su 300ml l\u00e0 s\u1ea3n ph\u1ea9m \u0111\u01b0\u1ee3c thi\u1ebft k\u1ebf chuy\u00ean bi\u1ec7t \u0111\u1ec3 duy tr\u00ec v\u00e0 b\u1ea3o v\u1ec7 c\u00e1c b\u1ec1 m\u1eb7t cao su, mang l\u1ea1i \u0111\u1ed9 b\u1ec1n v\u00e0 tu\u1ed5i th\u1ecd cao h\u01a1n. V\u1edbi c\u00f4ng th\u1ee9c ti\u00ean ti\u1ebfn, s\u1ea3n ph\u1ea9m n\u00e0y cung c\u1ea5p m\u1ed9t lo\u1ea1t c\u00e1c l\u1ee3i \u00edch v\u01b0\u1ee3t tr\u1ed9i cho nhi\u1ec1u \u1ee9ng d\u1ee5ng kh\u00e1c nhau.<\/p>\n<h2>L\u1ee3i \u00edch<\/h2>\n<ul>\n<li><strong>B\u1ea3o v\u1ec7 kh\u1ecfi tia UV, ozone v\u00e0 c\u00e1c t\u00e1c nh\u00e2n th\u1eddi ti\u1ebft kh\u00e1c:<\/strong> Ch\u1ea5t b\u1ea3o d\u01b0\u1ee1ng cao su t\u1ea1o ra m\u1ed9t l\u1edbp m\u00e0ng b\u1ea3o v\u1ec7 ng\u0103n ch\u1eb7n tia UV c\u00f3 h\u1ea1i, ozone v\u00e0 c\u00e1c t\u00e1c nh\u00e2n th\u1eddi ti\u1ebft kh\u1eafc nghi\u1ec7t l\u00e0m h\u1ecfng v\u00e0 phai m\u00e0u cao su.<\/li>\n<li><strong>Ng\u0103n ch\u1eb7n n\u1ee9t, r\u1ea1n n\u1ee9t v\u00e0 kh\u00f4 c\u1ee9ng:<\/strong> S\u1ea3n ph\u1ea9m duy tr\u00ec \u0111\u1ed9 d\u1ebbo dai v\u00e0 linh ho\u1ea1t c\u1ee7a cao su, ng\u0103n ch\u1eb7n s\u1ef1 h\u00ecnh th\u00e0nh c\u00e1c v\u1ebft n\u1ee9t, r\u1ea1n n\u1ee9t v\u00e0 kh\u00f4 c\u1ee9ng do l\u00e3o h\u00f3a.<\/li>\n<li><strong>L\u00e0m m\u1edbi b\u1ec1 m\u1eb7t cao su:<\/strong> C\u00f4ng th\u1ee9c \u0111\u1eb7c bi\u1ec7t c\u1ee7a s\u1ea3n ph\u1ea9m l\u00e0m m\u1edbi v\u00e0 ph\u1ee5c h\u1ed3i b\u1ec1 m\u1eb7t cao su, mang l\u1ea1i v\u1ebb ngo\u00e0i nh\u01b0 m\u1edbi.<\/li>\n<li><strong>T\u0103ng c\u01b0\u1eddng \u0111\u1ed9 b\u00e1m d\u00ednh:<\/strong> Ch\u1ea5t b\u1ea3o d\u01b0\u1ee1ng cao su c\u1ea3i thi\u1ec7n \u0111\u1ed9 b\u00e1m d\u00ednh c\u1ee7a cao su tr\u00ean nhi\u1ec1u lo\u1ea1i b\u1ec1 m\u1eb7t, bao g\u1ed3m kim lo\u1ea1i, nh\u1ef1a v\u00e0 v\u1ea3i.<\/li>\n<li><strong>An to\u00e0n v\u00e0 d\u1ec5 s\u1eed d\u1ee5ng:<\/strong> S\u1ea3n ph\u1ea9m kh\u00f4ng ch\u1ee9a c\u00e1c dung m\u00f4i kh\u1eafc nghi\u1ec7t, kh\u00f4ng \u0103n m\u00f2n v\u00e0 v\u00f4 c\u00f9ng d\u1ec5 s\u1eed d\u1ee5ng.<\/li>\n<\/ul>\n<h2>\u1ee8ng d\u1ee5ng<\/h2>\n<p>Ch\u1ea5t b\u1ea3o d\u01b0\u1ee1ng cao su 300ml l\u00fd t\u01b0\u1edfng cho nhi\u1ec1u \u1ee9ng d\u1ee5ng, bao g\u1ed3m:<\/p>\n<ul>\n<li>B\u1ec1 m\u1eb7t cao su tr\u00ean \u00f4 t\u00f4 (l\u1ed1p xe, gio\u0103ng c\u1eeda, n\u1eafp capo)<\/li>\n<li>\u0110\u1ed3 gia d\u1ee5ng b\u1eb1ng cao su (\u1ed1ng n\u01b0\u1edbc, ron, gio\u0103ng)<\/li>\n<li>Ph\u1ee5 ki\u1ec7n v\u00e0 thi\u1ebft b\u1ecb th\u1ec3 thao (gi\u00e0y, v\u1ee3t tennis, b\u00f3ng)<\/li>\n<li>Thi\u1ebft b\u1ecb c\u00f4ng nghi\u1ec7p v\u00e0 th\u01b0\u01a1ng m\u1ea1i (b\u0103ng t\u1ea3i, gio\u0103ng, \u1ed1ng)<\/li>\n<\/ul>\n<h2>H\u01b0\u1edbng d\u1eabn s\u1eed d\u1ee5ng<\/h2>\n<ol>\n<li>L\u00e0m s\u1ea1ch b\u1ec1 m\u1eb7t cao su b\u1eb1ng ch\u1ea5t t\u1ea9y r\u1eeda d\u1ecbu nh\u1eb9.<\/li>\n<li>L\u1eafc \u0111\u1ec1u chai tr\u01b0\u1edbc khi s\u1eed d\u1ee5ng.<\/li>\n<li>Phun m\u1ed9t l\u1edbp m\u1ecfng ch\u1ea5t b\u1ea3o d\u01b0\u1ee1ng cao su l\u00ean b\u1ec1 m\u1eb7t.<\/li>\n<li>\u0110\u1ec3 kh\u00f4 t\u1ef1 nhi\u00ean trong 15-30 ph\u00fat.<\/li>\n<\/ol>\n<h2>B\u1ea3o qu\u1ea3n<\/h2>\n<ul>\n<li>\u0110\u1ec3 s\u1ea3n ph\u1ea9m tr\u00e1nh xa t\u1ea7m tay tr\u1ebb em.<\/li>\n<li>B\u1ea3o qu\u1ea3n \u1edf n\u01a1i kh\u00f4 r\u00e1o, tho\u00e1ng m\u00e1t.<\/li>\n<li>Tr\u00e1nh ti\u1ebfp x\u00fac tr\u1ef1c ti\u1ebfp v\u1edbi \u00e1nh n\u1eafng m\u1eb7t tr\u1eddi.<\/li>\n<\/ul>\n<h2>K\u1ebft lu\u1eadn<\/h2>\n<p>Ch\u1ea5t b\u1ea3o d\u01b0\u1ee1ng cao su 300ml l\u00e0 m\u1ed9t s\u1ea3n ph\u1ea9m thi\u1ebft y\u1ebfu cho b\u1ea5t k\u1ef3 ai mu\u1ed1n duy tr\u00ec v\u00e0 b\u1ea3o v\u1ec7 c\u00e1c b\u1ec1 m\u1eb7t cao su c\u1ee7a h\u1ecd. V\u1edbi c\u00f4ng th\u1ee9c ti\u00ean ti\u1ebfn v\u00e0 nhi\u1ec1u l\u1ee3i \u00edch, s\u1ea3n ph\u1ea9m n\u00e0y l\u00e0 gi\u1ea3i ph\u00e1p ho\u00e0n h\u1ea3o \u0111\u1ec3 k\u00e9o d\u00e0i tu\u1ed5i th\u1ecd v\u00e0 c\u1ea3i thi\u1ec7n hi\u1ec7u su\u1ea5t c\u1ee7a cao su.<\/p>\n<\/div>\n","protected":false},"excerpt":{"rendered":"<p><strong>T\u00ean sa\u0309n ph\u00e2\u0309m:<\/strong>CH\u1ea4T B\u1ea2O D\u01af\u1ee0NG CAO SU 300ML<br \/>\n<strong>T\u00ecnh tr\u1ea1ng:<\/strong> Li\u00ean h\u1ec7 S\u0110T 090 666 5927 .<br \/>\n<strong>Kho:<\/strong> H\u1ed3 Ch\u00ed Minh.<br \/>\n<strong>Li\u00ean h\u1ec7:<\/strong> (24\/7)<br \/>\n<strong>Giao h\u00e0ng:<\/strong> Trong ng\u00e0y<\/p>\n","protected":false},"featured_media":7898,"comment_status":"closed","ping_status":"closed","template":"","meta":[],"product_brand":[],"product_cat":[164],"product_tag":[],"class_list":{"0":"post-7897","1":"product","2":"type-product","3":"status-publish","4":"has-post-thumbnail","6":"product_cat-wurth","8":"first","9":"instock","10":"shipping-taxable","11":"product-type-simple"},"_links":{"self":[{"href":"https:\/\/yenhung.com\/index.php?rest_route=\/wp\/v2\/product\/7897","targetHints":{"allow":["GET"]}}],"collection":[{"href":"https:\/\/yenhung.com\/index.php?rest_route=\/wp\/v2\/product"}],"about":[{"href":"https:\/\/yenhung.com\/index.php?rest_route=\/wp\/v2\/types\/product"}],"replies":[{"embeddable":true,"href":"https:\/\/yenhung.com\/index.php?rest_route=%2Fwp%2Fv2%2Fcomments&post=7897"}],"wp:featuredmedia":[{"embeddable":true,"href":"https:\/\/yenhung.com\/index.php?rest_route=\/wp\/v2\/media\/7898"}],"wp:attachment":[{"href":"https:\/\/yenhung.com\/index.php?rest_route=%2Fwp%2Fv2%2Fmedia&parent=7897"}],"wp:term":[{"taxonomy":"product_brand","embeddable":true,"href":"https:\/\/yenhung.com\/index.php?rest_route=%2Fwp%2Fv2%2Fproduct_brand&post=7897"},{"taxonomy":"product_cat","embeddable":true,"href":"https:\/\/yenhung.com\/index.php?rest_route=%2Fwp%2Fv2%2Fproduct_cat&post=7897"},{"taxonomy":"product_tag","embeddable":true,"href":"https:\/\/yenhung.com\/index.php?rest_route=%2Fwp%2Fv2%2Fproduct_tag&post=7897"}],"curies":[{"name":"wp","href":"https:\/\/api.w.org\/{rel}","templated":true}]}}