{"id":7902,"date":"2025-11-10T08:21:08","date_gmt":"2025-11-10T08:21:08","guid":{"rendered":"https:\/\/yenhung.com\/?product=chat-tay-rua-da-nang-bmf-wurth-5l"},"modified":"2026-02-11T01:27:03","modified_gmt":"2026-02-11T01:27:03","slug":"chat-tay-rua-da-nang-bmf-wurth-5l","status":"publish","type":"product","link":"https:\/\/yenhung.com\/?product=chat-tay-rua-da-nang-bmf-wurth-5l","title":{"rendered":"Ch\u1ea5t t\u1ea9y r\u1eeda \u0111a n\u0103ng BMF Wurth 5l"},"content":{"rendered":"<div class=\"ba-text-fpt\">\n<p>&nbsp;<\/p>\n<h2><strong>CH\u1ea4T T\u1ea8Y R\u1eecA \u0110A N\u0102NG BMF 5L<\/strong><\/h2>\n<p><strong>Ch\u1ea5t t\u1ea9y r\u1eeda \u0111a n\u0103ng BMF c\u1ee7a Wurth<\/strong>, v\u1edbi dung t\u00edch <strong>5 l\u00edt<\/strong>. \u0110\u00e2y l\u00e0 m\u1ed9t s\u1ea3n ph\u1ea9m l\u00e0m s\u1ea1ch c\u00f4ng nghi\u1ec7p r\u1ea5t hi\u1ec7u qu\u1ea3 c\u1ee7a h\u00e3ng <strong>Wurth (\u0110\u1ee9c)<\/strong>, chuy\u00ean d\u00f9ng \u0111\u1ec3 t\u1ea9y r\u1eeda d\u1ea7u m\u1ee1 v\u00e0 c\u00e1c v\u1ebft b\u1ea9n c\u1ee9ng \u0111\u1ea7u trong nhi\u1ec1u m\u00f4i tr\u01b0\u1eddng kh\u00e1c nhau.<\/p>\n<p><img decoding=\"async\" title=\"chat-tay-rua-da-nang-bmf-wurth-5l-4-1\" src=\"https:\/\/yenhung.com\/wp-content\/uploads\/2025\/11\/chat-tay-rua-da-nang-bmf-wurth-5l-4-1.jpg\" alt=\"Ch\u1ea5t t\u1ea9y r\u1eeda \u0111a n\u0103ng bmf Wurth 5l\" data-thumb=\"large\" \/><\/p>\n<h3 data-sourcepos=\"5:1-5:61\">\u0110\u1eb7c \u0111i\u1ec3m n\u1ed5i b\u1eadt c\u1ee7a Ch\u1ea5t t\u1ea9y r\u1eeda \u0111a n\u0103ng Wurth BMF 5L<\/h3>\n<ul data-sourcepos=\"7:1-21:0\">\n<li data-sourcepos=\"7:1-7:88\"><strong>T\u00ean g\u1ecdi \u0111\u1ea7y \u0111\u1ee7:<\/strong> Wurth BMF Workshop Cleaner (ho\u1eb7c Wurth BMF Cleaner and Degreaser).<\/li>\n<li data-sourcepos=\"8:1-8:51\"><strong>G\u1ed1c h\u00f3a h\u1ecdc:<\/strong> Tenside ki\u1ec1m (Alkaline tenside).<\/li>\n<li data-sourcepos=\"9:1-9:124\"><strong>pH:<\/strong> Kho\u1ea3ng <strong>9.4<\/strong>, cho th\u1ea5y \u0111\u00e2y l\u00e0 m\u1ed9t ch\u1ea5t t\u1ea9y r\u1eeda c\u00f3 t\u00ednh ki\u1ec1m, r\u1ea5t hi\u1ec7u qu\u1ea3 trong vi\u1ec7c lo\u1ea1i b\u1ecf d\u1ea7u m\u1ee1 v\u00e0 ch\u1ea5t b\u00e9o.<\/li>\n<li data-sourcepos=\"10:1-10:99\"><strong>M\u00e0u s\u1eafc v\u00e0 m\u00f9i:<\/strong> Th\u01b0\u1eddng c\u00f3 m\u00e0u v\u00e0ng s\u00e1ng (luminous yellow) v\u00e0 m\u00f9i h\u01b0\u01a1ng tr\u00e1i c\u00e2y nh\u1eb9 (fruity).<\/li>\n<li data-sourcepos=\"11:1-11:62\"><strong>\u0110a n\u0103ng:<\/strong> \u0110\u01b0\u1ee3c thi\u1ebft k\u1ebf \u0111\u1ec3 l\u00e0m s\u1ea1ch m\u1ecdi b\u1ec1 m\u1eb7t ch\u1ecbu n\u01b0\u1edbc.<\/li>\n<li data-sourcepos=\"12:1-12:133\"><strong>Hi\u1ec7u qu\u1ea3 t\u1ea9y r\u1eeda cao:<\/strong> Kh\u1ea3 n\u0103ng h\u00f2a tan d\u1ea7u m\u1ee1 m\u1ea1nh m\u1ebd, l\u00e0m s\u1ea1ch c\u00e1c v\u1ebft b\u1ea9n c\u00f4ng nghi\u1ec7p, c\u1eb7n carbon, b\u1ee5i b\u1ea9n tr\u00ean nhi\u1ec1u b\u1ec1 m\u1eb7t.<\/li>\n<li data-sourcepos=\"13:1-13:216\"><strong>Th\u00e2n thi\u1ec7n v\u1edbi v\u1eadt li\u1ec7u:<\/strong> M\u1eb7c d\u00f9 m\u1ea1nh m\u1ebd, nh\u01b0ng s\u1ea3n ph\u1ea9m n\u00e0y \u0111\u01b0\u1ee3c ph\u00e1t tri\u1ec3n \u0111\u1ec3 <strong>kh\u00f4ng l\u00e0m h\u1ecfng s\u01a1n, cao su ho\u1eb7c nh\u1ef1a<\/strong>. \u0110i\u1ec1u n\u00e0y l\u00e0m cho n\u00f3 an to\u00e0n \u0111\u1ec3 s\u1eed d\u1ee5ng tr\u00ean nhi\u1ec1u b\u1ed9 ph\u1eadn kh\u00e1c nhau c\u1ee7a xe c\u1ed9 v\u00e0 m\u00e1y m\u00f3c.<\/li>\n<li data-sourcepos=\"14:1-18:115\"><strong>An to\u00e0n v\u00e0 th\u00e2n thi\u1ec7n m\u00f4i tr\u01b0\u1eddng:<\/strong><\/li>\n<li data-sourcepos=\"14:1-18:115\"><strong><img decoding=\"async\" title=\"chat-tay-rua-da-nang-bmf-wurth-5l-2-1\" src=\"https:\/\/yenhung.com\/wp-content\/uploads\/2025\/11\/chat-tay-rua-da-nang-bmf-wurth-5l-2-1.jpg\" alt=\"Ch\u1ea5t t\u1ea9y r\u1eeda \u0111a n\u0103ng bmf Wurth 5l\" data-thumb=\"large\" \/><\/strong>\n<ul data-sourcepos=\"15:5-18:115\">\n<li data-sourcepos=\"15:5-15:62\"><strong>Kh\u00f4ng ch\u1ee9a ph\u1ed1t ph\u00e1t, dung m\u00f4i ho\u1eb7c c\u00e1c ch\u1ea5t \u0103n m\u00f2n.<\/strong><\/li>\n<li data-sourcepos=\"16:5-16:84\"><strong>Kh\u00f4ng ch\u1ee9a silicone v\u00e0 AOX<\/strong> (c\u00e1c h\u1ee3p ch\u1ea5t h\u1eefu c\u01a1 halogen h\u00f3a h\u1ea5p th\u1ee5 \u0111\u01b0\u1ee3c).<\/li>\n<li data-sourcepos=\"17:5-17:57\"><strong>Kh\u1ea3 n\u0103ng ph\u00e2n h\u1ee7y sinh h\u1ecdc cao<\/strong> (Biodegradable).<\/li>\n<li data-sourcepos=\"18:5-18:115\"><strong>Ph\u00e2n t\u00e1ch nhanh trong n\u01b0\u1edbc th\u1ea3i<\/strong> theo Ti\u00eau chu\u1ea9n sinh th\u00e1i \u0110\u1ee9c B 5105, gi\u1ea3m thi\u1ec3u t\u00e1c \u0111\u1ed9ng \u0111\u1ebfn m\u00f4i tr\u01b0\u1eddng.<\/li>\n<\/ul>\n<\/li>\n<li data-sourcepos=\"19:1-19:120\"><strong>Linh ho\u1ea1t trong s\u1eed d\u1ee5ng:<\/strong> C\u00f3 th\u1ec3 s\u1eed d\u1ee5ng b\u1eb1ng tay, v\u1edbi thi\u1ebft b\u1ecb l\u00e0m s\u1ea1ch \u00e1p su\u1ea5t cao, ho\u1eb7c m\u00e1y ch\u00e0 s\u00e0n c\u00f4ng nghi\u1ec7p.<\/li>\n<li data-sourcepos=\"20:1-21:0\"><strong>C\u00f4 \u0111\u1eb7c:<\/strong> L\u00e0 dung d\u1ecbch c\u00f4 \u0111\u1eb7c, c\u1ea7n pha lo\u00e3ng v\u1edbi n\u01b0\u1edbc tr\u01b0\u1edbc khi s\u1eed d\u1ee5ng, gi\u00fap ti\u1ebft ki\u1ec7m chi ph\u00ed. N\u01b0\u1edbc \u1ea5m (40\u00b0C \u2013 60\u00b0C) s\u1ebd t\u0103ng c\u01b0\u1eddng hi\u1ec7u qu\u1ea3 l\u00e0m s\u1ea1ch.<br \/>\n<h3 data-sourcepos=\"24:1-24:32\">\u1ee8ng d\u1ee5ng c\u1ee7a Wurth BMF 5L<\/h3>\n<\/li>\n<li data-sourcepos=\"20:1-21:0\">\n<p data-sourcepos=\"26:1-26:88\"><img decoding=\"async\" title=\"chat-tay-rua-da-nang-bmf-wurth-5l-3-2\" src=\"https:\/\/yenhung.com\/wp-content\/uploads\/2025\/11\/chat-tay-rua-da-nang-bmf-wurth-5l-3-2.jpg\" alt=\"Ch\u1ea5t t\u1ea9y r\u1eeda \u0111a n\u0103ng bmf Wurth 5l\" data-thumb=\"large\" \/><\/p>\n<\/li>\n<li data-sourcepos=\"20:1-21:0\">\n<p data-sourcepos=\"26:1-26:88\">Wurth BMF l\u00e0 l\u1ef1a ch\u1ecdn l\u00fd t\u01b0\u1edfng cho vi\u1ec7c l\u00e0m s\u1ea1ch \u0111a n\u0103ng trong c\u00e1c m\u00f4i tr\u01b0\u1eddng kh\u00e1c nhau:<\/p>\n<\/li>\n<li data-sourcepos=\"28:1-31:77\"><strong>Ng\u00e0nh \u00f4 t\u00f4 v\u00e0 v\u1eadn t\u1ea3i:<\/strong>\n<ul data-sourcepos=\"29:5-31:77\">\n<li data-sourcepos=\"29:5-29:52\">L\u00e0m s\u1ea1ch khoang m\u00e1y \u0111\u1ed9ng c\u01a1, th\u00e2n xe, b\u00e1nh xe.<\/li>\n<li data-sourcepos=\"30:5-30:146\">V\u1ec7 sinh n\u1ed9i th\u1ea5t (gh\u1ebf, th\u1ea3m, tr\u1ea7n) v\u00e0 ngo\u1ea1i th\u1ea5t xe (th\u01b0\u1eddng \u0111\u01b0\u1ee3c d\u00f9ng k\u1ebft h\u1ee3p v\u1edbi s\u00fang l\u1ed1c xo\u00e1y Wurth Top Gun trong c\u00e1c gara chuy\u00ean nghi\u1ec7p).<\/li>\n<li data-sourcepos=\"31:5-31:77\">Lo\u1ea1i b\u1ecf d\u1ea7u m\u1ee1, b\u1ed3 h\u00f3ng, v\u1ebft b\u1ea9n c\u1ee9ng \u0111\u1ea7u tr\u00ean xe h\u01a1i, xe t\u1ea3i, xe bu\u00fdt.<\/li>\n<\/ul>\n<\/li>\n<li data-sourcepos=\"32:1-34:54\"><strong>Nh\u00e0 x\u01b0\u1edfng, nh\u00e0 m\u00e1y v\u00e0 c\u00f4ng nghi\u1ec7p:<\/strong>\n<ul data-sourcepos=\"33:5-34:54\">\n<li data-sourcepos=\"33:5-33:75\">L\u00e0m s\u1ea1ch s\u00e0n nh\u00e0 x\u01b0\u1edfng, s\u00e0n gara b\u1ecb d\u00ednh d\u1ea7u m\u1ee1, v\u1ebft b\u1ea9n c\u00f4ng nghi\u1ec7p.<\/li>\n<li data-sourcepos=\"34:5-34:54\">V\u1ec7 sinh m\u00e1y m\u00f3c, thi\u1ebft b\u1ecb c\u00f4ng nghi\u1ec7p, b\u0103ng t\u1ea3i.<\/li>\n<\/ul>\n<\/li>\n<li data-sourcepos=\"35:1-38:0\"><strong>Gia \u0111\u00ecnh v\u00e0 nh\u00e0 h\u00e0ng:<\/strong>\n<ul data-sourcepos=\"36:5-38:0\">\n<li data-sourcepos=\"36:5-36:109\">L\u00e0m s\u1ea1ch c\u00e1c b\u1ec1 m\u1eb7t c\u1ee9ng trong nh\u00e0 h\u00e0ng, khu v\u1ef1c ch\u1ebf bi\u1ebfn th\u1ef1c ph\u1ea9m (b\u1ebfp, l\u00f2 n\u01b0\u1edbng, h\u1ec7 th\u1ed1ng h\u00fat kh\u00f3i).<\/li>\n<li data-sourcepos=\"37:5-38:0\">S\u1eed d\u1ee5ng trong gia \u0111\u00ecnh cho c\u00e1c c\u00f4ng vi\u1ec7c v\u1ec7 sinh n\u1eb7ng.<\/li>\n<\/ul>\n<\/li>\n<li data-sourcepos=\"20:1-21:0\">\n<p data-sourcepos=\"39:1-39:44\"><strong>T\u1ef7 l\u1ec7 pha lo\u00e3ng khuy\u1ebfn ngh\u1ecb (tham kh\u1ea3o):<\/strong><\/p>\n<\/li>\n<li data-sourcepos=\"40:1-40:89\"><strong>D\u00f9ng b\u1eb1ng tay ho\u1eb7c thi\u1ebft b\u1ecb chuy\u00ean d\u1ee5ng nh\u1ecf:<\/strong> 3-5% (pha 30-50ml BMF v\u1edbi 1 l\u00edt n\u01b0\u1edbc).<\/li>\n<li data-sourcepos=\"41:1-41:75\"><strong>D\u00f9ng cho m\u00e1y l\u00e0m s\u1ea1ch c\u00f4ng su\u1ea5t l\u1edbn (m\u00e1y ch\u00e0 s\u00e0n, \u00e1p l\u1ef1c cao):<\/strong> 3-10%.<\/li>\n<li data-sourcepos=\"42:1-42:55\"><strong>V\u1ec7 sinh n\u1ed9i th\u1ea5t:<\/strong> 1:10 (1 l\u00edt BMF : 10 l\u00edt n\u01b0\u1edbc).<\/li>\n<li data-sourcepos=\"43:1-44:0\"><strong>V\u1ec7 sinh khoang m\u00e1y \u0111\u1ed9ng c\u01a1:<\/strong> 2:10 (2 l\u00edt BMF : 10 l\u00edt n\u01b0\u1edbc).<\/li>\n<\/ul>\n<\/div>\n","protected":false},"excerpt":{"rendered":"<p><strong>T\u00ean sa\u0309n ph\u00e2\u0309m:<\/strong>CH\u1ea4T T\u1ea8Y R\u1eecA \u0110A N\u0102NG BMF 5L<br \/>\n<strong>T\u00ecnh tr\u1ea1ng:<\/strong> Li\u00ean h\u1ec7 S\u0110T 090 666 5927 .<br \/>\n<strong>Kho:<\/strong> H\u1ed3 Ch\u00ed Minh.<br \/>\n<strong>Li\u00ean h\u1ec7:<\/strong> (24\/7)<br \/>\n<strong>Giao h\u00e0ng:<\/strong> Trong ng\u00e0y<\/p>\n","protected":false},"featured_media":7903,"comment_status":"closed","ping_status":"closed","template":"","meta":[],"product_brand":[],"product_cat":[164],"product_tag":[],"class_list":{"0":"post-7902","1":"product","2":"type-product","3":"status-publish","4":"has-post-thumbnail","6":"product_cat-wurth","8":"first","9":"instock","10":"shipping-taxable","11":"product-type-simple"},"_links":{"self":[{"href":"https:\/\/yenhung.com\/index.php?rest_route=\/wp\/v2\/product\/7902","targetHints":{"allow":["GET"]}}],"collection":[{"href":"https:\/\/yenhung.com\/index.php?rest_route=\/wp\/v2\/product"}],"about":[{"href":"https:\/\/yenhung.com\/index.php?rest_route=\/wp\/v2\/types\/product"}],"replies":[{"embeddable":true,"href":"https:\/\/yenhung.com\/index.php?rest_route=%2Fwp%2Fv2%2Fcomments&post=7902"}],"wp:featuredmedia":[{"embeddable":true,"href":"https:\/\/yenhung.com\/index.php?rest_route=\/wp\/v2\/media\/7903"}],"wp:attachment":[{"href":"https:\/\/yenhung.com\/index.php?rest_route=%2Fwp%2Fv2%2Fmedia&parent=7902"}],"wp:term":[{"taxonomy":"product_brand","embeddable":true,"href":"https:\/\/yenhung.com\/index.php?rest_route=%2Fwp%2Fv2%2Fproduct_brand&post=7902"},{"taxonomy":"product_cat","embeddable":true,"href":"https:\/\/yenhung.com\/index.php?rest_route=%2Fwp%2Fv2%2Fproduct_cat&post=7902"},{"taxonomy":"product_tag","embeddable":true,"href":"https:\/\/yenhung.com\/index.php?rest_route=%2Fwp%2Fv2%2Fproduct_tag&post=7902"}],"curies":[{"name":"wp","href":"https:\/\/api.w.org\/{rel}","templated":true}]}}