{"id":7910,"date":"2025-11-10T08:21:15","date_gmt":"2025-11-10T08:21:15","guid":{"rendered":"https:\/\/yenhung.com\/?product=chat-xit-bao-tri-coc-binh-ac-quy-wurth-150ml"},"modified":"2026-02-11T01:26:51","modified_gmt":"2026-02-11T01:26:51","slug":"chat-xit-bao-tri-coc-binh-ac-quy-wurth-150ml","status":"publish","type":"product","link":"https:\/\/yenhung.com\/?product=chat-xit-bao-tri-coc-binh-ac-quy-wurth-150ml","title":{"rendered":"Ch\u1ea5t x\u1ecbt b\u1ea3o tr\u00ec c\u1ecdc b\u00ecnh \u1eafc-quy Wurth 150ml"},"content":{"rendered":"<div class=\"ba-text-fpt\">\n<p>&nbsp;<\/p>\n<h2><strong>Ch\u1ea5t X\u1ecbt B\u1ea3o Tr\u00ec C\u1ecdc B\u00ecnh \u1eaec-Quy 150ml: B\u1ea3o V\u1ec7 T\u1ed1i \u01afu, K\u00e9o D\u00e0i Tu\u1ed5i Th\u1ecd H\u1ec7 Th\u1ed1ng \u0110i\u1ec7n<\/strong><\/h2>\n<h2><img decoding=\"async\" title=\"cha-t-xi-t-ba-o-tri-co-c-bi-nh-a-c-quy-150ml-jpeg-1\" src=\"https:\/\/yenhung.com\/wp-content\/uploads\/2025\/11\/cha-t-xi-t-ba-o-tri-co-c-bi-nh-a-c-quy-150ml-jpeg-1.jpg\" alt=\"CH\u1ea4T X\u1ecaT B\u1ea2O TR\u00cc C\u1eccC B\u00ccNH \u1eaeC-QUY 150ML\" data-thumb=\"large\" \/><\/h2>\n<p>H\u1ec7 th\u1ed1ng \u0111i\u1ec7n l\u00e0 th\u00e0nh ph\u1ea7n thi\u1ebft y\u1ebfu trong m\u1ecdi ph\u01b0\u01a1ng ti\u1ec7n c\u01a1 gi\u1edbi. B\u00ecnh \u1eafc-quy \u0111\u00f3ng vai tr\u00f2 quan tr\u1ecdng trong vi\u1ec7c cung c\u1ea5p n\u0103ng l\u01b0\u1ee3ng kh\u1edfi \u0111\u1ed9ng v\u00e0 v\u1eadn h\u00e0nh c\u00e1c ch\u1ee9c n\u0103ng \u0111i\u1ec7n c\u1ee7a xe. Tuy nhi\u00ean, c\u1ecdc b\u00ecnh \u1eafc-quy th\u01b0\u1eddng d\u1ec5 b\u1ecb \u0103n m\u00f2n v\u00e0 t\u00edch t\u1ee5 ch\u1ea5t b\u1ea9n theo th\u1eddi gian, \u1ea3nh h\u01b0\u1edfng \u0111\u1ebfn hi\u1ec7u su\u1ea5t h\u1ec7 th\u1ed1ng \u0111i\u1ec7n v\u00e0 tu\u1ed5i th\u1ecd c\u1ee7a b\u00ecnh \u1eafc-quy.<\/p>\n<h2>Gi\u1edbi thi\u1ec7u v\u1ec1 Ch\u1ea5t X\u1ecbt B\u1ea3o Tr\u00ec C\u1ecdc B\u00ecnh \u1eaec-Quy 150ml<\/h2>\n<p>Ch\u1ea5t x\u1ecbt b\u1ea3o tr\u00ec c\u1ecdc b\u00ecnh \u1eafc-quy l\u00e0 gi\u1ea3i ph\u00e1p hi\u1ec7u qu\u1ea3 \u0111\u1ec3 duy tr\u00ec hi\u1ec7u su\u1ea5t t\u1ed1i \u01b0u v\u00e0 k\u00e9o d\u00e0i tu\u1ed5i th\u1ecd c\u1ee7a h\u1ec7 th\u1ed1ng \u0111i\u1ec7n. \u0110\u00e2y l\u00e0 s\u1ea3n ph\u1ea9m chuy\u00ean d\u1ee5ng \u0111\u01b0\u1ee3c thi\u1ebft k\u1ebf \u0111\u1ec3 b\u1ea3o v\u1ec7 c\u1ecdc b\u00ecnh \u1eafc-quy kh\u1ecfi \u0103n m\u00f2n, r\u00f2 r\u1ec9 d\u00f2ng \u0111i\u1ec7n v\u00e0 c\u00e1c \u1ea3nh h\u01b0\u1edfng x\u1ea5u t\u1eeb m\u00f4i tr\u01b0\u1eddng.<\/p>\n<h2>Th\u00e0nh ph\u1ea7n v\u00e0 C\u00f4ng d\u1ee5ng<\/h2>\n<p>Ch\u1ea5t x\u1ecbt b\u1ea3o tr\u00ec c\u1ecdc b\u00ecnh \u1eafc-quy 150ml \u0111\u01b0\u1ee3c s\u1ea3n xu\u1ea5t t\u1eeb d\u1ea7u kho\u00e1ng tinh ch\u1ebf v\u00e0 c\u00e1c ch\u1ea5t ph\u1ee5 gia ch\u1ed1ng \u0103n m\u00f2n. Khi phun v\u00e0o c\u1ecdc b\u00ecnh \u1eafc-quy, s\u1ea3n ph\u1ea9m s\u1ebd t\u1ea1o th\u00e0nh m\u1ed9t l\u1edbp m\u00e0ng b\u1ea3o v\u1ec7 b\u1ec1n b\u1ec9 v\u1edbi c\u00e1c \u0111\u1eb7c t\u00ednh sau:<\/p>\n<ul>\n<li>Ng\u0103n ng\u1eeba s\u1ef1 h\u00ecnh th\u00e0nh v\u00e0 t\u00edch t\u1ee5 ch\u1ea5t b\u1ea9n, g\u1ec9 s\u00e9t.<\/li>\n<li>T\u1ea1o l\u1edbp b\u00f4i tr\u01a1n, gi\u1ea3m ma s\u00e1t v\u00e0 m\u00e0i m\u00f2n gi\u1eefa c\u00e1c ti\u1ebfp \u0111i\u1ec3m \u0111i\u1ec7n.<\/li>\n<li>Ch\u1ed1ng l\u1ea1i \u1ea3nh h\u01b0\u1edfng c\u1ee7a th\u1eddi ti\u1ebft kh\u1eafc nghi\u1ec7t, ch\u1eb3ng h\u1ea1n nh\u01b0 \u0111\u1ed9 \u1ea9m, nhi\u1ec7t \u0111\u1ed9 cao v\u00e0 tia UV.<\/li>\n<li>Kh\u00f4i ph\u1ee5c hi\u1ec7u su\u1ea5t d\u1eabn \u0111i\u1ec7n c\u1ee7a c\u00e1c ti\u1ebfp \u0111i\u1ec3m, \u0111\u1ea3m b\u1ea3o d\u00f2ng \u0111i\u1ec7n truy\u1ec1n t\u1ea3i \u1ed5n \u0111\u1ecbnh.<\/li>\n<\/ul>\n<h2>C\u00e1ch S\u1eed D\u1ee5ng<\/h2>\n<p>\u0110\u1ec3 s\u1eed d\u1ee5ng ch\u1ea5t x\u1ecbt b\u1ea3o tr\u00ec c\u1ecdc b\u00ecnh \u1eafc-quy hi\u1ec7u qu\u1ea3, h\u00e3y l\u00e0m theo c\u00e1c b\u01b0\u1edbc sau:<\/p>\n<ol>\n<li>T\u1eaft \u0111\u1ed9ng c\u01a1 v\u00e0 th\u00e1o c\u1ecdc b\u00ecnh \u1eafc-quy \u00e2m (-) tr\u01b0\u1edbc.<\/li>\n<li>L\u00e0m s\u1ea1ch c\u00e1c c\u1ecdc v\u00e0 \u0111\u1ea7u c\u1ef1c c\u1ee7a d\u00e2y \u1eafc-quy b\u1eb1ng b\u00e0n ch\u1ea3i s\u1eaft ho\u1eb7c gi\u1ea5y nh\u00e1m m\u1ecbn \u0111\u1ec3 lo\u1ea1i b\u1ecf ch\u1ea5t b\u1ea9n v\u00e0 g\u1ec9 s\u00e9t.<\/li>\n<li>L\u1eafc \u0111\u1ec1u b\u00ecnh x\u1ecbt v\u00e0 phun \u0111\u1ec1u m\u1ed9t l\u1edbp m\u1ecfng l\u00ean t\u1ea5t c\u1ea3 c\u00e1c b\u1ec1 m\u1eb7t c\u1ecdc v\u00e0 \u0111\u1ea7u c\u1ef1c.<\/li>\n<li>\u0110\u1ec3 dung d\u1ecbch kh\u00f4 trong v\u00e0i ph\u00fat r\u1ed3i l\u1eafp l\u1ea1i c\u1ecdc b\u00ecnh \u1eafc-quy.<\/li>\n<\/ol>\n<h2>Nh\u1eefng L\u1ee3i \u00cdch c\u1ee7a Vi\u1ec7c S\u1eed D\u1ee5ng<\/h2>\n<p>S\u1eed d\u1ee5ng ch\u1ea5t x\u1ecbt b\u1ea3o tr\u00ec c\u1ecdc b\u00ecnh \u1eafc-quy 150ml mang l\u1ea1i nhi\u1ec1u l\u1ee3i \u00edch \u0111\u00e1ng k\u1ec3:<\/p>\n<ul>\n<li>K\u00e9o d\u00e0i tu\u1ed5i th\u1ecd c\u1ee7a b\u00ecnh \u1eafc-quy b\u1eb1ng c\u00e1ch ng\u0103n ng\u1eeba \u0103n m\u00f2n v\u00e0 r\u00f2 r\u1ec9 d\u00f2ng \u0111i\u1ec7n.<\/li>\n<li>C\u1ea3i thi\u1ec7n hi\u1ec7u su\u1ea5t kh\u1edfi \u0111\u1ed9ng v\u00e0 gi\u00fap xe ch\u1ea1y m\u01b0\u1ee3t m\u00e0 h\u01a1n.<\/li>\n<li>Gi\u1ea3m nguy c\u01a1 c\u00e1c v\u1ea5n \u0111\u1ec1 v\u1ec1 h\u1ec7 th\u1ed1ng \u0111i\u1ec7n, ch\u1eb3ng h\u1ea1n nh\u01b0 ch\u1ebft m\u00e1y \u0111\u1ed9t ng\u1ed9t ho\u1eb7c s\u1ea1c pin ch\u1eadm.<\/li>\n<li>Ti\u1ebft ki\u1ec7m chi ph\u00ed b\u1ea3o d\u01b0\u1ee1ng v\u00e0 s\u1eeda ch\u1eefa b\u1eb1ng c\u00e1ch ng\u0103n ng\u1eeba c\u00e1c s\u1ef1 c\u1ed1 t\u1ed1n k\u00e9m.<\/li>\n<\/ul>\n<h2>K\u1ebft lu\u1eadn<\/h2>\n<p>Ch\u1ea5t x\u1ecbt b\u1ea3o tr\u00ec c\u1ecdc b\u00ecnh \u1eafc-quy 150ml l\u00e0 m\u1ed9t c\u00f4ng c\u1ee5 thi\u1ebft y\u1ebfu gi\u00fap duy tr\u00ec h\u1ec7 th\u1ed1ng \u0111i\u1ec7n c\u1ee7a ph\u01b0\u01a1ng ti\u1ec7n c\u01a1 gi\u1edbi ho\u1ea1t \u0111\u1ed9ng hi\u1ec7u qu\u1ea3 v\u00e0 t\u0103ng tu\u1ed5i th\u1ecd c\u1ee7a b\u00ecnh \u1eafc-quy. V\u1edbi th\u00e0nh ph\u1ea7n ch\u1ed1ng \u0103n m\u00f2n v\u00e0 t\u00ednh n\u0103ng b\u00f4i tr\u01a1n, s\u1ea3n ph\u1ea9m gi\u00fap ng\u0103n ng\u1eeba c\u00e1c s\u1ef1 c\u1ed1 v\u1ec1 \u0111i\u1ec7n v\u00e0 \u0111\u1ea3m b\u1ea3o hi\u1ec7u su\u1ea5t h\u1ec7 th\u1ed1ng \u0111i\u1ec7n t\u1ed1i \u01b0u. \u0110\u1ea7u t\u01b0 v\u00e0o ch\u1ea5t x\u1ecbt b\u1ea3o tr\u00ec c\u1ecdc b\u00ecnh \u1eafc-quy l\u00e0 m\u1ed9t kho\u1ea3n \u0111\u1ea7u t\u01b0 th\u00f4ng minh gi\u00fap b\u1ea3o v\u1ec7 h\u1ec7 th\u1ed1ng \u0111i\u1ec7n v\u00e0 mang l\u1ea1i s\u1ef1 an t\u00e2m khi l\u00e1i xe.<\/p>\n<\/div>\n","protected":false},"excerpt":{"rendered":"<p><strong>T\u00ean sa\u0309n ph\u00e2\u0309m:<\/strong>CH\u1ea4T X\u1ecaT B\u1ea2O TR\u00cc C\u1eccC B\u00ccNH \u1eaeC-QUY 150ML<br \/>\n<strong>T\u00ecnh tr\u1ea1ng:<\/strong> Li\u00ean h\u1ec7 S\u0110T 090 666 5927 .<br \/>\n<strong>Kho:<\/strong> H\u1ed3 Ch\u00ed Minh.<br \/>\n<strong>Li\u00ean h\u1ec7:<\/strong> (24\/7)<br \/>\n<strong>Giao h\u00e0ng:<\/strong> Trong ng\u00e0y<\/p>\n","protected":false},"featured_media":7911,"comment_status":"closed","ping_status":"closed","template":"","meta":[],"product_brand":[],"product_cat":[164],"product_tag":[],"class_list":{"0":"post-7910","1":"product","2":"type-product","3":"status-publish","4":"has-post-thumbnail","6":"product_cat-wurth","8":"first","9":"instock","10":"shipping-taxable","11":"product-type-simple"},"_links":{"self":[{"href":"https:\/\/yenhung.com\/index.php?rest_route=\/wp\/v2\/product\/7910","targetHints":{"allow":["GET"]}}],"collection":[{"href":"https:\/\/yenhung.com\/index.php?rest_route=\/wp\/v2\/product"}],"about":[{"href":"https:\/\/yenhung.com\/index.php?rest_route=\/wp\/v2\/types\/product"}],"replies":[{"embeddable":true,"href":"https:\/\/yenhung.com\/index.php?rest_route=%2Fwp%2Fv2%2Fcomments&post=7910"}],"wp:featuredmedia":[{"embeddable":true,"href":"https:\/\/yenhung.com\/index.php?rest_route=\/wp\/v2\/media\/7911"}],"wp:attachment":[{"href":"https:\/\/yenhung.com\/index.php?rest_route=%2Fwp%2Fv2%2Fmedia&parent=7910"}],"wp:term":[{"taxonomy":"product_brand","embeddable":true,"href":"https:\/\/yenhung.com\/index.php?rest_route=%2Fwp%2Fv2%2Fproduct_brand&post=7910"},{"taxonomy":"product_cat","embeddable":true,"href":"https:\/\/yenhung.com\/index.php?rest_route=%2Fwp%2Fv2%2Fproduct_cat&post=7910"},{"taxonomy":"product_tag","embeddable":true,"href":"https:\/\/yenhung.com\/index.php?rest_route=%2Fwp%2Fv2%2Fproduct_tag&post=7910"}],"curies":[{"name":"wp","href":"https:\/\/api.w.org\/{rel}","templated":true}]}}