{"id":7920,"date":"2025-11-10T08:21:25","date_gmt":"2025-11-10T08:21:25","guid":{"rendered":"https:\/\/yenhung.com\/?product=chat-rua-nhanh-kinh-lai-tien-dung-wurth-32ml"},"modified":"2026-02-11T01:26:36","modified_gmt":"2026-02-11T01:26:36","slug":"chat-rua-nhanh-kinh-lai-tien-dung-wurth-32ml","status":"publish","type":"product","link":"https:\/\/yenhung.com\/?product=chat-rua-nhanh-kinh-lai-tien-dung-wurth-32ml","title":{"rendered":"Ch\u1ea5t r\u1eeda nhanh k\u00ednh l\u00e1i ti\u1ec7n d\u1ee5ng Wurth 32ml"},"content":{"rendered":"<div class=\"ba-text-fpt\">\n<p>&nbsp;<\/p>\n<h1>Ch\u1ea5t R\u1eeda Nhanh K\u00ednh L\u00e1i Ti\u1ec7n D\u1ee5ng 32ml: Tr\u1ea3 L\u1ea1i T\u1ea7m Nh\u00ecn R\u00f5 N\u00e9t<\/h1>\n<h2><img decoding=\"async\" title=\"cha-t-ru-a-nhanh-ki-nh-la-i-tie-n-du-ng-32ml-jpeg-1\" src=\"https:\/\/yenhung.com\/wp-content\/uploads\/2025\/11\/cha-t-ru-a-nhanh-ki-nh-la-i-tie-n-du-ng-32ml-jpeg-1.jpg\" alt=\"CH\u1ea4T R\u1eecA NHANH K\u00cdNH L\u00c1I TI\u1ec6N D\u1ee4NG 32ML\" data-thumb=\"large\" \/><\/h2>\n<p>Ch\u1ea5t R\u1eeda Nhanh K\u00ednh L\u00e1i 32ml l\u00e0 s\u1ea3n ph\u1ea9m m\u1edbi \u0111\u1ed9t ph\u00e1 gi\u00fap lo\u1ea1i b\u1ecf b\u1ee5i b\u1ea9n, d\u1ea7u m\u1ee1 v\u00e0 t\u1ea1p ch\u1ea5t c\u1ee9ng \u0111\u1ea7u tr\u00ean k\u00ednh l\u00e1i \u00f4 t\u00f4 m\u1ed9t c\u00e1ch nhanh ch\u00f3ng v\u00e0 d\u1ec5 d\u00e0ng. Dung d\u1ecbch nh\u1ecf g\u1ecdn n\u00e0y \u0111\u01b0\u1ee3c thi\u1ebft k\u1ebf \u0111\u1ec3 mang l\u1ea1i t\u1ea7m nh\u00ecn r\u00f5 n\u00e9t t\u1ed1i \u01b0u, \u0111\u1ea3m b\u1ea3o s\u1ef1 an to\u00e0n v\u00e0 tho\u1ea3i m\u00e1i t\u1ed1i \u0111a tr\u00ean \u0111\u01b0\u1eddng.<\/p>\n<h2>Th\u00e0nh ph\u1ea7n Ho\u1ea1t \u0111\u1ed9ng<\/h2>\n<p>S\u1ea3n ph\u1ea9m ch\u1ee9a c\u00e1c ch\u1ea5t ho\u1ea1t \u0111\u1ed9ng b\u1ec1 m\u1eb7t m\u1ea1nh m\u1ebd gi\u00fap ph\u00e1 v\u1ee1 li\u00ean k\u1ebft b\u00e1m d\u00ednh gi\u1eefa t\u1ea1p ch\u1ea5t v\u00e0 b\u1ec1 m\u1eb7t k\u00ednh. C\u00f4ng th\u1ee9c kh\u00f4ng c\u1ed3n v\u00e0 kh\u00f4ng ch\u1ea5t m\u00e0i m\u00f2n \u0111\u1ea3m b\u1ea3o an to\u00e0n cho c\u00e1c lo\u1ea1i k\u00ednh v\u00e0 b\u1ec1 m\u1eb7t nh\u1ea1y c\u1ea3m.<\/p>\n<h2>Thu\u1eadn ti\u1ec7n s\u1eed d\u1ee5ng<\/h2>\n<p>Dung d\u1ecbch 32ml n\u1eb1m trong h\u1ed9p nh\u1ecf g\u1ecdn, gi\u00fap b\u1ea1n d\u1ec5 d\u00e0ng b\u1ea3o qu\u1ea3n trong ng\u0103n \u0111\u1ef1ng \u0111\u1ed3 ho\u1eb7c h\u1ed9p \u0111\u1ef1ng g\u0103ng tay. Ch\u1ec9 c\u1ea7n x\u1ecbt tr\u1ef1c ti\u1ebfp l\u00ean k\u00ednh l\u00e1i, sau \u0111\u00f3 lau s\u1ea1ch b\u1eb1ng kh\u0103n m\u1ec1m ho\u1eb7c v\u1ea3i s\u1ee3i nh\u1ecf \u0111\u1ec3 c\u00f3 t\u1ea7m nh\u00ecn r\u00f5 r\u00e0ng ngay l\u1eadp t\u1ee9c.<\/p>\n<h2>\u01afu \u0111i\u1ec3m<\/h2>\n<ul>\n<li>Lo\u1ea1i b\u1ecf hi\u1ec7u qu\u1ea3 b\u1ee5i b\u1ea9n, d\u1ea7u m\u1ee1 v\u00e0 v\u1ebft \u1ed1<\/li>\n<li>C\u00f4ng th\u1ee9c kh\u00f4ng c\u1ed3n v\u00e0 kh\u00f4ng ch\u1ea5t m\u00e0i m\u00f2n<\/li>\n<li>Dung d\u1ecbch nh\u1ecf g\u1ecdn, d\u1ec5 s\u1eed d\u1ee5ng v\u00e0 c\u1ea5t gi\u1eef<\/li>\n<li>\u0110\u1ea3m b\u1ea3o t\u1ea7m nh\u00ecn r\u00f5 n\u00e9t t\u1ed1i \u01b0u<\/li>\n<li>Ph\u00f9 h\u1ee3p cho t\u1ea5t c\u1ea3 c\u00e1c lo\u1ea1i k\u00ednh l\u00e1i \u00f4 t\u00f4<\/li>\n<\/ul>\n<h2>H\u01b0\u1edbng d\u1eabn S\u1eed d\u1ee5ng<\/h2>\n<ol>\n<li>X\u1ecbt tr\u1ef1c ti\u1ebfp dung d\u1ecbch l\u00ean k\u00ednh l\u00e1i b\u1ecb b\u1ea9n.<\/li>\n<li>\u0110\u1ec3 dung d\u1ecbch ng\u1ea5m trong v\u00e0i gi\u00e2y.<\/li>\n<li>Lau s\u1ea1ch b\u1eb1ng kh\u0103n m\u1ec1m ho\u1eb7c v\u1ea3i s\u1ee3i nh\u1ecf.<\/li>\n<li>L\u1eb7p l\u1ea1i n\u1ebfu c\u1ea7n thi\u1ebft \u0111\u1ec3 \u0111\u1ea1t \u0111\u01b0\u1ee3c \u0111\u1ed9 trong mong mu\u1ed1n.<\/li>\n<\/ol>\n<h2>An to\u00e0n v\u00e0 Th\u00e2n thi\u1ec7n v\u1edbi m\u00f4i tr\u01b0\u1eddng<\/h2>\n<p>Ch\u1ea5t R\u1eeda Nhanh K\u00ednh L\u00e1i 32ml \u0111\u01b0\u1ee3c s\u1ea3n xu\u1ea5t t\u1eeb c\u00e1c th\u00e0nh ph\u1ea7n kh\u00f4ng \u0111\u1ed9c h\u1ea1i v\u00e0 th\u00e2n thi\u1ec7n v\u1edbi m\u00f4i tr\u01b0\u1eddng. S\u1ea3n ph\u1ea9m kh\u00f4ng ch\u1ee9a c\u00e1c h\u00f3a ch\u1ea5t \u0111\u1ed9c h\u1ea1i ho\u1eb7c ch\u1ea5t d\u1ec5 bay h\u01a1i.<\/p>\n<h2>K\u1ebft lu\u1eadn<\/h2>\n<p>Ch\u1ea5t R\u1eeda Nhanh K\u00ednh L\u00e1i Ti\u1ec7n D\u1ee5ng 32ml l\u00e0 l\u1ef1a ch\u1ecdn l\u00fd t\u01b0\u1edfng cho nh\u1eefng ai mu\u1ed1n c\u00f3 t\u1ea7m nh\u00ecn r\u00f5 r\u00e0ng v\u00e0 l\u00e1i xe an to\u00e0n. Dung d\u1ecbch n\u00e0y nh\u1ecf g\u1ecdn, d\u1ec5 s\u1eed d\u1ee5ng v\u00e0 lo\u1ea1i b\u1ecf hi\u1ec7u qu\u1ea3 t\u1ea1p ch\u1ea5t tr\u00ean k\u00ednh l\u00e1i, mang l\u1ea1i cho b\u1ea1n s\u1ef1 tho\u1ea3i m\u00e1i v\u00e0 an to\u00e0n t\u1ed1i \u0111a khi l\u00e1i xe.<\/p>\n<\/div>\n","protected":false},"excerpt":{"rendered":"<p><strong>T\u00ean sa\u0309n ph\u00e2\u0309m:<\/strong>CH\u1ea4T R\u1eecA NHANH K\u00cdNH L\u00c1I TI\u1ec6N D\u1ee4NG 32ML<br \/>\n<strong>T\u00ecnh tr\u1ea1ng:<\/strong> Li\u00ean h\u1ec7 S\u0110T 090 666 5927 .<br \/>\n<strong>Kho:<\/strong> H\u1ed3 Ch\u00ed Minh.<br \/>\n<strong>Li\u00ean h\u1ec7:<\/strong> (24\/7)<br \/>\n<strong>Giao h\u00e0ng:<\/strong> Trong ng\u00e0y<\/p>\n","protected":false},"featured_media":7921,"comment_status":"closed","ping_status":"closed","template":"","meta":[],"product_brand":[],"product_cat":[164],"product_tag":[],"class_list":{"0":"post-7920","1":"product","2":"type-product","3":"status-publish","4":"has-post-thumbnail","6":"product_cat-wurth","8":"first","9":"instock","10":"shipping-taxable","11":"product-type-simple"},"_links":{"self":[{"href":"https:\/\/yenhung.com\/index.php?rest_route=\/wp\/v2\/product\/7920","targetHints":{"allow":["GET"]}}],"collection":[{"href":"https:\/\/yenhung.com\/index.php?rest_route=\/wp\/v2\/product"}],"about":[{"href":"https:\/\/yenhung.com\/index.php?rest_route=\/wp\/v2\/types\/product"}],"replies":[{"embeddable":true,"href":"https:\/\/yenhung.com\/index.php?rest_route=%2Fwp%2Fv2%2Fcomments&post=7920"}],"wp:featuredmedia":[{"embeddable":true,"href":"https:\/\/yenhung.com\/index.php?rest_route=\/wp\/v2\/media\/7921"}],"wp:attachment":[{"href":"https:\/\/yenhung.com\/index.php?rest_route=%2Fwp%2Fv2%2Fmedia&parent=7920"}],"wp:term":[{"taxonomy":"product_brand","embeddable":true,"href":"https:\/\/yenhung.com\/index.php?rest_route=%2Fwp%2Fv2%2Fproduct_brand&post=7920"},{"taxonomy":"product_cat","embeddable":true,"href":"https:\/\/yenhung.com\/index.php?rest_route=%2Fwp%2Fv2%2Fproduct_cat&post=7920"},{"taxonomy":"product_tag","embeddable":true,"href":"https:\/\/yenhung.com\/index.php?rest_route=%2Fwp%2Fv2%2Fproduct_tag&post=7920"}],"curies":[{"name":"wp","href":"https:\/\/api.w.org\/{rel}","templated":true}]}}