{"id":7925,"date":"2025-11-10T08:21:30","date_gmt":"2025-11-10T08:21:30","guid":{"rendered":"https:\/\/yenhung.com\/?product=chat-nhuom-phuc-hoi-nhua-mau-den-wurth-75ml"},"modified":"2026-02-11T01:25:27","modified_gmt":"2026-02-11T01:25:27","slug":"chat-nhuom-phuc-hoi-nhua-mau-den-wurth-75ml","status":"publish","type":"product","link":"https:\/\/yenhung.com\/?product=chat-nhuom-phuc-hoi-nhua-mau-den-wurth-75ml","title":{"rendered":"Ch\u1ea5t nhu\u1ed9m ph\u1ee5c h\u1ed3i nh\u1ef1a m\u00e0u \u0111en Wurth 75ml"},"content":{"rendered":"<div class=\"ba-text-fpt\">\n<p>&nbsp;<\/p>\n<style type=\"text\/css\">h2 {<br \/>\ntext-align: center;<br \/>\n}<br \/>\nh3 {<br \/>\nmargin-top: 0;<br \/>\n}<br \/>\nul {<br \/>\nlist-style-position: inside;<br \/>\nlist-style-type: disc;<br \/>\npadding-inline-start: 1em;<br \/>\n}<br \/>\n<\/style>\n<h2 style=\"text-align: left;\"><strong>Ch\u1ea5t Nhu\u1ed9m Ph\u1ee5c H\u1ed3i Nh\u1ef1a M\u00e0u \u0110en 75ml<\/strong><\/h2>\n<p><strong>Gi\u1ea3i Ph\u00e1p Ph\u1ee5c H\u1ed3i Nh\u1ef1a Phai M\u00e0u Hi\u1ec7u Qu\u1ea3<\/strong><\/p>\n<h3><img decoding=\"async\" title=\"chat-nhuom-phuc-hoi-nhua-mau-den-wurth-75ml-3-1\" src=\"https:\/\/yenhung.com\/wp-content\/uploads\/2025\/11\/chat-nhuom-phuc-hoi-nhua-mau-den-wurth-75ml-3-1.jpg\" alt=\"Ch\u1ea5t nhu\u1ed9m ph\u1ee5c h\u1ed3i nh\u1ef1a m\u00e0u \u0111en Wurth 75ml\" data-thumb=\"large\" \/><\/h3>\n<p>Ch\u1ea5t nhu\u1ed9m ph\u1ee5c h\u1ed3i nh\u1ef1a m\u00e0u \u0111en 75ml l\u00e0 m\u1ed9t s\u1ea3n ph\u1ea9m \u0111\u1eb7c bi\u1ec7t \u0111\u01b0\u1ee3c thi\u1ebft k\u1ebf \u0111\u1ec3 ph\u1ee5c h\u1ed3i v\u00e0 l\u00e0m m\u1edbi c\u00e1c b\u1ec1 m\u1eb7t nh\u1ef1a m\u00e0u \u0111en \u0111\u00e3 phai m\u00e0u ho\u1eb7c b\u1ecb oxy h\u00f3a. V\u1edbi c\u00f4ng th\u1ee9c ti\u00ean ti\u1ebfn, ch\u1ea5t nhu\u1ed9m n\u00e0y th\u1ea5m s\u00e2u v\u00e0o c\u00e1c b\u1ec1 m\u1eb7t nh\u1ef1a, ph\u1ee5c h\u1ed3i m\u00e0u \u0111en ban \u0111\u1ea7u v\u00e0 mang l\u1ea1i v\u1ebb ngo\u00e0i nh\u01b0 m\u1edbi.<\/p>\n<h3>\u01afu \u0110i\u1ec3m<\/h3>\n<ul>\n<li>Ph\u1ee5c h\u1ed3i m\u00e0u \u0111en nh\u01b0 m\u1edbi<\/li>\n<li>B\u1ea3o v\u1ec7 l\u00e2u d\u00e0i<\/li>\n<li>S\u1eed d\u1ee5ng d\u1ec5 d\u00e0ng<\/li>\n<li>An to\u00e0n cho c\u00e1c b\u1ec1 m\u1eb7t nh\u1ef1a<\/li>\n<\/ul>\n<h3>\u1ee8ng D\u1ee5ng<\/h3>\n<p><img decoding=\"async\" title=\"chat-nhuom-phuc-hoi-nhua-mau-den-wurth-75ml-4-1\" src=\"https:\/\/yenhung.com\/wp-content\/uploads\/2025\/11\/chat-nhuom-phuc-hoi-nhua-mau-den-wurth-75ml-4-1.jpg\" alt=\"Ch\u1ea5t nhu\u1ed9m ph\u1ee5c h\u1ed3i nh\u1ef1a m\u00e0u \u0111en Wurth 75ml\" data-thumb=\"large\" \/><\/p>\n<p>Ch\u1ea5t nhu\u1ed9m ph\u1ee5c h\u1ed3i nh\u1ef1a m\u00e0u \u0111en 75ml l\u00fd t\u01b0\u1edfng cho vi\u1ec7c ph\u1ee5c h\u1ed3i c\u00e1c b\u1ec1 m\u1eb7t nh\u1ef1a m\u00e0u \u0111en tr\u00ean c\u00e1c ph\u01b0\u01a1ng ti\u1ec7n \u00f4 t\u00f4, xe m\u00e1y, \u0111\u1ed3 gia d\u1ee5ng, \u0111\u1ed3 n\u1ed9i ngo\u1ea1i th\u1ea5t v\u00e0 c\u00e1c \u1ee9ng d\u1ee5ng c\u00f4ng nghi\u1ec7p. N\u00f3 \u0111\u1eb7c bi\u1ec7t hi\u1ec7u qu\u1ea3 trong vi\u1ec7c l\u00e0m m\u1edbi c\u00e1c b\u1ed9 ph\u1eadn ngo\u1ea1i th\u1ea5t \u00f4 t\u00f4 \u0111\u00e3 b\u1ecb phai m\u00e0u do th\u1eddi ti\u1ebft v\u00e0 \u00e1nh n\u1eafng m\u1eb7t tr\u1eddi.<\/p>\n<h3>H\u01b0\u1edbng D\u1eabn S\u1eed D\u1ee5ng<\/h3>\n<ol>\n<li>L\u00e0m s\u1ea1ch k\u1ef9 l\u01b0\u1ee1ng b\u1ec1 m\u1eb7t nh\u1ef1a c\u1ea7n ph\u1ee5c h\u1ed3i b\u1eb1ng x\u00e0 ph\u00f2ng v\u00e0 n\u01b0\u1edbc ho\u1eb7c dung d\u1ecbch v\u1ec7 sinh chuy\u00ean d\u1ee5ng.<\/li>\n<li>L\u1eafc \u0111\u1ec1u chai ch\u1ea5t nhu\u1ed9m tr\u01b0\u1edbc khi s\u1eed d\u1ee5ng.<\/li>\n<li>Gi\u1eef chai c\u00e1ch b\u1ec1 m\u1eb7t nh\u1ef1a kho\u1ea3ng 15-20cm v\u00e0 x\u1ecbt \u0111\u1ec1u m\u1ed9t l\u1edbp m\u1ecfng ch\u1ea5t nhu\u1ed9m.<\/li>\n<li>\u0110\u1ec3 kh\u00f4 trong v\u00f2ng 15-30 ph\u00fat \u1edf n\u01a1i r\u00e2m m\u00e1t.<\/li>\n<li>N\u1ebfu c\u1ea7n, c\u00f3 th\u1ec3 ph\u1ee7 th\u00eam m\u1ed9t l\u1edbp \u0111\u1ec3 t\u0103ng c\u01b0\u1eddng \u0111\u1ed9 ph\u1ee7 m\u00e0u.<\/li>\n<\/ol>\n<h3>L\u1eddi Khuy\u00ean An To\u00e0n<\/h3>\n<p><img decoding=\"async\" title=\"chat-nhuom-phuc-hoi-nhua-mau-den-wurth-75ml-2-1\" src=\"https:\/\/yenhung.com\/wp-content\/uploads\/2025\/11\/chat-nhuom-phuc-hoi-nhua-mau-den-wurth-75ml-2-1.jpg\" alt=\"Ch\u1ea5t nhu\u1ed9m ph\u1ee5c h\u1ed3i nh\u1ef1a m\u00e0u \u0111en Wurth 75ml\" data-thumb=\"large\" \/><\/p>\n<ul>\n<li>Tr\u00e1nh ti\u1ebfp x\u00fac v\u1edbi m\u1eaft v\u00e0 da.<\/li>\n<li>\u0110eo g\u0103ng tay khi s\u1eed d\u1ee5ng s\u1ea3n ph\u1ea9m.<\/li>\n<li>S\u1eed d\u1ee5ng trong khu v\u1ef1c th\u00f4ng gi\u00f3 t\u1ed1t.<\/li>\n<li>Tr\u00e1nh h\u00edt ph\u1ea3i h\u01a1i.<\/li>\n<li>N\u1ebfu x\u1ea3y ra ti\u1ebfp x\u00fac v\u1edbi m\u1eaft, r\u1eeda s\u1ea1ch ngay b\u1eb1ng n\u01b0\u1edbc.<\/li>\n<\/ul>\n<h3>K\u1ebft Lu\u1eadn<\/h3>\n<p>Ch\u1ea5t nhu\u1ed9m ph\u1ee5c h\u1ed3i nh\u1ef1a m\u00e0u \u0111en 75ml l\u00e0 m\u1ed9t gi\u1ea3i ph\u00e1p hi\u1ec7u qu\u1ea3 \u0111\u1ec3 ph\u1ee5c h\u1ed3i c\u00e1c b\u1ec1 m\u1eb7t nh\u1ef1a m\u00e0u \u0111en \u0111\u00e3 phai m\u00e0u tr\u1edf l\u1ea1i v\u1ebb ngo\u00e0i nh\u01b0 m\u1edbi. C\u00f4ng th\u1ee9c ti\u00ean ti\u1ebfn c\u1ee7a n\u00f3 \u0111\u1ea3m b\u1ea3o \u0111\u1ed9 che ph\u1ee7 m\u00e0u v\u01b0\u1ee3t tr\u1ed9i v\u00e0 b\u1ea3o v\u1ec7 l\u00e2u d\u00e0i kh\u1ecfi c\u00e1c t\u00e1c \u0111\u1ed9ng x\u1ea5u c\u1ee7a th\u1eddi ti\u1ebft v\u00e0 \u00e1nh n\u1eafng m\u1eb7t tr\u1eddi. S\u1eed d\u1ee5ng d\u1ec5 d\u00e0ng v\u00e0 an to\u00e0n tr\u00ean nhi\u1ec1u lo\u1ea1i nh\u1ef1a, ch\u1ea5t nhu\u1ed9m n\u00e0y l\u00e0 l\u1ef1a ch\u1ecdn l\u00fd t\u01b0\u1edfng \u0111\u1ec3 l\u00e0m m\u1edbi c\u00e1c b\u1ec1 m\u1eb7t nh\u1ef1a phai m\u00e0u tr\u00ean \u00f4 t\u00f4, xe m\u00e1y v\u00e0 c\u00e1c \u1ee9ng d\u1ee5ng kh\u00e1c.<\/p>\n<\/div>\n","protected":false},"excerpt":{"rendered":"<p><strong>T\u00ean sa\u0309n ph\u00e2\u0309m:<\/strong>CH\u1ea4T NHU\u1ed8M PH\u1ee4C H\u1ed2I NH\u1ef0A M\u00c0U \u0110EN 75ML<br \/>\n<strong>T\u00ecnh tr\u1ea1ng:<\/strong> Li\u00ean h\u1ec7 S\u0110T 090 666 5927 .<br \/>\n<strong>Kho:<\/strong> H\u1ed3 Ch\u00ed Minh.<br \/>\n<strong>Li\u00ean h\u1ec7:<\/strong> (24\/7)<br \/>\n<strong>Giao h\u00e0ng:<\/strong> Trong ng\u00e0y<\/p>\n","protected":false},"featured_media":7926,"comment_status":"closed","ping_status":"closed","template":"","meta":[],"product_brand":[],"product_cat":[164],"product_tag":[],"class_list":{"0":"post-7925","1":"product","2":"type-product","3":"status-publish","4":"has-post-thumbnail","6":"product_cat-wurth","8":"first","9":"instock","10":"shipping-taxable","11":"product-type-simple"},"_links":{"self":[{"href":"https:\/\/yenhung.com\/index.php?rest_route=\/wp\/v2\/product\/7925","targetHints":{"allow":["GET"]}}],"collection":[{"href":"https:\/\/yenhung.com\/index.php?rest_route=\/wp\/v2\/product"}],"about":[{"href":"https:\/\/yenhung.com\/index.php?rest_route=\/wp\/v2\/types\/product"}],"replies":[{"embeddable":true,"href":"https:\/\/yenhung.com\/index.php?rest_route=%2Fwp%2Fv2%2Fcomments&post=7925"}],"wp:featuredmedia":[{"embeddable":true,"href":"https:\/\/yenhung.com\/index.php?rest_route=\/wp\/v2\/media\/7926"}],"wp:attachment":[{"href":"https:\/\/yenhung.com\/index.php?rest_route=%2Fwp%2Fv2%2Fmedia&parent=7925"}],"wp:term":[{"taxonomy":"product_brand","embeddable":true,"href":"https:\/\/yenhung.com\/index.php?rest_route=%2Fwp%2Fv2%2Fproduct_brand&post=7925"},{"taxonomy":"product_cat","embeddable":true,"href":"https:\/\/yenhung.com\/index.php?rest_route=%2Fwp%2Fv2%2Fproduct_cat&post=7925"},{"taxonomy":"product_tag","embeddable":true,"href":"https:\/\/yenhung.com\/index.php?rest_route=%2Fwp%2Fv2%2Fproduct_tag&post=7925"}],"curies":[{"name":"wp","href":"https:\/\/api.w.org\/{rel}","templated":true}]}}