{"id":7947,"date":"2025-11-10T08:21:53","date_gmt":"2025-11-10T08:21:53","guid":{"rendered":"https:\/\/yenhung.com\/?product=mo-bo-nuoc-hhs-2000-wurth-500ml"},"modified":"2026-02-11T01:24:46","modified_gmt":"2026-02-11T01:24:46","slug":"mo-bo-nuoc-hhs-2000-wurth-500ml","status":"publish","type":"product","link":"https:\/\/yenhung.com\/?product=mo-bo-nuoc-hhs-2000-wurth-500ml","title":{"rendered":"M\u1ee1 b\u00f2 n\u01b0\u1edbc hhs 2000 Wurth 500ml"},"content":{"rendered":"<div class=\"ba-text-fpt\">\n<p>&nbsp;<\/p>\n<h1>M\u1ee1 B\u00f2 N\u01b0\u1edbc Wurth\u00a0HHS 2000 500ml: Gi\u1ea3i ph\u00e1p cao c\u1ea5p cho nhu c\u1ea7u b\u00f4i tr\u01a1n<\/h1>\n<p><img decoding=\"async\" title=\"mo-bo-nuoc-hhs2000-wurth-500ml-d-1750236550677-2\" src=\"https:\/\/yenhung.com\/wp-content\/uploads\/2025\/11\/mo-bo-nuoc-hhs2000-wurth-500ml-d-1750236550677-2.jpg\" alt=\"M\u1ee1 b\u00f2 n\u01b0\u1edbc hhs 2000 Wurth 500ml\" data-thumb=\"large\" \/><\/p>\n<h2>Gi\u1edbi thi\u1ec7u<\/h2>\n<p>M\u1ee1 B\u00f2 N\u01b0\u1edbc Wurth HHS 2000 500ml l\u00e0 s\u1ea3n ph\u1ea9m b\u00f4i tr\u01a1n hi\u1ec7u su\u1ea5t cao, \u0111\u01b0\u1ee3c thi\u1ebft k\u1ebf \u0111\u1eb7c bi\u1ec7t \u0111\u1ec3 \u0111\u00e1p \u1ee9ng nhu c\u1ea7u b\u00f4i tr\u01a1n kh\u1eaft khe c\u1ee7a c\u00e1c \u1ee9ng d\u1ee5ng c\u00f4ng nghi\u1ec7p v\u00e0 \u00f4 t\u00f4. V\u1edbi c\u00f4ng th\u1ee9c \u0111\u1ed9t ph\u00e1, s\u1ea3n ph\u1ea9m n\u00e0y cung c\u1ea5p kh\u1ea3 n\u0103ng b\u00f4i tr\u01a1n v\u01b0\u1ee3t tr\u1ed9i, b\u1ea3o v\u1ec7 ch\u1ed1ng m\u00e0i m\u00f2n v\u00e0 tu\u1ed5i th\u1ecd l\u00e2u d\u00e0i.<\/p>\n<h2>Th\u00e0nh ph\u1ea7n v\u00e0 \u0111\u1eb7c t\u00ednh<\/h2>\n<p><img decoding=\"async\" title=\"mo-bo-nuoc-hhs2000-wurth-500ml-c-1750236550040-1\" src=\"https:\/\/yenhung.com\/wp-content\/uploads\/2025\/11\/mo-bo-nuoc-hhs2000-wurth-500ml-c-1750236550040-1.jpg\" alt=\"M\u1ee1 b\u00f2 n\u01b0\u1edbc hhs 2000 Wurth 500ml\" data-thumb=\"large\" \/><\/p>\n<ul>\n<li><strong>D\u1ea7u kho\u00e1ng tinh ch\u1ebf:<\/strong> Cung c\u1ea5p kh\u1ea3 n\u0103ng b\u00f4i tr\u01a1n v\u00e0 l\u00e0m m\u00e1t tuy\u1ec7t v\u1eddi.<\/li>\n<li><strong>Li\u1ec7t kim x\u00e0 ph\u00f2ng ph\u1ee9c h\u1ee3p:<\/strong> T\u0103ng c\u01b0\u1eddng \u0111\u1ed9 b\u00e1m d\u00ednh v\u00e0 ch\u1ed1ng n\u01b0\u1edbc, \u0111\u1ea3m b\u1ea3o b\u1ea3o v\u1ec7 t\u1ed1i \u01b0u trong \u0111i\u1ec1u ki\u1ec7n kh\u1eafc nghi\u1ec7t.<\/li>\n<li><strong>Ph\u1ee5 gia ch\u1ed1ng oxy h\u00f3a:<\/strong> B\u1ea3o v\u1ec7 ch\u1ed1ng l\u1ea1i s\u1ef1 tho\u00e1i h\u00f3a do oxy, k\u00e9o d\u00e0i tu\u1ed5i th\u1ecd c\u1ee7a m\u1ee1.<\/li>\n<\/ul>\n<h2>\u1ee8ng d\u1ee5ng\u00a0Wurth\u00a0HHS 2000<\/h2>\n<p>M\u1ee1 B\u00f2 N\u01b0\u1edbc Wurth HHS 2000 500ml \u0111\u01b0\u1ee3c s\u1eed d\u1ee5ng r\u1ed9ng r\u00e3i trong nhi\u1ec1u \u1ee9ng d\u1ee5ng, bao g\u1ed3m:<\/p>\n<ul>\n<li>V\u00f2ng bi (tr\u01b0\u1ee3t v\u00e0 l\u0103n)<\/li>\n<li>Ph\u1ee5 t\u00f9ng m\u00e1y m\u00f3c c\u00f4ng nghi\u1ec7p<\/li>\n<li>Kh\u1edbp n\u1ed1i<\/li>\n<li>B\u00e1nh r\u0103ng h\u1edf<\/li>\n<li>Xe h\u01a1i v\u00e0 xe t\u1ea3i<\/li>\n<\/ul>\n<h2>\u01afu \u0111i\u1ec3m<\/h2>\n<p><img decoding=\"async\" title=\"mo-bo-nuoc-hhs2000-wurth-500ml-b-1750236549369-1\" src=\"https:\/\/yenhung.com\/wp-content\/uploads\/2025\/11\/mo-bo-nuoc-hhs2000-wurth-500ml-b-1750236549369-1.jpg\" alt=\"M\u1ee1 b\u00f2 n\u01b0\u1edbc hhs2000 Wurth 500ml\" data-thumb=\"large\" \/><\/p>\n<ul>\n<li>Gi\u1ea3m ma s\u00e1t v\u00e0 m\u00e0i m\u00f2n, k\u00e9o d\u00e0i tu\u1ed5i th\u1ecd linh ki\u1ec7n<\/li>\n<li>B\u1ea3o v\u1ec7 ch\u1ed1ng \u0103n m\u00f2n v\u00e0 oxy h\u00f3a<\/li>\n<li>Ch\u1ecbu \u0111\u01b0\u1ee3c \u0111i\u1ec1u ki\u1ec7n kh\u1eafc nghi\u1ec7t, bao g\u1ed3m t\u1ea3i n\u1eb7ng v\u00e0 nhi\u1ec7t \u0111\u1ed9 c\u1ef1c<\/li>\n<li>Ti\u1ebft ki\u1ec7m th\u1eddi gian v\u00e0 chi ph\u00ed b\u1ea3o tr\u00ec<\/li>\n<li>C\u00f3 s\u1eb5n trong h\u1ed9p 500ml \u0111\u1ec3 s\u1eed d\u1ee5ng thu\u1eadn ti\u1ec7n<\/li>\n<\/ul>\n<h2><strong>K\u1ebft lu\u1eadn<\/strong><\/h2>\n<p>M\u1ee1 B\u00f2 N\u01b0\u1edbc HHS 2000 500ml l\u00e0 m\u1ed9t gi\u1ea3i ph\u00e1p b\u00f4i tr\u01a1n v\u01b0\u1ee3t tr\u1ed9i \u0111\u00e1p \u1ee9ng c\u00e1c y\u00eau c\u1ea7u kh\u1eaft khe c\u1ee7a c\u00e1c \u1ee9ng d\u1ee5ng c\u00f4ng nghi\u1ec7p v\u00e0 \u00f4 t\u00f4. V\u1edbi c\u00e1c t\u00ednh n\u0103ng \u01b0u vi\u1ec7t v\u00e0 tu\u1ed5i th\u1ecd l\u00e2u d\u00e0i, s\u1ea3n ph\u1ea9m n\u00e0y l\u00e0 l\u1ef1a ch\u1ecdn ho\u00e0n h\u1ea3o \u0111\u1ec3 t\u0103ng hi\u1ec7u su\u1ea5t, b\u1ea3o v\u1ec7 thi\u1ebft b\u1ecb v\u00e0 ti\u1ebft ki\u1ec7m chi ph\u00ed.<\/p>\n<\/div>\n","protected":false},"excerpt":{"rendered":"<p><strong>T\u00ean sa\u0309n ph\u00e2\u0309m:<\/strong>M\u1ee0 B\u00d2 N\u01af\u1edaC Wurth HHS 2000 500ML<br \/>\n<strong>T\u00ecnh tr\u1ea1ng:<\/strong> Li\u00ean h\u1ec7 S\u0110T 090 666 5927 .<br \/>\n<strong>Kho:<\/strong> H\u1ed3 Ch\u00ed Minh.<br \/>\n<strong>Li\u00ean h\u1ec7:<\/strong> (24\/7)<br \/>\n<strong>Giao h\u00e0ng:<\/strong> Trong ng\u00e0y<\/p>\n","protected":false},"featured_media":7948,"comment_status":"closed","ping_status":"closed","template":"","meta":[],"product_brand":[],"product_cat":[164],"product_tag":[],"class_list":{"0":"post-7947","1":"product","2":"type-product","3":"status-publish","4":"has-post-thumbnail","6":"product_cat-wurth","8":"first","9":"instock","10":"shipping-taxable","11":"product-type-simple"},"_links":{"self":[{"href":"https:\/\/yenhung.com\/index.php?rest_route=\/wp\/v2\/product\/7947","targetHints":{"allow":["GET"]}}],"collection":[{"href":"https:\/\/yenhung.com\/index.php?rest_route=\/wp\/v2\/product"}],"about":[{"href":"https:\/\/yenhung.com\/index.php?rest_route=\/wp\/v2\/types\/product"}],"replies":[{"embeddable":true,"href":"https:\/\/yenhung.com\/index.php?rest_route=%2Fwp%2Fv2%2Fcomments&post=7947"}],"wp:featuredmedia":[{"embeddable":true,"href":"https:\/\/yenhung.com\/index.php?rest_route=\/wp\/v2\/media\/7948"}],"wp:attachment":[{"href":"https:\/\/yenhung.com\/index.php?rest_route=%2Fwp%2Fv2%2Fmedia&parent=7947"}],"wp:term":[{"taxonomy":"product_brand","embeddable":true,"href":"https:\/\/yenhung.com\/index.php?rest_route=%2Fwp%2Fv2%2Fproduct_brand&post=7947"},{"taxonomy":"product_cat","embeddable":true,"href":"https:\/\/yenhung.com\/index.php?rest_route=%2Fwp%2Fv2%2Fproduct_cat&post=7947"},{"taxonomy":"product_tag","embeddable":true,"href":"https:\/\/yenhung.com\/index.php?rest_route=%2Fwp%2Fv2%2Fproduct_tag&post=7947"}],"curies":[{"name":"wp","href":"https:\/\/api.w.org\/{rel}","templated":true}]}}