{"id":7961,"date":"2025-11-10T08:22:06","date_gmt":"2025-11-10T08:22:06","guid":{"rendered":"https:\/\/yenhung.com\/?product=chat-ve-sinh-thang-tay-rua-dau-mo-wurth-500ml"},"modified":"2026-02-11T01:21:43","modified_gmt":"2026-02-11T01:21:43","slug":"chat-ve-sinh-thang-tay-rua-dau-mo-wurth-500ml","status":"publish","type":"product","link":"https:\/\/yenhung.com\/?product=chat-ve-sinh-thang-tay-rua-dau-mo-wurth-500ml","title":{"rendered":"Ch\u1ea5t v\u1ec7 sinh th\u1eafng, t\u1ea9y r\u1eeda d\u1ea7u m\u1ee1 Wurth 500ml"},"content":{"rendered":"<div class=\"ba-text-fpt\">\n<p>&nbsp;<\/p>\n<h2><strong>Ch\u1ea5t V\u1ec7 Sinh Th\u1eafng, T\u1ea9y R\u1eeda D\u1ea7u M\u1ee1 500ml<\/strong><\/h2>\n<h2><img decoding=\"async\" title=\"break-1-2\" src=\"https:\/\/yenhung.com\/wp-content\/uploads\/2025\/11\/break-1-2.jpg\" alt=\"Ch\u1ea5t v\u1ec7 sinh th\u1eafng, t\u1ea9y r\u1eeda d\u1ea7u m\u1ee1 Wurth 500ml\" data-thumb=\"large\" \/><\/h2>\n<p>Ch\u1ea5t V\u1ec7 Sinh Th\u1eafng, T\u1ea9y R\u1eeda D\u1ea7u M\u1ee1 500ml l\u00e0 s\u1ea3n ph\u1ea9m chuy\u00ean d\u1ee5ng \u0111\u01b0\u1ee3c thi\u1ebft k\u1ebf \u0111\u1ec3 lo\u1ea1i b\u1ecf hi\u1ec7u qu\u1ea3 c\u00e1c ch\u1ea5t b\u1ea9n c\u1ee9ng \u0111\u1ea7u, d\u1ea7u m\u1ee1 v\u00e0 b\u1ee5i phanh tr\u00ean h\u1ec7 th\u1ed1ng phanh v\u00e0 c\u00e1c b\u1ed9 ph\u1eadn li\u00ean quan c\u1ee7a \u00f4 t\u00f4. V\u1edbi c\u00f4ng th\u1ee9c m\u1ea1nh m\u1ebd nh\u01b0ng an to\u00e0n, s\u1ea3n ph\u1ea9m n\u00e0y \u0111\u1ea3m b\u1ea3o kh\u1ea3 n\u0103ng v\u1ec7 sinh t\u1ed1i \u01b0u, h\u1ed7 tr\u1ee3 ho\u1ea1t \u0111\u1ed9ng tr\u01a1n tru v\u00e0 hi\u1ec7u qu\u1ea3 c\u1ee7a h\u1ec7 th\u1ed1ng phanh.<\/p>\n<h2>C\u00e1c \u1ee8ng D\u1ee5ng<\/h2>\n<ul>\n<li>Lo\u1ea1i b\u1ecf b\u1ee5i phanh kh\u1ecfi m\u00e1 phanh, \u0111\u0129a phanh v\u00e0 heo phanh<\/li>\n<li>L\u00e0m s\u1ea1ch d\u1ea7u m\u1ee1 t\u1eeb c\u00e1c b\u1ed9 ph\u1eadn phanh, bao g\u1ed3m xi lanh phanh, \u1ed1ng d\u1eabn v\u00e0 c\u00e1c b\u1ed9 ph\u1eadn th\u1ee7y l\u1ef1c<\/li>\n<li>L\u00e0m s\u1ea1ch v\u00e0 kh\u1eed tr\u00f9ng h\u1ec7 th\u1ed1ng phanh \u0111\u1ec3 \u0111\u1ea3m b\u1ea3o hi\u1ec7u su\u1ea5t t\u1ed1i \u01b0u<\/li>\n<\/ul>\n<h2>C\u00e1c \u0110\u1eb7c \u0110i\u1ec3m N\u1ed5i B\u1eadt<\/h2>\n<p><img decoding=\"async\" title=\"break-2-1\" src=\"https:\/\/yenhung.com\/wp-content\/uploads\/2025\/11\/break-2-1.jpg\" alt=\"Ch\u1ea5t v\u1ec7 sinh th\u1eafng, t\u1ea9y r\u1eeda d\u1ea7u m\u1ee1 Wurth 500ml\" data-thumb=\"large\" \/><\/p>\n<ul>\n<li><strong>C\u00f4ng Th\u1ee9c M\u1ea1nh M\u1ebd:<\/strong> S\u1ea3n ph\u1ea9m ch\u1ee9a c\u00e1c ch\u1ea5t ho\u1ea1t \u0111\u1ed9ng b\u1ec1 m\u1eb7t m\u1ea1nh m\u1ebd gi\u00fap ph\u00e1 v\u1ee1 v\u00e0 h\u00f2a tan c\u00e1c ch\u1ea5t b\u1ea9n c\u1ee9ng \u0111\u1ea7u, bao g\u1ed3m d\u1ea7u m\u1ee1, b\u1ee5i phanh v\u00e0 c\u1eb7n b\u1ea9n.<\/li>\n<li><strong>An To\u00e0n cho C\u00e1c B\u1ed9 Ph\u1eadn Xe:<\/strong> C\u00f4ng th\u1ee9c trung t\u00ednh pH \u0111\u1ea3m b\u1ea3o r\u1eb1ng ch\u1ea5t v\u1ec7 sinh s\u1ebd kh\u00f4ng g\u00e2y h\u1ea1i ho\u1eb7c \u0103n m\u00f2n c\u00e1c b\u1ed9 ph\u1eadn kim lo\u1ea1i, cao su ho\u1eb7c nh\u1ef1a c\u1ee7a \u00f4 t\u00f4.<\/li>\n<li><strong>Kh\u1ea3 N\u0103ng Bay H\u01a1i Nhanh:<\/strong> Ch\u1ea5t v\u1ec7 sinh bay h\u01a1i nhanh ch\u00f3ng, \u0111\u1ec3 l\u1ea1i h\u1ec7 th\u1ed1ng phanh s\u1ea1ch s\u1ebd v\u00e0 kh\u00f4 r\u00e1o m\u00e0 kh\u00f4ng c\u1ea7n r\u1eeda l\u1ea1i.<\/li>\n<li><strong>Gi\u00fap Gi\u1ea3m Ti\u1ebfng \u1ed2n Phanh:<\/strong> B\u1eb1ng c\u00e1ch lo\u1ea1i b\u1ecf b\u1ee5i phanh kh\u1ecfi h\u1ec7 th\u1ed1ng, ch\u1ea5t v\u1ec7 sinh gi\u00fap gi\u1ea3m ti\u1ebfng k\u00eau v\u00e0 rung \u0111\u1ed9ng kh\u00f3 ch\u1ecbu th\u01b0\u1eddng li\u00ean quan \u0111\u1ebfn phanh b\u1ea9n.<\/li>\n<li><strong>Ti\u1ebft Ki\u1ec7m Chi Ph\u00ed B\u1ea3o D\u01b0\u1ee1ng:<\/strong> Vi\u1ec7c s\u1eed d\u1ee5ng th\u01b0\u1eddng xuy\u00ean ch\u1ea5t v\u1ec7 sinh phanh c\u00f3 th\u1ec3 gi\u00fap k\u00e9o d\u00e0i tu\u1ed5i th\u1ecd c\u1ee7a m\u00e1 phanh v\u00e0 h\u1ec7 th\u1ed1ng phanh, gi\u1ea3m nhu c\u1ea7u s\u1eeda ch\u1eefa t\u1ed1n k\u00e9m.<\/li>\n<\/ul>\n<h2>H\u01b0\u1edbng D\u1eabn S\u1eed D\u1ee5ng<\/h2>\n<p><img decoding=\"async\" title=\"break-4-1\" src=\"https:\/\/yenhung.com\/wp-content\/uploads\/2025\/11\/break-4-1.jpg\" alt=\"Ch\u1ea5t v\u1ec7 sinh th\u1eafng, t\u1ea9y r\u1eeda d\u1ea7u m\u1ee1 Wurth 500ml\" data-thumb=\"large\" \/><\/p>\n<ol>\n<li>X\u1ecbt \u0111\u1ec1u ch\u1ea5t v\u1ec7 sinh l\u00ean h\u1ec7 th\u1ed1ng phanh b\u1ea9n.<\/li>\n<li>\u0110\u1ec3 ch\u1ea5t v\u1ec7 sinh ng\u1ea5m trong 2-3 ph\u00fat, cho ph\u00e9p n\u00f3 ph\u00e1 v\u1ee1 c\u00e1c ch\u1ea5t b\u1ea9n.<\/li>\n<li>D\u00f9ng b\u00e0n ch\u1ea3i ho\u1eb7c kh\u0103n s\u1ea1ch \u0111\u1ec3 ch\u00e0 x\u00e1t khu v\u1ef1c \u0111\u00e3 phun, lo\u1ea1i b\u1ecf c\u00e1c ch\u1ea5t b\u1ea9n \u0111\u00e3 bong ra.<\/li>\n<li>\u0110\u1ec3 ch\u1ea5t v\u1ec7 sinh bay h\u01a1i v\u00e0 h\u1ec7 th\u1ed1ng phanh s\u1ebd s\u1ea1ch s\u1ebd v\u00e0 kh\u00f4 r\u00e1o.<\/li>\n<\/ol>\n<h2>L\u01b0u \u00dd<\/h2>\n<ul>\n<li>Tr\u00e1nh ti\u1ebfp x\u00fac v\u1edbi da ho\u1eb7c m\u1eaft.<\/li>\n<li>\u0110eo g\u0103ng tay b\u1ea3o v\u1ec7 khi s\u1eed d\u1ee5ng.<\/li>\n<li>S\u1eed d\u1ee5ng s\u1ea3n ph\u1ea9m \u1edf n\u01a1i th\u00f4ng gi\u00f3 t\u1ed1t.<\/li>\n<li>Kh\u00f4ng x\u1ecbt tr\u1ef1c ti\u1ebfp l\u00ean c\u00e1c b\u1ec1 m\u1eb7t s\u01a1n ho\u1eb7c vecni.<\/li>\n<\/ul>\n<h2>K\u1ebft Lu\u1eadn<\/h2>\n<p>Ch\u1ea5t V\u1ec7 Sinh Th\u1eafng, T\u1ea9y R\u1eeda D\u1ea7u M\u1ee1 500ml l\u00e0 m\u1ed9t gi\u1ea3i ph\u00e1p thi\u1ebft y\u1ebfu cho nh\u1eefng ng\u01b0\u1eddi \u0111am m\u00ea \u00f4 t\u00f4 v\u00e0 nh\u1eefng ng\u01b0\u1eddi mu\u1ed1n duy tr\u00ec hi\u1ec7u su\u1ea5t t\u1ed1i \u01b0u c\u1ee7a h\u1ec7 th\u1ed1ng phanh xe m\u00ecnh. V\u1edbi c\u00f4ng th\u1ee9c m\u1ea1nh m\u1ebd nh\u01b0ng an to\u00e0n, kh\u1ea3 n\u0103ng bay h\u01a1i nhanh v\u00e0 c\u00e1c l\u1ee3i \u00edch ti\u1ebft ki\u1ec7m chi ph\u00ed, s\u1ea3n ph\u1ea9m n\u00e0y l\u00e0 l\u1ef1a ch\u1ecdn ho\u00e0n h\u1ea3o \u0111\u1ec3 l\u00e0m s\u1ea1ch v\u00e0 kh\u1eed tr\u00f9ng h\u1ec7 th\u1ed1ng phanh, gi\u00fap xe ho\u1ea1t \u0111\u1ed9ng tr\u01a1n tru v\u00e0 an to\u00e0n tr\u00ean m\u1ecdi h\u00e0nh tr\u00ecnh.<\/p>\n<\/div>\n","protected":false},"excerpt":{"rendered":"<p><strong>T\u00ean sa\u0309n ph\u00e2\u0309m:<\/strong>CH\u1ea4T V\u1ec6 SINH TH\u1eaeNG, T\u1ea8Y R\u1eecA D\u1ea6U M\u1ee0 500ML<br \/>\n<strong>T\u00ecnh tr\u1ea1ng:<\/strong> Li\u00ean h\u1ec7 S\u0110T 090 666 5927 .<br \/>\n<strong>Kho:<\/strong> H\u1ed3 Ch\u00ed Minh.<br \/>\n<strong>Li\u00ean h\u1ec7:<\/strong> (24\/7)<br \/>\n<strong>Giao h\u00e0ng:<\/strong> Trong ng\u00e0y<\/p>\n","protected":false},"featured_media":7962,"comment_status":"closed","ping_status":"closed","template":"","meta":[],"product_brand":[],"product_cat":[164],"product_tag":[],"class_list":{"0":"post-7961","1":"product","2":"type-product","3":"status-publish","4":"has-post-thumbnail","6":"product_cat-wurth","8":"first","9":"instock","10":"shipping-taxable","11":"product-type-simple"},"_links":{"self":[{"href":"https:\/\/yenhung.com\/index.php?rest_route=\/wp\/v2\/product\/7961","targetHints":{"allow":["GET"]}}],"collection":[{"href":"https:\/\/yenhung.com\/index.php?rest_route=\/wp\/v2\/product"}],"about":[{"href":"https:\/\/yenhung.com\/index.php?rest_route=\/wp\/v2\/types\/product"}],"replies":[{"embeddable":true,"href":"https:\/\/yenhung.com\/index.php?rest_route=%2Fwp%2Fv2%2Fcomments&post=7961"}],"wp:featuredmedia":[{"embeddable":true,"href":"https:\/\/yenhung.com\/index.php?rest_route=\/wp\/v2\/media\/7962"}],"wp:attachment":[{"href":"https:\/\/yenhung.com\/index.php?rest_route=%2Fwp%2Fv2%2Fmedia&parent=7961"}],"wp:term":[{"taxonomy":"product_brand","embeddable":true,"href":"https:\/\/yenhung.com\/index.php?rest_route=%2Fwp%2Fv2%2Fproduct_brand&post=7961"},{"taxonomy":"product_cat","embeddable":true,"href":"https:\/\/yenhung.com\/index.php?rest_route=%2Fwp%2Fv2%2Fproduct_cat&post=7961"},{"taxonomy":"product_tag","embeddable":true,"href":"https:\/\/yenhung.com\/index.php?rest_route=%2Fwp%2Fv2%2Fproduct_tag&post=7961"}],"curies":[{"name":"wp","href":"https:\/\/api.w.org\/{rel}","templated":true}]}}