{"id":7970,"date":"2025-11-10T08:22:13","date_gmt":"2025-11-10T08:22:13","guid":{"rendered":"https:\/\/yenhung.com\/?product=suc-bec-xang-tu-dong-lbw400-wurth-330ml"},"modified":"2026-02-11T01:21:36","modified_gmt":"2026-02-11T01:21:36","slug":"suc-bec-xang-tu-dong-lbw400-wurth-330ml","status":"publish","type":"product","link":"https:\/\/yenhung.com\/?product=suc-bec-xang-tu-dong-lbw400-wurth-330ml","title":{"rendered":"S\u00fac b\u00e9c x\u0103ng t\u1ef1 \u0111\u1ed9ng lbw400 Wurth 330ml"},"content":{"rendered":"<div class=\"ba-text-fpt\">\n<p>&nbsp;<\/p>\n<h1>S\u00fac B\u00e9c X\u0103ng T\u1ef1 \u0110\u1ed9ng LBW400 330ml: Gi\u1ea3i Ph\u00e1p T\u1ed1i \u01afu Cho H\u1ec7 Th\u1ed1ng Nhi\u00ean Li\u1ec7u Xe<\/h1>\n<h2><img decoding=\"async\" title=\"su-c-be-c-xa-ng-tu-do-ng-lbw400-330ml-jpeg-1\" src=\"https:\/\/yenhung.com\/wp-content\/uploads\/2025\/11\/su-c-be-c-xa-ng-tu-do-ng-lbw400-330ml-jpeg-1.jpg\" alt=\"S\u00daC B\u00c9C X\u0102NG T\u1ef0 \u0110\u1ed8NG LBW400 330ML\" data-thumb=\"large\" \/><\/h2>\n<p>LBW400 330ml l\u00e0 s\u1ea3n ph\u1ea9m s\u00fac b\u00e9c x\u0103ng t\u1ef1 \u0111\u1ed9ng cao c\u1ea5p, \u0111\u01b0\u1ee3c thi\u1ebft k\u1ebf \u0111\u1ec3 gi\u1ea3i quy\u1ebft c\u00e1c v\u1ea5n \u0111\u1ec1 ph\u1ed5 bi\u1ebfn c\u1ee7a h\u1ec7 th\u1ed1ng nhi\u00ean li\u1ec7u tr\u00ean xe h\u01a1i. S\u1ea3n ph\u1ea9m n\u00e0y gi\u00fap lo\u1ea1i b\u1ecf c\u00e1c c\u1eb7n b\u1ea9n, t\u1ea1p ch\u1ea5t t\u00edch t\u1ee5 trong h\u1ec7 th\u1ed1ng, c\u1ea3i thi\u1ec7n hi\u1ec7u su\u1ea5t \u0111\u1ed9ng c\u01a1 v\u00e0 ti\u1ebft ki\u1ec7m nhi\u00ean li\u1ec7u \u0111\u00e1ng k\u1ec3.<\/p>\n<h2>\u0110\u1eb7c t\u00ednh K\u1ef9 Thu\u1eadt<\/h2>\n<ul>\n<li>Dung t\u00edch: 330ml<\/li>\n<li>C\u00f4ng th\u1ee9c: Ch\u1ee9a c\u00e1c ch\u1ea5t t\u1ea9y r\u1eeda m\u1ea1nh m\u1ebd v\u00e0 ch\u1ea5t l\u00e0m m\u1ec1m c\u1eb7n b\u1ea9n<\/li>\n<li>T\u01b0\u01a1ng th\u00edch: T\u1ea5t c\u1ea3 c\u00e1c lo\u1ea1i xe x\u0103ng v\u00e0 \u0111\u1ed9ng c\u01a1 x\u0103ng<\/li>\n<li>S\u1eed d\u1ee5ng: Th\u00eam tr\u1ef1c ti\u1ebfp v\u00e0o b\u00ecnh nhi\u00ean li\u1ec7u<\/li>\n<\/ul>\n<h2>L\u1ee3i \u00edch<\/h2>\n<ul>\n<li><strong>Lo\u1ea1i b\u1ecf c\u1eb7n b\u1ea9n v\u00e0 t\u1ea1p ch\u1ea5t:<\/strong> LBW400 ch\u1ee9a c\u00e1c ch\u1ea5t t\u1ea9y r\u1eeda m\u1ea1nh m\u1ebd gi\u00fap h\u00f2a tan c\u00e1c c\u1eb7n b\u1ea9n, t\u1ea1p ch\u1ea5t t\u00edch t\u1ee5 trong h\u1ec7 th\u1ed1ng x\u0103ng, bao g\u1ed3m c\u1eb7n carbon, r\u1ec9 s\u00e9t v\u00e0 c\u1eb7n n\u01b0\u1edbc.<\/li>\n<li><strong>C\u1ea3i thi\u1ec7n hi\u1ec7u su\u1ea5t \u0111\u1ed9ng c\u01a1:<\/strong> B\u1eb1ng c\u00e1ch lo\u1ea1i b\u1ecf c\u1eb7n b\u1ea9n, LBW400 gi\u00fap c\u1ea3i thi\u1ec7n l\u01b0u l\u01b0\u1ee3ng nhi\u00ean li\u1ec7u v\u00e0 cho ph\u00e9p \u0111\u1ed9ng c\u01a1 ho\u1ea1t \u0111\u1ed9ng tr\u01a1n tru v\u00e0 hi\u1ec7u qu\u1ea3 h\u01a1n.<\/li>\n<li><strong>Ti\u1ebft ki\u1ec7m nhi\u00ean li\u1ec7u:<\/strong> M\u1ed9t h\u1ec7 th\u1ed1ng nhi\u00ean li\u1ec7u s\u1ea1ch s\u1ebd v\u00e0 th\u00f4ng tho\u00e1ng gi\u00fap \u0111\u1ed9ng c\u01a1 \u0111\u1ed1t ch\u00e1y nhi\u00ean li\u1ec7u hi\u1ec7u qu\u1ea3 h\u01a1n, d\u1eabn \u0111\u1ebfn ti\u1ebft ki\u1ec7m nhi\u00ean li\u1ec7u \u0111\u00e1ng k\u1ec3.<\/li>\n<li><strong>Gi\u1ea3m kh\u00ed th\u1ea3i:<\/strong> B\u1eb1ng c\u00e1ch c\u1ea3i thi\u1ec7n hi\u1ec7u su\u1ea5t \u0111\u1ed9ng c\u01a1, LBW400 gi\u00fap gi\u1ea3m kh\u00ed th\u1ea3i c\u00f3 h\u1ea1i v\u00e0 g\u00f3p ph\u1ea7n b\u1ea3o v\u1ec7 m\u00f4i tr\u01b0\u1eddng.<\/li>\n<li><strong>K\u00e9o d\u00e0i tu\u1ed5i th\u1ecd c\u1ee7a h\u1ec7 th\u1ed1ng nhi\u00ean li\u1ec7u:<\/strong> Vi\u1ec7c s\u1eed d\u1ee5ng th\u01b0\u1eddng xuy\u00ean LBW400 gi\u00fap gi\u1eef cho h\u1ec7 th\u1ed1ng nhi\u00ean li\u1ec7u s\u1ea1ch s\u1ebd v\u00e0 kh\u00f4ng b\u1ecb \u0103n m\u00f2n, k\u00e9o d\u00e0i tu\u1ed5i th\u1ecd c\u1ee7a c\u00e1c th\u00e0nh ph\u1ea7n quan tr\u1ecdng nh\u01b0 b\u01a1m nhi\u00ean li\u1ec7u, b\u1ed9 l\u1ecdc nhi\u00ean li\u1ec7u v\u00e0 kim phun.<\/li>\n<\/ul>\n<h2>C\u00e1ch s\u1eed d\u1ee5ng<\/h2>\n<ol>\n<li>X\u00e1c \u0111\u1ecbnh dung t\u00edch b\u00ecnh nhi\u00ean li\u1ec7u c\u1ee7a xe.<\/li>\n<li>Th\u00eam LBW400 v\u00e0o b\u00ecnh nhi\u00ean li\u1ec7u theo t\u1ef7 l\u1ec7 \u0111\u01b0\u1ee3c khuy\u1ebfn ngh\u1ecb (1 chai 330ml cho t\u1edbi 50 l\u00edt x\u0103ng).<\/li>\n<li>Ch\u1ea1y xe \u00edt nh\u1ea5t 15 ph\u00fat \u0111\u1ec3 cho s\u1ea3n ph\u1ea9m l\u01b0u th\u00f4ng trong h\u1ec7 th\u1ed1ng nhi\u00ean li\u1ec7u.<\/li>\n<\/ol>\n<h2>L\u01b0u \u00fd<\/h2>\n<ul>\n<li>\u0110\u1ecdc k\u1ef9 h\u01b0\u1edbng d\u1eabn s\u1eed d\u1ee5ng tr\u01b0\u1edbc khi s\u1eed d\u1ee5ng.<\/li>\n<li>Tr\u00e1nh ti\u1ebfp x\u00fac v\u1edbi da v\u00e0 m\u1eaft.<\/li>\n<li>N\u1ebfu s\u1ea3n ph\u1ea9m ti\u1ebfp x\u00fac v\u1edbi da ho\u1eb7c m\u1eaft, h\u00e3y r\u1eeda s\u1ea1ch ngay b\u1eb1ng n\u01b0\u1edbc.<\/li>\n<\/ul>\n<h2>K\u1ebft lu\u1eadn<\/h2>\n<p>S\u00fac B\u00e9c X\u0103ng T\u1ef1 \u0110\u1ed9ng LBW400 330ml l\u00e0 m\u1ed9t gi\u1ea3i ph\u00e1p thi\u1ebft y\u1ebfu cho c\u00e1c ch\u1ee7 xe mu\u1ed1n duy tr\u00ec h\u1ec7 th\u1ed1ng nhi\u00ean li\u1ec7u s\u1ea1ch s\u1ebd v\u00e0 hi\u1ec7u qu\u1ea3. S\u1ea3n ph\u1ea9m n\u00e0y lo\u1ea1i b\u1ecf c\u1eb7n b\u1ea9n, c\u1ea3i thi\u1ec7n hi\u1ec7u su\u1ea5t \u0111\u1ed9ng c\u01a1, ti\u1ebft ki\u1ec7m nhi\u00ean li\u1ec7u v\u00e0 k\u00e9o d\u00e0i tu\u1ed5i th\u1ecd c\u1ee7a h\u1ec7 th\u1ed1ng nhi\u00ean li\u1ec7u. S\u1eed d\u1ee5ng LBW400 th\u01b0\u1eddng xuy\u00ean l\u00e0 m\u1ed9t c\u00e1ch \u0111\u01a1n gi\u1ea3n v\u00e0 hi\u1ec7u qu\u1ea3 \u0111\u1ec3 \u0111\u1ea3m b\u1ea3o xe c\u1ee7a b\u1ea1n lu\u00f4n ho\u1ea1t \u0111\u1ed9ng \u1edf tr\u1ea1ng th\u00e1i t\u1ed1t nh\u1ea5t.<\/p>\n<\/div>\n","protected":false},"excerpt":{"rendered":"<p><strong>T\u00ean sa\u0309n ph\u00e2\u0309m:<\/strong>S\u00daC B\u00c9C X\u0102NG T\u1ef0 \u0110\u1ed8NG LBW400 330ML<br \/>\n<strong>T\u00ecnh tr\u1ea1ng:<\/strong> Li\u00ean h\u1ec7 S\u0110T 090 666 5927 .<br \/>\n<strong>Kho:<\/strong> H\u1ed3 Ch\u00ed Minh.<br \/>\n<strong>Li\u00ean h\u1ec7:<\/strong> (24\/7)<br \/>\n<strong>Giao h\u00e0ng:<\/strong> Trong ng\u00e0y<\/p>\n","protected":false},"featured_media":7971,"comment_status":"closed","ping_status":"closed","template":"","meta":[],"product_brand":[],"product_cat":[164],"product_tag":[],"class_list":{"0":"post-7970","1":"product","2":"type-product","3":"status-publish","4":"has-post-thumbnail","6":"product_cat-wurth","8":"first","9":"instock","10":"shipping-taxable","11":"product-type-simple"},"_links":{"self":[{"href":"https:\/\/yenhung.com\/index.php?rest_route=\/wp\/v2\/product\/7970","targetHints":{"allow":["GET"]}}],"collection":[{"href":"https:\/\/yenhung.com\/index.php?rest_route=\/wp\/v2\/product"}],"about":[{"href":"https:\/\/yenhung.com\/index.php?rest_route=\/wp\/v2\/types\/product"}],"replies":[{"embeddable":true,"href":"https:\/\/yenhung.com\/index.php?rest_route=%2Fwp%2Fv2%2Fcomments&post=7970"}],"wp:featuredmedia":[{"embeddable":true,"href":"https:\/\/yenhung.com\/index.php?rest_route=\/wp\/v2\/media\/7971"}],"wp:attachment":[{"href":"https:\/\/yenhung.com\/index.php?rest_route=%2Fwp%2Fv2%2Fmedia&parent=7970"}],"wp:term":[{"taxonomy":"product_brand","embeddable":true,"href":"https:\/\/yenhung.com\/index.php?rest_route=%2Fwp%2Fv2%2Fproduct_brand&post=7970"},{"taxonomy":"product_cat","embeddable":true,"href":"https:\/\/yenhung.com\/index.php?rest_route=%2Fwp%2Fv2%2Fproduct_cat&post=7970"},{"taxonomy":"product_tag","embeddable":true,"href":"https:\/\/yenhung.com\/index.php?rest_route=%2Fwp%2Fv2%2Fproduct_tag&post=7970"}],"curies":[{"name":"wp","href":"https:\/\/api.w.org\/{rel}","templated":true}]}}