{"id":7975,"date":"2025-11-10T08:22:17","date_gmt":"2025-11-10T08:22:17","guid":{"rendered":"https:\/\/yenhung.com\/?product=chat-danh-bong-phuc-hoi-kim-loai-wurth-400g"},"modified":"2026-02-11T01:21:25","modified_gmt":"2026-02-11T01:21:25","slug":"chat-danh-bong-phuc-hoi-kim-loai-wurth-400g","status":"publish","type":"product","link":"https:\/\/yenhung.com\/?product=chat-danh-bong-phuc-hoi-kim-loai-wurth-400g","title":{"rendered":"Ch\u1ea5t \u0111\u00e1nh b\u00f3ng ph\u1ee5c h\u1ed3i kim lo\u1ea1i Wurth 400g"},"content":{"rendered":"<div class=\"ba-text-fpt\">\n<p>&nbsp;<\/p>\n<h1>CH\u1ea4T \u0110\u00c1NH B\u00d3NG PH\u1ee4C H\u1ed2I KIM LO\u1ea0I 400G<\/h1>\n<h2><img decoding=\"async\" title=\"cha-t-da-nh-bo-ng-phu-c-ho-i-kim-loa-i-400g-jpeg-1\" src=\"https:\/\/yenhung.com\/wp-content\/uploads\/2025\/11\/cha-t-da-nh-bo-ng-phu-c-ho-i-kim-loa-i-400g-jpeg-1.jpg\" alt=\"CH\u1ea4T \u0110\u00c1NH B\u00d3NG PH\u1ee4C H\u1ed2I KIM LO\u1ea0I 400G\" data-thumb=\"original\" \/><\/h2>\n<p>Ch\u1ea5t \u0111\u00e1nh b\u00f3ng ph\u1ee5c h\u1ed3i kim lo\u1ea1i 400g l\u00e0 m\u1ed9t s\u1ea3n ph\u1ea9m \u0111\u01b0\u1ee3c thi\u1ebft k\u1ebf chuy\u00ean bi\u1ec7t \u0111\u1ec3 \u0111\u00e1nh b\u00f3ng v\u00e0 ph\u1ee5c h\u1ed3i c\u00e1c b\u1ec1 m\u1eb7t kim lo\u1ea1i, mang l\u1ea1i v\u1ebb s\u00e1ng b\u00f3ng r\u1ea1ng r\u1ee1 nh\u01b0 m\u1edbi. \u0110\u01b0\u1ee3c s\u1ea3n xu\u1ea5t v\u1edbi c\u00f4ng th\u1ee9c \u0111\u1ed9c \u0111\u00e1o, s\u1ea3n ph\u1ea9m n\u00e0y hi\u1ec7u qu\u1ea3 tr\u00ean nhi\u1ec1u lo\u1ea1i kim lo\u1ea1i kh\u00e1c nhau, bao g\u1ed3m th\u00e9p kh\u00f4ng g\u1ec9, nh\u00f4m, \u0111\u1ed3ng v\u00e0 niken.<\/p>\n<h2>T\u00ednh n\u0103ng n\u1ed5i b\u1eadt<\/h2>\n<ul>\n<li>Lo\u1ea1i b\u1ecf v\u1ebft x\u01b0\u1edbc v\u00e0 hoen \u1ed1<\/li>\n<li>Ph\u1ee5c h\u1ed3i \u0111\u1ed9 s\u00e1ng b\u00f3ng<\/li>\n<li>B\u1ea3o v\u1ec7 b\u1ec1 m\u1eb7t<\/li>\n<li>D\u1ec5 s\u1eed d\u1ee5ng<\/li>\n<\/ul>\n<h2>\u1ee8ng d\u1ee5ng<\/h2>\n<ul>\n<li>\u0110\u00e1nh b\u00f3ng v\u00e0 ph\u1ee5c h\u1ed3i b\u1ec1 m\u1eb7t kim lo\u1ea1i trong nh\u00e0 b\u1ebfp v\u00e0 ph\u00f2ng t\u1eafm<\/li>\n<li>L\u00e0m s\u1ea1ch v\u00e0 \u0111\u00e1nh b\u00f3ng \u0111\u1ed3 \u0111i\u1ec7n t\u1eed, \u0111\u1ed3 trang tr\u00ed v\u00e0 \u0111\u1ed3 n\u1ed9i th\u1ea5t<\/li>\n<li>Lo\u1ea1i b\u1ecf v\u1ebft x\u01b0\u1edbc v\u00e0 hoen \u1ed1 tr\u00ean \u00f4 t\u00f4, xe m\u00e1y v\u00e0 xe \u0111\u1ea1p<\/li>\n<li>V\u1ec7 sinh v\u00e0 \u0111\u00e1nh b\u00f3ng c\u00e1c v\u1eadt d\u1ee5ng ngo\u00e0i tr\u1eddi b\u1eb1ng kim lo\u1ea1i, ch\u1eb3ng h\u1ea1n nh\u01b0 \u0111\u1ed3 n\u1ed9i th\u1ea5t s\u00e2n v\u01b0\u1eddn v\u00e0 \u0111\u1ed3 trang tr\u00ed<\/li>\n<\/ul>\n<h2>Th\u00f4ng s\u1ed1 k\u1ef9 thu\u1eadt<\/h2>\n<ul>\n<li>Kh\u1ed1i l\u01b0\u1ee3ng: 400g<\/li>\n<li>H\u1ea1ng m\u1ee5c: Ch\u1ea5t \u0111\u00e1nh b\u00f3ng kim lo\u1ea1i<\/li>\n<li>C\u00f4ng d\u1ee5ng: \u0110\u00e1nh b\u00f3ng, ph\u1ee5c h\u1ed3i v\u00e0 b\u1ea3o v\u1ec7 b\u1ec1 m\u1eb7t kim lo\u1ea1i<\/li>\n<li>B\u1ea3o qu\u1ea3n: B\u1ea3o qu\u1ea3n \u1edf n\u01a1i kh\u00f4 r\u00e1o, tho\u00e1ng m\u00e1t, tr\u00e1nh xa t\u1ea7m tay tr\u1ebb em<\/li>\n<\/ul>\n<h2>C\u00e1ch s\u1eed d\u1ee5ng<\/h2>\n<ol>\n<li>L\u00e0m s\u1ea1ch b\u1ec1 m\u1eb7t kim lo\u1ea1i c\u1ea7n x\u1eed l\u00fd.<\/li>\n<li>Thoa m\u1ed9t l\u01b0\u1ee3ng nh\u1ecf ch\u1ea5t \u0111\u00e1nh b\u00f3ng l\u00ean kh\u0103n m\u1ec1m ho\u1eb7c m\u00e1y \u0111\u00e1nh b\u00f3ng.<\/li>\n<li>\u0110\u00e1nh b\u00f3ng theo chuy\u1ec3n \u0111\u1ed9ng tr\u00f2n cho \u0111\u1ebfn khi v\u1ebft x\u01b0\u1edbc v\u00e0 hoen \u1ed1 \u0111\u01b0\u1ee3c lo\u1ea1i b\u1ecf.<\/li>\n<li>Lau s\u1ea1ch b\u1ec1 m\u1eb7t b\u1eb1ng kh\u0103n m\u1ec1m \u0111\u1ec3 lo\u1ea1i b\u1ecf c\u1eb7n.<\/li>\n<li>L\u1eb7p l\u1ea1i n\u1ebfu c\u1ea7n thi\u1ebft \u0111\u1ec3 \u0111\u1ea1t \u0111\u01b0\u1ee3c m\u1ee9c \u0111\u1ed9 \u0111\u00e1nh b\u00f3ng mong mu\u1ed1n.<\/li>\n<\/ol>\n<h2>L\u01b0u \u00fd<\/h2>\n<ul>\n<li>Th\u1eed nghi\u1ec7m s\u1ea3n ph\u1ea9m tr\u00ean m\u1ed9t khu v\u1ef1c nh\u1ecf tr\u01b0\u1edbc khi s\u1eed d\u1ee5ng r\u1ed9ng r\u00e3i.<\/li>\n<li>\u0110eo g\u0103ng tay v\u00e0 kh\u1ea9u trang khi s\u1eed d\u1ee5ng s\u1ea3n ph\u1ea9m.<\/li>\n<li>Kh\u00f4ng h\u00edt tr\u1ef1c ti\u1ebfp h\u01a1i s\u1ea3n ph\u1ea9m.<\/li>\n<li>Tr\u00e1nh xa t\u1ea7m tay tr\u1ebb em.<\/li>\n<\/ul>\n<\/div>\n","protected":false},"excerpt":{"rendered":"<p><strong>T\u00ean sa\u0309n ph\u00e2\u0309m:<\/strong>CH\u1ea4T \u0110\u00c1NH B\u00d3NG PH\u1ee4C H\u1ed2I KIM LO\u1ea0I 400G<br \/>\n<strong>T\u00ecnh tr\u1ea1ng:<\/strong> Li\u00ean h\u1ec7 S\u0110T 090 666 5927 .<br \/>\n<strong>Kho:<\/strong> H\u1ed3 Ch\u00ed Minh.<br \/>\n<strong>Li\u00ean h\u1ec7:<\/strong> (24\/7)<br \/>\n<strong>Giao h\u00e0ng:<\/strong> Trong ng\u00e0y<\/p>\n","protected":false},"featured_media":7976,"comment_status":"closed","ping_status":"closed","template":"","meta":[],"product_brand":[],"product_cat":[164],"product_tag":[],"class_list":{"0":"post-7975","1":"product","2":"type-product","3":"status-publish","4":"has-post-thumbnail","6":"product_cat-wurth","8":"first","9":"instock","10":"shipping-taxable","11":"product-type-simple"},"_links":{"self":[{"href":"https:\/\/yenhung.com\/index.php?rest_route=\/wp\/v2\/product\/7975","targetHints":{"allow":["GET"]}}],"collection":[{"href":"https:\/\/yenhung.com\/index.php?rest_route=\/wp\/v2\/product"}],"about":[{"href":"https:\/\/yenhung.com\/index.php?rest_route=\/wp\/v2\/types\/product"}],"replies":[{"embeddable":true,"href":"https:\/\/yenhung.com\/index.php?rest_route=%2Fwp%2Fv2%2Fcomments&post=7975"}],"wp:featuredmedia":[{"embeddable":true,"href":"https:\/\/yenhung.com\/index.php?rest_route=\/wp\/v2\/media\/7976"}],"wp:attachment":[{"href":"https:\/\/yenhung.com\/index.php?rest_route=%2Fwp%2Fv2%2Fmedia&parent=7975"}],"wp:term":[{"taxonomy":"product_brand","embeddable":true,"href":"https:\/\/yenhung.com\/index.php?rest_route=%2Fwp%2Fv2%2Fproduct_brand&post=7975"},{"taxonomy":"product_cat","embeddable":true,"href":"https:\/\/yenhung.com\/index.php?rest_route=%2Fwp%2Fv2%2Fproduct_cat&post=7975"},{"taxonomy":"product_tag","embeddable":true,"href":"https:\/\/yenhung.com\/index.php?rest_route=%2Fwp%2Fv2%2Fproduct_tag&post=7975"}],"curies":[{"name":"wp","href":"https:\/\/api.w.org\/{rel}","templated":true}]}}