{"id":7980,"date":"2025-11-10T08:22:25","date_gmt":"2025-11-10T08:22:25","guid":{"rendered":"https:\/\/yenhung.com\/?product=chai-xit-bao-duong-son-sen-wurth-150ml"},"modified":"2026-02-11T01:21:14","modified_gmt":"2026-02-11T01:21:14","slug":"chai-xit-bao-duong-son-sen-wurth-150ml","status":"publish","type":"product","link":"https:\/\/yenhung.com\/?product=chai-xit-bao-duong-son-sen-wurth-150ml","title":{"rendered":"Chai x\u1ecbt b\u1ea3o d\u01b0\u1ee1ng s\u01a1n s\u00ean wurth 150ml"},"content":{"rendered":"<div class=\"ba-text-fpt\">\n<h2 data-sourcepos=\"1:1-1:85\"><strong>Wurth Chai x\u1ecbt b\u1ea3o d\u01b0\u1ee1ng s\u01a1n s\u00ean &#8211; Gi\u1ea3i ph\u00e1p ho\u00e0n h\u1ea3o b\u1ea3o v\u1ec7 x\u00edch xe m\u00e1y c\u1ee7a b\u1ea1n<\/strong><\/h2>\n<p><img decoding=\"async\" title=\"chai-xi-t-ba-o-du-o-ng-so-n-se-n-jpeg-1\" src=\"https:\/\/yenhung.com\/wp-content\/uploads\/2025\/11\/chai-xi-t-ba-o-du-o-ng-so-n-se-n-jpeg-1.jpg\" alt=\"Chai x\u1ecbt b\u1ea3o d\u01b0\u1ee1ng s\u01a1n s\u00ean Wurth 150ML\" data-thumb=\"large\" \/><\/p>\n<p data-sourcepos=\"3:1-3:312\"><strong>Wurth Chai x\u1ecbt b\u1ea3o d\u01b0\u1ee1ng s\u01a1n s\u00ean <\/strong>l\u00e0 s\u1ea3n ph\u1ea9m cao c\u1ea5p \u0111\u1ebfn t\u1eeb th\u01b0\u01a1ng hi\u1ec7u Wurth n\u1ed5i ti\u1ebfng c\u1ee7a \u0110\u1ee9c, chuy\u00ean d\u1ee5ng cho vi\u1ec7c b\u1ea3o d\u01b0\u1ee1ng v\u00e0 b\u00f4i tr\u01a1n x\u00edch xe m\u00e1y. V\u1edbi c\u00f4ng th\u1ee9c ti\u00ean ti\u1ebfn, s\u1ea3n ph\u1ea9m gi\u00fap b\u1ea3o v\u1ec7 x\u00edch kh\u1ecfi t\u00e1c h\u1ea1i c\u1ee7a b\u1ee5i b\u1ea9n, n\u01b0\u1edbc, r\u1ec9 s\u00e9t, \u0111\u1ed3ng th\u1eddi k\u00e9o d\u00e0i tu\u1ed5i th\u1ecd v\u00e0 t\u0103ng hi\u1ec7u su\u1ea5t ho\u1ea1t \u0111\u1ed9ng c\u1ee7a xe.<\/p>\n<h2 data-sourcepos=\"5:1-5:20\"><strong>\u01afu \u0111i\u1ec3m n\u1ed5i b\u1eadt:<\/strong><\/h2>\n<p><img decoding=\"async\" title=\"chai-xi-t-ba-o-du-o-ng-so-n-se-n-2-jpeg-1\" src=\"https:\/\/yenhung.com\/wp-content\/uploads\/2025\/11\/chai-xi-t-ba-o-du-o-ng-so-n-se-n-2-jpeg-1.jpg\" alt=\"Chai x\u1ecbt b\u1ea3o d\u01b0\u1ee1ng s\u01a1n s\u00ean Wurth 150ML\" data-thumb=\"large\" \/><\/p>\n<ul data-sourcepos=\"7:1-14:0\">\n<li data-sourcepos=\"7:1-7:110\"><strong>B\u00f4i tr\u01a1n hi\u1ec7u qu\u1ea3:<\/strong>\u00a0T\u1ea1o l\u1edbp m\u00e0ng b\u00f4i tr\u01a1n m\u1ecfng, b\u00e1m d\u00ednh t\u1ed1t, gi\u00fap gi\u1ea3m ma s\u00e1t, ti\u1ebfng \u1ed3n v\u00e0 m\u00e0i m\u00f2n x\u00edch.<\/li>\n<li data-sourcepos=\"8:1-8:98\"><strong>Ch\u1ed1ng r\u1ec9 s\u00e9t:<\/strong>\u00a0B\u1ea3o v\u1ec7 x\u00edch kh\u1ecfi t\u00e1c h\u1ea1i c\u1ee7a r\u1ec9 s\u00e9t, axit v\u00e0 ki\u1ec1m, gi\u00fap k\u00e9o d\u00e0i tu\u1ed5i th\u1ecd x\u00edch.<\/li>\n<li data-sourcepos=\"9:1-9:122\"><strong>Ch\u1ed1ng n\u01b0\u1edbc:<\/strong>\u00a0T\u1ea1o l\u1edbp m\u00e0ng b\u1ea3o v\u1ec7 x\u00edch kh\u1ecfi n\u01b0\u1edbc, b\u00f9n \u0111\u1ea5t, gi\u00fap x\u00edch ho\u1ea1t \u0111\u1ed9ng tr\u01a1n tru trong m\u1ecdi \u0111i\u1ec1u ki\u1ec7n th\u1eddi ti\u1ebft.<\/li>\n<li data-sourcepos=\"10:1-10:95\"><strong>Th\u00e2m nh\u1eadp t\u1ed1t:<\/strong>\u00a0D\u1ec5 d\u00e0ng th\u00e2m nh\u1eadp v\u00e0o c\u00e1c khe h\u1edf c\u1ee7a x\u00edch, b\u00f4i tr\u01a1n hi\u1ec7u qu\u1ea3 m\u1ecdi chi ti\u1ebft.<\/li>\n<li data-sourcepos=\"11:1-11:63\"><strong>Nhanh kh\u00f4:<\/strong>\u00a0Kh\u00f4 nhanh sau khi x\u1ecbt, kh\u00f4ng g\u00e2y d\u00ednh b\u1ee5i b\u1ea9n.<\/li>\n<li data-sourcepos=\"12:1-12:57\"><strong>Ti\u1ec7n l\u1ee3i:<\/strong>\u00a0D\u1ea1ng chai x\u1ecbt ti\u1ec7n d\u1ee5ng, d\u1ec5 d\u00e0ng s\u1eed d\u1ee5ng.<\/li>\n<li data-sourcepos=\"13:1-14:0\"><strong>An to\u00e0n:<\/strong>\u00a0Kh\u00f4ng \u0111\u1ed9c h\u1ea1i, th\u00e2n thi\u1ec7n v\u1edbi m\u00f4i tr\u01b0\u1eddng.<\/li>\n<\/ul>\n<h2 data-sourcepos=\"15:1-15:13\"><strong>\u1ee8ng d\u1ee5ng:<\/strong><\/h2>\n<ul data-sourcepos=\"17:1-19:0\">\n<li data-sourcepos=\"17:1-17:35\">S\u1eed d\u1ee5ng cho m\u1ecdi lo\u1ea1i x\u00edch xe m\u00e1y.<\/li>\n<li data-sourcepos=\"18:1-19:0\">\u0110\u1eb7c bi\u1ec7t ph\u00f9 h\u1ee3p cho c\u00e1c d\u00f2ng xe th\u01b0\u1eddng xuy\u00ean di chuy\u1ec3n trong \u0111i\u1ec1u ki\u1ec7n th\u1eddi ti\u1ebft kh\u1eafc nghi\u1ec7t.<\/li>\n<\/ul>\n<h2 data-sourcepos=\"20:1-20:22\"><strong>H\u01b0\u1edbng d\u1eabn s\u1eed d\u1ee5ng:<\/strong><\/h2>\n<p><strong><img decoding=\"async\" title=\"chai-xi-t-ba-o-du-o-ng-so-n-se-n-1-jpeg-1\" src=\"https:\/\/yenhung.com\/wp-content\/uploads\/2025\/11\/chai-xi-t-ba-o-du-o-ng-so-n-se-n-1-jpeg-1.jpg\" alt=\"Chai x\u1ecbt b\u1ea3o d\u01b0\u1ee1ng s\u01a1n s\u00ean Wurth 150ML\" data-thumb=\"large\" \/><\/strong><\/p>\n<ol data-sourcepos=\"22:1-26:0\">\n<li data-sourcepos=\"22:1-22:38\">L\u00e0m s\u1ea1ch x\u00edch xe tr\u01b0\u1edbc khi s\u1eed d\u1ee5ng.<\/li>\n<li data-sourcepos=\"23:1-23:20\">L\u1eafc \u0111\u1ec1u chai x\u1ecbt.<\/li>\n<li data-sourcepos=\"24:1-24:80\">X\u1ecbt \u0111\u1ec1u s\u1ea3n ph\u1ea9m l\u00ean to\u00e0n b\u1ed9 x\u00edch, \u0111\u1ea3m b\u1ea3o dung d\u1ecbch th\u1ea5m s\u00e2u v\u00e0o c\u00e1c khe h\u1edf.<\/li>\n<li data-sourcepos=\"25:1-26:0\">\u0110\u1ec3 dung d\u1ecbch kh\u00f4 ho\u00e0n to\u00e0n tr\u01b0\u1edbc khi s\u1eed d\u1ee5ng xe.<\/li>\n<\/ol>\n<\/div>\n","protected":false},"excerpt":{"rendered":"<p><strong>T\u00ean sa\u0309n ph\u00e2\u0309m:<\/strong> Chai x\u1ecbt b\u1ea3o d\u01b0\u1ee1ng s\u01a1n s\u00ean Wurth<br \/>\n<strong>\u0110\u1eb7c \u0111i\u1ec3m:<\/strong> b\u1ea3o d\u01b0\u1ee1ng s\u01a1n s\u00ean<br \/>\n<strong>T\u00ecnh tr\u1ea1ng:<\/strong> Li\u00ean h\u1ec7 S\u0110T 090 666 5927 .<br \/>\n<strong>Kho:<\/strong> H\u1ed3 Ch\u00ed Minh.<br \/>\n<strong>Li\u00ean h\u1ec7:<\/strong> 090.666.5927 (24\/7)<br \/>\n<strong>Giao h\u00e0ng:<\/strong> Trong ng\u00e0y<\/p>\n","protected":false},"featured_media":7981,"comment_status":"closed","ping_status":"closed","template":"","meta":[],"product_brand":[],"product_cat":[164],"product_tag":[],"class_list":{"0":"post-7980","1":"product","2":"type-product","3":"status-publish","4":"has-post-thumbnail","6":"product_cat-wurth","8":"first","9":"instock","10":"shipping-taxable","11":"product-type-simple"},"_links":{"self":[{"href":"https:\/\/yenhung.com\/index.php?rest_route=\/wp\/v2\/product\/7980","targetHints":{"allow":["GET"]}}],"collection":[{"href":"https:\/\/yenhung.com\/index.php?rest_route=\/wp\/v2\/product"}],"about":[{"href":"https:\/\/yenhung.com\/index.php?rest_route=\/wp\/v2\/types\/product"}],"replies":[{"embeddable":true,"href":"https:\/\/yenhung.com\/index.php?rest_route=%2Fwp%2Fv2%2Fcomments&post=7980"}],"wp:featuredmedia":[{"embeddable":true,"href":"https:\/\/yenhung.com\/index.php?rest_route=\/wp\/v2\/media\/7981"}],"wp:attachment":[{"href":"https:\/\/yenhung.com\/index.php?rest_route=%2Fwp%2Fv2%2Fmedia&parent=7980"}],"wp:term":[{"taxonomy":"product_brand","embeddable":true,"href":"https:\/\/yenhung.com\/index.php?rest_route=%2Fwp%2Fv2%2Fproduct_brand&post=7980"},{"taxonomy":"product_cat","embeddable":true,"href":"https:\/\/yenhung.com\/index.php?rest_route=%2Fwp%2Fv2%2Fproduct_cat&post=7980"},{"taxonomy":"product_tag","embeddable":true,"href":"https:\/\/yenhung.com\/index.php?rest_route=%2Fwp%2Fv2%2Fproduct_tag&post=7980"}],"curies":[{"name":"wp","href":"https:\/\/api.w.org\/{rel}","templated":true}]}}