{"id":7989,"date":"2025-11-10T08:22:31","date_gmt":"2025-11-10T08:22:31","guid":{"rendered":"https:\/\/yenhung.com\/?product=chat-ma-kem-mau-sang-wurth-400ml"},"modified":"2026-02-11T01:19:38","modified_gmt":"2026-02-11T01:19:38","slug":"chat-ma-kem-mau-sang-wurth-400ml","status":"publish","type":"product","link":"https:\/\/yenhung.com\/?product=chat-ma-kem-mau-sang-wurth-400ml","title":{"rendered":"Ch\u1ea5t m\u1ea1 k\u1ebdm m\u00e0u s\u00e1ng Wurth 400ml"},"content":{"rendered":"<div class=\"ba-text-fpt\">\n<h2 data-sourcepos=\"3:1-3:283\"><strong>Wurth Ch\u1ea5t M\u1ea1 K\u1ebdm M\u00e0u S\u00e1ng 400ml<\/strong><\/h2>\n<p data-sourcepos=\"3:1-3:283\">L\u00e0 gi\u1ea3i ph\u00e1p ho\u00e0n h\u1ea3o \u0111\u1ec3 b\u1ea3o v\u1ec7 c\u00e1c b\u1ec1 m\u1eb7t kim lo\u1ea1i kh\u1ecfi s\u1ef1 \u0103n m\u00f2n, r\u1ec9 s\u00e9t v\u00e0 c\u00e1c t\u00e1c nh\u00e2n g\u00e2y h\u1ea1i t\u1eeb m\u00f4i tr\u01b0\u1eddng. V\u1edbi l\u1edbp m\u1ea1 k\u1ebdm s\u00e1ng b\u00f3ng, s\u1ea3n ph\u1ea9m mang \u0111\u1ebfn v\u1ebb \u0111\u1eb9p th\u1ea9m m\u1ef9 cao cho c\u00e1c chi ti\u1ebft kim lo\u1ea1i \u0111\u1ed3ng th\u1eddi \u0111\u1ea3m b\u1ea3o \u0111\u1ed9 b\u1ec1n b\u1ec9 theo th\u1eddi gian.<\/p>\n<p data-sourcepos=\"3:1-3:283\"><img decoding=\"async\" title=\"chat-ma-kem-mau-sang-wurth-400ml-c-1752479396802-2\" src=\"https:\/\/yenhung.com\/wp-content\/uploads\/2025\/11\/chat-ma-kem-mau-sang-wurth-400ml-c-1752479396802-2.jpg\" alt=\"Ch\u1ea5t m\u1ea1 k\u1ebdm m\u00e0u s\u00e1ng Wurth 400ml\" data-thumb=\"large\" \/><\/p>\n<h2 data-sourcepos=\"5:1-5:20\"><strong>\u01afu \u0111i\u1ec3m n\u1ed5i b\u1eadt:<\/strong><\/h2>\n<ul data-sourcepos=\"7:1-13:0\">\n<li data-sourcepos=\"7:1-7:91\"><strong>B\u1ea3o v\u1ec7 to\u00e0n di\u1ec7n:<\/strong>\u00a0Ch\u1ed1ng \u0103n m\u00f2n, r\u1ec9 s\u00e9t, oxy h\u00f3a, tr\u1ea7y x\u01b0\u1edbc v\u00e0 c\u00e1c t\u00e1c \u0111\u1ed9ng ngo\u1ea1i l\u1ef1c.<\/li>\n<li data-sourcepos=\"8:1-8:121\"><strong>Kh\u1ea3 n\u0103ng b\u00e1m d\u00ednh tuy\u1ec7t v\u1eddi:<\/strong>\u00a0B\u00e1m d\u00ednh ch\u1eafc ch\u1eafn tr\u00ean nhi\u1ec1u lo\u1ea1i kim lo\u1ea1i kh\u00e1c nhau nh\u01b0 th\u00e9p, gang, nh\u00f4m, \u0111\u1ed3ng, v.v.<\/li>\n<li data-sourcepos=\"9:1-9:108\"><strong>Ch\u1ecbu nhi\u1ec7t cao:<\/strong>\u00a0Ch\u1ecbu \u0111\u01b0\u1ee3c nhi\u1ec7t \u0111\u1ed9 l\u00ean \u0111\u1ebfn 240\u00b0C, th\u00edch h\u1ee3p cho c\u00e1c \u1ee9ng d\u1ee5ng \u0111\u00f2i h\u1ecfi \u0111\u1ed9 b\u1ec1n nhi\u1ec7t cao.<\/li>\n<li data-sourcepos=\"10:1-10:84\"><strong>Kh\u00f4 nhanh:<\/strong>\u00a0Kh\u00f4 nhanh trong v\u00f2ng 15-20 ph\u00fat, gi\u00fap ti\u1ebft ki\u1ec7m th\u1eddi gian thi c\u00f4ng.<\/li>\n<li data-sourcepos=\"11:1-11:78\"><strong>D\u1ec5 s\u1eed d\u1ee5ng:<\/strong>\u00a0D\u1ea1ng x\u1ecbt ti\u1ec7n l\u1ee3i, d\u1ec5 d\u00e0ng thi c\u00f4ng b\u1eb1ng tay ho\u1eb7c s\u00fang phun.<\/li>\n<li data-sourcepos=\"12:1-13:0\"><strong>An to\u00e0n cho ng\u01b0\u1eddi s\u1eed d\u1ee5ng:<\/strong>\u00a0Kh\u00f4ng ch\u1ee9a h\u00f3a ch\u1ea5t \u0111\u1ed9c h\u1ea1i, an to\u00e0n cho s\u1ee9c kh\u1ecfe v\u00e0 m\u00f4i tr\u01b0\u1eddng.<\/li>\n<\/ul>\n<h2 data-sourcepos=\"14:1-14:13\"><strong>\u1ee8ng d\u1ee5ng:<\/strong><\/h2>\n<p><img decoding=\"async\" title=\"chat-ma-kem-mau-sang-wurth-400ml-b-1752479397748-1\" src=\"https:\/\/yenhung.com\/wp-content\/uploads\/2025\/11\/chat-ma-kem-mau-sang-wurth-400ml-b-1752479397748-1.jpg\" alt=\"Ch\u1ea5t m\u1ea1 k\u1ebdm m\u00e0u s\u00e1ng Wurth 400ml\" data-thumb=\"large\" \/><\/p>\n<ul data-sourcepos=\"16:1-20:0\">\n<li data-sourcepos=\"16:1-16:74\">B\u1ea3o v\u1ec7 c\u00e1c chi ti\u1ebft kim lo\u1ea1i trong ng\u00e0nh x\u00e2y d\u1ef1ng, c\u01a1 kh\u00ed, \u00f4 t\u00f4, xe m\u00e1y.<\/li>\n<li data-sourcepos=\"17:1-17:55\">Ch\u1ed1ng r\u1ec9 s\u00e9t cho bu l\u00f4ng, \u1ed1c v\u00edt, h\u00e0ng r\u00e0o, c\u1ed5ng c\u1eeda.<\/li>\n<li data-sourcepos=\"18:1-18:51\">Ph\u1ee5c h\u1ed3i b\u1ec1 m\u1eb7t kim lo\u1ea1i b\u1ecb tr\u1ea7y x\u01b0\u1edbc, bong tr\u00f3c.<\/li>\n<li data-sourcepos=\"19:1-20:0\">T\u1ea1o l\u1edbp m\u1ea1 k\u1ebdm th\u1ea9m m\u1ef9 cho c\u00e1c chi ti\u1ebft trang tr\u00ed.<\/li>\n<\/ul>\n<h2 data-sourcepos=\"21:1-21:22\"><strong>Th\u00f4ng s\u1ed1 k\u1ef9 thu\u1eadt:<\/strong><\/h2>\n<ul data-sourcepos=\"23:1-28:0\">\n<li data-sourcepos=\"23:1-23:18\">Dung t\u00edch: 400ml<\/li>\n<li data-sourcepos=\"24:1-24:19\">M\u00e0u s\u1eafc: K\u1ebdm s\u00e1ng<\/li>\n<li data-sourcepos=\"25:1-25:35\">Th\u00e0nh ph\u1ea7n: 96.5% k\u1ebdm nguy\u00ean ch\u1ea5t<\/li>\n<li data-sourcepos=\"26:1-26:28\">Kh\u1ea3 n\u0103ng ch\u1ecbu nhi\u1ec7t: 240\u00b0C<\/li>\n<li data-sourcepos=\"27:1-28:0\">Th\u1eddi gian kh\u00f4: 15-20 ph\u00fat<\/li>\n<\/ul>\n<h2 data-sourcepos=\"29:1-29:22\"><strong>H\u01b0\u1edbng d\u1eabn s\u1eed d\u1ee5ng:<\/strong><\/h2>\n<p><img decoding=\"async\" title=\"chat-ma-kem-mau-sang-wurth-400ml-a-1752479398943-1\" src=\"https:\/\/yenhung.com\/wp-content\/uploads\/2025\/11\/chat-ma-kem-mau-sang-wurth-400ml-a-1752479398943-1.jpg\" alt=\"Ch\u1ea5t m\u1ea1 k\u1ebdm m\u00e0u s\u00e1ng Wurth 400ml\" data-thumb=\"large\" \/><\/p>\n<ol data-sourcepos=\"31:1-35:0\">\n<li data-sourcepos=\"31:1-31:80\">V\u1ec7 sinh s\u1ea1ch b\u1ec1 m\u1eb7t kim lo\u1ea1i c\u1ea7n thi c\u00f4ng, lo\u1ea1i b\u1ecf b\u1ee5i b\u1ea9n, d\u1ea7u m\u1ee1 v\u00e0 r\u1ec9 s\u00e9t.<\/li>\n<li data-sourcepos=\"32:1-32:34\">L\u1eafc \u0111\u1ec1u chai tr\u01b0\u1edbc khi s\u1eed d\u1ee5ng.<\/li>\n<li data-sourcepos=\"33:1-33:63\">X\u1ecbt \u0111\u1ec1u s\u1ea3n ph\u1ea9m l\u00ean b\u1ec1 m\u1eb7t kim lo\u1ea1i t\u1eeb kho\u1ea3ng c\u00e1ch 20-30cm.<\/li>\n<li data-sourcepos=\"34:1-35:0\">\u0110\u1ec3 l\u1edbp m\u1ea1 k\u1ebdm kh\u00f4 ho\u00e0n to\u00e0n trong 10-12 ti\u1ebfng.<\/li>\n<\/ol>\n<p data-sourcepos=\"36:1-36:10\"><strong>L\u01b0u \u00fd:<\/strong><\/p>\n<ul data-sourcepos=\"38:1-41:0\">\n<li data-sourcepos=\"38:1-38:46\">Kh\u00f4ng s\u1eed d\u1ee5ng tr\u00ean c\u00e1c b\u1ec1 m\u1eb7t s\u01a1n ho\u1eb7c nh\u1ef1a.<\/li>\n<li data-sourcepos=\"39:1-39:41\">Tr\u00e1nh ti\u1ebfp x\u00fac tr\u1ef1c ti\u1ebfp v\u1edbi m\u1eaft v\u00e0 da.<\/li>\n<li data-sourcepos=\"40:1-41:0\">B\u1ea3o qu\u1ea3n n\u01a1i kh\u00f4 r\u00e1o, tho\u00e1ng m\u00e1t.<\/li>\n<\/ul>\n<\/div>\n","protected":false},"excerpt":{"rendered":"<p><strong>T\u00ean sa\u0309n ph\u00e2\u0309m:<\/strong>\u00a0Zinc Spray Light Wurth<br \/>\n<strong>\u0110\u1eb7c \u0111i\u1ec3m:<\/strong>\u00a0Ch\u1ea5t M\u1ea1 K\u1ebdm M\u00e0u S\u00e1ng<br \/>\n<strong>T\u00ecnh tr\u1ea1ng:<\/strong> Li\u00ean h\u1ec7 S\u0110T 090 666 5927 .<br \/>\n<strong>Kho:<\/strong> H\u1ed3 Ch\u00ed Minh.<br \/>\n<strong>Li\u00ean h\u1ec7:<\/strong> 090.666.5927 (24\/7)<br \/>\n<strong>Giao h\u00e0ng:<\/strong> Trong ng\u00e0y<\/p>\n","protected":false},"featured_media":7990,"comment_status":"closed","ping_status":"closed","template":"","meta":[],"product_brand":[],"product_cat":[164],"product_tag":[],"class_list":{"0":"post-7989","1":"product","2":"type-product","3":"status-publish","4":"has-post-thumbnail","6":"product_cat-wurth","8":"first","9":"instock","10":"shipping-taxable","11":"product-type-simple"},"_links":{"self":[{"href":"https:\/\/yenhung.com\/index.php?rest_route=\/wp\/v2\/product\/7989","targetHints":{"allow":["GET"]}}],"collection":[{"href":"https:\/\/yenhung.com\/index.php?rest_route=\/wp\/v2\/product"}],"about":[{"href":"https:\/\/yenhung.com\/index.php?rest_route=\/wp\/v2\/types\/product"}],"replies":[{"embeddable":true,"href":"https:\/\/yenhung.com\/index.php?rest_route=%2Fwp%2Fv2%2Fcomments&post=7989"}],"wp:featuredmedia":[{"embeddable":true,"href":"https:\/\/yenhung.com\/index.php?rest_route=\/wp\/v2\/media\/7990"}],"wp:attachment":[{"href":"https:\/\/yenhung.com\/index.php?rest_route=%2Fwp%2Fv2%2Fmedia&parent=7989"}],"wp:term":[{"taxonomy":"product_brand","embeddable":true,"href":"https:\/\/yenhung.com\/index.php?rest_route=%2Fwp%2Fv2%2Fproduct_brand&post=7989"},{"taxonomy":"product_cat","embeddable":true,"href":"https:\/\/yenhung.com\/index.php?rest_route=%2Fwp%2Fv2%2Fproduct_cat&post=7989"},{"taxonomy":"product_tag","embeddable":true,"href":"https:\/\/yenhung.com\/index.php?rest_route=%2Fwp%2Fv2%2Fproduct_tag&post=7989"}],"curies":[{"name":"wp","href":"https:\/\/api.w.org\/{rel}","templated":true}]}}