{"id":7997,"date":"2025-11-10T08:22:37","date_gmt":"2025-11-10T08:22:37","guid":{"rendered":"https:\/\/yenhung.com\/?product=mo-da-nang-nhom-iii-sieu-ben-wurth-400gr"},"modified":"2026-02-11T01:19:30","modified_gmt":"2026-02-11T01:19:30","slug":"mo-da-nang-nhom-iii-sieu-ben-wurth-400gr","status":"publish","type":"product","link":"https:\/\/yenhung.com\/?product=mo-da-nang-nhom-iii-sieu-ben-wurth-400gr","title":{"rendered":"M\u1ee1 \u0111a n\u0103ng nh\u00f3m iii si\u00eau b\u1ec1n Wurth 400gr"},"content":{"rendered":"<div class=\"ba-text-fpt\">\n<h2 data-sourcepos=\"1:1-1:78\"><strong>M\u1ee1 \u0111a n\u0103ng nh\u00f3m III si\u00eau b\u1ec1n Wurth &#8211; B\u00f4i tr\u01a1n ho\u00e0n h\u1ea3o, b\u1ea3o v\u1ec7 t\u1ed1i \u01b0u<\/strong><\/h2>\n<p data-sourcepos=\"3:1-3:226\"><img decoding=\"async\" title=\"mo-da-na-ng-nho-m-iii-sie-u-be-n-400gr-2-2\" src=\"https:\/\/yenhung.com\/wp-content\/uploads\/2025\/11\/mo-da-na-ng-nho-m-iii-sie-u-be-n-400gr-2-2.png\" alt=\"M\u1ee1 \u0111a n\u0103ng nh\u00f3m III si\u00eau b\u1ec1n 400g Wurth\" data-thumb=\"large\" \/><\/p>\n<p data-sourcepos=\"3:1-3:226\"><strong>M\u1ee1 \u0111a n\u0103ng nh\u00f3m III si\u00eau b\u1ec1n Wurth<\/strong> l\u00e0 s\u1ea3n ph\u1ea9m b\u00f4i tr\u01a1n cao c\u1ea5p \u0111\u1ebfn t\u1eeb th\u01b0\u01a1ng hi\u1ec7u Wurth n\u1ed5i ti\u1ebfng c\u1ee7a \u0110\u1ee9c. S\u1ea3n ph\u1ea9m \u0111\u01b0\u1ee3c thi\u1ebft k\u1ebf \u0111\u1eb7c bi\u1ec7t \u0111\u1ec3 \u0111\u00e1p \u1ee9ng nhu c\u1ea7u b\u00f4i tr\u01a1n \u0111a d\u1ea1ng trong nhi\u1ec1u ng\u00e0nh c\u00f4ng nghi\u1ec7p kh\u00e1c nhau.<\/p>\n<h2 data-sourcepos=\"5:1-5:21\"><strong>\u0110\u1eb7c \u0111i\u1ec3m n\u1ed5i b\u1eadt:<\/strong><\/h2>\n<p><img decoding=\"async\" title=\"mo-da-na-ng-nho-m-iii-sie-u-be-n-400gr-1-jpeg-1\" src=\"https:\/\/yenhung.com\/wp-content\/uploads\/2025\/11\/mo-da-na-ng-nho-m-iii-sie-u-be-n-400gr-1-jpeg-1.jpg\" alt=\"M\u1ee1 \u0111a n\u0103ng nh\u00f3m III si\u00eau b\u1ec1n 400g Wurth\" data-thumb=\"large\" \/><\/p>\n<ul data-sourcepos=\"7:1-12:0\">\n<li data-sourcepos=\"7:1-7:198\"><strong>Kh\u1ea3 n\u0103ng b\u00f4i tr\u01a1n v\u01b0\u1ee3t tr\u1ed9i:<\/strong>\u00a0Ch\u1ee9a ph\u1ee5 gia EP (Extreme Pressure) gi\u00fap b\u00f4i tr\u01a1n hi\u1ec7u qu\u1ea3 d\u01b0\u1edbi t\u1ea3i tr\u1ecdng cao v\u00e0 \u0111i\u1ec1u ki\u1ec7n kh\u1eafc nghi\u1ec7t, b\u1ea3o v\u1ec7 c\u00e1c chi ti\u1ebft m\u00e1y m\u00f3c kh\u1ecfi ma s\u00e1t v\u00e0 m\u00e0i m\u00f2n hi\u1ec7u qu\u1ea3.<\/li>\n<li data-sourcepos=\"8:1-8:166\"><strong>Kh\u1ea3 n\u0103ng ch\u1ecbu n\u01b0\u1edbc v\u00e0 ch\u1ed1ng oxy h\u00f3a:<\/strong>\u00a0T\u1ea1o m\u00e0ng b\u00f4i tr\u01a1n b\u1ec1n b\u1ec9, ch\u1ed1ng th\u1ea5m n\u01b0\u1edbc v\u00e0 h\u00f3a ch\u1ea5t, b\u1ea3o v\u1ec7 c\u00e1c chi ti\u1ebft kh\u1ecfi r\u1ec9 s\u00e9t v\u00e0 \u0103n m\u00f2n, k\u00e9o d\u00e0i tu\u1ed5i th\u1ecd s\u1eed d\u1ee5ng.<\/li>\n<li data-sourcepos=\"9:1-9:147\"><strong>Kho\u1ea3ng th\u1eddi gian b\u00f4i tr\u01a1n d\u00e0i:<\/strong>\u00a0B\u00f4i tr\u01a1n hi\u1ec7u qu\u1ea3 trong th\u1eddi gian d\u00e0i, gi\u1ea3m thi\u1ec3u t\u1ea7n su\u1ea5t b\u00f4i tr\u01a1n, ti\u1ebft ki\u1ec7m th\u1eddi gian v\u00e0 chi ph\u00ed b\u1ea3o d\u01b0\u1ee1ng.<\/li>\n<li data-sourcepos=\"10:1-10:135\"><strong>Ch\u1ecbu nhi\u1ec7t \u0111\u1ed9 cao:<\/strong>\u00a0Ch\u1ecbu \u0111\u01b0\u1ee3c nhi\u1ec7t \u0111\u1ed9 cao l\u00ean \u0111\u1ebfn 200\u00b0C, th\u00edch h\u1ee3p s\u1eed d\u1ee5ng trong m\u00f4i tr\u01b0\u1eddng nhi\u1ec7t \u0111\u1ed9 cao ho\u1eb7c ho\u1ea1t \u0111\u1ed9ng li\u00ean t\u1ee5c.<\/li>\n<li data-sourcepos=\"11:1-12:0\"><strong>An to\u00e0n cho ng\u01b0\u1eddi s\u1eed d\u1ee5ng:<\/strong>\u00a0Kh\u00f4ng ch\u1ee9a c\u00e1c ch\u1ea5t \u0111\u1ed9c h\u1ea1i, an to\u00e0n cho s\u1ee9c kh\u1ecfe ng\u01b0\u1eddi s\u1eed d\u1ee5ng v\u00e0 m\u00f4i tr\u01b0\u1eddng.<\/li>\n<\/ul>\n<h2 data-sourcepos=\"13:1-13:13\"><strong>\u1ee8ng d\u1ee5ng:<\/strong><\/h2>\n<p><img decoding=\"async\" title=\"mo-da-na-ng-nho-m-iii-sie-u-be-n-400gr-jpeg-1\" src=\"https:\/\/yenhung.com\/wp-content\/uploads\/2025\/11\/mo-da-na-ng-nho-m-iii-sie-u-be-n-400gr-jpeg-1.jpg\" alt=\"M\u1ee1 \u0111a n\u0103ng nh\u00f3m III si\u00eau b\u1ec1n 400g Wurth\" data-thumb=\"large\" \/><\/p>\n<ul data-sourcepos=\"15:1-18:0\">\n<li data-sourcepos=\"15:1-15:110\">B\u00f4i tr\u01a1n \u1ed5 b\u1ea1c, \u1ed5 tr\u1ee5c, kh\u1edbp n\u1ed1i, thanh tr\u01b0\u1ee3t, b\u00e1nh r\u0103ng,&#8230; trong c\u00e1c thi\u1ebft b\u1ecb c\u00f4ng nghi\u1ec7p, m\u00e1y m\u00f3c, xe c\u1ed9.<\/li>\n<li data-sourcepos=\"16:1-16:94\">B\u00f4i tr\u01a1n c\u00e1c chi ti\u1ebft kim lo\u1ea1i ti\u1ebfp x\u00fac v\u1edbi nhau trong m\u00f4i tr\u01b0\u1eddng \u1ea9m \u01b0\u1edbt, b\u1ee5i b\u1ea9n, h\u00f3a ch\u1ea5t.<\/li>\n<li data-sourcepos=\"17:1-18:0\">B\u1ea3o v\u1ec7 c\u00e1c chi ti\u1ebft kim lo\u1ea1i kh\u1ecfi r\u1ec9 s\u00e9t, \u0103n m\u00f2n trong \u0111i\u1ec1u ki\u1ec7n th\u1eddi ti\u1ebft kh\u1eafc nghi\u1ec7t.<\/li>\n<\/ul>\n<h2 data-sourcepos=\"19:1-19:22\"><strong>Th\u00f4ng s\u1ed1 k\u1ef9 thu\u1eadt:<\/strong><\/h2>\n<ul data-sourcepos=\"21:1-26:0\">\n<li data-sourcepos=\"21:1-21:28\">D\u1ea1ng s\u1ea3n ph\u1ea9m: M\u1ee1 b\u00f4i tr\u01a1n<\/li>\n<li data-sourcepos=\"22:1-22:18\">M\u00e0u s\u1eafc: Xanh l\u00e1<\/li>\n<li data-sourcepos=\"23:1-23:19\">Kh\u1ed1i l\u01b0\u1ee3ng: 400GR<\/li>\n<li data-sourcepos=\"24:1-24:20\">Th\u01b0\u01a1ng hi\u1ec7u: Wurth<\/li>\n<li data-sourcepos=\"25:1-26:0\">Xu\u1ea5t x\u1ee9: \u0110\u1ee9c<\/li>\n<\/ul>\n<p data-sourcepos=\"27:1-27:12\"><strong>L\u1ee3i \u00edch:<\/strong><\/p>\n<ul data-sourcepos=\"29:1-33:0\">\n<li data-sourcepos=\"29:1-29:73\">Gi\u1ea3m thi\u1ec3u ma s\u00e1t v\u00e0 m\u00e0i m\u00f2n, b\u1ea3o v\u1ec7 c\u00e1c chi ti\u1ebft m\u00e1y m\u00f3c kh\u1ecfi h\u01b0 h\u1ecfng.<\/li>\n<li data-sourcepos=\"30:1-30:48\">K\u00e9o d\u00e0i tu\u1ed5i th\u1ecd s\u1eed d\u1ee5ng c\u1ee7a m\u00e1y m\u00f3c thi\u1ebft b\u1ecb.<\/li>\n<li data-sourcepos=\"31:1-31:64\">N\u00e2ng cao hi\u1ec7u qu\u1ea3 ho\u1ea1t \u0111\u1ed9ng c\u1ee7a m\u00e1y m\u00f3c, ti\u1ebft ki\u1ec7m n\u0103ng l\u01b0\u1ee3ng.<\/li>\n<li data-sourcepos=\"32:1-33:0\">Gi\u1ea3m chi ph\u00ed b\u1ea3o d\u01b0\u1ee1ng v\u00e0 s\u1eeda ch\u1eefa.<\/li>\n<\/ul>\n<\/div>\n","protected":false},"excerpt":{"rendered":"<p><strong>T\u00ean sa\u0309n ph\u00e2\u0309m:\u00a0M\u1ee1 \u0111a n\u0103ng nh\u00f3m III si\u00eau b\u1ec1n 400g Wurth<\/strong><br \/>\n<strong>\u0110\u1eb7c \u0111i\u1ec3m:<\/strong>\u00a0<strong>M\u1ee1 \u0111a n\u0103ng<\/strong><br \/>\n<strong>T\u00ecnh tr\u1ea1ng:<\/strong>\u00a0Li\u00ean h\u1ec7 S\u0110T 090 666 5927 .<br \/>\n<strong>Kho:<\/strong>\u00a0H\u1ed3 Ch\u00ed Minh.<br \/>\n<strong>Li\u00ean h\u1ec7:<\/strong>\u00a0(24\/7)<br \/>\n<strong>Giao h\u00e0ng:<\/strong> Trong ng\u00e0y<\/p>\n","protected":false},"featured_media":7998,"comment_status":"closed","ping_status":"closed","template":"","meta":[],"product_brand":[],"product_cat":[164],"product_tag":[],"class_list":{"0":"post-7997","1":"product","2":"type-product","3":"status-publish","4":"has-post-thumbnail","6":"product_cat-wurth","8":"first","9":"instock","10":"shipping-taxable","11":"product-type-simple"},"_links":{"self":[{"href":"https:\/\/yenhung.com\/index.php?rest_route=\/wp\/v2\/product\/7997","targetHints":{"allow":["GET"]}}],"collection":[{"href":"https:\/\/yenhung.com\/index.php?rest_route=\/wp\/v2\/product"}],"about":[{"href":"https:\/\/yenhung.com\/index.php?rest_route=\/wp\/v2\/types\/product"}],"replies":[{"embeddable":true,"href":"https:\/\/yenhung.com\/index.php?rest_route=%2Fwp%2Fv2%2Fcomments&post=7997"}],"wp:featuredmedia":[{"embeddable":true,"href":"https:\/\/yenhung.com\/index.php?rest_route=\/wp\/v2\/media\/7998"}],"wp:attachment":[{"href":"https:\/\/yenhung.com\/index.php?rest_route=%2Fwp%2Fv2%2Fmedia&parent=7997"}],"wp:term":[{"taxonomy":"product_brand","embeddable":true,"href":"https:\/\/yenhung.com\/index.php?rest_route=%2Fwp%2Fv2%2Fproduct_brand&post=7997"},{"taxonomy":"product_cat","embeddable":true,"href":"https:\/\/yenhung.com\/index.php?rest_route=%2Fwp%2Fv2%2Fproduct_cat&post=7997"},{"taxonomy":"product_tag","embeddable":true,"href":"https:\/\/yenhung.com\/index.php?rest_route=%2Fwp%2Fv2%2Fproduct_tag&post=7997"}],"curies":[{"name":"wp","href":"https:\/\/api.w.org\/{rel}","templated":true}]}}