{"id":8005,"date":"2025-11-10T08:22:43","date_gmt":"2025-11-10T08:22:43","guid":{"rendered":"https:\/\/yenhung.com\/?product=phu-gia-ve-sinh-kim-phun-xe-may-wurth-50m"},"modified":"2026-02-11T01:19:23","modified_gmt":"2026-02-11T01:19:23","slug":"phu-gia-ve-sinh-kim-phun-xe-may-wurth-50m","status":"publish","type":"product","link":"https:\/\/yenhung.com\/?product=phu-gia-ve-sinh-kim-phun-xe-may-wurth-50m","title":{"rendered":"Ph\u1ee5 gia v\u1ec7 sinh kim phun xe m\u00e1y Wurth 50m"},"content":{"rendered":"<div class=\"ba-text-fpt\">\n<h2 data-sourcepos=\"1:1-1:81\"><strong>Ph\u1ee5 Gia V\u1ec7 Sinh Kim Phun Xe M\u00e1y 50ML &#8211; Gi\u1ea3i Ph\u00e1p Cho \u0110\u1ed9ng C\u01a1 Ho\u1ea1t \u0110\u1ed9ng M\u01b0\u1ee3t M\u00e0<\/strong><\/h2>\n<p><img decoding=\"async\" title=\"ve-sinh-kim-phun-xa-ng-jpeg-1\" src=\"https:\/\/yenhung.com\/wp-content\/uploads\/2025\/11\/ve-sinh-kim-phun-xa-ng-jpeg-1.jpg\" alt=\"Ph\u1ee5 Gia V\u1ec7 Sinh Kim Phun Xe M\u00e1y\" data-thumb=\"large\" \/><\/p>\n<p data-sourcepos=\"3:1-3:252\"><strong>Ph\u1ee5 gia v\u1ec7 sinh kim phun xe m\u00e1y 50ML<\/strong> l\u00e0 s\u1ea3n ph\u1ea9m thi\u1ebft y\u1ebfu gi\u00fap b\u1ea1n b\u1ea3o d\u01b0\u1ee1ng \u0111\u1ed9ng c\u01a1 xe, t\u0103ng hi\u1ec7u su\u1ea5t v\u1eadn h\u00e0nh v\u00e0 ti\u1ebft ki\u1ec7m nhi\u00ean li\u1ec7u hi\u1ec7u qu\u1ea3. B\u00e0i vi\u1ebft n\u00e0y s\u1ebd m\u00f4 t\u1ea3 chi ti\u1ebft v\u1ec1 s\u1ea3n ph\u1ea9m, h\u01b0\u1edbng d\u1eabn s\u1eed d\u1ee5ng v\u00e0 nh\u1eefng l\u01b0u \u00fd quan tr\u1ecdng khi s\u1eed d\u1ee5ng.<\/p>\n<h2 data-sourcepos=\"5:1-5:22\"><strong>1. M\u00f4 t\u1ea3 s\u1ea3n ph\u1ea9m:<\/strong><\/h2>\n<p><img decoding=\"async\" title=\"ve-sinh-kim-phun-xa-ng-1-jpeg-1\" src=\"https:\/\/yenhung.com\/wp-content\/uploads\/2025\/11\/ve-sinh-kim-phun-xa-ng-1-jpeg-1.jpg\" alt=\"Ph\u1ee5 Gia V\u1ec7 Sinh Kim Phun Xe M\u00e1y\" data-thumb=\"large\" \/><\/p>\n<ul data-sourcepos=\"7:1-17:0\">\n<li data-sourcepos=\"7:1-11:72\"><strong>C\u00f4ng d\u1ee5ng:<\/strong>\n<ul data-sourcepos=\"8:5-11:72\">\n<li data-sourcepos=\"8:5-8:95\">Lo\u1ea1i b\u1ecf c\u1eb7n b\u1ea9n, g\u1ec9 s\u00e9t, carbon t\u00edch t\u1ee5 trong kim phun, bu\u1ed3ng \u0111\u1ed1t v\u00e0 h\u1ec7 th\u1ed1ng nhi\u00ean li\u1ec7u.<\/li>\n<li data-sourcepos=\"9:5-9:76\">Gi\u00fap c\u1ea3i thi\u1ec7n kh\u1ea3 n\u0103ng phun nhi\u00ean li\u1ec7u, t\u0103ng c\u01b0\u1eddng hi\u1ec7u su\u1ea5t \u0111\u1ed9ng c\u01a1.<\/li>\n<li data-sourcepos=\"10:5-10:53\">Gi\u1ea3m thi\u1ec3u kh\u00ed th\u1ea3i \u0111\u1ed9c h\u1ea1i, b\u1ea3o v\u1ec7 m\u00f4i tr\u01b0\u1eddng.<\/li>\n<li data-sourcepos=\"11:5-11:72\">Gi\u00fap xe kh\u1edfi \u0111\u1ed9ng d\u1ec5 d\u00e0ng, v\u1eadn h\u00e0nh \u00eam \u00e1i v\u00e0 ti\u1ebft ki\u1ec7m nhi\u00ean li\u1ec7u.<\/li>\n<\/ul>\n<\/li>\n<li data-sourcepos=\"12:1-14:49\"><strong>Th\u00e0nh ph\u1ea7n:<\/strong>\n<ul data-sourcepos=\"13:5-14:49\">\n<li data-sourcepos=\"13:5-13:88\">C\u00e1c ch\u1ea5t t\u1ea9y r\u1eeda g\u1ed1c Polyamine cao c\u1ea5p k\u1ebft h\u1ee3p v\u1edbi ph\u1ee5 gia ch\u1ed1ng g\u1ec9 s\u00e9t, b\u00f4i tr\u01a1n.<\/li>\n<li data-sourcepos=\"14:5-14:49\">An to\u00e0n cho \u0111\u1ed9ng c\u01a1 v\u00e0 h\u1ec7 th\u1ed1ng nhi\u00ean li\u1ec7u.<\/li>\n<\/ul>\n<\/li>\n<li data-sourcepos=\"15:1-15:22\"><strong>Dung t\u00edch:<\/strong>\u00a050ml.<\/li>\n<li data-sourcepos=\"16:1-17:0\"><strong>Th\u00edch h\u1ee3p cho:<\/strong>\u00a0T\u1ea5t c\u1ea3 c\u00e1c d\u00f2ng xe m\u00e1y s\u1eed d\u1ee5ng \u0111\u1ed9ng c\u01a1 x\u0103ng, bao g\u1ed3m c\u1ea3 xe phun x\u0103ng \u0111i\u1ec7n t\u1eed.<\/li>\n<\/ul>\n<h2 data-sourcepos=\"18:1-18:25\"><strong>2. H\u01b0\u1edbng d\u1eabn s\u1eed d\u1ee5ng:<\/strong><\/h2>\n<p><img decoding=\"async\" title=\"ve-sinh-kim-phun-xa-ng-2-jpeg-1\" src=\"https:\/\/yenhung.com\/wp-content\/uploads\/2025\/11\/ve-sinh-kim-phun-xa-ng-2-jpeg-1.jpg\" alt=\"Ph\u1ee5 Gia V\u1ec7 Sinh Kim Phun Xe M\u00e1y\" data-thumb=\"large\" \/><\/p>\n<ol data-sourcepos=\"20:1-25:0\">\n<li data-sourcepos=\"20:1-20:76\">B\u1eadt xe v\u00e0 \u0111\u1ec3 \u0111\u1ed9ng c\u01a1 ho\u1ea1t \u0111\u1ed9ng \u1edf ch\u1ebf \u0111\u1ed9 ga c\u1ea7m ch\u1eebng trong kho\u1ea3ng 5 ph\u00fat.<\/li>\n<li data-sourcepos=\"21:1-21:15\">T\u1eaft \u0111\u1ed9ng c\u01a1.<\/li>\n<li data-sourcepos=\"22:1-22:53\">M\u1edf n\u1eafp b\u00ecnh x\u0103ng v\u00e0 \u0111\u1ed5 dung d\u1ecbch ph\u1ee5 gia v\u00e0o b\u00ecnh.<\/li>\n<li data-sourcepos=\"23:1-23:30\">\u0110\u1ed5 \u0111\u1ea7y b\u00ecnh x\u0103ng b\u1eb1ng x\u0103ng.<\/li>\n<li data-sourcepos=\"24:1-25:0\">Kh\u1edfi \u0111\u1ed9ng xe v\u00e0 cho xe ch\u1ea1y b\u00ecnh th\u01b0\u1eddng.<\/li>\n<\/ol>\n<h2 data-sourcepos=\"26:1-26:25\"><strong>3. L\u01b0u \u00fd khi s\u1eed d\u1ee5ng:<\/strong><\/h2>\n<ul data-sourcepos=\"28:1-32:0\">\n<li data-sourcepos=\"28:1-28:129\">N\u00ean s\u1eed d\u1ee5ng s\u1ea3n ph\u1ea9m \u0111\u1ecbnh k\u1ef3 sau m\u1ed7i 2000 &#8211; 3000 km ho\u1eb7c khi xe c\u00f3 d\u1ea5u hi\u1ec7u nh\u01b0: Kh\u1edfi \u0111\u1ed9ng kh\u00f3, xe \u00ec, hao x\u0103ng, ra kh\u00f3i \u0111en,&#8230;<\/li>\n<li data-sourcepos=\"29:1-29:34\">Kh\u00f4ng s\u1eed d\u1ee5ng s\u1ea3n ph\u1ea9m qu\u00e1 li\u1ec1u.<\/li>\n<li data-sourcepos=\"30:1-30:70\">B\u1ea3o qu\u1ea3n s\u1ea3n ph\u1ea9m n\u01a1i kh\u00f4 r\u00e1o, tho\u00e1ng m\u00e1t, tr\u00e1nh \u00e1nh n\u1eafng tr\u1ef1c ti\u1ebfp.<\/li>\n<li data-sourcepos=\"31:1-32:0\">\u0110\u1ec3 xa t\u1ea7m tay tr\u1ebb em.<\/li>\n<\/ul>\n<\/div>\n","protected":false},"excerpt":{"rendered":"<p><strong>T\u00ean sa\u0309n ph\u00e2\u0309m: Wurth\u00a0Ph\u1ee5 Gia V\u1ec7 Sinh Kim Phun Xe M\u00e1y<\/strong><br \/>\n<strong>\u0110\u1eb7c \u0111i\u1ec3m:<\/strong>\u00a0PH\u1ee4 GIA V\u1ec6 SINH KIM PHUN XE M\u00c1Y<br \/>\n<strong>T\u00ecnh tr\u1ea1ng:<\/strong>\u00a0Li\u00ean h\u1ec7 S\u0110T 090 666 5927 .<br \/>\n<strong>Kho:<\/strong>\u00a0H\u1ed3 Ch\u00ed Minh.<br \/>\n<strong>Li\u00ean h\u1ec7:<\/strong>\u00a0(24\/7)<br \/>\n<strong>Giao h\u00e0ng:<\/strong> Trong ng\u00e0y<\/p>\n","protected":false},"featured_media":8006,"comment_status":"closed","ping_status":"closed","template":"","meta":[],"product_brand":[],"product_cat":[164],"product_tag":[],"class_list":{"0":"post-8005","1":"product","2":"type-product","3":"status-publish","4":"has-post-thumbnail","6":"product_cat-wurth","8":"first","9":"instock","10":"shipping-taxable","11":"product-type-simple"},"_links":{"self":[{"href":"https:\/\/yenhung.com\/index.php?rest_route=\/wp\/v2\/product\/8005","targetHints":{"allow":["GET"]}}],"collection":[{"href":"https:\/\/yenhung.com\/index.php?rest_route=\/wp\/v2\/product"}],"about":[{"href":"https:\/\/yenhung.com\/index.php?rest_route=\/wp\/v2\/types\/product"}],"replies":[{"embeddable":true,"href":"https:\/\/yenhung.com\/index.php?rest_route=%2Fwp%2Fv2%2Fcomments&post=8005"}],"wp:featuredmedia":[{"embeddable":true,"href":"https:\/\/yenhung.com\/index.php?rest_route=\/wp\/v2\/media\/8006"}],"wp:attachment":[{"href":"https:\/\/yenhung.com\/index.php?rest_route=%2Fwp%2Fv2%2Fmedia&parent=8005"}],"wp:term":[{"taxonomy":"product_brand","embeddable":true,"href":"https:\/\/yenhung.com\/index.php?rest_route=%2Fwp%2Fv2%2Fproduct_brand&post=8005"},{"taxonomy":"product_cat","embeddable":true,"href":"https:\/\/yenhung.com\/index.php?rest_route=%2Fwp%2Fv2%2Fproduct_cat&post=8005"},{"taxonomy":"product_tag","embeddable":true,"href":"https:\/\/yenhung.com\/index.php?rest_route=%2Fwp%2Fv2%2Fproduct_tag&post=8005"}],"curies":[{"name":"wp","href":"https:\/\/api.w.org\/{rel}","templated":true}]}}